{"id":50923,"date":"2020-10-13T00:00:00","date_gmt":"2020-10-13T00:00:00","guid":{"rendered":"https:\/\/www.callandplay.com\/behringer-virtualizer-pro-dsd2024p\/"},"modified":"2026-04-15T20:53:08","modified_gmt":"2026-04-15T20:53:08","slug":"behringer-virtualizer-pro-dsd2024p","status":"publish","type":"product","link":"https:\/\/www.callandplay.com\/ca\/behringer-virtualizer-pro-dsd2024p\/","title":{"rendered":"BEHRINGER VIRTUALIZER PRO DSD2024P"},"content":{"rendered":"<p>DSP Procesador Digital Multi-efectos. 71 algoritmos, la mayor\u00eda en est\u00e9reo verdadero. Algoritmos de reverberaci\u00f3n VIRTUAL ROOM que se adaptan a la onda para una reverberaci\u00f3n y retardo ultranatural. Algoritmos de imponente modulaci\u00f3n, din\u00e1mica, psicoac\u00fasticos y de ecualizador m\u00e1s una innovadora simulaci\u00f3n de amplificador, distorsi\u00f3n y efectos especiales. 11 combinaciones de efectos, seleccionable en serie\/paralelo. Hasta 7 par\u00e1metros ajustables m\u00e1s ecualizaci\u00f3n alta y baja por efecto. Procesamiento est\u00e9reo verdadero para una separaci\u00f3n de canal realista en imagen est\u00e9reo con la mayor\u00eda de los algoritmos. 100 preajustes de f\u00e1brica m\u00e1s 100 memorias de preajustes de usuario. Implementaci\u00f3n MIDI extensiva.<\/p>","protected":false},"excerpt":{"rendered":"<p>DSP Procesador Digital Multi-efectos. 71 algoritmos, la mayor\u00eda en est\u00e9reo verdadero. Algoritmos de reverberaci\u00f3n VIRTUAL ROOM que se adaptan a la onda para una reverberaci\u00f3n y retardo ultranatural. Algoritmos de imponente modulaci\u00f3n, din\u00e1mica, psicoac\u00fasticos y de ecualizador m\u00e1s una innovadora simulaci\u00f3n de amplificador, distorsi\u00f3n y efectos especiales. 11 combinaciones de efectos, seleccionable en serie\/paralelo. Hasta 7 par\u00e1metros ajustables m\u00e1s ecualizaci\u00f3n alta y baja por efecto. Procesamiento est\u00e9reo verdadero para una separaci\u00f3n de canal realista en imagen est\u00e9reo con la mayor\u00eda de los algoritmos. 100 preajustes de f\u00e1brica m\u00e1s 100 memorias de preajustes de usuario. Implementaci\u00f3n MIDI extensiva.<\/p>","protected":false},"featured_media":0,"comment_status":"closed","ping_status":"closed","template":"","meta":{"_acf_changed":false,"om_disable_all_campaigns":false,"_monsterinsights_skip_tracking":false,"_monsterinsights_sitenote_active":false,"_monsterinsights_sitenote_note":"","_monsterinsights_sitenote_category":0},"product_brand":[],"product_cat":[978],"product_tag":[],"class_list":{"0":"post-50923","1":"product","2":"type-product","3":"status-publish","5":"product_cat-efectos","7":"first","8":"instock","9":"shipping-taxable","10":"purchasable","11":"product-type-simple"},"acf":[],"yoast_head":"<!-- This site is optimized with the Yoast SEO plugin v27.3 - https:\/\/yoast.com\/product\/yoast-seo-wordpress\/ -->\n<title>BEHRINGER VIRTUALIZER PRO DSD2024P - Call&amp;Play<\/title>\n<meta name=\"robots\" content=\"index, follow, max-snippet:-1, max-image-preview:large, max-video-preview:-1\" \/>\n<link rel=\"canonical\" href=\"https:\/\/www.callandplay.com\/ca\/behringer-virtualizer-pro-dsd2024p\/\" \/>\n<meta property=\"og:locale\" content=\"ca_ES\" \/>\n<meta property=\"og:type\" content=\"article\" \/>\n<meta property=\"og:title\" content=\"BEHRINGER VIRTUALIZER PRO DSD2024P - Call&amp;Play\" \/>\n<meta property=\"og:description\" content=\"DSP Procesador Digital Multi-efectos. 71 algoritmos, la mayor\u00eda en est\u00e9reo verdadero. Algoritmos de reverberaci\u00f3n VIRTUAL ROOM que se adaptan a la onda para una reverberaci\u00f3n y retardo ultranatural. Algoritmos de imponente modulaci\u00f3n, din\u00e1mica, psicoac\u00fasticos y de ecualizador m\u00e1s una innovadora simulaci\u00f3n de amplificador, distorsi\u00f3n y efectos especiales. 11 combinaciones de efectos, seleccionable en serie\/paralelo. Hasta 7 par\u00e1metros ajustables m\u00e1s ecualizaci\u00f3n alta y baja por efecto. Procesamiento est\u00e9reo verdadero para una separaci\u00f3n de canal realista en imagen est\u00e9reo con la mayor\u00eda de los algoritmos. 100 preajustes de f\u00e1brica m\u00e1s 100 memorias de preajustes de usuario. Implementaci\u00f3n MIDI extensiva.\" \/>\n<meta property=\"og:url\" content=\"https:\/\/www.callandplay.com\/ca\/behringer-virtualizer-pro-dsd2024p\/\" \/>\n<meta property=\"og:site_name\" content=\"Call&amp;Play\" \/>\n<meta property=\"article:publisher\" content=\"https:\/\/www.facebook.com\/callandplay\" \/>\n<meta property=\"article:modified_time\" content=\"2026-04-15T20:53:08+00:00\" \/>\n<meta name=\"twitter:card\" content=\"summary_large_image\" \/>\n<meta name=\"twitter:label1\" content=\"Temps estimat de lectura\" \/>\n\t<meta name=\"twitter:data1\" content=\"1 minut\" \/>\n<script type=\"application\/ld+json\" class=\"yoast-schema-graph\">{\"@context\":\"https:\\\/\\\/schema.org\",\"@graph\":[{\"@type\":\"WebPage\",\"@id\":\"https:\\\/\\\/www.callandplay.com\\\/behringer-virtualizer-pro-dsd2024p\\\/\",\"url\":\"https:\\\/\\\/www.callandplay.com\\\/behringer-virtualizer-pro-dsd2024p\\\/\",\"name\":\"BEHRINGER VIRTUALIZER PRO DSD2024P - Call&amp;Play\",\"isPartOf\":{\"@id\":\"https:\\\/\\\/www.callandplay.com\\\/#website\"},\"datePublished\":\"2020-10-13T00:00:00+00:00\",\"dateModified\":\"2026-04-15T20:53:08+00:00\",\"breadcrumb\":{\"@id\":\"https:\\\/\\\/www.callandplay.com\\\/behringer-virtualizer-pro-dsd2024p\\\/#breadcrumb\"},\"inLanguage\":\"ca\",\"potentialAction\":[{\"@type\":\"ReadAction\",\"target\":[\"https:\\\/\\\/www.callandplay.com\\\/behringer-virtualizer-pro-dsd2024p\\\/\"]}]},{\"@type\":\"BreadcrumbList\",\"@id\":\"https:\\\/\\\/www.callandplay.com\\\/behringer-virtualizer-pro-dsd2024p\\\/#breadcrumb\",\"itemListElement\":[{\"@type\":\"ListItem\",\"position\":1,\"name\":\"Portada\",\"item\":\"https:\\\/\\\/www.callandplay.com\\\/\"},{\"@type\":\"ListItem\",\"position\":2,\"name\":\"Tienda\",\"item\":\"https:\\\/\\\/www.callandplay.com\\\/tienda\\\/\"},{\"@type\":\"ListItem\",\"position\":3,\"name\":\"BEHRINGER VIRTUALIZER PRO DSD2024P\"}]},{\"@type\":\"WebSite\",\"@id\":\"https:\\\/\\\/www.callandplay.com\\\/#website\",\"url\":\"https:\\\/\\\/www.callandplay.com\\\/\",\"name\":\"Call&amp;Play\",\"description\":\"Alquiler de backline e instrumentos musicales\",\"publisher\":{\"@id\":\"https:\\\/\\\/www.callandplay.com\\\/#organization\"},\"potentialAction\":[{\"@type\":\"SearchAction\",\"target\":{\"@type\":\"EntryPoint\",\"urlTemplate\":\"https:\\\/\\\/www.callandplay.com\\\/?s={search_term_string}\"},\"query-input\":{\"@type\":\"PropertyValueSpecification\",\"valueRequired\":true,\"valueName\":\"search_term_string\"}}],\"inLanguage\":\"ca\"},{\"@type\":\"Organization\",\"@id\":\"https:\\\/\\\/www.callandplay.com\\\/#organization\",\"name\":\"Call&Play\",\"url\":\"https:\\\/\\\/www.callandplay.com\\\/\",\"logo\":{\"@type\":\"ImageObject\",\"inLanguage\":\"ca\",\"@id\":\"https:\\\/\\\/www.callandplay.com\\\/#\\\/schema\\\/logo\\\/image\\\/\",\"url\":\"https:\\\/\\\/www.callandplay.com\\\/wp-content\\\/uploads\\\/2021\\\/06\\\/cropped-cropped-logo-black_con_sombra.png\",\"contentUrl\":\"https:\\\/\\\/www.callandplay.com\\\/wp-content\\\/uploads\\\/2021\\\/06\\\/cropped-cropped-logo-black_con_sombra.png\",\"width\":512,\"height\":512,\"caption\":\"Call&Play\"},\"image\":{\"@id\":\"https:\\\/\\\/www.callandplay.com\\\/#\\\/schema\\\/logo\\\/image\\\/\"},\"sameAs\":[\"https:\\\/\\\/www.facebook.com\\\/callandplay\",\"https:\\\/\\\/www.instagram.com\\\/call_and_play\\\/\"]}]}<\/script>\n<!-- \/ Yoast SEO plugin. -->","yoast_head_json":{"title":"BEHRINGER VIRTUALIZER PRO DSD2024P - Call&amp;Play","robots":{"index":"index","follow":"follow","max-snippet":"max-snippet:-1","max-image-preview":"max-image-preview:large","max-video-preview":"max-video-preview:-1"},"canonical":"https:\/\/www.callandplay.com\/ca\/behringer-virtualizer-pro-dsd2024p\/","og_locale":"ca_ES","og_type":"article","og_title":"BEHRINGER VIRTUALIZER PRO DSD2024P - Call&amp;Play","og_description":"DSP Procesador Digital Multi-efectos. 71 algoritmos, la mayor\u00eda en est\u00e9reo verdadero. Algoritmos de reverberaci\u00f3n VIRTUAL ROOM que se adaptan a la onda para una reverberaci\u00f3n y retardo ultranatural. Algoritmos de imponente modulaci\u00f3n, din\u00e1mica, psicoac\u00fasticos y de ecualizador m\u00e1s una innovadora simulaci\u00f3n de amplificador, distorsi\u00f3n y efectos especiales. 11 combinaciones de efectos, seleccionable en serie\/paralelo. Hasta 7 par\u00e1metros ajustables m\u00e1s ecualizaci\u00f3n alta y baja por efecto. Procesamiento est\u00e9reo verdadero para una separaci\u00f3n de canal realista en imagen est\u00e9reo con la mayor\u00eda de los algoritmos. 100 preajustes de f\u00e1brica m\u00e1s 100 memorias de preajustes de usuario. Implementaci\u00f3n MIDI extensiva.","og_url":"https:\/\/www.callandplay.com\/ca\/behringer-virtualizer-pro-dsd2024p\/","og_site_name":"Call&amp;Play","article_publisher":"https:\/\/www.facebook.com\/callandplay","article_modified_time":"2026-04-15T20:53:08+00:00","twitter_card":"summary_large_image","twitter_misc":{"Temps estimat de lectura":"1 minut"},"schema":{"@context":"https:\/\/schema.org","@graph":[{"@type":"WebPage","@id":"https:\/\/www.callandplay.com\/behringer-virtualizer-pro-dsd2024p\/","url":"https:\/\/www.callandplay.com\/behringer-virtualizer-pro-dsd2024p\/","name":"BEHRINGER VIRTUALIZER PRO DSD2024P - Call&amp;Play","isPartOf":{"@id":"https:\/\/www.callandplay.com\/#website"},"datePublished":"2020-10-13T00:00:00+00:00","dateModified":"2026-04-15T20:53:08+00:00","breadcrumb":{"@id":"https:\/\/www.callandplay.com\/behringer-virtualizer-pro-dsd2024p\/#breadcrumb"},"inLanguage":"ca","potentialAction":[{"@type":"ReadAction","target":["https:\/\/www.callandplay.com\/behringer-virtualizer-pro-dsd2024p\/"]}]},{"@type":"BreadcrumbList","@id":"https:\/\/www.callandplay.com\/behringer-virtualizer-pro-dsd2024p\/#breadcrumb","itemListElement":[{"@type":"ListItem","position":1,"name":"Portada","item":"https:\/\/www.callandplay.com\/"},{"@type":"ListItem","position":2,"name":"Tienda","item":"https:\/\/www.callandplay.com\/tienda\/"},{"@type":"ListItem","position":3,"name":"BEHRINGER VIRTUALIZER PRO DSD2024P"}]},{"@type":"WebSite","@id":"https:\/\/www.callandplay.com\/#website","url":"https:\/\/www.callandplay.com\/","name":"Call&amp;Play","description":"Alquiler de backline e instrumentos musicales","publisher":{"@id":"https:\/\/www.callandplay.com\/#organization"},"potentialAction":[{"@type":"SearchAction","target":{"@type":"EntryPoint","urlTemplate":"https:\/\/www.callandplay.com\/?s={search_term_string}"},"query-input":{"@type":"PropertyValueSpecification","valueRequired":true,"valueName":"search_term_string"}}],"inLanguage":"ca"},{"@type":"Organization","@id":"https:\/\/www.callandplay.com\/#organization","name":"Call&Play","url":"https:\/\/www.callandplay.com\/","logo":{"@type":"ImageObject","inLanguage":"ca","@id":"https:\/\/www.callandplay.com\/#\/schema\/logo\/image\/","url":"https:\/\/www.callandplay.com\/wp-content\/uploads\/2021\/06\/cropped-cropped-logo-black_con_sombra.png","contentUrl":"https:\/\/www.callandplay.com\/wp-content\/uploads\/2021\/06\/cropped-cropped-logo-black_con_sombra.png","width":512,"height":512,"caption":"Call&Play"},"image":{"@id":"https:\/\/www.callandplay.com\/#\/schema\/logo\/image\/"},"sameAs":["https:\/\/www.facebook.com\/callandplay","https:\/\/www.instagram.com\/call_and_play\/"]}]}},"_links":{"self":[{"href":"https:\/\/www.callandplay.com\/ca\/wp-json\/wp\/v2\/product\/50923","targetHints":{"allow":["GET"]}}],"collection":[{"href":"https:\/\/www.callandplay.com\/ca\/wp-json\/wp\/v2\/product"}],"about":[{"href":"https:\/\/www.callandplay.com\/ca\/wp-json\/wp\/v2\/types\/product"}],"replies":[{"embeddable":true,"href":"https:\/\/www.callandplay.com\/ca\/wp-json\/wp\/v2\/comments?post=50923"}],"version-history":[{"count":1,"href":"https:\/\/www.callandplay.com\/ca\/wp-json\/wp\/v2\/product\/50923\/revisions"}],"predecessor-version":[{"id":53733,"href":"https:\/\/www.callandplay.com\/ca\/wp-json\/wp\/v2\/product\/50923\/revisions\/53733"}],"wp:attachment":[{"href":"https:\/\/www.callandplay.com\/ca\/wp-json\/wp\/v2\/media?parent=50923"}],"wp:term":[{"taxonomy":"product_brand","embeddable":true,"href":"https:\/\/www.callandplay.com\/ca\/wp-json\/wp\/v2\/product_brand?post=50923"},{"taxonomy":"product_cat","embeddable":true,"href":"https:\/\/www.callandplay.com\/ca\/wp-json\/wp\/v2\/product_cat?post=50923"},{"taxonomy":"product_tag","embeddable":true,"href":"https:\/\/www.callandplay.com\/ca\/wp-json\/wp\/v2\/product_tag?post=50923"}],"curies":[{"name":"wp","href":"https:\/\/api.w.org\/{rel}","templated":true}]}}