{"id":51481,"date":"2024-03-13T00:00:00","date_gmt":"2024-03-13T00:00:00","guid":{"rendered":"https:\/\/www.callandplay.com\/korg-01-w-fd\/"},"modified":"2026-04-03T20:35:06","modified_gmt":"2026-04-03T20:35:06","slug":"korg-01-w-fd","status":"publish","type":"product","link":"https:\/\/www.callandplay.com\/ca\/korg-01-w-fd\/","title":{"rendered":"KORG 01\/W FD"},"content":{"rendered":"<p>Sintetizador workstation, el Korg 01\/W apareci\u00f3 en 1991 como la continuaci\u00f3n del M1. Presenta mejoras, como un secuenciador m\u00e1s din\u00e1mico de 16 pistas (el M1 tiene s\u00f3lo 8), 254 instrumentos reales sampleados (el M1 tiene 100), 32 voces de polifon\u00eda (el doble que el M1) y mejor control en general. El 01\/W fue el segundo cap\u00edtulo en la evoluci\u00f3n de los workstation de Korg, que sigui\u00f3 luego con los Triton y Oasys.<\/p>","protected":false},"excerpt":{"rendered":"<p>Sintetizador workstation, el Korg 01\/W apareci\u00f3 en 1991 como la continuaci\u00f3n del M1. Presenta mejoras, como un secuenciador m\u00e1s din\u00e1mico de 16 pistas (el M1 tiene s\u00f3lo 8), 254 instrumentos reales sampleados (el M1 tiene 100), 32 voces de polifon\u00eda (el doble que el M1) y mejor control en general. El 01\/W fue el segundo cap\u00edtulo en la evoluci\u00f3n de los workstation de Korg, que sigui\u00f3 luego con los Triton y Oasys.<\/p>","protected":false},"featured_media":0,"comment_status":"closed","ping_status":"closed","template":"","meta":{"_acf_changed":false,"om_disable_all_campaigns":false,"_monsterinsights_skip_tracking":false,"_monsterinsights_sitenote_active":false,"_monsterinsights_sitenote_note":"","_monsterinsights_sitenote_category":0},"product_brand":[],"product_cat":[1078],"product_tag":[],"class_list":{"0":"post-51481","1":"product","2":"type-product","3":"status-publish","5":"product_cat-sintetizadores-y-workstations","7":"first","8":"instock","9":"shipping-taxable","10":"purchasable","11":"product-type-simple"},"acf":[],"yoast_head":"<!-- This site is optimized with the Yoast SEO plugin v27.3 - https:\/\/yoast.com\/product\/yoast-seo-wordpress\/ -->\n<title>KORG 01\/W FD - Call&amp;Play<\/title>\n<meta name=\"robots\" content=\"index, follow, max-snippet:-1, max-image-preview:large, max-video-preview:-1\" \/>\n<link rel=\"canonical\" href=\"https:\/\/www.callandplay.com\/ca\/korg-01-w-fd\/\" \/>\n<meta property=\"og:locale\" content=\"ca_ES\" \/>\n<meta property=\"og:type\" content=\"article\" \/>\n<meta property=\"og:title\" content=\"KORG 01\/W FD - Call&amp;Play\" \/>\n<meta property=\"og:description\" content=\"Sintetizador workstation, el Korg 01\/W apareci\u00f3 en 1991 como la continuaci\u00f3n del M1. Presenta mejoras, como un secuenciador m\u00e1s din\u00e1mico de 16 pistas (el M1 tiene s\u00f3lo 8), 254 instrumentos reales sampleados (el M1 tiene 100), 32 voces de polifon\u00eda (el doble que el M1) y mejor control en general. El 01\/W fue el segundo cap\u00edtulo en la evoluci\u00f3n de los workstation de Korg, que sigui\u00f3 luego con los Triton y Oasys.\" \/>\n<meta property=\"og:url\" content=\"https:\/\/www.callandplay.com\/ca\/korg-01-w-fd\/\" \/>\n<meta property=\"og:site_name\" content=\"Call&amp;Play\" \/>\n<meta property=\"article:publisher\" content=\"https:\/\/www.facebook.com\/callandplay\" \/>\n<meta property=\"article:modified_time\" content=\"2026-04-03T20:35:06+00:00\" \/>\n<meta name=\"twitter:card\" content=\"summary_large_image\" \/>\n<script type=\"application\/ld+json\" class=\"yoast-schema-graph\">{\"@context\":\"https:\\\/\\\/schema.org\",\"@graph\":[{\"@type\":\"WebPage\",\"@id\":\"https:\\\/\\\/www.callandplay.com\\\/korg-01-w-fd\\\/\",\"url\":\"https:\\\/\\\/www.callandplay.com\\\/korg-01-w-fd\\\/\",\"name\":\"KORG 01\\\/W FD - Call&amp;Play\",\"isPartOf\":{\"@id\":\"https:\\\/\\\/www.callandplay.com\\\/#website\"},\"datePublished\":\"2024-03-13T00:00:00+00:00\",\"dateModified\":\"2026-04-03T20:35:06+00:00\",\"breadcrumb\":{\"@id\":\"https:\\\/\\\/www.callandplay.com\\\/korg-01-w-fd\\\/#breadcrumb\"},\"inLanguage\":\"ca\",\"potentialAction\":[{\"@type\":\"ReadAction\",\"target\":[\"https:\\\/\\\/www.callandplay.com\\\/korg-01-w-fd\\\/\"]}]},{\"@type\":\"BreadcrumbList\",\"@id\":\"https:\\\/\\\/www.callandplay.com\\\/korg-01-w-fd\\\/#breadcrumb\",\"itemListElement\":[{\"@type\":\"ListItem\",\"position\":1,\"name\":\"Portada\",\"item\":\"https:\\\/\\\/www.callandplay.com\\\/\"},{\"@type\":\"ListItem\",\"position\":2,\"name\":\"Tienda\",\"item\":\"https:\\\/\\\/www.callandplay.com\\\/tienda\\\/\"},{\"@type\":\"ListItem\",\"position\":3,\"name\":\"KORG 01\\\/W FD\"}]},{\"@type\":\"WebSite\",\"@id\":\"https:\\\/\\\/www.callandplay.com\\\/#website\",\"url\":\"https:\\\/\\\/www.callandplay.com\\\/\",\"name\":\"Call&amp;Play\",\"description\":\"Alquiler de backline e instrumentos musicales\",\"publisher\":{\"@id\":\"https:\\\/\\\/www.callandplay.com\\\/#organization\"},\"potentialAction\":[{\"@type\":\"SearchAction\",\"target\":{\"@type\":\"EntryPoint\",\"urlTemplate\":\"https:\\\/\\\/www.callandplay.com\\\/?s={search_term_string}\"},\"query-input\":{\"@type\":\"PropertyValueSpecification\",\"valueRequired\":true,\"valueName\":\"search_term_string\"}}],\"inLanguage\":\"ca\"},{\"@type\":\"Organization\",\"@id\":\"https:\\\/\\\/www.callandplay.com\\\/#organization\",\"name\":\"Call&Play\",\"url\":\"https:\\\/\\\/www.callandplay.com\\\/\",\"logo\":{\"@type\":\"ImageObject\",\"inLanguage\":\"ca\",\"@id\":\"https:\\\/\\\/www.callandplay.com\\\/#\\\/schema\\\/logo\\\/image\\\/\",\"url\":\"https:\\\/\\\/www.callandplay.com\\\/wp-content\\\/uploads\\\/2021\\\/06\\\/cropped-cropped-logo-black_con_sombra.png\",\"contentUrl\":\"https:\\\/\\\/www.callandplay.com\\\/wp-content\\\/uploads\\\/2021\\\/06\\\/cropped-cropped-logo-black_con_sombra.png\",\"width\":512,\"height\":512,\"caption\":\"Call&Play\"},\"image\":{\"@id\":\"https:\\\/\\\/www.callandplay.com\\\/#\\\/schema\\\/logo\\\/image\\\/\"},\"sameAs\":[\"https:\\\/\\\/www.facebook.com\\\/callandplay\",\"https:\\\/\\\/www.instagram.com\\\/call_and_play\\\/\"]}]}<\/script>\n<!-- \/ Yoast SEO plugin. -->","yoast_head_json":{"title":"KORG 01\/W FD - Call&amp;Play","robots":{"index":"index","follow":"follow","max-snippet":"max-snippet:-1","max-image-preview":"max-image-preview:large","max-video-preview":"max-video-preview:-1"},"canonical":"https:\/\/www.callandplay.com\/ca\/korg-01-w-fd\/","og_locale":"ca_ES","og_type":"article","og_title":"KORG 01\/W FD - Call&amp;Play","og_description":"Sintetizador workstation, el Korg 01\/W apareci\u00f3 en 1991 como la continuaci\u00f3n del M1. Presenta mejoras, como un secuenciador m\u00e1s din\u00e1mico de 16 pistas (el M1 tiene s\u00f3lo 8), 254 instrumentos reales sampleados (el M1 tiene 100), 32 voces de polifon\u00eda (el doble que el M1) y mejor control en general. El 01\/W fue el segundo cap\u00edtulo en la evoluci\u00f3n de los workstation de Korg, que sigui\u00f3 luego con los Triton y Oasys.","og_url":"https:\/\/www.callandplay.com\/ca\/korg-01-w-fd\/","og_site_name":"Call&amp;Play","article_publisher":"https:\/\/www.facebook.com\/callandplay","article_modified_time":"2026-04-03T20:35:06+00:00","twitter_card":"summary_large_image","schema":{"@context":"https:\/\/schema.org","@graph":[{"@type":"WebPage","@id":"https:\/\/www.callandplay.com\/korg-01-w-fd\/","url":"https:\/\/www.callandplay.com\/korg-01-w-fd\/","name":"KORG 01\/W FD - Call&amp;Play","isPartOf":{"@id":"https:\/\/www.callandplay.com\/#website"},"datePublished":"2024-03-13T00:00:00+00:00","dateModified":"2026-04-03T20:35:06+00:00","breadcrumb":{"@id":"https:\/\/www.callandplay.com\/korg-01-w-fd\/#breadcrumb"},"inLanguage":"ca","potentialAction":[{"@type":"ReadAction","target":["https:\/\/www.callandplay.com\/korg-01-w-fd\/"]}]},{"@type":"BreadcrumbList","@id":"https:\/\/www.callandplay.com\/korg-01-w-fd\/#breadcrumb","itemListElement":[{"@type":"ListItem","position":1,"name":"Portada","item":"https:\/\/www.callandplay.com\/"},{"@type":"ListItem","position":2,"name":"Tienda","item":"https:\/\/www.callandplay.com\/tienda\/"},{"@type":"ListItem","position":3,"name":"KORG 01\/W FD"}]},{"@type":"WebSite","@id":"https:\/\/www.callandplay.com\/#website","url":"https:\/\/www.callandplay.com\/","name":"Call&amp;Play","description":"Alquiler de backline e instrumentos musicales","publisher":{"@id":"https:\/\/www.callandplay.com\/#organization"},"potentialAction":[{"@type":"SearchAction","target":{"@type":"EntryPoint","urlTemplate":"https:\/\/www.callandplay.com\/?s={search_term_string}"},"query-input":{"@type":"PropertyValueSpecification","valueRequired":true,"valueName":"search_term_string"}}],"inLanguage":"ca"},{"@type":"Organization","@id":"https:\/\/www.callandplay.com\/#organization","name":"Call&Play","url":"https:\/\/www.callandplay.com\/","logo":{"@type":"ImageObject","inLanguage":"ca","@id":"https:\/\/www.callandplay.com\/#\/schema\/logo\/image\/","url":"https:\/\/www.callandplay.com\/wp-content\/uploads\/2021\/06\/cropped-cropped-logo-black_con_sombra.png","contentUrl":"https:\/\/www.callandplay.com\/wp-content\/uploads\/2021\/06\/cropped-cropped-logo-black_con_sombra.png","width":512,"height":512,"caption":"Call&Play"},"image":{"@id":"https:\/\/www.callandplay.com\/#\/schema\/logo\/image\/"},"sameAs":["https:\/\/www.facebook.com\/callandplay","https:\/\/www.instagram.com\/call_and_play\/"]}]}},"_links":{"self":[{"href":"https:\/\/www.callandplay.com\/ca\/wp-json\/wp\/v2\/product\/51481","targetHints":{"allow":["GET"]}}],"collection":[{"href":"https:\/\/www.callandplay.com\/ca\/wp-json\/wp\/v2\/product"}],"about":[{"href":"https:\/\/www.callandplay.com\/ca\/wp-json\/wp\/v2\/types\/product"}],"replies":[{"embeddable":true,"href":"https:\/\/www.callandplay.com\/ca\/wp-json\/wp\/v2\/comments?post=51481"}],"version-history":[{"count":1,"href":"https:\/\/www.callandplay.com\/ca\/wp-json\/wp\/v2\/product\/51481\/revisions"}],"predecessor-version":[{"id":54291,"href":"https:\/\/www.callandplay.com\/ca\/wp-json\/wp\/v2\/product\/51481\/revisions\/54291"}],"wp:attachment":[{"href":"https:\/\/www.callandplay.com\/ca\/wp-json\/wp\/v2\/media?parent=51481"}],"wp:term":[{"taxonomy":"product_brand","embeddable":true,"href":"https:\/\/www.callandplay.com\/ca\/wp-json\/wp\/v2\/product_brand?post=51481"},{"taxonomy":"product_cat","embeddable":true,"href":"https:\/\/www.callandplay.com\/ca\/wp-json\/wp\/v2\/product_cat?post=51481"},{"taxonomy":"product_tag","embeddable":true,"href":"https:\/\/www.callandplay.com\/ca\/wp-json\/wp\/v2\/product_tag?post=51481"}],"curies":[{"name":"wp","href":"https:\/\/api.w.org\/{rel}","templated":true}]}}