{"id":51491,"date":"2024-03-14T00:00:00","date_gmt":"2024-03-14T00:00:00","guid":{"rendered":"https:\/\/www.callandplay.com\/korg-triton-extreme-88\/"},"modified":"2026-04-04T20:33:26","modified_gmt":"2026-04-04T20:33:26","slug":"korg-triton-extreme-88","status":"publish","type":"product","link":"https:\/\/www.callandplay.com\/ca\/korg-triton-extreme-88\/","title":{"rendered":"KORG TRITON EXTREME 88"},"content":{"rendered":"<p>El Triton Extreme fue lanzado en 2005. La memoria se quintuplica hasta 160 MB con 120 voces de polifon\u00eda. La mayor\u00eda de las expansiones de los Triton vienen preinstaladas de forma est\u00e1ndar en los Extreme, mientras que muchos sonidos de los antiguos Triton se mejoran. La memoria de sampler tambi\u00e9n se actualiza (hasta 96 MB de RAM de sample). Conexi\u00f3n USB. A diferencia de los Triton Classic, Studio y Rack, el Extreme no puede alimentarse con tarjetas de expansi\u00f3n de samples.<\/p>","protected":false},"excerpt":{"rendered":"<p>El Triton Extreme fue lanzado en 2005. La memoria se quintuplica hasta 160 MB con 120 voces de polifon\u00eda. La mayor\u00eda de las expansiones de los Triton vienen preinstaladas de forma est\u00e1ndar en los Extreme, mientras que muchos sonidos de los antiguos Triton se mejoran. La memoria de sampler tambi\u00e9n se actualiza (hasta 96 MB de RAM de sample). Conexi\u00f3n USB. A diferencia de los Triton Classic, Studio y Rack, el Extreme no puede alimentarse con tarjetas de expansi\u00f3n de samples.<\/p>","protected":false},"featured_media":0,"comment_status":"closed","ping_status":"closed","template":"","meta":{"_acf_changed":false,"om_disable_all_campaigns":false,"_monsterinsights_skip_tracking":false,"_monsterinsights_sitenote_active":false,"_monsterinsights_sitenote_note":"","_monsterinsights_sitenote_category":0},"product_brand":[],"product_cat":[1078],"product_tag":[],"class_list":{"0":"post-51491","1":"product","2":"type-product","3":"status-publish","5":"product_cat-sintetizadores-y-workstations","7":"first","8":"instock","9":"shipping-taxable","10":"purchasable","11":"product-type-simple"},"acf":[],"yoast_head":"<!-- This site is optimized with the Yoast SEO plugin v27.3 - https:\/\/yoast.com\/product\/yoast-seo-wordpress\/ -->\n<title>KORG TRITON EXTREME 88 - Call&amp;Play<\/title>\n<meta name=\"robots\" content=\"index, follow, max-snippet:-1, max-image-preview:large, max-video-preview:-1\" \/>\n<link rel=\"canonical\" href=\"https:\/\/www.callandplay.com\/ca\/korg-triton-extreme-88\/\" \/>\n<meta property=\"og:locale\" content=\"ca_ES\" \/>\n<meta property=\"og:type\" content=\"article\" \/>\n<meta property=\"og:title\" content=\"KORG TRITON EXTREME 88 - Call&amp;Play\" \/>\n<meta property=\"og:description\" content=\"El Triton Extreme fue lanzado en 2005. La memoria se quintuplica hasta 160 MB con 120 voces de polifon\u00eda. La mayor\u00eda de las expansiones de los Triton vienen preinstaladas de forma est\u00e1ndar en los Extreme, mientras que muchos sonidos de los antiguos Triton se mejoran. La memoria de sampler tambi\u00e9n se actualiza (hasta 96 MB de RAM de sample). Conexi\u00f3n USB. A diferencia de los Triton Classic, Studio y Rack, el Extreme no puede alimentarse con tarjetas de expansi\u00f3n de samples.\" \/>\n<meta property=\"og:url\" content=\"https:\/\/www.callandplay.com\/ca\/korg-triton-extreme-88\/\" \/>\n<meta property=\"og:site_name\" content=\"Call&amp;Play\" \/>\n<meta property=\"article:publisher\" content=\"https:\/\/www.facebook.com\/callandplay\" \/>\n<meta property=\"article:modified_time\" content=\"2026-04-04T20:33:26+00:00\" \/>\n<meta name=\"twitter:card\" content=\"summary_large_image\" \/>\n<script type=\"application\/ld+json\" class=\"yoast-schema-graph\">{\"@context\":\"https:\\\/\\\/schema.org\",\"@graph\":[{\"@type\":\"WebPage\",\"@id\":\"https:\\\/\\\/www.callandplay.com\\\/korg-triton-extreme-88\\\/\",\"url\":\"https:\\\/\\\/www.callandplay.com\\\/korg-triton-extreme-88\\\/\",\"name\":\"KORG TRITON EXTREME 88 - Call&amp;Play\",\"isPartOf\":{\"@id\":\"https:\\\/\\\/www.callandplay.com\\\/#website\"},\"datePublished\":\"2024-03-14T00:00:00+00:00\",\"dateModified\":\"2026-04-04T20:33:26+00:00\",\"breadcrumb\":{\"@id\":\"https:\\\/\\\/www.callandplay.com\\\/korg-triton-extreme-88\\\/#breadcrumb\"},\"inLanguage\":\"ca\",\"potentialAction\":[{\"@type\":\"ReadAction\",\"target\":[\"https:\\\/\\\/www.callandplay.com\\\/korg-triton-extreme-88\\\/\"]}]},{\"@type\":\"BreadcrumbList\",\"@id\":\"https:\\\/\\\/www.callandplay.com\\\/korg-triton-extreme-88\\\/#breadcrumb\",\"itemListElement\":[{\"@type\":\"ListItem\",\"position\":1,\"name\":\"Portada\",\"item\":\"https:\\\/\\\/www.callandplay.com\\\/\"},{\"@type\":\"ListItem\",\"position\":2,\"name\":\"Tienda\",\"item\":\"https:\\\/\\\/www.callandplay.com\\\/tienda\\\/\"},{\"@type\":\"ListItem\",\"position\":3,\"name\":\"KORG TRITON EXTREME 88\"}]},{\"@type\":\"WebSite\",\"@id\":\"https:\\\/\\\/www.callandplay.com\\\/#website\",\"url\":\"https:\\\/\\\/www.callandplay.com\\\/\",\"name\":\"Call&amp;Play\",\"description\":\"Alquiler de backline e instrumentos musicales\",\"publisher\":{\"@id\":\"https:\\\/\\\/www.callandplay.com\\\/#organization\"},\"potentialAction\":[{\"@type\":\"SearchAction\",\"target\":{\"@type\":\"EntryPoint\",\"urlTemplate\":\"https:\\\/\\\/www.callandplay.com\\\/?s={search_term_string}\"},\"query-input\":{\"@type\":\"PropertyValueSpecification\",\"valueRequired\":true,\"valueName\":\"search_term_string\"}}],\"inLanguage\":\"ca\"},{\"@type\":\"Organization\",\"@id\":\"https:\\\/\\\/www.callandplay.com\\\/#organization\",\"name\":\"Call&Play\",\"url\":\"https:\\\/\\\/www.callandplay.com\\\/\",\"logo\":{\"@type\":\"ImageObject\",\"inLanguage\":\"ca\",\"@id\":\"https:\\\/\\\/www.callandplay.com\\\/#\\\/schema\\\/logo\\\/image\\\/\",\"url\":\"https:\\\/\\\/www.callandplay.com\\\/wp-content\\\/uploads\\\/2021\\\/06\\\/cropped-cropped-logo-black_con_sombra.png\",\"contentUrl\":\"https:\\\/\\\/www.callandplay.com\\\/wp-content\\\/uploads\\\/2021\\\/06\\\/cropped-cropped-logo-black_con_sombra.png\",\"width\":512,\"height\":512,\"caption\":\"Call&Play\"},\"image\":{\"@id\":\"https:\\\/\\\/www.callandplay.com\\\/#\\\/schema\\\/logo\\\/image\\\/\"},\"sameAs\":[\"https:\\\/\\\/www.facebook.com\\\/callandplay\",\"https:\\\/\\\/www.instagram.com\\\/call_and_play\\\/\"]}]}<\/script>\n<!-- \/ Yoast SEO plugin. -->","yoast_head_json":{"title":"KORG TRITON EXTREME 88 - Call&amp;Play","robots":{"index":"index","follow":"follow","max-snippet":"max-snippet:-1","max-image-preview":"max-image-preview:large","max-video-preview":"max-video-preview:-1"},"canonical":"https:\/\/www.callandplay.com\/ca\/korg-triton-extreme-88\/","og_locale":"ca_ES","og_type":"article","og_title":"KORG TRITON EXTREME 88 - Call&amp;Play","og_description":"El Triton Extreme fue lanzado en 2005. La memoria se quintuplica hasta 160 MB con 120 voces de polifon\u00eda. La mayor\u00eda de las expansiones de los Triton vienen preinstaladas de forma est\u00e1ndar en los Extreme, mientras que muchos sonidos de los antiguos Triton se mejoran. La memoria de sampler tambi\u00e9n se actualiza (hasta 96 MB de RAM de sample). Conexi\u00f3n USB. A diferencia de los Triton Classic, Studio y Rack, el Extreme no puede alimentarse con tarjetas de expansi\u00f3n de samples.","og_url":"https:\/\/www.callandplay.com\/ca\/korg-triton-extreme-88\/","og_site_name":"Call&amp;Play","article_publisher":"https:\/\/www.facebook.com\/callandplay","article_modified_time":"2026-04-04T20:33:26+00:00","twitter_card":"summary_large_image","schema":{"@context":"https:\/\/schema.org","@graph":[{"@type":"WebPage","@id":"https:\/\/www.callandplay.com\/korg-triton-extreme-88\/","url":"https:\/\/www.callandplay.com\/korg-triton-extreme-88\/","name":"KORG TRITON EXTREME 88 - Call&amp;Play","isPartOf":{"@id":"https:\/\/www.callandplay.com\/#website"},"datePublished":"2024-03-14T00:00:00+00:00","dateModified":"2026-04-04T20:33:26+00:00","breadcrumb":{"@id":"https:\/\/www.callandplay.com\/korg-triton-extreme-88\/#breadcrumb"},"inLanguage":"ca","potentialAction":[{"@type":"ReadAction","target":["https:\/\/www.callandplay.com\/korg-triton-extreme-88\/"]}]},{"@type":"BreadcrumbList","@id":"https:\/\/www.callandplay.com\/korg-triton-extreme-88\/#breadcrumb","itemListElement":[{"@type":"ListItem","position":1,"name":"Portada","item":"https:\/\/www.callandplay.com\/"},{"@type":"ListItem","position":2,"name":"Tienda","item":"https:\/\/www.callandplay.com\/tienda\/"},{"@type":"ListItem","position":3,"name":"KORG TRITON EXTREME 88"}]},{"@type":"WebSite","@id":"https:\/\/www.callandplay.com\/#website","url":"https:\/\/www.callandplay.com\/","name":"Call&amp;Play","description":"Alquiler de backline e instrumentos musicales","publisher":{"@id":"https:\/\/www.callandplay.com\/#organization"},"potentialAction":[{"@type":"SearchAction","target":{"@type":"EntryPoint","urlTemplate":"https:\/\/www.callandplay.com\/?s={search_term_string}"},"query-input":{"@type":"PropertyValueSpecification","valueRequired":true,"valueName":"search_term_string"}}],"inLanguage":"ca"},{"@type":"Organization","@id":"https:\/\/www.callandplay.com\/#organization","name":"Call&Play","url":"https:\/\/www.callandplay.com\/","logo":{"@type":"ImageObject","inLanguage":"ca","@id":"https:\/\/www.callandplay.com\/#\/schema\/logo\/image\/","url":"https:\/\/www.callandplay.com\/wp-content\/uploads\/2021\/06\/cropped-cropped-logo-black_con_sombra.png","contentUrl":"https:\/\/www.callandplay.com\/wp-content\/uploads\/2021\/06\/cropped-cropped-logo-black_con_sombra.png","width":512,"height":512,"caption":"Call&Play"},"image":{"@id":"https:\/\/www.callandplay.com\/#\/schema\/logo\/image\/"},"sameAs":["https:\/\/www.facebook.com\/callandplay","https:\/\/www.instagram.com\/call_and_play\/"]}]}},"_links":{"self":[{"href":"https:\/\/www.callandplay.com\/ca\/wp-json\/wp\/v2\/product\/51491","targetHints":{"allow":["GET"]}}],"collection":[{"href":"https:\/\/www.callandplay.com\/ca\/wp-json\/wp\/v2\/product"}],"about":[{"href":"https:\/\/www.callandplay.com\/ca\/wp-json\/wp\/v2\/types\/product"}],"replies":[{"embeddable":true,"href":"https:\/\/www.callandplay.com\/ca\/wp-json\/wp\/v2\/comments?post=51491"}],"version-history":[{"count":1,"href":"https:\/\/www.callandplay.com\/ca\/wp-json\/wp\/v2\/product\/51491\/revisions"}],"predecessor-version":[{"id":54301,"href":"https:\/\/www.callandplay.com\/ca\/wp-json\/wp\/v2\/product\/51491\/revisions\/54301"}],"wp:attachment":[{"href":"https:\/\/www.callandplay.com\/ca\/wp-json\/wp\/v2\/media?parent=51491"}],"wp:term":[{"taxonomy":"product_brand","embeddable":true,"href":"https:\/\/www.callandplay.com\/ca\/wp-json\/wp\/v2\/product_brand?post=51491"},{"taxonomy":"product_cat","embeddable":true,"href":"https:\/\/www.callandplay.com\/ca\/wp-json\/wp\/v2\/product_cat?post=51491"},{"taxonomy":"product_tag","embeddable":true,"href":"https:\/\/www.callandplay.com\/ca\/wp-json\/wp\/v2\/product_tag?post=51491"}],"curies":[{"name":"wp","href":"https:\/\/api.w.org\/{rel}","templated":true}]}}