{"id":51947,"date":"2020-04-19T00:00:00","date_gmt":"2020-04-19T00:00:00","guid":{"rendered":"https:\/\/www.callandplay.com\/yamaha-mg102c\/"},"modified":"2026-04-15T20:53:38","modified_gmt":"2026-04-15T20:53:38","slug":"yamaha-mg102c","status":"publish","type":"product","link":"https:\/\/www.callandplay.com\/ca\/yamaha-mg102c\/","title":{"rendered":"YAMAHA MG102C"},"content":{"rendered":"<p>Mezclador de 12 canales ideal para aplicaciones b\u00e1sicas de producci\u00f3n musical o de sonido en vivo que requieren una alta calidad de sonido procedente de un n\u00famero relativamente peque\u00f1o de entradas. Modelo notablemente compacto y ligero, pero ello no va en absoluto en detrimento de la calidad del sonido. Incluso dispone de compresores de canal integrados que, aunque de f\u00e1cil uso, pueden mejorar significativamente la calidad de sus mezclas. Con un adaptador opcional se puede montar este mezclador en un soporte de micr\u00f3fono para ubicarlo en un lugar c\u00f3modo y de f\u00e1cil acceso en el escenario.<\/p>","protected":false},"excerpt":{"rendered":"<p>Mezclador de 12 canales ideal para aplicaciones b\u00e1sicas de producci\u00f3n musical o de sonido en vivo que requieren una alta calidad de sonido procedente de un n\u00famero relativamente peque\u00f1o de entradas. Modelo notablemente compacto y ligero, pero ello no va en absoluto en detrimento de la calidad del sonido. Incluso dispone de compresores de canal integrados que, aunque de f\u00e1cil uso, pueden mejorar significativamente la calidad de sus mezclas. Con un adaptador opcional se puede montar este mezclador en un soporte de micr\u00f3fono para ubicarlo en un lugar c\u00f3modo y de f\u00e1cil acceso en el escenario.<\/p>","protected":false},"featured_media":0,"comment_status":"closed","ping_status":"closed","template":"","meta":{"_acf_changed":false,"om_disable_all_campaigns":false,"_monsterinsights_skip_tracking":false,"_monsterinsights_sitenote_active":false,"_monsterinsights_sitenote_note":"","_monsterinsights_sitenote_category":0},"product_brand":[],"product_cat":[1227],"product_tag":[],"class_list":{"0":"post-51947","1":"product","2":"type-product","3":"status-publish","5":"product_cat-mesas-mezcla-analogicas-sin-efectos","7":"first","8":"instock","9":"shipping-taxable","10":"purchasable","11":"product-type-simple"},"acf":[],"yoast_head":"<!-- This site is optimized with the Yoast SEO plugin v27.4 - https:\/\/yoast.com\/product\/yoast-seo-wordpress\/ -->\n<title>YAMAHA MG102C - Call&amp;Play<\/title>\n<meta name=\"robots\" content=\"index, follow, max-snippet:-1, max-image-preview:large, max-video-preview:-1\" \/>\n<link rel=\"canonical\" href=\"https:\/\/www.callandplay.com\/ca\/yamaha-mg102c\/\" \/>\n<meta property=\"og:locale\" content=\"ca_ES\" \/>\n<meta property=\"og:type\" content=\"article\" \/>\n<meta property=\"og:title\" content=\"YAMAHA MG102C - Call&amp;Play\" \/>\n<meta property=\"og:description\" content=\"Mezclador de 12 canales ideal para aplicaciones b\u00e1sicas de producci\u00f3n musical o de sonido en vivo que requieren una alta calidad de sonido procedente de un n\u00famero relativamente peque\u00f1o de entradas. Modelo notablemente compacto y ligero, pero ello no va en absoluto en detrimento de la calidad del sonido. Incluso dispone de compresores de canal integrados que, aunque de f\u00e1cil uso, pueden mejorar significativamente la calidad de sus mezclas. Con un adaptador opcional se puede montar este mezclador en un soporte de micr\u00f3fono para ubicarlo en un lugar c\u00f3modo y de f\u00e1cil acceso en el escenario.\" \/>\n<meta property=\"og:url\" content=\"https:\/\/www.callandplay.com\/ca\/yamaha-mg102c\/\" \/>\n<meta property=\"og:site_name\" content=\"Call&amp;Play\" \/>\n<meta property=\"article:publisher\" content=\"https:\/\/www.facebook.com\/callandplay\" \/>\n<meta property=\"article:modified_time\" content=\"2026-04-15T20:53:38+00:00\" \/>\n<meta name=\"twitter:card\" content=\"summary_large_image\" \/>\n<meta name=\"twitter:label1\" content=\"Temps estimat de lectura\" \/>\n\t<meta name=\"twitter:data1\" content=\"1 minut\" \/>\n<script type=\"application\/ld+json\" class=\"yoast-schema-graph\">{\"@context\":\"https:\\\/\\\/schema.org\",\"@graph\":[{\"@type\":\"WebPage\",\"@id\":\"https:\\\/\\\/www.callandplay.com\\\/yamaha-mg102c\\\/\",\"url\":\"https:\\\/\\\/www.callandplay.com\\\/yamaha-mg102c\\\/\",\"name\":\"YAMAHA MG102C - Call&amp;Play\",\"isPartOf\":{\"@id\":\"https:\\\/\\\/www.callandplay.com\\\/#website\"},\"datePublished\":\"2020-04-19T00:00:00+00:00\",\"dateModified\":\"2026-04-15T20:53:38+00:00\",\"breadcrumb\":{\"@id\":\"https:\\\/\\\/www.callandplay.com\\\/yamaha-mg102c\\\/#breadcrumb\"},\"inLanguage\":\"ca\",\"potentialAction\":[{\"@type\":\"ReadAction\",\"target\":[\"https:\\\/\\\/www.callandplay.com\\\/yamaha-mg102c\\\/\"]}]},{\"@type\":\"BreadcrumbList\",\"@id\":\"https:\\\/\\\/www.callandplay.com\\\/yamaha-mg102c\\\/#breadcrumb\",\"itemListElement\":[{\"@type\":\"ListItem\",\"position\":1,\"name\":\"Portada\",\"item\":\"https:\\\/\\\/www.callandplay.com\\\/\"},{\"@type\":\"ListItem\",\"position\":2,\"name\":\"Tienda\",\"item\":\"https:\\\/\\\/www.callandplay.com\\\/tienda\\\/\"},{\"@type\":\"ListItem\",\"position\":3,\"name\":\"YAMAHA MG102C\"}]},{\"@type\":\"WebSite\",\"@id\":\"https:\\\/\\\/www.callandplay.com\\\/#website\",\"url\":\"https:\\\/\\\/www.callandplay.com\\\/\",\"name\":\"Call&amp;Play\",\"description\":\"Alquiler de backline e instrumentos musicales\",\"publisher\":{\"@id\":\"https:\\\/\\\/www.callandplay.com\\\/#organization\"},\"potentialAction\":[{\"@type\":\"SearchAction\",\"target\":{\"@type\":\"EntryPoint\",\"urlTemplate\":\"https:\\\/\\\/www.callandplay.com\\\/?s={search_term_string}\"},\"query-input\":{\"@type\":\"PropertyValueSpecification\",\"valueRequired\":true,\"valueName\":\"search_term_string\"}}],\"inLanguage\":\"ca\"},{\"@type\":\"Organization\",\"@id\":\"https:\\\/\\\/www.callandplay.com\\\/#organization\",\"name\":\"Call&Play\",\"url\":\"https:\\\/\\\/www.callandplay.com\\\/\",\"logo\":{\"@type\":\"ImageObject\",\"inLanguage\":\"ca\",\"@id\":\"https:\\\/\\\/www.callandplay.com\\\/#\\\/schema\\\/logo\\\/image\\\/\",\"url\":\"https:\\\/\\\/www.callandplay.com\\\/wp-content\\\/uploads\\\/2021\\\/06\\\/cropped-cropped-logo-black_con_sombra.png\",\"contentUrl\":\"https:\\\/\\\/www.callandplay.com\\\/wp-content\\\/uploads\\\/2021\\\/06\\\/cropped-cropped-logo-black_con_sombra.png\",\"width\":512,\"height\":512,\"caption\":\"Call&Play\"},\"image\":{\"@id\":\"https:\\\/\\\/www.callandplay.com\\\/#\\\/schema\\\/logo\\\/image\\\/\"},\"sameAs\":[\"https:\\\/\\\/www.facebook.com\\\/callandplay\",\"https:\\\/\\\/www.instagram.com\\\/call_and_play\\\/\"]}]}<\/script>\n<!-- \/ Yoast SEO plugin. -->","yoast_head_json":{"title":"YAMAHA MG102C - Call&amp;Play","robots":{"index":"index","follow":"follow","max-snippet":"max-snippet:-1","max-image-preview":"max-image-preview:large","max-video-preview":"max-video-preview:-1"},"canonical":"https:\/\/www.callandplay.com\/ca\/yamaha-mg102c\/","og_locale":"ca_ES","og_type":"article","og_title":"YAMAHA MG102C - Call&amp;Play","og_description":"Mezclador de 12 canales ideal para aplicaciones b\u00e1sicas de producci\u00f3n musical o de sonido en vivo que requieren una alta calidad de sonido procedente de un n\u00famero relativamente peque\u00f1o de entradas. Modelo notablemente compacto y ligero, pero ello no va en absoluto en detrimento de la calidad del sonido. Incluso dispone de compresores de canal integrados que, aunque de f\u00e1cil uso, pueden mejorar significativamente la calidad de sus mezclas. Con un adaptador opcional se puede montar este mezclador en un soporte de micr\u00f3fono para ubicarlo en un lugar c\u00f3modo y de f\u00e1cil acceso en el escenario.","og_url":"https:\/\/www.callandplay.com\/ca\/yamaha-mg102c\/","og_site_name":"Call&amp;Play","article_publisher":"https:\/\/www.facebook.com\/callandplay","article_modified_time":"2026-04-15T20:53:38+00:00","twitter_card":"summary_large_image","twitter_misc":{"Temps estimat de lectura":"1 minut"},"schema":{"@context":"https:\/\/schema.org","@graph":[{"@type":"WebPage","@id":"https:\/\/www.callandplay.com\/yamaha-mg102c\/","url":"https:\/\/www.callandplay.com\/yamaha-mg102c\/","name":"YAMAHA MG102C - Call&amp;Play","isPartOf":{"@id":"https:\/\/www.callandplay.com\/#website"},"datePublished":"2020-04-19T00:00:00+00:00","dateModified":"2026-04-15T20:53:38+00:00","breadcrumb":{"@id":"https:\/\/www.callandplay.com\/yamaha-mg102c\/#breadcrumb"},"inLanguage":"ca","potentialAction":[{"@type":"ReadAction","target":["https:\/\/www.callandplay.com\/yamaha-mg102c\/"]}]},{"@type":"BreadcrumbList","@id":"https:\/\/www.callandplay.com\/yamaha-mg102c\/#breadcrumb","itemListElement":[{"@type":"ListItem","position":1,"name":"Portada","item":"https:\/\/www.callandplay.com\/"},{"@type":"ListItem","position":2,"name":"Tienda","item":"https:\/\/www.callandplay.com\/tienda\/"},{"@type":"ListItem","position":3,"name":"YAMAHA MG102C"}]},{"@type":"WebSite","@id":"https:\/\/www.callandplay.com\/#website","url":"https:\/\/www.callandplay.com\/","name":"Call&amp;Play","description":"Alquiler de backline e instrumentos musicales","publisher":{"@id":"https:\/\/www.callandplay.com\/#organization"},"potentialAction":[{"@type":"SearchAction","target":{"@type":"EntryPoint","urlTemplate":"https:\/\/www.callandplay.com\/?s={search_term_string}"},"query-input":{"@type":"PropertyValueSpecification","valueRequired":true,"valueName":"search_term_string"}}],"inLanguage":"ca"},{"@type":"Organization","@id":"https:\/\/www.callandplay.com\/#organization","name":"Call&Play","url":"https:\/\/www.callandplay.com\/","logo":{"@type":"ImageObject","inLanguage":"ca","@id":"https:\/\/www.callandplay.com\/#\/schema\/logo\/image\/","url":"https:\/\/www.callandplay.com\/wp-content\/uploads\/2021\/06\/cropped-cropped-logo-black_con_sombra.png","contentUrl":"https:\/\/www.callandplay.com\/wp-content\/uploads\/2021\/06\/cropped-cropped-logo-black_con_sombra.png","width":512,"height":512,"caption":"Call&Play"},"image":{"@id":"https:\/\/www.callandplay.com\/#\/schema\/logo\/image\/"},"sameAs":["https:\/\/www.facebook.com\/callandplay","https:\/\/www.instagram.com\/call_and_play\/"]}]}},"_links":{"self":[{"href":"https:\/\/www.callandplay.com\/ca\/wp-json\/wp\/v2\/product\/51947","targetHints":{"allow":["GET"]}}],"collection":[{"href":"https:\/\/www.callandplay.com\/ca\/wp-json\/wp\/v2\/product"}],"about":[{"href":"https:\/\/www.callandplay.com\/ca\/wp-json\/wp\/v2\/types\/product"}],"replies":[{"embeddable":true,"href":"https:\/\/www.callandplay.com\/ca\/wp-json\/wp\/v2\/comments?post=51947"}],"version-history":[{"count":1,"href":"https:\/\/www.callandplay.com\/ca\/wp-json\/wp\/v2\/product\/51947\/revisions"}],"predecessor-version":[{"id":54757,"href":"https:\/\/www.callandplay.com\/ca\/wp-json\/wp\/v2\/product\/51947\/revisions\/54757"}],"wp:attachment":[{"href":"https:\/\/www.callandplay.com\/ca\/wp-json\/wp\/v2\/media?parent=51947"}],"wp:term":[{"taxonomy":"product_brand","embeddable":true,"href":"https:\/\/www.callandplay.com\/ca\/wp-json\/wp\/v2\/product_brand?post=51947"},{"taxonomy":"product_cat","embeddable":true,"href":"https:\/\/www.callandplay.com\/ca\/wp-json\/wp\/v2\/product_cat?post=51947"},{"taxonomy":"product_tag","embeddable":true,"href":"https:\/\/www.callandplay.com\/ca\/wp-json\/wp\/v2\/product_tag?post=51947"}],"curies":[{"name":"wp","href":"https:\/\/api.w.org\/{rel}","templated":true}]}}