{"id":51997,"date":"2025-09-11T00:00:00","date_gmt":"2025-09-11T00:00:00","guid":{"rendered":"https:\/\/www.callandplay.com\/taye-metalworks-sd-14x65-black-brushed-nickel-brass-bbs1465\/"},"modified":"2026-04-15T20:53:39","modified_gmt":"2026-04-15T20:53:39","slug":"taye-metalworks-sd-14x65-black-brushed-nickel-brass-bbs1465","status":"publish","type":"product","link":"https:\/\/www.callandplay.com\/ca\/taye-metalworks-sd-14x65-black-brushed-nickel-brass-bbs1465\/","title":{"rendered":"TAYE METALWORKS SD 14&#8243;x6,5&#8243; BLACK BRUSHED NICKEL BRASS BBS1465"},"content":{"rendered":"<p>Caja Taye MetalWorks SD BBS1465 de 14&#8243;x6.5&#8243;de casco de lat\u00f3n con acabado de n\u00edquel negro. Hoops Triple Flange de 2,3mm. Lugs estilo Vintage. Liberador de bord\u00f3n SideLatch. La serie MetalWorks de Taye se dedica a la producci\u00f3n de cajas de metal de gran calidad.<\/p>","protected":false},"excerpt":{"rendered":"<p>Caja Taye MetalWorks SD BBS1465 de 14&#8243;x6.5&#8243;de casco de lat\u00f3n con acabado de n\u00edquel negro. Hoops Triple Flange de 2,3mm. Lugs estilo Vintage. Liberador de bord\u00f3n SideLatch. La serie MetalWorks de Taye se dedica a la producci\u00f3n de cajas de metal de gran calidad.<\/p>","protected":false},"featured_media":0,"comment_status":"closed","ping_status":"closed","template":"","meta":{"_acf_changed":false,"om_disable_all_campaigns":false,"_monsterinsights_skip_tracking":false,"_monsterinsights_sitenote_active":false,"_monsterinsights_sitenote_note":"","_monsterinsights_sitenote_category":0},"product_brand":[],"product_cat":[1022],"product_tag":[],"class_list":{"0":"post-51997","1":"product","2":"type-product","3":"status-publish","5":"product_cat-cajas-laton","7":"first","8":"instock","9":"shipping-taxable","10":"purchasable","11":"product-type-simple"},"acf":[],"yoast_head":"<!-- This site is optimized with the Yoast SEO plugin v27.4 - https:\/\/yoast.com\/product\/yoast-seo-wordpress\/ -->\n<title>TAYE METALWORKS SD 14&quot;x6,5&quot; BLACK BRUSHED NICKEL BRASS BBS1465 - Call&amp;Play<\/title>\n<meta name=\"robots\" content=\"index, follow, max-snippet:-1, max-image-preview:large, max-video-preview:-1\" \/>\n<link rel=\"canonical\" href=\"https:\/\/www.callandplay.com\/ca\/taye-metalworks-sd-14x65-black-brushed-nickel-brass-bbs1465\/\" \/>\n<meta property=\"og:locale\" content=\"ca_ES\" \/>\n<meta property=\"og:type\" content=\"article\" \/>\n<meta property=\"og:title\" content=\"TAYE METALWORKS SD 14&quot;x6,5&quot; BLACK BRUSHED NICKEL BRASS BBS1465 - Call&amp;Play\" \/>\n<meta property=\"og:description\" content=\"Caja Taye MetalWorks SD BBS1465 de 14&quot;x6.5&quot;de casco de lat\u00f3n con acabado de n\u00edquel negro. Hoops Triple Flange de 2,3mm. Lugs estilo Vintage. Liberador de bord\u00f3n SideLatch. La serie MetalWorks de Taye se dedica a la producci\u00f3n de cajas de metal de gran calidad.\" \/>\n<meta property=\"og:url\" content=\"https:\/\/www.callandplay.com\/ca\/taye-metalworks-sd-14x65-black-brushed-nickel-brass-bbs1465\/\" \/>\n<meta property=\"og:site_name\" content=\"Call&amp;Play\" \/>\n<meta property=\"article:publisher\" content=\"https:\/\/www.facebook.com\/callandplay\" \/>\n<meta property=\"article:modified_time\" content=\"2026-04-15T20:53:39+00:00\" \/>\n<meta name=\"twitter:card\" content=\"summary_large_image\" \/>\n<script type=\"application\/ld+json\" class=\"yoast-schema-graph\">{\"@context\":\"https:\\\/\\\/schema.org\",\"@graph\":[{\"@type\":\"WebPage\",\"@id\":\"https:\\\/\\\/www.callandplay.com\\\/taye-metalworks-sd-14x65-black-brushed-nickel-brass-bbs1465\\\/\",\"url\":\"https:\\\/\\\/www.callandplay.com\\\/taye-metalworks-sd-14x65-black-brushed-nickel-brass-bbs1465\\\/\",\"name\":\"TAYE METALWORKS SD 14\\\"x6,5\\\" BLACK BRUSHED NICKEL BRASS BBS1465 - Call&amp;Play\",\"isPartOf\":{\"@id\":\"https:\\\/\\\/www.callandplay.com\\\/#website\"},\"datePublished\":\"2025-09-11T00:00:00+00:00\",\"dateModified\":\"2026-04-15T20:53:39+00:00\",\"breadcrumb\":{\"@id\":\"https:\\\/\\\/www.callandplay.com\\\/taye-metalworks-sd-14x65-black-brushed-nickel-brass-bbs1465\\\/#breadcrumb\"},\"inLanguage\":\"ca\",\"potentialAction\":[{\"@type\":\"ReadAction\",\"target\":[\"https:\\\/\\\/www.callandplay.com\\\/taye-metalworks-sd-14x65-black-brushed-nickel-brass-bbs1465\\\/\"]}]},{\"@type\":\"BreadcrumbList\",\"@id\":\"https:\\\/\\\/www.callandplay.com\\\/taye-metalworks-sd-14x65-black-brushed-nickel-brass-bbs1465\\\/#breadcrumb\",\"itemListElement\":[{\"@type\":\"ListItem\",\"position\":1,\"name\":\"Portada\",\"item\":\"https:\\\/\\\/www.callandplay.com\\\/\"},{\"@type\":\"ListItem\",\"position\":2,\"name\":\"Tienda\",\"item\":\"https:\\\/\\\/www.callandplay.com\\\/tienda\\\/\"},{\"@type\":\"ListItem\",\"position\":3,\"name\":\"TAYE METALWORKS SD 14&#8243;x6,5&#8243; BLACK BRUSHED NICKEL BRASS BBS1465\"}]},{\"@type\":\"WebSite\",\"@id\":\"https:\\\/\\\/www.callandplay.com\\\/#website\",\"url\":\"https:\\\/\\\/www.callandplay.com\\\/\",\"name\":\"Call&amp;Play\",\"description\":\"Alquiler de backline e instrumentos musicales\",\"publisher\":{\"@id\":\"https:\\\/\\\/www.callandplay.com\\\/#organization\"},\"potentialAction\":[{\"@type\":\"SearchAction\",\"target\":{\"@type\":\"EntryPoint\",\"urlTemplate\":\"https:\\\/\\\/www.callandplay.com\\\/?s={search_term_string}\"},\"query-input\":{\"@type\":\"PropertyValueSpecification\",\"valueRequired\":true,\"valueName\":\"search_term_string\"}}],\"inLanguage\":\"ca\"},{\"@type\":\"Organization\",\"@id\":\"https:\\\/\\\/www.callandplay.com\\\/#organization\",\"name\":\"Call&Play\",\"url\":\"https:\\\/\\\/www.callandplay.com\\\/\",\"logo\":{\"@type\":\"ImageObject\",\"inLanguage\":\"ca\",\"@id\":\"https:\\\/\\\/www.callandplay.com\\\/#\\\/schema\\\/logo\\\/image\\\/\",\"url\":\"https:\\\/\\\/www.callandplay.com\\\/wp-content\\\/uploads\\\/2021\\\/06\\\/cropped-cropped-logo-black_con_sombra.png\",\"contentUrl\":\"https:\\\/\\\/www.callandplay.com\\\/wp-content\\\/uploads\\\/2021\\\/06\\\/cropped-cropped-logo-black_con_sombra.png\",\"width\":512,\"height\":512,\"caption\":\"Call&Play\"},\"image\":{\"@id\":\"https:\\\/\\\/www.callandplay.com\\\/#\\\/schema\\\/logo\\\/image\\\/\"},\"sameAs\":[\"https:\\\/\\\/www.facebook.com\\\/callandplay\",\"https:\\\/\\\/www.instagram.com\\\/call_and_play\\\/\"]}]}<\/script>\n<!-- \/ Yoast SEO plugin. -->","yoast_head_json":{"title":"TAYE METALWORKS SD 14\"x6,5\" BLACK BRUSHED NICKEL BRASS BBS1465 - Call&amp;Play","robots":{"index":"index","follow":"follow","max-snippet":"max-snippet:-1","max-image-preview":"max-image-preview:large","max-video-preview":"max-video-preview:-1"},"canonical":"https:\/\/www.callandplay.com\/ca\/taye-metalworks-sd-14x65-black-brushed-nickel-brass-bbs1465\/","og_locale":"ca_ES","og_type":"article","og_title":"TAYE METALWORKS SD 14\"x6,5\" BLACK BRUSHED NICKEL BRASS BBS1465 - Call&amp;Play","og_description":"Caja Taye MetalWorks SD BBS1465 de 14\"x6.5\"de casco de lat\u00f3n con acabado de n\u00edquel negro. Hoops Triple Flange de 2,3mm. Lugs estilo Vintage. Liberador de bord\u00f3n SideLatch. La serie MetalWorks de Taye se dedica a la producci\u00f3n de cajas de metal de gran calidad.","og_url":"https:\/\/www.callandplay.com\/ca\/taye-metalworks-sd-14x65-black-brushed-nickel-brass-bbs1465\/","og_site_name":"Call&amp;Play","article_publisher":"https:\/\/www.facebook.com\/callandplay","article_modified_time":"2026-04-15T20:53:39+00:00","twitter_card":"summary_large_image","schema":{"@context":"https:\/\/schema.org","@graph":[{"@type":"WebPage","@id":"https:\/\/www.callandplay.com\/taye-metalworks-sd-14x65-black-brushed-nickel-brass-bbs1465\/","url":"https:\/\/www.callandplay.com\/taye-metalworks-sd-14x65-black-brushed-nickel-brass-bbs1465\/","name":"TAYE METALWORKS SD 14\"x6,5\" BLACK BRUSHED NICKEL BRASS BBS1465 - Call&amp;Play","isPartOf":{"@id":"https:\/\/www.callandplay.com\/#website"},"datePublished":"2025-09-11T00:00:00+00:00","dateModified":"2026-04-15T20:53:39+00:00","breadcrumb":{"@id":"https:\/\/www.callandplay.com\/taye-metalworks-sd-14x65-black-brushed-nickel-brass-bbs1465\/#breadcrumb"},"inLanguage":"ca","potentialAction":[{"@type":"ReadAction","target":["https:\/\/www.callandplay.com\/taye-metalworks-sd-14x65-black-brushed-nickel-brass-bbs1465\/"]}]},{"@type":"BreadcrumbList","@id":"https:\/\/www.callandplay.com\/taye-metalworks-sd-14x65-black-brushed-nickel-brass-bbs1465\/#breadcrumb","itemListElement":[{"@type":"ListItem","position":1,"name":"Portada","item":"https:\/\/www.callandplay.com\/"},{"@type":"ListItem","position":2,"name":"Tienda","item":"https:\/\/www.callandplay.com\/tienda\/"},{"@type":"ListItem","position":3,"name":"TAYE METALWORKS SD 14&#8243;x6,5&#8243; BLACK BRUSHED NICKEL BRASS BBS1465"}]},{"@type":"WebSite","@id":"https:\/\/www.callandplay.com\/#website","url":"https:\/\/www.callandplay.com\/","name":"Call&amp;Play","description":"Alquiler de backline e instrumentos musicales","publisher":{"@id":"https:\/\/www.callandplay.com\/#organization"},"potentialAction":[{"@type":"SearchAction","target":{"@type":"EntryPoint","urlTemplate":"https:\/\/www.callandplay.com\/?s={search_term_string}"},"query-input":{"@type":"PropertyValueSpecification","valueRequired":true,"valueName":"search_term_string"}}],"inLanguage":"ca"},{"@type":"Organization","@id":"https:\/\/www.callandplay.com\/#organization","name":"Call&Play","url":"https:\/\/www.callandplay.com\/","logo":{"@type":"ImageObject","inLanguage":"ca","@id":"https:\/\/www.callandplay.com\/#\/schema\/logo\/image\/","url":"https:\/\/www.callandplay.com\/wp-content\/uploads\/2021\/06\/cropped-cropped-logo-black_con_sombra.png","contentUrl":"https:\/\/www.callandplay.com\/wp-content\/uploads\/2021\/06\/cropped-cropped-logo-black_con_sombra.png","width":512,"height":512,"caption":"Call&Play"},"image":{"@id":"https:\/\/www.callandplay.com\/#\/schema\/logo\/image\/"},"sameAs":["https:\/\/www.facebook.com\/callandplay","https:\/\/www.instagram.com\/call_and_play\/"]}]}},"_links":{"self":[{"href":"https:\/\/www.callandplay.com\/ca\/wp-json\/wp\/v2\/product\/51997","targetHints":{"allow":["GET"]}}],"collection":[{"href":"https:\/\/www.callandplay.com\/ca\/wp-json\/wp\/v2\/product"}],"about":[{"href":"https:\/\/www.callandplay.com\/ca\/wp-json\/wp\/v2\/types\/product"}],"replies":[{"embeddable":true,"href":"https:\/\/www.callandplay.com\/ca\/wp-json\/wp\/v2\/comments?post=51997"}],"version-history":[{"count":1,"href":"https:\/\/www.callandplay.com\/ca\/wp-json\/wp\/v2\/product\/51997\/revisions"}],"predecessor-version":[{"id":54807,"href":"https:\/\/www.callandplay.com\/ca\/wp-json\/wp\/v2\/product\/51997\/revisions\/54807"}],"wp:attachment":[{"href":"https:\/\/www.callandplay.com\/ca\/wp-json\/wp\/v2\/media?parent=51997"}],"wp:term":[{"taxonomy":"product_brand","embeddable":true,"href":"https:\/\/www.callandplay.com\/ca\/wp-json\/wp\/v2\/product_brand?post=51997"},{"taxonomy":"product_cat","embeddable":true,"href":"https:\/\/www.callandplay.com\/ca\/wp-json\/wp\/v2\/product_cat?post=51997"},{"taxonomy":"product_tag","embeddable":true,"href":"https:\/\/www.callandplay.com\/ca\/wp-json\/wp\/v2\/product_tag?post=51997"}],"curies":[{"name":"wp","href":"https:\/\/api.w.org\/{rel}","templated":true}]}}