{"id":52160,"date":"2016-03-30T00:00:00","date_gmt":"2016-03-30T00:00:00","guid":{"rendered":"https:\/\/www.callandplay.com\/korg-wave-drum\/"},"modified":"2026-04-15T20:53:44","modified_gmt":"2026-04-15T20:53:44","slug":"korg-wave-drum","status":"publish","type":"product","link":"https:\/\/www.callandplay.com\/ca\/korg-wave-drum\/","title":{"rendered":"KORG WAVE DRUM"},"content":{"rendered":"<p>Korg Wavedrum es un Sintetizador Din\u00e1mico de Percusi\u00f3n que transmite sensaciones con una expresividad sin precedentes gracias a su innovadora tecnolog\u00eda de s\u00edntesis. La interpretaci\u00f3n se hace m\u00e1s vers\u00e1til y flexible gracias a su sistema h\u00edbrido de generaci\u00f3n de sonido que combina algoritmos de s\u00edntesis basada en DSP y motor de instrumentos PCM. 100 Programas Preset disponibles cubren una amplia gama de sonidos: desde est\u00e1ndares de percusi\u00f3n hasta los m\u00e1s innovadores y \u00fanicos. Adem\u00e1s de los sonidos cl\u00e1sicos como cajas, tom toms, etc., el Wavedrum incluye populares instrumentos de percusi\u00f3n como cajones, congas, tablas, etc., percusiones de metal como cencerros, tri\u00e1ngulos, etc., as\u00ed como sonidos \u00e9tnicos de percusi\u00f3n, como el Udo, instrumentos cer\u00e1micos de percusi\u00f3n, el Jegog, una marimba de bamb\u00fa de la isla de Bali, un talking drum de \u00c1frica, gongs, y otros instrumentos que requieren t\u00e9cnicas especiales de interpretaci\u00f3n. Tambi\u00e9n  el Sitar, Koto y Berimbau.<\/p>","protected":false},"excerpt":{"rendered":"<p>Korg Wavedrum es un Sintetizador Din\u00e1mico de Percusi\u00f3n que transmite sensaciones con una expresividad sin precedentes gracias a su innovadora tecnolog\u00eda de s\u00edntesis. La interpretaci\u00f3n se hace m\u00e1s vers\u00e1til y flexible gracias a su sistema h\u00edbrido de generaci\u00f3n de sonido que combina algoritmos de s\u00edntesis basada en DSP y motor de instrumentos PCM. 100 Programas Preset disponibles cubren una amplia gama de sonidos: desde est\u00e1ndares de percusi\u00f3n hasta los m\u00e1s innovadores y \u00fanicos. Adem\u00e1s de los sonidos cl\u00e1sicos como cajas, tom toms, etc., el Wavedrum incluye populares instrumentos de percusi\u00f3n como cajones, congas, tablas, etc., percusiones de metal como cencerros, tri\u00e1ngulos, etc., as\u00ed como sonidos \u00e9tnicos de percusi\u00f3n, como el Udo, instrumentos cer\u00e1micos de percusi\u00f3n, el Jegog, una marimba de bamb\u00fa de la isla de Bali, un talking drum de \u00c1frica, gongs, y otros instrumentos que requieren t\u00e9cnicas especiales de interpretaci\u00f3n. Tambi\u00e9n  el Sitar, Koto y Berimbau.<\/p>","protected":false},"featured_media":0,"comment_status":"closed","ping_status":"closed","template":"","meta":{"_acf_changed":false,"om_disable_all_campaigns":false,"_monsterinsights_skip_tracking":false,"_monsterinsights_sitenote_active":false,"_monsterinsights_sitenote_note":"","_monsterinsights_sitenote_category":0},"product_brand":[],"product_cat":[1151],"product_tag":[],"class_list":{"0":"post-52160","1":"product","2":"type-product","3":"status-publish","5":"product_cat-pads-percusion-electronica","7":"first","8":"instock","9":"shipping-taxable","10":"purchasable","11":"product-type-simple"},"acf":[],"yoast_head":"<!-- This site is optimized with the Yoast SEO plugin v27.4 - https:\/\/yoast.com\/product\/yoast-seo-wordpress\/ -->\n<title>KORG WAVE DRUM - Call&amp;Play<\/title>\n<meta name=\"robots\" content=\"index, follow, max-snippet:-1, max-image-preview:large, max-video-preview:-1\" \/>\n<link rel=\"canonical\" href=\"https:\/\/www.callandplay.com\/ca\/korg-wave-drum\/\" \/>\n<meta property=\"og:locale\" content=\"ca_ES\" \/>\n<meta property=\"og:type\" content=\"article\" \/>\n<meta property=\"og:title\" content=\"KORG WAVE DRUM - Call&amp;Play\" \/>\n<meta property=\"og:description\" content=\"Korg Wavedrum es un Sintetizador Din\u00e1mico de Percusi\u00f3n que transmite sensaciones con una expresividad sin precedentes gracias a su innovadora tecnolog\u00eda de s\u00edntesis. La interpretaci\u00f3n se hace m\u00e1s vers\u00e1til y flexible gracias a su sistema h\u00edbrido de generaci\u00f3n de sonido que combina algoritmos de s\u00edntesis basada en DSP y motor de instrumentos PCM. 100 Programas Preset disponibles cubren una amplia gama de sonidos: desde est\u00e1ndares de percusi\u00f3n hasta los m\u00e1s innovadores y \u00fanicos. Adem\u00e1s de los sonidos cl\u00e1sicos como cajas, tom toms, etc., el Wavedrum incluye populares instrumentos de percusi\u00f3n como cajones, congas, tablas, etc., percusiones de metal como cencerros, tri\u00e1ngulos, etc., as\u00ed como sonidos \u00e9tnicos de percusi\u00f3n, como el Udo, instrumentos cer\u00e1micos de percusi\u00f3n, el Jegog, una marimba de bamb\u00fa de la isla de Bali, un talking drum de \u00c1frica, gongs, y otros instrumentos que requieren t\u00e9cnicas especiales de interpretaci\u00f3n. Tambi\u00e9n el Sitar, Koto y Berimbau.\" \/>\n<meta property=\"og:url\" content=\"https:\/\/www.callandplay.com\/ca\/korg-wave-drum\/\" \/>\n<meta property=\"og:site_name\" content=\"Call&amp;Play\" \/>\n<meta property=\"article:publisher\" content=\"https:\/\/www.facebook.com\/callandplay\" \/>\n<meta property=\"article:modified_time\" content=\"2026-04-15T20:53:44+00:00\" \/>\n<meta name=\"twitter:card\" content=\"summary_large_image\" \/>\n<meta name=\"twitter:label1\" content=\"Temps estimat de lectura\" \/>\n\t<meta name=\"twitter:data1\" content=\"1 minut\" \/>\n<script type=\"application\/ld+json\" class=\"yoast-schema-graph\">{\"@context\":\"https:\\\/\\\/schema.org\",\"@graph\":[{\"@type\":\"WebPage\",\"@id\":\"https:\\\/\\\/www.callandplay.com\\\/korg-wave-drum\\\/\",\"url\":\"https:\\\/\\\/www.callandplay.com\\\/korg-wave-drum\\\/\",\"name\":\"KORG WAVE DRUM - Call&amp;Play\",\"isPartOf\":{\"@id\":\"https:\\\/\\\/www.callandplay.com\\\/#website\"},\"datePublished\":\"2016-03-30T00:00:00+00:00\",\"dateModified\":\"2026-04-15T20:53:44+00:00\",\"breadcrumb\":{\"@id\":\"https:\\\/\\\/www.callandplay.com\\\/korg-wave-drum\\\/#breadcrumb\"},\"inLanguage\":\"ca\",\"potentialAction\":[{\"@type\":\"ReadAction\",\"target\":[\"https:\\\/\\\/www.callandplay.com\\\/korg-wave-drum\\\/\"]}]},{\"@type\":\"BreadcrumbList\",\"@id\":\"https:\\\/\\\/www.callandplay.com\\\/korg-wave-drum\\\/#breadcrumb\",\"itemListElement\":[{\"@type\":\"ListItem\",\"position\":1,\"name\":\"Portada\",\"item\":\"https:\\\/\\\/www.callandplay.com\\\/\"},{\"@type\":\"ListItem\",\"position\":2,\"name\":\"Tienda\",\"item\":\"https:\\\/\\\/www.callandplay.com\\\/tienda\\\/\"},{\"@type\":\"ListItem\",\"position\":3,\"name\":\"KORG WAVE DRUM\"}]},{\"@type\":\"WebSite\",\"@id\":\"https:\\\/\\\/www.callandplay.com\\\/#website\",\"url\":\"https:\\\/\\\/www.callandplay.com\\\/\",\"name\":\"Call&amp;Play\",\"description\":\"Alquiler de backline e instrumentos musicales\",\"publisher\":{\"@id\":\"https:\\\/\\\/www.callandplay.com\\\/#organization\"},\"potentialAction\":[{\"@type\":\"SearchAction\",\"target\":{\"@type\":\"EntryPoint\",\"urlTemplate\":\"https:\\\/\\\/www.callandplay.com\\\/?s={search_term_string}\"},\"query-input\":{\"@type\":\"PropertyValueSpecification\",\"valueRequired\":true,\"valueName\":\"search_term_string\"}}],\"inLanguage\":\"ca\"},{\"@type\":\"Organization\",\"@id\":\"https:\\\/\\\/www.callandplay.com\\\/#organization\",\"name\":\"Call&Play\",\"url\":\"https:\\\/\\\/www.callandplay.com\\\/\",\"logo\":{\"@type\":\"ImageObject\",\"inLanguage\":\"ca\",\"@id\":\"https:\\\/\\\/www.callandplay.com\\\/#\\\/schema\\\/logo\\\/image\\\/\",\"url\":\"https:\\\/\\\/www.callandplay.com\\\/wp-content\\\/uploads\\\/2021\\\/06\\\/cropped-cropped-logo-black_con_sombra.png\",\"contentUrl\":\"https:\\\/\\\/www.callandplay.com\\\/wp-content\\\/uploads\\\/2021\\\/06\\\/cropped-cropped-logo-black_con_sombra.png\",\"width\":512,\"height\":512,\"caption\":\"Call&Play\"},\"image\":{\"@id\":\"https:\\\/\\\/www.callandplay.com\\\/#\\\/schema\\\/logo\\\/image\\\/\"},\"sameAs\":[\"https:\\\/\\\/www.facebook.com\\\/callandplay\",\"https:\\\/\\\/www.instagram.com\\\/call_and_play\\\/\"]}]}<\/script>\n<!-- \/ Yoast SEO plugin. -->","yoast_head_json":{"title":"KORG WAVE DRUM - Call&amp;Play","robots":{"index":"index","follow":"follow","max-snippet":"max-snippet:-1","max-image-preview":"max-image-preview:large","max-video-preview":"max-video-preview:-1"},"canonical":"https:\/\/www.callandplay.com\/ca\/korg-wave-drum\/","og_locale":"ca_ES","og_type":"article","og_title":"KORG WAVE DRUM - Call&amp;Play","og_description":"Korg Wavedrum es un Sintetizador Din\u00e1mico de Percusi\u00f3n que transmite sensaciones con una expresividad sin precedentes gracias a su innovadora tecnolog\u00eda de s\u00edntesis. La interpretaci\u00f3n se hace m\u00e1s vers\u00e1til y flexible gracias a su sistema h\u00edbrido de generaci\u00f3n de sonido que combina algoritmos de s\u00edntesis basada en DSP y motor de instrumentos PCM. 100 Programas Preset disponibles cubren una amplia gama de sonidos: desde est\u00e1ndares de percusi\u00f3n hasta los m\u00e1s innovadores y \u00fanicos. Adem\u00e1s de los sonidos cl\u00e1sicos como cajas, tom toms, etc., el Wavedrum incluye populares instrumentos de percusi\u00f3n como cajones, congas, tablas, etc., percusiones de metal como cencerros, tri\u00e1ngulos, etc., as\u00ed como sonidos \u00e9tnicos de percusi\u00f3n, como el Udo, instrumentos cer\u00e1micos de percusi\u00f3n, el Jegog, una marimba de bamb\u00fa de la isla de Bali, un talking drum de \u00c1frica, gongs, y otros instrumentos que requieren t\u00e9cnicas especiales de interpretaci\u00f3n. Tambi\u00e9n el Sitar, Koto y Berimbau.","og_url":"https:\/\/www.callandplay.com\/ca\/korg-wave-drum\/","og_site_name":"Call&amp;Play","article_publisher":"https:\/\/www.facebook.com\/callandplay","article_modified_time":"2026-04-15T20:53:44+00:00","twitter_card":"summary_large_image","twitter_misc":{"Temps estimat de lectura":"1 minut"},"schema":{"@context":"https:\/\/schema.org","@graph":[{"@type":"WebPage","@id":"https:\/\/www.callandplay.com\/korg-wave-drum\/","url":"https:\/\/www.callandplay.com\/korg-wave-drum\/","name":"KORG WAVE DRUM - Call&amp;Play","isPartOf":{"@id":"https:\/\/www.callandplay.com\/#website"},"datePublished":"2016-03-30T00:00:00+00:00","dateModified":"2026-04-15T20:53:44+00:00","breadcrumb":{"@id":"https:\/\/www.callandplay.com\/korg-wave-drum\/#breadcrumb"},"inLanguage":"ca","potentialAction":[{"@type":"ReadAction","target":["https:\/\/www.callandplay.com\/korg-wave-drum\/"]}]},{"@type":"BreadcrumbList","@id":"https:\/\/www.callandplay.com\/korg-wave-drum\/#breadcrumb","itemListElement":[{"@type":"ListItem","position":1,"name":"Portada","item":"https:\/\/www.callandplay.com\/"},{"@type":"ListItem","position":2,"name":"Tienda","item":"https:\/\/www.callandplay.com\/tienda\/"},{"@type":"ListItem","position":3,"name":"KORG WAVE DRUM"}]},{"@type":"WebSite","@id":"https:\/\/www.callandplay.com\/#website","url":"https:\/\/www.callandplay.com\/","name":"Call&amp;Play","description":"Alquiler de backline e instrumentos musicales","publisher":{"@id":"https:\/\/www.callandplay.com\/#organization"},"potentialAction":[{"@type":"SearchAction","target":{"@type":"EntryPoint","urlTemplate":"https:\/\/www.callandplay.com\/?s={search_term_string}"},"query-input":{"@type":"PropertyValueSpecification","valueRequired":true,"valueName":"search_term_string"}}],"inLanguage":"ca"},{"@type":"Organization","@id":"https:\/\/www.callandplay.com\/#organization","name":"Call&Play","url":"https:\/\/www.callandplay.com\/","logo":{"@type":"ImageObject","inLanguage":"ca","@id":"https:\/\/www.callandplay.com\/#\/schema\/logo\/image\/","url":"https:\/\/www.callandplay.com\/wp-content\/uploads\/2021\/06\/cropped-cropped-logo-black_con_sombra.png","contentUrl":"https:\/\/www.callandplay.com\/wp-content\/uploads\/2021\/06\/cropped-cropped-logo-black_con_sombra.png","width":512,"height":512,"caption":"Call&Play"},"image":{"@id":"https:\/\/www.callandplay.com\/#\/schema\/logo\/image\/"},"sameAs":["https:\/\/www.facebook.com\/callandplay","https:\/\/www.instagram.com\/call_and_play\/"]}]}},"_links":{"self":[{"href":"https:\/\/www.callandplay.com\/ca\/wp-json\/wp\/v2\/product\/52160","targetHints":{"allow":["GET"]}}],"collection":[{"href":"https:\/\/www.callandplay.com\/ca\/wp-json\/wp\/v2\/product"}],"about":[{"href":"https:\/\/www.callandplay.com\/ca\/wp-json\/wp\/v2\/types\/product"}],"replies":[{"embeddable":true,"href":"https:\/\/www.callandplay.com\/ca\/wp-json\/wp\/v2\/comments?post=52160"}],"version-history":[{"count":1,"href":"https:\/\/www.callandplay.com\/ca\/wp-json\/wp\/v2\/product\/52160\/revisions"}],"predecessor-version":[{"id":54970,"href":"https:\/\/www.callandplay.com\/ca\/wp-json\/wp\/v2\/product\/52160\/revisions\/54970"}],"wp:attachment":[{"href":"https:\/\/www.callandplay.com\/ca\/wp-json\/wp\/v2\/media?parent=52160"}],"wp:term":[{"taxonomy":"product_brand","embeddable":true,"href":"https:\/\/www.callandplay.com\/ca\/wp-json\/wp\/v2\/product_brand?post=52160"},{"taxonomy":"product_cat","embeddable":true,"href":"https:\/\/www.callandplay.com\/ca\/wp-json\/wp\/v2\/product_cat?post=52160"},{"taxonomy":"product_tag","embeddable":true,"href":"https:\/\/www.callandplay.com\/ca\/wp-json\/wp\/v2\/product_tag?post=52160"}],"curies":[{"name":"wp","href":"https:\/\/api.w.org\/{rel}","templated":true}]}}