{"id":52190,"date":"2025-09-05T00:00:00","date_gmt":"2025-09-05T00:00:00","guid":{"rendered":"https:\/\/www.callandplay.com\/yamaha-abs-hybrid-maple-classic-walnut-set\/"},"modified":"2026-04-04T20:33:36","modified_gmt":"2026-04-04T20:33:36","slug":"yamaha-abs-hybrid-maple-classic-walnut-set","status":"publish","type":"product","link":"https:\/\/www.callandplay.com\/ca\/yamaha-abs-hybrid-maple-classic-walnut-set\/","title":{"rendered":"YAMAHA ABS HYBRID MAPLE CLASSIC WALNUT SET"},"content":{"rendered":"<p>La nueva serie Absolute Hybrid hereda la tecnolog\u00eda de cascos h\u00edbridos de la emblem\u00e1tica serie PHX de Yamaha. En los cascos de esta nueva serie, el dise\u00f1o consiste en un n\u00facleo central de wenge, una madera africana muy dura y pesada, intercalado entre capas de arce, madera bien conocida por la claridad de su sonido. Este dise\u00f1o h\u00edbrido proporciona a las piezas ac\u00fasticas de la bater\u00eda un tono que suena claro y con riqueza t\u00edmbrica en cualquier punto del rango din\u00e1mico que se toque, desde la interpretaci\u00f3n m\u00e1s suave a la m\u00e1s intensa.<\/p>","protected":false},"excerpt":{"rendered":"<p>La nueva serie Absolute Hybrid hereda la tecnolog\u00eda de cascos h\u00edbridos de la emblem\u00e1tica serie PHX de Yamaha. En los cascos de esta nueva serie, el dise\u00f1o consiste en un n\u00facleo central de wenge, una madera africana muy dura y pesada, intercalado entre capas de arce, madera bien conocida por la claridad de su sonido. Este dise\u00f1o h\u00edbrido proporciona a las piezas ac\u00fasticas de la bater\u00eda un tono que suena claro y con riqueza t\u00edmbrica en cualquier punto del rango din\u00e1mico que se toque, desde la interpretaci\u00f3n m\u00e1s suave a la m\u00e1s intensa.<\/p>","protected":false},"featured_media":0,"comment_status":"closed","ping_status":"closed","template":"","meta":{"_acf_changed":false,"om_disable_all_campaigns":false,"_monsterinsights_skip_tracking":false,"_monsterinsights_sitenote_active":false,"_monsterinsights_sitenote_note":"","_monsterinsights_sitenote_category":0},"product_brand":[],"product_cat":[1014],"product_tag":[],"class_list":{"0":"post-52190","1":"product","2":"type-product","3":"status-publish","5":"product_cat-kits-de-bateria","7":"first","8":"instock","9":"shipping-taxable","10":"purchasable","11":"product-type-simple"},"acf":[],"yoast_head":"<!-- This site is optimized with the Yoast SEO plugin v27.3 - https:\/\/yoast.com\/product\/yoast-seo-wordpress\/ -->\n<title>YAMAHA ABS HYBRID MAPLE CLASSIC WALNUT SET - Call&amp;Play<\/title>\n<meta name=\"robots\" content=\"index, follow, max-snippet:-1, max-image-preview:large, max-video-preview:-1\" \/>\n<link rel=\"canonical\" href=\"https:\/\/www.callandplay.com\/ca\/yamaha-abs-hybrid-maple-classic-walnut-set\/\" \/>\n<meta property=\"og:locale\" content=\"ca_ES\" \/>\n<meta property=\"og:type\" content=\"article\" \/>\n<meta property=\"og:title\" content=\"YAMAHA ABS HYBRID MAPLE CLASSIC WALNUT SET - Call&amp;Play\" \/>\n<meta property=\"og:description\" content=\"La nueva serie Absolute Hybrid hereda la tecnolog\u00eda de cascos h\u00edbridos de la emblem\u00e1tica serie PHX de Yamaha. En los cascos de esta nueva serie, el dise\u00f1o consiste en un n\u00facleo central de wenge, una madera africana muy dura y pesada, intercalado entre capas de arce, madera bien conocida por la claridad de su sonido. Este dise\u00f1o h\u00edbrido proporciona a las piezas ac\u00fasticas de la bater\u00eda un tono que suena claro y con riqueza t\u00edmbrica en cualquier punto del rango din\u00e1mico que se toque, desde la interpretaci\u00f3n m\u00e1s suave a la m\u00e1s intensa.\" \/>\n<meta property=\"og:url\" content=\"https:\/\/www.callandplay.com\/ca\/yamaha-abs-hybrid-maple-classic-walnut-set\/\" \/>\n<meta property=\"og:site_name\" content=\"Call&amp;Play\" \/>\n<meta property=\"article:publisher\" content=\"https:\/\/www.facebook.com\/callandplay\" \/>\n<meta property=\"article:modified_time\" content=\"2026-04-04T20:33:36+00:00\" \/>\n<meta name=\"twitter:card\" content=\"summary_large_image\" \/>\n<meta name=\"twitter:label1\" content=\"Temps estimat de lectura\" \/>\n\t<meta name=\"twitter:data1\" content=\"1 minut\" \/>\n<script type=\"application\/ld+json\" class=\"yoast-schema-graph\">{\"@context\":\"https:\\\/\\\/schema.org\",\"@graph\":[{\"@type\":\"WebPage\",\"@id\":\"https:\\\/\\\/www.callandplay.com\\\/yamaha-abs-hybrid-maple-classic-walnut-set\\\/\",\"url\":\"https:\\\/\\\/www.callandplay.com\\\/yamaha-abs-hybrid-maple-classic-walnut-set\\\/\",\"name\":\"YAMAHA ABS HYBRID MAPLE CLASSIC WALNUT SET - Call&amp;Play\",\"isPartOf\":{\"@id\":\"https:\\\/\\\/www.callandplay.com\\\/#website\"},\"datePublished\":\"2025-09-05T00:00:00+00:00\",\"dateModified\":\"2026-04-04T20:33:36+00:00\",\"breadcrumb\":{\"@id\":\"https:\\\/\\\/www.callandplay.com\\\/yamaha-abs-hybrid-maple-classic-walnut-set\\\/#breadcrumb\"},\"inLanguage\":\"ca\",\"potentialAction\":[{\"@type\":\"ReadAction\",\"target\":[\"https:\\\/\\\/www.callandplay.com\\\/yamaha-abs-hybrid-maple-classic-walnut-set\\\/\"]}]},{\"@type\":\"BreadcrumbList\",\"@id\":\"https:\\\/\\\/www.callandplay.com\\\/yamaha-abs-hybrid-maple-classic-walnut-set\\\/#breadcrumb\",\"itemListElement\":[{\"@type\":\"ListItem\",\"position\":1,\"name\":\"Portada\",\"item\":\"https:\\\/\\\/www.callandplay.com\\\/\"},{\"@type\":\"ListItem\",\"position\":2,\"name\":\"Tienda\",\"item\":\"https:\\\/\\\/www.callandplay.com\\\/tienda\\\/\"},{\"@type\":\"ListItem\",\"position\":3,\"name\":\"YAMAHA ABS HYBRID MAPLE CLASSIC WALNUT SET\"}]},{\"@type\":\"WebSite\",\"@id\":\"https:\\\/\\\/www.callandplay.com\\\/#website\",\"url\":\"https:\\\/\\\/www.callandplay.com\\\/\",\"name\":\"Call&amp;Play\",\"description\":\"Alquiler de backline e instrumentos musicales\",\"publisher\":{\"@id\":\"https:\\\/\\\/www.callandplay.com\\\/#organization\"},\"potentialAction\":[{\"@type\":\"SearchAction\",\"target\":{\"@type\":\"EntryPoint\",\"urlTemplate\":\"https:\\\/\\\/www.callandplay.com\\\/?s={search_term_string}\"},\"query-input\":{\"@type\":\"PropertyValueSpecification\",\"valueRequired\":true,\"valueName\":\"search_term_string\"}}],\"inLanguage\":\"ca\"},{\"@type\":\"Organization\",\"@id\":\"https:\\\/\\\/www.callandplay.com\\\/#organization\",\"name\":\"Call&Play\",\"url\":\"https:\\\/\\\/www.callandplay.com\\\/\",\"logo\":{\"@type\":\"ImageObject\",\"inLanguage\":\"ca\",\"@id\":\"https:\\\/\\\/www.callandplay.com\\\/#\\\/schema\\\/logo\\\/image\\\/\",\"url\":\"https:\\\/\\\/www.callandplay.com\\\/wp-content\\\/uploads\\\/2021\\\/06\\\/cropped-cropped-logo-black_con_sombra.png\",\"contentUrl\":\"https:\\\/\\\/www.callandplay.com\\\/wp-content\\\/uploads\\\/2021\\\/06\\\/cropped-cropped-logo-black_con_sombra.png\",\"width\":512,\"height\":512,\"caption\":\"Call&Play\"},\"image\":{\"@id\":\"https:\\\/\\\/www.callandplay.com\\\/#\\\/schema\\\/logo\\\/image\\\/\"},\"sameAs\":[\"https:\\\/\\\/www.facebook.com\\\/callandplay\",\"https:\\\/\\\/www.instagram.com\\\/call_and_play\\\/\"]}]}<\/script>\n<!-- \/ Yoast SEO plugin. -->","yoast_head_json":{"title":"YAMAHA ABS HYBRID MAPLE CLASSIC WALNUT SET - Call&amp;Play","robots":{"index":"index","follow":"follow","max-snippet":"max-snippet:-1","max-image-preview":"max-image-preview:large","max-video-preview":"max-video-preview:-1"},"canonical":"https:\/\/www.callandplay.com\/ca\/yamaha-abs-hybrid-maple-classic-walnut-set\/","og_locale":"ca_ES","og_type":"article","og_title":"YAMAHA ABS HYBRID MAPLE CLASSIC WALNUT SET - Call&amp;Play","og_description":"La nueva serie Absolute Hybrid hereda la tecnolog\u00eda de cascos h\u00edbridos de la emblem\u00e1tica serie PHX de Yamaha. En los cascos de esta nueva serie, el dise\u00f1o consiste en un n\u00facleo central de wenge, una madera africana muy dura y pesada, intercalado entre capas de arce, madera bien conocida por la claridad de su sonido. Este dise\u00f1o h\u00edbrido proporciona a las piezas ac\u00fasticas de la bater\u00eda un tono que suena claro y con riqueza t\u00edmbrica en cualquier punto del rango din\u00e1mico que se toque, desde la interpretaci\u00f3n m\u00e1s suave a la m\u00e1s intensa.","og_url":"https:\/\/www.callandplay.com\/ca\/yamaha-abs-hybrid-maple-classic-walnut-set\/","og_site_name":"Call&amp;Play","article_publisher":"https:\/\/www.facebook.com\/callandplay","article_modified_time":"2026-04-04T20:33:36+00:00","twitter_card":"summary_large_image","twitter_misc":{"Temps estimat de lectura":"1 minut"},"schema":{"@context":"https:\/\/schema.org","@graph":[{"@type":"WebPage","@id":"https:\/\/www.callandplay.com\/yamaha-abs-hybrid-maple-classic-walnut-set\/","url":"https:\/\/www.callandplay.com\/yamaha-abs-hybrid-maple-classic-walnut-set\/","name":"YAMAHA ABS HYBRID MAPLE CLASSIC WALNUT SET - Call&amp;Play","isPartOf":{"@id":"https:\/\/www.callandplay.com\/#website"},"datePublished":"2025-09-05T00:00:00+00:00","dateModified":"2026-04-04T20:33:36+00:00","breadcrumb":{"@id":"https:\/\/www.callandplay.com\/yamaha-abs-hybrid-maple-classic-walnut-set\/#breadcrumb"},"inLanguage":"ca","potentialAction":[{"@type":"ReadAction","target":["https:\/\/www.callandplay.com\/yamaha-abs-hybrid-maple-classic-walnut-set\/"]}]},{"@type":"BreadcrumbList","@id":"https:\/\/www.callandplay.com\/yamaha-abs-hybrid-maple-classic-walnut-set\/#breadcrumb","itemListElement":[{"@type":"ListItem","position":1,"name":"Portada","item":"https:\/\/www.callandplay.com\/"},{"@type":"ListItem","position":2,"name":"Tienda","item":"https:\/\/www.callandplay.com\/tienda\/"},{"@type":"ListItem","position":3,"name":"YAMAHA ABS HYBRID MAPLE CLASSIC WALNUT SET"}]},{"@type":"WebSite","@id":"https:\/\/www.callandplay.com\/#website","url":"https:\/\/www.callandplay.com\/","name":"Call&amp;Play","description":"Alquiler de backline e instrumentos musicales","publisher":{"@id":"https:\/\/www.callandplay.com\/#organization"},"potentialAction":[{"@type":"SearchAction","target":{"@type":"EntryPoint","urlTemplate":"https:\/\/www.callandplay.com\/?s={search_term_string}"},"query-input":{"@type":"PropertyValueSpecification","valueRequired":true,"valueName":"search_term_string"}}],"inLanguage":"ca"},{"@type":"Organization","@id":"https:\/\/www.callandplay.com\/#organization","name":"Call&Play","url":"https:\/\/www.callandplay.com\/","logo":{"@type":"ImageObject","inLanguage":"ca","@id":"https:\/\/www.callandplay.com\/#\/schema\/logo\/image\/","url":"https:\/\/www.callandplay.com\/wp-content\/uploads\/2021\/06\/cropped-cropped-logo-black_con_sombra.png","contentUrl":"https:\/\/www.callandplay.com\/wp-content\/uploads\/2021\/06\/cropped-cropped-logo-black_con_sombra.png","width":512,"height":512,"caption":"Call&Play"},"image":{"@id":"https:\/\/www.callandplay.com\/#\/schema\/logo\/image\/"},"sameAs":["https:\/\/www.facebook.com\/callandplay","https:\/\/www.instagram.com\/call_and_play\/"]}]}},"_links":{"self":[{"href":"https:\/\/www.callandplay.com\/ca\/wp-json\/wp\/v2\/product\/52190","targetHints":{"allow":["GET"]}}],"collection":[{"href":"https:\/\/www.callandplay.com\/ca\/wp-json\/wp\/v2\/product"}],"about":[{"href":"https:\/\/www.callandplay.com\/ca\/wp-json\/wp\/v2\/types\/product"}],"replies":[{"embeddable":true,"href":"https:\/\/www.callandplay.com\/ca\/wp-json\/wp\/v2\/comments?post=52190"}],"version-history":[{"count":1,"href":"https:\/\/www.callandplay.com\/ca\/wp-json\/wp\/v2\/product\/52190\/revisions"}],"predecessor-version":[{"id":55000,"href":"https:\/\/www.callandplay.com\/ca\/wp-json\/wp\/v2\/product\/52190\/revisions\/55000"}],"wp:attachment":[{"href":"https:\/\/www.callandplay.com\/ca\/wp-json\/wp\/v2\/media?parent=52190"}],"wp:term":[{"taxonomy":"product_brand","embeddable":true,"href":"https:\/\/www.callandplay.com\/ca\/wp-json\/wp\/v2\/product_brand?post=52190"},{"taxonomy":"product_cat","embeddable":true,"href":"https:\/\/www.callandplay.com\/ca\/wp-json\/wp\/v2\/product_cat?post=52190"},{"taxonomy":"product_tag","embeddable":true,"href":"https:\/\/www.callandplay.com\/ca\/wp-json\/wp\/v2\/product_tag?post=52190"}],"curies":[{"name":"wp","href":"https:\/\/api.w.org\/{rel}","templated":true}]}}