{"id":52220,"date":"2020-05-20T00:00:00","date_gmt":"2020-05-20T00:00:00","guid":{"rendered":"https:\/\/www.callandplay.com\/ld-systems-roadjack-rj8-portable-p-a-system-w-bluetooth\/"},"modified":"2026-04-15T20:53:46","modified_gmt":"2026-04-15T20:53:46","slug":"ld-systems-roadjack-rj8-portable-p-a-system-w-bluetooth","status":"publish","type":"product","link":"https:\/\/www.callandplay.com\/ca\/ld-systems-roadjack-rj8-portable-p-a-system-w-bluetooth\/","title":{"rendered":"LD SYSTEMS ROADJACK RJ8 PORTABLE P.A. SYSTEM w\/BLUETOOTH"},"content":{"rendered":"<p>El sistema activo de 2 v\u00edas y 8&#8243; de la serie Road Jack permite llevarse el sonido a cualquier lugar. Con ruedas y mango extensible integrados para transportarlo c\u00f3modamente, el LDRJ8 ofrece una respuesta en frecuencia de 90 Hz a 18 kHz y una potencia de pico de 100 W. Su bater\u00eda recargable proporciona hasta 20 horas de funcionamiento continuo. El mezclador integrado dispone de 3 canales con control de volumen propio, un ecualizador de 2 bandas, un rever ajustable y un control de volumen principal. Los conectores combo, jack est\u00e9reo de 6,3 mm, RCA y minijack est\u00e9reo de 3,5 mm permiten conectar una amplia variedad de fuentes de entrada. Una caracter\u00edstica importante del LDRJ8 es el reproductor Bluetooth integrado que permite reproducir de forma inal\u00e1mbrica en el sistema. Adem\u00e1s, es compatible con tarjetas SD y llaves USB.<\/p>","protected":false},"excerpt":{"rendered":"<p>El sistema activo de 2 v\u00edas y 8&#8243; de la serie Road Jack permite llevarse el sonido a cualquier lugar. Con ruedas y mango extensible integrados para transportarlo c\u00f3modamente, el LDRJ8 ofrece una respuesta en frecuencia de 90 Hz a 18 kHz y una potencia de pico de 100 W. Su bater\u00eda recargable proporciona hasta 20 horas de funcionamiento continuo. El mezclador integrado dispone de 3 canales con control de volumen propio, un ecualizador de 2 bandas, un rever ajustable y un control de volumen principal. Los conectores combo, jack est\u00e9reo de 6,3 mm, RCA y minijack est\u00e9reo de 3,5 mm permiten conectar una amplia variedad de fuentes de entrada. Una caracter\u00edstica importante del LDRJ8 es el reproductor Bluetooth integrado que permite reproducir de forma inal\u00e1mbrica en el sistema. Adem\u00e1s, es compatible con tarjetas SD y llaves USB.<\/p>","protected":false},"featured_media":0,"comment_status":"closed","ping_status":"closed","template":"","meta":{"_acf_changed":false,"om_disable_all_campaigns":false,"_monsterinsights_skip_tracking":false,"_monsterinsights_sitenote_active":false,"_monsterinsights_sitenote_note":"","_monsterinsights_sitenote_category":0},"product_brand":[],"product_cat":[963],"product_tag":[],"class_list":{"0":"post-52220","1":"product","2":"type-product","3":"status-publish","5":"product_cat-juegos-de-voz","7":"first","8":"instock","9":"shipping-taxable","10":"purchasable","11":"product-type-simple"},"acf":[],"yoast_head":"<!-- This site is optimized with the Yoast SEO plugin v27.4 - https:\/\/yoast.com\/product\/yoast-seo-wordpress\/ -->\n<title>LD SYSTEMS ROADJACK RJ8 PORTABLE P.A. SYSTEM w\/BLUETOOTH - Call&amp;Play<\/title>\n<meta name=\"robots\" content=\"index, follow, max-snippet:-1, max-image-preview:large, max-video-preview:-1\" \/>\n<link rel=\"canonical\" href=\"https:\/\/www.callandplay.com\/ca\/ld-systems-roadjack-rj8-portable-p-a-system-w-bluetooth\/\" \/>\n<meta property=\"og:locale\" content=\"ca_ES\" \/>\n<meta property=\"og:type\" content=\"article\" \/>\n<meta property=\"og:title\" content=\"LD SYSTEMS ROADJACK RJ8 PORTABLE P.A. SYSTEM w\/BLUETOOTH - Call&amp;Play\" \/>\n<meta property=\"og:description\" content=\"El sistema activo de 2 v\u00edas y 8&quot; de la serie Road Jack permite llevarse el sonido a cualquier lugar. Con ruedas y mango extensible integrados para transportarlo c\u00f3modamente, el LDRJ8 ofrece una respuesta en frecuencia de 90 Hz a 18 kHz y una potencia de pico de 100 W. Su bater\u00eda recargable proporciona hasta 20 horas de funcionamiento continuo. El mezclador integrado dispone de 3 canales con control de volumen propio, un ecualizador de 2 bandas, un rever ajustable y un control de volumen principal. Los conectores combo, jack est\u00e9reo de 6,3 mm, RCA y minijack est\u00e9reo de 3,5 mm permiten conectar una amplia variedad de fuentes de entrada. Una caracter\u00edstica importante del LDRJ8 es el reproductor Bluetooth integrado que permite reproducir de forma inal\u00e1mbrica en el sistema. Adem\u00e1s, es compatible con tarjetas SD y llaves USB.\" \/>\n<meta property=\"og:url\" content=\"https:\/\/www.callandplay.com\/ca\/ld-systems-roadjack-rj8-portable-p-a-system-w-bluetooth\/\" \/>\n<meta property=\"og:site_name\" content=\"Call&amp;Play\" \/>\n<meta property=\"article:publisher\" content=\"https:\/\/www.facebook.com\/callandplay\" \/>\n<meta property=\"article:modified_time\" content=\"2026-04-15T20:53:46+00:00\" \/>\n<meta name=\"twitter:card\" content=\"summary_large_image\" \/>\n<meta name=\"twitter:label1\" content=\"Temps estimat de lectura\" \/>\n\t<meta name=\"twitter:data1\" content=\"1 minut\" \/>\n<script type=\"application\/ld+json\" class=\"yoast-schema-graph\">{\"@context\":\"https:\\\/\\\/schema.org\",\"@graph\":[{\"@type\":\"WebPage\",\"@id\":\"https:\\\/\\\/www.callandplay.com\\\/ld-systems-roadjack-rj8-portable-p-a-system-w-bluetooth\\\/\",\"url\":\"https:\\\/\\\/www.callandplay.com\\\/ld-systems-roadjack-rj8-portable-p-a-system-w-bluetooth\\\/\",\"name\":\"LD SYSTEMS ROADJACK RJ8 PORTABLE P.A. SYSTEM w\\\/BLUETOOTH - Call&amp;Play\",\"isPartOf\":{\"@id\":\"https:\\\/\\\/www.callandplay.com\\\/#website\"},\"datePublished\":\"2020-05-20T00:00:00+00:00\",\"dateModified\":\"2026-04-15T20:53:46+00:00\",\"breadcrumb\":{\"@id\":\"https:\\\/\\\/www.callandplay.com\\\/ld-systems-roadjack-rj8-portable-p-a-system-w-bluetooth\\\/#breadcrumb\"},\"inLanguage\":\"ca\",\"potentialAction\":[{\"@type\":\"ReadAction\",\"target\":[\"https:\\\/\\\/www.callandplay.com\\\/ld-systems-roadjack-rj8-portable-p-a-system-w-bluetooth\\\/\"]}]},{\"@type\":\"BreadcrumbList\",\"@id\":\"https:\\\/\\\/www.callandplay.com\\\/ld-systems-roadjack-rj8-portable-p-a-system-w-bluetooth\\\/#breadcrumb\",\"itemListElement\":[{\"@type\":\"ListItem\",\"position\":1,\"name\":\"Portada\",\"item\":\"https:\\\/\\\/www.callandplay.com\\\/\"},{\"@type\":\"ListItem\",\"position\":2,\"name\":\"Tienda\",\"item\":\"https:\\\/\\\/www.callandplay.com\\\/tienda\\\/\"},{\"@type\":\"ListItem\",\"position\":3,\"name\":\"LD SYSTEMS ROADJACK RJ8 PORTABLE P.A. SYSTEM w\\\/BLUETOOTH\"}]},{\"@type\":\"WebSite\",\"@id\":\"https:\\\/\\\/www.callandplay.com\\\/#website\",\"url\":\"https:\\\/\\\/www.callandplay.com\\\/\",\"name\":\"Call&amp;Play\",\"description\":\"Alquiler de backline e instrumentos musicales\",\"publisher\":{\"@id\":\"https:\\\/\\\/www.callandplay.com\\\/#organization\"},\"potentialAction\":[{\"@type\":\"SearchAction\",\"target\":{\"@type\":\"EntryPoint\",\"urlTemplate\":\"https:\\\/\\\/www.callandplay.com\\\/?s={search_term_string}\"},\"query-input\":{\"@type\":\"PropertyValueSpecification\",\"valueRequired\":true,\"valueName\":\"search_term_string\"}}],\"inLanguage\":\"ca\"},{\"@type\":\"Organization\",\"@id\":\"https:\\\/\\\/www.callandplay.com\\\/#organization\",\"name\":\"Call&Play\",\"url\":\"https:\\\/\\\/www.callandplay.com\\\/\",\"logo\":{\"@type\":\"ImageObject\",\"inLanguage\":\"ca\",\"@id\":\"https:\\\/\\\/www.callandplay.com\\\/#\\\/schema\\\/logo\\\/image\\\/\",\"url\":\"https:\\\/\\\/www.callandplay.com\\\/wp-content\\\/uploads\\\/2021\\\/06\\\/cropped-cropped-logo-black_con_sombra.png\",\"contentUrl\":\"https:\\\/\\\/www.callandplay.com\\\/wp-content\\\/uploads\\\/2021\\\/06\\\/cropped-cropped-logo-black_con_sombra.png\",\"width\":512,\"height\":512,\"caption\":\"Call&Play\"},\"image\":{\"@id\":\"https:\\\/\\\/www.callandplay.com\\\/#\\\/schema\\\/logo\\\/image\\\/\"},\"sameAs\":[\"https:\\\/\\\/www.facebook.com\\\/callandplay\",\"https:\\\/\\\/www.instagram.com\\\/call_and_play\\\/\"]}]}<\/script>\n<!-- \/ Yoast SEO plugin. -->","yoast_head_json":{"title":"LD SYSTEMS ROADJACK RJ8 PORTABLE P.A. SYSTEM w\/BLUETOOTH - Call&amp;Play","robots":{"index":"index","follow":"follow","max-snippet":"max-snippet:-1","max-image-preview":"max-image-preview:large","max-video-preview":"max-video-preview:-1"},"canonical":"https:\/\/www.callandplay.com\/ca\/ld-systems-roadjack-rj8-portable-p-a-system-w-bluetooth\/","og_locale":"ca_ES","og_type":"article","og_title":"LD SYSTEMS ROADJACK RJ8 PORTABLE P.A. SYSTEM w\/BLUETOOTH - Call&amp;Play","og_description":"El sistema activo de 2 v\u00edas y 8\" de la serie Road Jack permite llevarse el sonido a cualquier lugar. Con ruedas y mango extensible integrados para transportarlo c\u00f3modamente, el LDRJ8 ofrece una respuesta en frecuencia de 90 Hz a 18 kHz y una potencia de pico de 100 W. Su bater\u00eda recargable proporciona hasta 20 horas de funcionamiento continuo. El mezclador integrado dispone de 3 canales con control de volumen propio, un ecualizador de 2 bandas, un rever ajustable y un control de volumen principal. Los conectores combo, jack est\u00e9reo de 6,3 mm, RCA y minijack est\u00e9reo de 3,5 mm permiten conectar una amplia variedad de fuentes de entrada. Una caracter\u00edstica importante del LDRJ8 es el reproductor Bluetooth integrado que permite reproducir de forma inal\u00e1mbrica en el sistema. Adem\u00e1s, es compatible con tarjetas SD y llaves USB.","og_url":"https:\/\/www.callandplay.com\/ca\/ld-systems-roadjack-rj8-portable-p-a-system-w-bluetooth\/","og_site_name":"Call&amp;Play","article_publisher":"https:\/\/www.facebook.com\/callandplay","article_modified_time":"2026-04-15T20:53:46+00:00","twitter_card":"summary_large_image","twitter_misc":{"Temps estimat de lectura":"1 minut"},"schema":{"@context":"https:\/\/schema.org","@graph":[{"@type":"WebPage","@id":"https:\/\/www.callandplay.com\/ld-systems-roadjack-rj8-portable-p-a-system-w-bluetooth\/","url":"https:\/\/www.callandplay.com\/ld-systems-roadjack-rj8-portable-p-a-system-w-bluetooth\/","name":"LD SYSTEMS ROADJACK RJ8 PORTABLE P.A. SYSTEM w\/BLUETOOTH - Call&amp;Play","isPartOf":{"@id":"https:\/\/www.callandplay.com\/#website"},"datePublished":"2020-05-20T00:00:00+00:00","dateModified":"2026-04-15T20:53:46+00:00","breadcrumb":{"@id":"https:\/\/www.callandplay.com\/ld-systems-roadjack-rj8-portable-p-a-system-w-bluetooth\/#breadcrumb"},"inLanguage":"ca","potentialAction":[{"@type":"ReadAction","target":["https:\/\/www.callandplay.com\/ld-systems-roadjack-rj8-portable-p-a-system-w-bluetooth\/"]}]},{"@type":"BreadcrumbList","@id":"https:\/\/www.callandplay.com\/ld-systems-roadjack-rj8-portable-p-a-system-w-bluetooth\/#breadcrumb","itemListElement":[{"@type":"ListItem","position":1,"name":"Portada","item":"https:\/\/www.callandplay.com\/"},{"@type":"ListItem","position":2,"name":"Tienda","item":"https:\/\/www.callandplay.com\/tienda\/"},{"@type":"ListItem","position":3,"name":"LD SYSTEMS ROADJACK RJ8 PORTABLE P.A. SYSTEM w\/BLUETOOTH"}]},{"@type":"WebSite","@id":"https:\/\/www.callandplay.com\/#website","url":"https:\/\/www.callandplay.com\/","name":"Call&amp;Play","description":"Alquiler de backline e instrumentos musicales","publisher":{"@id":"https:\/\/www.callandplay.com\/#organization"},"potentialAction":[{"@type":"SearchAction","target":{"@type":"EntryPoint","urlTemplate":"https:\/\/www.callandplay.com\/?s={search_term_string}"},"query-input":{"@type":"PropertyValueSpecification","valueRequired":true,"valueName":"search_term_string"}}],"inLanguage":"ca"},{"@type":"Organization","@id":"https:\/\/www.callandplay.com\/#organization","name":"Call&Play","url":"https:\/\/www.callandplay.com\/","logo":{"@type":"ImageObject","inLanguage":"ca","@id":"https:\/\/www.callandplay.com\/#\/schema\/logo\/image\/","url":"https:\/\/www.callandplay.com\/wp-content\/uploads\/2021\/06\/cropped-cropped-logo-black_con_sombra.png","contentUrl":"https:\/\/www.callandplay.com\/wp-content\/uploads\/2021\/06\/cropped-cropped-logo-black_con_sombra.png","width":512,"height":512,"caption":"Call&Play"},"image":{"@id":"https:\/\/www.callandplay.com\/#\/schema\/logo\/image\/"},"sameAs":["https:\/\/www.facebook.com\/callandplay","https:\/\/www.instagram.com\/call_and_play\/"]}]}},"_links":{"self":[{"href":"https:\/\/www.callandplay.com\/ca\/wp-json\/wp\/v2\/product\/52220","targetHints":{"allow":["GET"]}}],"collection":[{"href":"https:\/\/www.callandplay.com\/ca\/wp-json\/wp\/v2\/product"}],"about":[{"href":"https:\/\/www.callandplay.com\/ca\/wp-json\/wp\/v2\/types\/product"}],"replies":[{"embeddable":true,"href":"https:\/\/www.callandplay.com\/ca\/wp-json\/wp\/v2\/comments?post=52220"}],"version-history":[{"count":1,"href":"https:\/\/www.callandplay.com\/ca\/wp-json\/wp\/v2\/product\/52220\/revisions"}],"predecessor-version":[{"id":55030,"href":"https:\/\/www.callandplay.com\/ca\/wp-json\/wp\/v2\/product\/52220\/revisions\/55030"}],"wp:attachment":[{"href":"https:\/\/www.callandplay.com\/ca\/wp-json\/wp\/v2\/media?parent=52220"}],"wp:term":[{"taxonomy":"product_brand","embeddable":true,"href":"https:\/\/www.callandplay.com\/ca\/wp-json\/wp\/v2\/product_brand?post=52220"},{"taxonomy":"product_cat","embeddable":true,"href":"https:\/\/www.callandplay.com\/ca\/wp-json\/wp\/v2\/product_cat?post=52220"},{"taxonomy":"product_tag","embeddable":true,"href":"https:\/\/www.callandplay.com\/ca\/wp-json\/wp\/v2\/product_tag?post=52220"}],"curies":[{"name":"wp","href":"https:\/\/api.w.org\/{rel}","templated":true}]}}