{"id":52244,"date":"2018-02-09T00:00:00","date_gmt":"2018-02-09T00:00:00","guid":{"rendered":"https:\/\/www.callandplay.com\/bose-l1-model-1s-system-w-b1-pack-2-unid\/"},"modified":"2026-04-15T20:53:47","modified_gmt":"2026-04-15T20:53:47","slug":"bose-l1-model-1s-system-w-b1-pack-2-unid","status":"publish","type":"product","link":"https:\/\/www.callandplay.com\/ca\/bose-l1-model-1s-system-w-b1-pack-2-unid\/","title":{"rendered":"BOSE L1 MODEL 1S SYSTEM W\/B1 PACK 2 UNID."},"content":{"rendered":"<p>L1 Model 1S con m\u00f3dulo de graves B2. Soluci\u00f3n ideal para m\u00fasica en directo, DJ&#8217;s m\u00f3viles, ponencias, conferencias, presentaciones. Recomendado para audiencias de hasta 300 personas. Tecnolog\u00eda de altavoz Spatial Dispersion, proporciona una distribuci\u00f3n sonora homog\u00e9nea tanto en el escenario como en el auditorio. Entrada anal\u00f3gica o puertoTone Match.<\/p>","protected":false},"excerpt":{"rendered":"<p>L1 Model 1S con m\u00f3dulo de graves B2. Soluci\u00f3n ideal para m\u00fasica en directo, DJ&#8217;s m\u00f3viles, ponencias, conferencias, presentaciones. Recomendado para audiencias de hasta 300 personas. Tecnolog\u00eda de altavoz Spatial Dispersion, proporciona una distribuci\u00f3n sonora homog\u00e9nea tanto en el escenario como en el auditorio. Entrada anal\u00f3gica o puertoTone Match.<\/p>","protected":false},"featured_media":0,"comment_status":"closed","ping_status":"closed","template":"","meta":{"_acf_changed":false,"om_disable_all_campaigns":false,"_monsterinsights_skip_tracking":false,"_monsterinsights_sitenote_active":false,"_monsterinsights_sitenote_note":"","_monsterinsights_sitenote_category":0},"product_brand":[],"product_cat":[1206],"product_tag":[],"class_list":{"0":"post-52244","1":"product","2":"type-product","3":"status-publish","5":"product_cat-altavoces-autoamplificados","7":"first","8":"instock","9":"shipping-taxable","10":"purchasable","11":"product-type-simple"},"acf":[],"yoast_head":"<!-- This site is optimized with the Yoast SEO plugin v27.4 - https:\/\/yoast.com\/product\/yoast-seo-wordpress\/ -->\n<title>BOSE L1 MODEL 1S SYSTEM W\/B1 PACK 2 UNID. - Call&amp;Play<\/title>\n<meta name=\"robots\" content=\"index, follow, max-snippet:-1, max-image-preview:large, max-video-preview:-1\" \/>\n<link rel=\"canonical\" href=\"https:\/\/www.callandplay.com\/ca\/bose-l1-model-1s-system-w-b1-pack-2-unid\/\" \/>\n<meta property=\"og:locale\" content=\"ca_ES\" \/>\n<meta property=\"og:type\" content=\"article\" \/>\n<meta property=\"og:title\" content=\"BOSE L1 MODEL 1S SYSTEM W\/B1 PACK 2 UNID. - Call&amp;Play\" \/>\n<meta property=\"og:description\" content=\"L1 Model 1S con m\u00f3dulo de graves B2. Soluci\u00f3n ideal para m\u00fasica en directo, DJ&#039;s m\u00f3viles, ponencias, conferencias, presentaciones. Recomendado para audiencias de hasta 300 personas. Tecnolog\u00eda de altavoz Spatial Dispersion, proporciona una distribuci\u00f3n sonora homog\u00e9nea tanto en el escenario como en el auditorio. Entrada anal\u00f3gica o puertoTone Match.\" \/>\n<meta property=\"og:url\" content=\"https:\/\/www.callandplay.com\/ca\/bose-l1-model-1s-system-w-b1-pack-2-unid\/\" \/>\n<meta property=\"og:site_name\" content=\"Call&amp;Play\" \/>\n<meta property=\"article:publisher\" content=\"https:\/\/www.facebook.com\/callandplay\" \/>\n<meta property=\"article:modified_time\" content=\"2026-04-15T20:53:47+00:00\" \/>\n<meta name=\"twitter:card\" content=\"summary_large_image\" \/>\n<script type=\"application\/ld+json\" class=\"yoast-schema-graph\">{\"@context\":\"https:\\\/\\\/schema.org\",\"@graph\":[{\"@type\":\"WebPage\",\"@id\":\"https:\\\/\\\/www.callandplay.com\\\/bose-l1-model-1s-system-w-b1-pack-2-unid\\\/\",\"url\":\"https:\\\/\\\/www.callandplay.com\\\/bose-l1-model-1s-system-w-b1-pack-2-unid\\\/\",\"name\":\"BOSE L1 MODEL 1S SYSTEM W\\\/B1 PACK 2 UNID. - Call&amp;Play\",\"isPartOf\":{\"@id\":\"https:\\\/\\\/www.callandplay.com\\\/#website\"},\"datePublished\":\"2018-02-09T00:00:00+00:00\",\"dateModified\":\"2026-04-15T20:53:47+00:00\",\"breadcrumb\":{\"@id\":\"https:\\\/\\\/www.callandplay.com\\\/bose-l1-model-1s-system-w-b1-pack-2-unid\\\/#breadcrumb\"},\"inLanguage\":\"ca\",\"potentialAction\":[{\"@type\":\"ReadAction\",\"target\":[\"https:\\\/\\\/www.callandplay.com\\\/bose-l1-model-1s-system-w-b1-pack-2-unid\\\/\"]}]},{\"@type\":\"BreadcrumbList\",\"@id\":\"https:\\\/\\\/www.callandplay.com\\\/bose-l1-model-1s-system-w-b1-pack-2-unid\\\/#breadcrumb\",\"itemListElement\":[{\"@type\":\"ListItem\",\"position\":1,\"name\":\"Portada\",\"item\":\"https:\\\/\\\/www.callandplay.com\\\/\"},{\"@type\":\"ListItem\",\"position\":2,\"name\":\"Tienda\",\"item\":\"https:\\\/\\\/www.callandplay.com\\\/tienda\\\/\"},{\"@type\":\"ListItem\",\"position\":3,\"name\":\"BOSE L1 MODEL 1S SYSTEM W\\\/B1 PACK 2 UNID.\"}]},{\"@type\":\"WebSite\",\"@id\":\"https:\\\/\\\/www.callandplay.com\\\/#website\",\"url\":\"https:\\\/\\\/www.callandplay.com\\\/\",\"name\":\"Call&amp;Play\",\"description\":\"Alquiler de backline e instrumentos musicales\",\"publisher\":{\"@id\":\"https:\\\/\\\/www.callandplay.com\\\/#organization\"},\"potentialAction\":[{\"@type\":\"SearchAction\",\"target\":{\"@type\":\"EntryPoint\",\"urlTemplate\":\"https:\\\/\\\/www.callandplay.com\\\/?s={search_term_string}\"},\"query-input\":{\"@type\":\"PropertyValueSpecification\",\"valueRequired\":true,\"valueName\":\"search_term_string\"}}],\"inLanguage\":\"ca\"},{\"@type\":\"Organization\",\"@id\":\"https:\\\/\\\/www.callandplay.com\\\/#organization\",\"name\":\"Call&Play\",\"url\":\"https:\\\/\\\/www.callandplay.com\\\/\",\"logo\":{\"@type\":\"ImageObject\",\"inLanguage\":\"ca\",\"@id\":\"https:\\\/\\\/www.callandplay.com\\\/#\\\/schema\\\/logo\\\/image\\\/\",\"url\":\"https:\\\/\\\/www.callandplay.com\\\/wp-content\\\/uploads\\\/2021\\\/06\\\/cropped-cropped-logo-black_con_sombra.png\",\"contentUrl\":\"https:\\\/\\\/www.callandplay.com\\\/wp-content\\\/uploads\\\/2021\\\/06\\\/cropped-cropped-logo-black_con_sombra.png\",\"width\":512,\"height\":512,\"caption\":\"Call&Play\"},\"image\":{\"@id\":\"https:\\\/\\\/www.callandplay.com\\\/#\\\/schema\\\/logo\\\/image\\\/\"},\"sameAs\":[\"https:\\\/\\\/www.facebook.com\\\/callandplay\",\"https:\\\/\\\/www.instagram.com\\\/call_and_play\\\/\"]}]}<\/script>\n<!-- \/ Yoast SEO plugin. -->","yoast_head_json":{"title":"BOSE L1 MODEL 1S SYSTEM W\/B1 PACK 2 UNID. - Call&amp;Play","robots":{"index":"index","follow":"follow","max-snippet":"max-snippet:-1","max-image-preview":"max-image-preview:large","max-video-preview":"max-video-preview:-1"},"canonical":"https:\/\/www.callandplay.com\/ca\/bose-l1-model-1s-system-w-b1-pack-2-unid\/","og_locale":"ca_ES","og_type":"article","og_title":"BOSE L1 MODEL 1S SYSTEM W\/B1 PACK 2 UNID. - Call&amp;Play","og_description":"L1 Model 1S con m\u00f3dulo de graves B2. Soluci\u00f3n ideal para m\u00fasica en directo, DJ's m\u00f3viles, ponencias, conferencias, presentaciones. Recomendado para audiencias de hasta 300 personas. Tecnolog\u00eda de altavoz Spatial Dispersion, proporciona una distribuci\u00f3n sonora homog\u00e9nea tanto en el escenario como en el auditorio. Entrada anal\u00f3gica o puertoTone Match.","og_url":"https:\/\/www.callandplay.com\/ca\/bose-l1-model-1s-system-w-b1-pack-2-unid\/","og_site_name":"Call&amp;Play","article_publisher":"https:\/\/www.facebook.com\/callandplay","article_modified_time":"2026-04-15T20:53:47+00:00","twitter_card":"summary_large_image","schema":{"@context":"https:\/\/schema.org","@graph":[{"@type":"WebPage","@id":"https:\/\/www.callandplay.com\/bose-l1-model-1s-system-w-b1-pack-2-unid\/","url":"https:\/\/www.callandplay.com\/bose-l1-model-1s-system-w-b1-pack-2-unid\/","name":"BOSE L1 MODEL 1S SYSTEM W\/B1 PACK 2 UNID. - Call&amp;Play","isPartOf":{"@id":"https:\/\/www.callandplay.com\/#website"},"datePublished":"2018-02-09T00:00:00+00:00","dateModified":"2026-04-15T20:53:47+00:00","breadcrumb":{"@id":"https:\/\/www.callandplay.com\/bose-l1-model-1s-system-w-b1-pack-2-unid\/#breadcrumb"},"inLanguage":"ca","potentialAction":[{"@type":"ReadAction","target":["https:\/\/www.callandplay.com\/bose-l1-model-1s-system-w-b1-pack-2-unid\/"]}]},{"@type":"BreadcrumbList","@id":"https:\/\/www.callandplay.com\/bose-l1-model-1s-system-w-b1-pack-2-unid\/#breadcrumb","itemListElement":[{"@type":"ListItem","position":1,"name":"Portada","item":"https:\/\/www.callandplay.com\/"},{"@type":"ListItem","position":2,"name":"Tienda","item":"https:\/\/www.callandplay.com\/tienda\/"},{"@type":"ListItem","position":3,"name":"BOSE L1 MODEL 1S SYSTEM W\/B1 PACK 2 UNID."}]},{"@type":"WebSite","@id":"https:\/\/www.callandplay.com\/#website","url":"https:\/\/www.callandplay.com\/","name":"Call&amp;Play","description":"Alquiler de backline e instrumentos musicales","publisher":{"@id":"https:\/\/www.callandplay.com\/#organization"},"potentialAction":[{"@type":"SearchAction","target":{"@type":"EntryPoint","urlTemplate":"https:\/\/www.callandplay.com\/?s={search_term_string}"},"query-input":{"@type":"PropertyValueSpecification","valueRequired":true,"valueName":"search_term_string"}}],"inLanguage":"ca"},{"@type":"Organization","@id":"https:\/\/www.callandplay.com\/#organization","name":"Call&Play","url":"https:\/\/www.callandplay.com\/","logo":{"@type":"ImageObject","inLanguage":"ca","@id":"https:\/\/www.callandplay.com\/#\/schema\/logo\/image\/","url":"https:\/\/www.callandplay.com\/wp-content\/uploads\/2021\/06\/cropped-cropped-logo-black_con_sombra.png","contentUrl":"https:\/\/www.callandplay.com\/wp-content\/uploads\/2021\/06\/cropped-cropped-logo-black_con_sombra.png","width":512,"height":512,"caption":"Call&Play"},"image":{"@id":"https:\/\/www.callandplay.com\/#\/schema\/logo\/image\/"},"sameAs":["https:\/\/www.facebook.com\/callandplay","https:\/\/www.instagram.com\/call_and_play\/"]}]}},"_links":{"self":[{"href":"https:\/\/www.callandplay.com\/ca\/wp-json\/wp\/v2\/product\/52244","targetHints":{"allow":["GET"]}}],"collection":[{"href":"https:\/\/www.callandplay.com\/ca\/wp-json\/wp\/v2\/product"}],"about":[{"href":"https:\/\/www.callandplay.com\/ca\/wp-json\/wp\/v2\/types\/product"}],"replies":[{"embeddable":true,"href":"https:\/\/www.callandplay.com\/ca\/wp-json\/wp\/v2\/comments?post=52244"}],"version-history":[{"count":1,"href":"https:\/\/www.callandplay.com\/ca\/wp-json\/wp\/v2\/product\/52244\/revisions"}],"predecessor-version":[{"id":55054,"href":"https:\/\/www.callandplay.com\/ca\/wp-json\/wp\/v2\/product\/52244\/revisions\/55054"}],"wp:attachment":[{"href":"https:\/\/www.callandplay.com\/ca\/wp-json\/wp\/v2\/media?parent=52244"}],"wp:term":[{"taxonomy":"product_brand","embeddable":true,"href":"https:\/\/www.callandplay.com\/ca\/wp-json\/wp\/v2\/product_brand?post=52244"},{"taxonomy":"product_cat","embeddable":true,"href":"https:\/\/www.callandplay.com\/ca\/wp-json\/wp\/v2\/product_cat?post=52244"},{"taxonomy":"product_tag","embeddable":true,"href":"https:\/\/www.callandplay.com\/ca\/wp-json\/wp\/v2\/product_tag?post=52244"}],"curies":[{"name":"wp","href":"https:\/\/api.w.org\/{rel}","templated":true}]}}