{"id":52346,"date":"2021-09-16T00:00:00","date_gmt":"2021-09-16T00:00:00","guid":{"rendered":"https:\/\/www.callandplay.com\/novation-dicer-serato-par\/"},"modified":"2026-04-16T20:45:37","modified_gmt":"2026-04-16T20:45:37","slug":"novation-dicer-serato-par","status":"publish","type":"product","link":"https:\/\/www.callandplay.com\/ca\/novation-dicer-serato-par\/","title":{"rendered":"NOVATION DICER SERATO PAR"},"content":{"rendered":"<p>Imprescindible utilizarlo con software Serato y su tarjeta de audio. Dicer ofrece un control compacto de Cue Point y Looping para el DJ digital. Encaja directamente en cualquier plato Technics SL 1200. Con adaptadores, se puede montar en cualquier otro set DJ, como CDJ, mezclador, port\u00e1til, etc). Plug and play. Las funciones t\u00edpicas de cue y looping de Serato ya est\u00e1n preprogramadas. S\u00f3lo hay que cargar Serato Scratch Live, enchufar los Dicers y listo. Adem\u00e1s, para usuarios avanzados, pueden configurarse 20 funciones extra (como disparo de samples, por ejemplo).<\/p>","protected":false},"excerpt":{"rendered":"<p>Imprescindible utilizarlo con software Serato y su tarjeta de audio. Dicer ofrece un control compacto de Cue Point y Looping para el DJ digital. Encaja directamente en cualquier plato Technics SL 1200. Con adaptadores, se puede montar en cualquier otro set DJ, como CDJ, mezclador, port\u00e1til, etc). Plug and play. Las funciones t\u00edpicas de cue y looping de Serato ya est\u00e1n preprogramadas. S\u00f3lo hay que cargar Serato Scratch Live, enchufar los Dicers y listo. Adem\u00e1s, para usuarios avanzados, pueden configurarse 20 funciones extra (como disparo de samples, por ejemplo).<\/p>","protected":false},"featured_media":0,"comment_status":"closed","ping_status":"closed","template":"","meta":{"_acf_changed":false,"om_disable_all_campaigns":false,"_monsterinsights_skip_tracking":false,"_monsterinsights_sitenote_active":false,"_monsterinsights_sitenote_note":"","_monsterinsights_sitenote_category":0},"product_brand":[],"product_cat":[851],"product_tag":[],"class_list":{"0":"post-52346","1":"product","2":"type-product","3":"status-publish","5":"product_cat-controladores-dj-y-sistemas-todo-en-uno","7":"first","8":"instock","9":"shipping-taxable","10":"purchasable","11":"product-type-simple"},"acf":[],"yoast_head":"<!-- This site is optimized with the Yoast SEO plugin v27.4 - https:\/\/yoast.com\/product\/yoast-seo-wordpress\/ -->\n<title>NOVATION DICER SERATO PAR - Call&amp;Play<\/title>\n<meta name=\"robots\" content=\"index, follow, max-snippet:-1, max-image-preview:large, max-video-preview:-1\" \/>\n<link rel=\"canonical\" href=\"https:\/\/www.callandplay.com\/ca\/novation-dicer-serato-par\/\" \/>\n<meta property=\"og:locale\" content=\"ca_ES\" \/>\n<meta property=\"og:type\" content=\"article\" \/>\n<meta property=\"og:title\" content=\"NOVATION DICER SERATO PAR - Call&amp;Play\" \/>\n<meta property=\"og:description\" content=\"Imprescindible utilizarlo con software Serato y su tarjeta de audio. Dicer ofrece un control compacto de Cue Point y Looping para el DJ digital. Encaja directamente en cualquier plato Technics SL 1200. Con adaptadores, se puede montar en cualquier otro set DJ, como CDJ, mezclador, port\u00e1til, etc). Plug and play. Las funciones t\u00edpicas de cue y looping de Serato ya est\u00e1n preprogramadas. S\u00f3lo hay que cargar Serato Scratch Live, enchufar los Dicers y listo. Adem\u00e1s, para usuarios avanzados, pueden configurarse 20 funciones extra (como disparo de samples, por ejemplo).\" \/>\n<meta property=\"og:url\" content=\"https:\/\/www.callandplay.com\/ca\/novation-dicer-serato-par\/\" \/>\n<meta property=\"og:site_name\" content=\"Call&amp;Play\" \/>\n<meta property=\"article:publisher\" content=\"https:\/\/www.facebook.com\/callandplay\" \/>\n<meta property=\"article:modified_time\" content=\"2026-04-16T20:45:37+00:00\" \/>\n<meta name=\"twitter:card\" content=\"summary_large_image\" \/>\n<script type=\"application\/ld+json\" class=\"yoast-schema-graph\">{\"@context\":\"https:\\\/\\\/schema.org\",\"@graph\":[{\"@type\":\"WebPage\",\"@id\":\"https:\\\/\\\/www.callandplay.com\\\/novation-dicer-serato-par\\\/\",\"url\":\"https:\\\/\\\/www.callandplay.com\\\/novation-dicer-serato-par\\\/\",\"name\":\"NOVATION DICER SERATO PAR - Call&amp;Play\",\"isPartOf\":{\"@id\":\"https:\\\/\\\/www.callandplay.com\\\/#website\"},\"datePublished\":\"2021-09-16T00:00:00+00:00\",\"dateModified\":\"2026-04-16T20:45:37+00:00\",\"breadcrumb\":{\"@id\":\"https:\\\/\\\/www.callandplay.com\\\/novation-dicer-serato-par\\\/#breadcrumb\"},\"inLanguage\":\"ca\",\"potentialAction\":[{\"@type\":\"ReadAction\",\"target\":[\"https:\\\/\\\/www.callandplay.com\\\/novation-dicer-serato-par\\\/\"]}]},{\"@type\":\"BreadcrumbList\",\"@id\":\"https:\\\/\\\/www.callandplay.com\\\/novation-dicer-serato-par\\\/#breadcrumb\",\"itemListElement\":[{\"@type\":\"ListItem\",\"position\":1,\"name\":\"Portada\",\"item\":\"https:\\\/\\\/www.callandplay.com\\\/\"},{\"@type\":\"ListItem\",\"position\":2,\"name\":\"Tienda\",\"item\":\"https:\\\/\\\/www.callandplay.com\\\/tienda\\\/\"},{\"@type\":\"ListItem\",\"position\":3,\"name\":\"NOVATION DICER SERATO PAR\"}]},{\"@type\":\"WebSite\",\"@id\":\"https:\\\/\\\/www.callandplay.com\\\/#website\",\"url\":\"https:\\\/\\\/www.callandplay.com\\\/\",\"name\":\"Call&amp;Play\",\"description\":\"Alquiler de backline e instrumentos musicales\",\"publisher\":{\"@id\":\"https:\\\/\\\/www.callandplay.com\\\/#organization\"},\"potentialAction\":[{\"@type\":\"SearchAction\",\"target\":{\"@type\":\"EntryPoint\",\"urlTemplate\":\"https:\\\/\\\/www.callandplay.com\\\/?s={search_term_string}\"},\"query-input\":{\"@type\":\"PropertyValueSpecification\",\"valueRequired\":true,\"valueName\":\"search_term_string\"}}],\"inLanguage\":\"ca\"},{\"@type\":\"Organization\",\"@id\":\"https:\\\/\\\/www.callandplay.com\\\/#organization\",\"name\":\"Call&Play\",\"url\":\"https:\\\/\\\/www.callandplay.com\\\/\",\"logo\":{\"@type\":\"ImageObject\",\"inLanguage\":\"ca\",\"@id\":\"https:\\\/\\\/www.callandplay.com\\\/#\\\/schema\\\/logo\\\/image\\\/\",\"url\":\"https:\\\/\\\/www.callandplay.com\\\/wp-content\\\/uploads\\\/2021\\\/06\\\/cropped-cropped-logo-black_con_sombra.png\",\"contentUrl\":\"https:\\\/\\\/www.callandplay.com\\\/wp-content\\\/uploads\\\/2021\\\/06\\\/cropped-cropped-logo-black_con_sombra.png\",\"width\":512,\"height\":512,\"caption\":\"Call&Play\"},\"image\":{\"@id\":\"https:\\\/\\\/www.callandplay.com\\\/#\\\/schema\\\/logo\\\/image\\\/\"},\"sameAs\":[\"https:\\\/\\\/www.facebook.com\\\/callandplay\",\"https:\\\/\\\/www.instagram.com\\\/call_and_play\\\/\"]}]}<\/script>\n<!-- \/ Yoast SEO plugin. -->","yoast_head_json":{"title":"NOVATION DICER SERATO PAR - Call&amp;Play","robots":{"index":"index","follow":"follow","max-snippet":"max-snippet:-1","max-image-preview":"max-image-preview:large","max-video-preview":"max-video-preview:-1"},"canonical":"https:\/\/www.callandplay.com\/ca\/novation-dicer-serato-par\/","og_locale":"ca_ES","og_type":"article","og_title":"NOVATION DICER SERATO PAR - Call&amp;Play","og_description":"Imprescindible utilizarlo con software Serato y su tarjeta de audio. Dicer ofrece un control compacto de Cue Point y Looping para el DJ digital. Encaja directamente en cualquier plato Technics SL 1200. Con adaptadores, se puede montar en cualquier otro set DJ, como CDJ, mezclador, port\u00e1til, etc). Plug and play. Las funciones t\u00edpicas de cue y looping de Serato ya est\u00e1n preprogramadas. S\u00f3lo hay que cargar Serato Scratch Live, enchufar los Dicers y listo. Adem\u00e1s, para usuarios avanzados, pueden configurarse 20 funciones extra (como disparo de samples, por ejemplo).","og_url":"https:\/\/www.callandplay.com\/ca\/novation-dicer-serato-par\/","og_site_name":"Call&amp;Play","article_publisher":"https:\/\/www.facebook.com\/callandplay","article_modified_time":"2026-04-16T20:45:37+00:00","twitter_card":"summary_large_image","schema":{"@context":"https:\/\/schema.org","@graph":[{"@type":"WebPage","@id":"https:\/\/www.callandplay.com\/novation-dicer-serato-par\/","url":"https:\/\/www.callandplay.com\/novation-dicer-serato-par\/","name":"NOVATION DICER SERATO PAR - Call&amp;Play","isPartOf":{"@id":"https:\/\/www.callandplay.com\/#website"},"datePublished":"2021-09-16T00:00:00+00:00","dateModified":"2026-04-16T20:45:37+00:00","breadcrumb":{"@id":"https:\/\/www.callandplay.com\/novation-dicer-serato-par\/#breadcrumb"},"inLanguage":"ca","potentialAction":[{"@type":"ReadAction","target":["https:\/\/www.callandplay.com\/novation-dicer-serato-par\/"]}]},{"@type":"BreadcrumbList","@id":"https:\/\/www.callandplay.com\/novation-dicer-serato-par\/#breadcrumb","itemListElement":[{"@type":"ListItem","position":1,"name":"Portada","item":"https:\/\/www.callandplay.com\/"},{"@type":"ListItem","position":2,"name":"Tienda","item":"https:\/\/www.callandplay.com\/tienda\/"},{"@type":"ListItem","position":3,"name":"NOVATION DICER SERATO PAR"}]},{"@type":"WebSite","@id":"https:\/\/www.callandplay.com\/#website","url":"https:\/\/www.callandplay.com\/","name":"Call&amp;Play","description":"Alquiler de backline e instrumentos musicales","publisher":{"@id":"https:\/\/www.callandplay.com\/#organization"},"potentialAction":[{"@type":"SearchAction","target":{"@type":"EntryPoint","urlTemplate":"https:\/\/www.callandplay.com\/?s={search_term_string}"},"query-input":{"@type":"PropertyValueSpecification","valueRequired":true,"valueName":"search_term_string"}}],"inLanguage":"ca"},{"@type":"Organization","@id":"https:\/\/www.callandplay.com\/#organization","name":"Call&Play","url":"https:\/\/www.callandplay.com\/","logo":{"@type":"ImageObject","inLanguage":"ca","@id":"https:\/\/www.callandplay.com\/#\/schema\/logo\/image\/","url":"https:\/\/www.callandplay.com\/wp-content\/uploads\/2021\/06\/cropped-cropped-logo-black_con_sombra.png","contentUrl":"https:\/\/www.callandplay.com\/wp-content\/uploads\/2021\/06\/cropped-cropped-logo-black_con_sombra.png","width":512,"height":512,"caption":"Call&Play"},"image":{"@id":"https:\/\/www.callandplay.com\/#\/schema\/logo\/image\/"},"sameAs":["https:\/\/www.facebook.com\/callandplay","https:\/\/www.instagram.com\/call_and_play\/"]}]}},"_links":{"self":[{"href":"https:\/\/www.callandplay.com\/ca\/wp-json\/wp\/v2\/product\/52346","targetHints":{"allow":["GET"]}}],"collection":[{"href":"https:\/\/www.callandplay.com\/ca\/wp-json\/wp\/v2\/product"}],"about":[{"href":"https:\/\/www.callandplay.com\/ca\/wp-json\/wp\/v2\/types\/product"}],"replies":[{"embeddable":true,"href":"https:\/\/www.callandplay.com\/ca\/wp-json\/wp\/v2\/comments?post=52346"}],"version-history":[{"count":1,"href":"https:\/\/www.callandplay.com\/ca\/wp-json\/wp\/v2\/product\/52346\/revisions"}],"predecessor-version":[{"id":55156,"href":"https:\/\/www.callandplay.com\/ca\/wp-json\/wp\/v2\/product\/52346\/revisions\/55156"}],"wp:attachment":[{"href":"https:\/\/www.callandplay.com\/ca\/wp-json\/wp\/v2\/media?parent=52346"}],"wp:term":[{"taxonomy":"product_brand","embeddable":true,"href":"https:\/\/www.callandplay.com\/ca\/wp-json\/wp\/v2\/product_brand?post=52346"},{"taxonomy":"product_cat","embeddable":true,"href":"https:\/\/www.callandplay.com\/ca\/wp-json\/wp\/v2\/product_cat?post=52346"},{"taxonomy":"product_tag","embeddable":true,"href":"https:\/\/www.callandplay.com\/ca\/wp-json\/wp\/v2\/product_tag?post=52346"}],"curies":[{"name":"wp","href":"https:\/\/api.w.org\/{rel}","templated":true}]}}