{"id":52369,"date":"2017-11-20T00:00:00","date_gmt":"2017-11-20T00:00:00","guid":{"rendered":"https:\/\/www.callandplay.com\/alien-tech-s-cube-at-100-projector-proyector\/"},"modified":"2026-04-15T20:53:50","modified_gmt":"2026-04-15T20:53:50","slug":"alien-tech-s-cube-at-100-projector-proyector","status":"publish","type":"product","link":"https:\/\/www.callandplay.com\/ca\/alien-tech-s-cube-at-100-projector-proyector\/","title":{"rendered":"ALIEN TECH S CUBE AT-100 PROJECTOR (PROYECTOR)"},"content":{"rendered":"<p>Proyector port\u00e1til que mide 5 cm cuadrados. Excelente para presetnaciones en PDF en cualquier sitio. Para pantalla de hasta 3 m. Screen Mirror Mode para Holograma \/ pantalla proyecci\u00f3n. Preparado para Mapping (descanrgando App). Wi-Fi. Calidad Full HD (soporta 1080P). 2&#8217;5 horas de bater\u00eda. Micro SD Card (soporta m\u00e1s de 128 GB). Foramto Video: MP4, MPEG4, MOV, WMV, MKV, AVI, MPG, ASF, M4V, 3GP. HDMI+MHL. Color blanco.<\/p>","protected":false},"excerpt":{"rendered":"<p>Proyector port\u00e1til que mide 5 cm cuadrados. Excelente para presetnaciones en PDF en cualquier sitio. Para pantalla de hasta 3 m. Screen Mirror Mode para Holograma \/ pantalla proyecci\u00f3n. Preparado para Mapping (descanrgando App). Wi-Fi. Calidad Full HD (soporta 1080P). 2&#8217;5 horas de bater\u00eda. Micro SD Card (soporta m\u00e1s de 128 GB). Foramto Video: MP4, MPEG4, MOV, WMV, MKV, AVI, MPG, ASF, M4V, 3GP. HDMI+MHL. Color blanco.<\/p>","protected":false},"featured_media":0,"comment_status":"closed","ping_status":"closed","template":"","meta":{"_acf_changed":false,"om_disable_all_campaigns":false,"_monsterinsights_skip_tracking":false,"_monsterinsights_sitenote_active":false,"_monsterinsights_sitenote_note":"","_monsterinsights_sitenote_category":0},"product_brand":[],"product_cat":[992],"product_tag":[],"class_list":{"0":"post-52369","1":"product","2":"type-product","3":"status-publish","5":"product_cat-proyectores","7":"first","8":"instock","9":"shipping-taxable","10":"purchasable","11":"product-type-simple"},"acf":[],"yoast_head":"<!-- This site is optimized with the Yoast SEO plugin v27.4 - https:\/\/yoast.com\/product\/yoast-seo-wordpress\/ -->\n<title>ALIEN TECH S CUBE AT-100 PROJECTOR (PROYECTOR) - Call&amp;Play<\/title>\n<meta name=\"robots\" content=\"index, follow, max-snippet:-1, max-image-preview:large, max-video-preview:-1\" \/>\n<link rel=\"canonical\" href=\"https:\/\/www.callandplay.com\/ca\/alien-tech-s-cube-at-100-projector-proyector\/\" \/>\n<meta property=\"og:locale\" content=\"ca_ES\" \/>\n<meta property=\"og:type\" content=\"article\" \/>\n<meta property=\"og:title\" content=\"ALIEN TECH S CUBE AT-100 PROJECTOR (PROYECTOR) - Call&amp;Play\" \/>\n<meta property=\"og:description\" content=\"Proyector port\u00e1til que mide 5 cm cuadrados. Excelente para presetnaciones en PDF en cualquier sitio. Para pantalla de hasta 3 m. Screen Mirror Mode para Holograma \/ pantalla proyecci\u00f3n. Preparado para Mapping (descanrgando App). Wi-Fi. Calidad Full HD (soporta 1080P). 2&#039;5 horas de bater\u00eda. Micro SD Card (soporta m\u00e1s de 128 GB). Foramto Video: MP4, MPEG4, MOV, WMV, MKV, AVI, MPG, ASF, M4V, 3GP. HDMI+MHL. Color blanco.\" \/>\n<meta property=\"og:url\" content=\"https:\/\/www.callandplay.com\/ca\/alien-tech-s-cube-at-100-projector-proyector\/\" \/>\n<meta property=\"og:site_name\" content=\"Call&amp;Play\" \/>\n<meta property=\"article:publisher\" content=\"https:\/\/www.facebook.com\/callandplay\" \/>\n<meta property=\"article:modified_time\" content=\"2026-04-15T20:53:50+00:00\" \/>\n<meta name=\"twitter:card\" content=\"summary_large_image\" \/>\n<script type=\"application\/ld+json\" class=\"yoast-schema-graph\">{\"@context\":\"https:\\\/\\\/schema.org\",\"@graph\":[{\"@type\":\"WebPage\",\"@id\":\"https:\\\/\\\/www.callandplay.com\\\/alien-tech-s-cube-at-100-projector-proyector\\\/\",\"url\":\"https:\\\/\\\/www.callandplay.com\\\/alien-tech-s-cube-at-100-projector-proyector\\\/\",\"name\":\"ALIEN TECH S CUBE AT-100 PROJECTOR (PROYECTOR) - Call&amp;Play\",\"isPartOf\":{\"@id\":\"https:\\\/\\\/www.callandplay.com\\\/#website\"},\"datePublished\":\"2017-11-20T00:00:00+00:00\",\"dateModified\":\"2026-04-15T20:53:50+00:00\",\"breadcrumb\":{\"@id\":\"https:\\\/\\\/www.callandplay.com\\\/alien-tech-s-cube-at-100-projector-proyector\\\/#breadcrumb\"},\"inLanguage\":\"ca\",\"potentialAction\":[{\"@type\":\"ReadAction\",\"target\":[\"https:\\\/\\\/www.callandplay.com\\\/alien-tech-s-cube-at-100-projector-proyector\\\/\"]}]},{\"@type\":\"BreadcrumbList\",\"@id\":\"https:\\\/\\\/www.callandplay.com\\\/alien-tech-s-cube-at-100-projector-proyector\\\/#breadcrumb\",\"itemListElement\":[{\"@type\":\"ListItem\",\"position\":1,\"name\":\"Portada\",\"item\":\"https:\\\/\\\/www.callandplay.com\\\/\"},{\"@type\":\"ListItem\",\"position\":2,\"name\":\"Tienda\",\"item\":\"https:\\\/\\\/www.callandplay.com\\\/tienda\\\/\"},{\"@type\":\"ListItem\",\"position\":3,\"name\":\"ALIEN TECH S CUBE AT-100 PROJECTOR (PROYECTOR)\"}]},{\"@type\":\"WebSite\",\"@id\":\"https:\\\/\\\/www.callandplay.com\\\/#website\",\"url\":\"https:\\\/\\\/www.callandplay.com\\\/\",\"name\":\"Call&amp;Play\",\"description\":\"Alquiler de backline e instrumentos musicales\",\"publisher\":{\"@id\":\"https:\\\/\\\/www.callandplay.com\\\/#organization\"},\"potentialAction\":[{\"@type\":\"SearchAction\",\"target\":{\"@type\":\"EntryPoint\",\"urlTemplate\":\"https:\\\/\\\/www.callandplay.com\\\/?s={search_term_string}\"},\"query-input\":{\"@type\":\"PropertyValueSpecification\",\"valueRequired\":true,\"valueName\":\"search_term_string\"}}],\"inLanguage\":\"ca\"},{\"@type\":\"Organization\",\"@id\":\"https:\\\/\\\/www.callandplay.com\\\/#organization\",\"name\":\"Call&Play\",\"url\":\"https:\\\/\\\/www.callandplay.com\\\/\",\"logo\":{\"@type\":\"ImageObject\",\"inLanguage\":\"ca\",\"@id\":\"https:\\\/\\\/www.callandplay.com\\\/#\\\/schema\\\/logo\\\/image\\\/\",\"url\":\"https:\\\/\\\/www.callandplay.com\\\/wp-content\\\/uploads\\\/2021\\\/06\\\/cropped-cropped-logo-black_con_sombra.png\",\"contentUrl\":\"https:\\\/\\\/www.callandplay.com\\\/wp-content\\\/uploads\\\/2021\\\/06\\\/cropped-cropped-logo-black_con_sombra.png\",\"width\":512,\"height\":512,\"caption\":\"Call&Play\"},\"image\":{\"@id\":\"https:\\\/\\\/www.callandplay.com\\\/#\\\/schema\\\/logo\\\/image\\\/\"},\"sameAs\":[\"https:\\\/\\\/www.facebook.com\\\/callandplay\",\"https:\\\/\\\/www.instagram.com\\\/call_and_play\\\/\"]}]}<\/script>\n<!-- \/ Yoast SEO plugin. -->","yoast_head_json":{"title":"ALIEN TECH S CUBE AT-100 PROJECTOR (PROYECTOR) - Call&amp;Play","robots":{"index":"index","follow":"follow","max-snippet":"max-snippet:-1","max-image-preview":"max-image-preview:large","max-video-preview":"max-video-preview:-1"},"canonical":"https:\/\/www.callandplay.com\/ca\/alien-tech-s-cube-at-100-projector-proyector\/","og_locale":"ca_ES","og_type":"article","og_title":"ALIEN TECH S CUBE AT-100 PROJECTOR (PROYECTOR) - Call&amp;Play","og_description":"Proyector port\u00e1til que mide 5 cm cuadrados. Excelente para presetnaciones en PDF en cualquier sitio. Para pantalla de hasta 3 m. Screen Mirror Mode para Holograma \/ pantalla proyecci\u00f3n. Preparado para Mapping (descanrgando App). Wi-Fi. Calidad Full HD (soporta 1080P). 2'5 horas de bater\u00eda. Micro SD Card (soporta m\u00e1s de 128 GB). Foramto Video: MP4, MPEG4, MOV, WMV, MKV, AVI, MPG, ASF, M4V, 3GP. HDMI+MHL. Color blanco.","og_url":"https:\/\/www.callandplay.com\/ca\/alien-tech-s-cube-at-100-projector-proyector\/","og_site_name":"Call&amp;Play","article_publisher":"https:\/\/www.facebook.com\/callandplay","article_modified_time":"2026-04-15T20:53:50+00:00","twitter_card":"summary_large_image","schema":{"@context":"https:\/\/schema.org","@graph":[{"@type":"WebPage","@id":"https:\/\/www.callandplay.com\/alien-tech-s-cube-at-100-projector-proyector\/","url":"https:\/\/www.callandplay.com\/alien-tech-s-cube-at-100-projector-proyector\/","name":"ALIEN TECH S CUBE AT-100 PROJECTOR (PROYECTOR) - Call&amp;Play","isPartOf":{"@id":"https:\/\/www.callandplay.com\/#website"},"datePublished":"2017-11-20T00:00:00+00:00","dateModified":"2026-04-15T20:53:50+00:00","breadcrumb":{"@id":"https:\/\/www.callandplay.com\/alien-tech-s-cube-at-100-projector-proyector\/#breadcrumb"},"inLanguage":"ca","potentialAction":[{"@type":"ReadAction","target":["https:\/\/www.callandplay.com\/alien-tech-s-cube-at-100-projector-proyector\/"]}]},{"@type":"BreadcrumbList","@id":"https:\/\/www.callandplay.com\/alien-tech-s-cube-at-100-projector-proyector\/#breadcrumb","itemListElement":[{"@type":"ListItem","position":1,"name":"Portada","item":"https:\/\/www.callandplay.com\/"},{"@type":"ListItem","position":2,"name":"Tienda","item":"https:\/\/www.callandplay.com\/tienda\/"},{"@type":"ListItem","position":3,"name":"ALIEN TECH S CUBE AT-100 PROJECTOR (PROYECTOR)"}]},{"@type":"WebSite","@id":"https:\/\/www.callandplay.com\/#website","url":"https:\/\/www.callandplay.com\/","name":"Call&amp;Play","description":"Alquiler de backline e instrumentos musicales","publisher":{"@id":"https:\/\/www.callandplay.com\/#organization"},"potentialAction":[{"@type":"SearchAction","target":{"@type":"EntryPoint","urlTemplate":"https:\/\/www.callandplay.com\/?s={search_term_string}"},"query-input":{"@type":"PropertyValueSpecification","valueRequired":true,"valueName":"search_term_string"}}],"inLanguage":"ca"},{"@type":"Organization","@id":"https:\/\/www.callandplay.com\/#organization","name":"Call&Play","url":"https:\/\/www.callandplay.com\/","logo":{"@type":"ImageObject","inLanguage":"ca","@id":"https:\/\/www.callandplay.com\/#\/schema\/logo\/image\/","url":"https:\/\/www.callandplay.com\/wp-content\/uploads\/2021\/06\/cropped-cropped-logo-black_con_sombra.png","contentUrl":"https:\/\/www.callandplay.com\/wp-content\/uploads\/2021\/06\/cropped-cropped-logo-black_con_sombra.png","width":512,"height":512,"caption":"Call&Play"},"image":{"@id":"https:\/\/www.callandplay.com\/#\/schema\/logo\/image\/"},"sameAs":["https:\/\/www.facebook.com\/callandplay","https:\/\/www.instagram.com\/call_and_play\/"]}]}},"_links":{"self":[{"href":"https:\/\/www.callandplay.com\/ca\/wp-json\/wp\/v2\/product\/52369","targetHints":{"allow":["GET"]}}],"collection":[{"href":"https:\/\/www.callandplay.com\/ca\/wp-json\/wp\/v2\/product"}],"about":[{"href":"https:\/\/www.callandplay.com\/ca\/wp-json\/wp\/v2\/types\/product"}],"replies":[{"embeddable":true,"href":"https:\/\/www.callandplay.com\/ca\/wp-json\/wp\/v2\/comments?post=52369"}],"version-history":[{"count":1,"href":"https:\/\/www.callandplay.com\/ca\/wp-json\/wp\/v2\/product\/52369\/revisions"}],"predecessor-version":[{"id":55179,"href":"https:\/\/www.callandplay.com\/ca\/wp-json\/wp\/v2\/product\/52369\/revisions\/55179"}],"wp:attachment":[{"href":"https:\/\/www.callandplay.com\/ca\/wp-json\/wp\/v2\/media?parent=52369"}],"wp:term":[{"taxonomy":"product_brand","embeddable":true,"href":"https:\/\/www.callandplay.com\/ca\/wp-json\/wp\/v2\/product_brand?post=52369"},{"taxonomy":"product_cat","embeddable":true,"href":"https:\/\/www.callandplay.com\/ca\/wp-json\/wp\/v2\/product_cat?post=52369"},{"taxonomy":"product_tag","embeddable":true,"href":"https:\/\/www.callandplay.com\/ca\/wp-json\/wp\/v2\/product_tag?post=52369"}],"curies":[{"name":"wp","href":"https:\/\/api.w.org\/{rel}","templated":true}]}}