{"id":52579,"date":"2025-03-07T00:00:00","date_gmt":"2025-03-07T00:00:00","guid":{"rendered":"https:\/\/www.callandplay.com\/yamaha-s3x\/"},"modified":"2026-04-16T20:45:45","modified_gmt":"2026-04-16T20:45:45","slug":"yamaha-s3x","status":"publish","type":"product","link":"https:\/\/www.callandplay.com\/ca\/yamaha-s3x\/","title":{"rendered":"YAMAHA S3X"},"content":{"rendered":"<p>El sistema de Mejora de la Resonancia Ac\u00fastica (Acoustic Resonance Enhancement, A.R.E.) de Yamaha es el \u00faltimo hito en la fabricaci\u00f3n de pianos. Es un sistema exclusivo que trata los aros, interno y externo, utilizados en los pianos de la Serie SX. Adem\u00e1s de reducir el contenido de humedad en la madera de estas piezas, el sistema A.R.E. produce cambios qu\u00edmicos que se dan en la madera envejecida en condiciones ideales. As\u00ed, podremos disfrutar del sonido c\u00e1lido y dulce de un instrumento \u201cmaduro\u201d desde el primer momento. El precio de alquiler incluye transporte local y una afinaci\u00f3n. Precio orientativo: depende del horario y los accesos.<\/p>","protected":false},"excerpt":{"rendered":"<p>El sistema de Mejora de la Resonancia Ac\u00fastica (Acoustic Resonance Enhancement, A.R.E.) de Yamaha es el \u00faltimo hito en la fabricaci\u00f3n de pianos. Es un sistema exclusivo que trata los aros, interno y externo, utilizados en los pianos de la Serie SX. Adem\u00e1s de reducir el contenido de humedad en la madera de estas piezas, el sistema A.R.E. produce cambios qu\u00edmicos que se dan en la madera envejecida en condiciones ideales. As\u00ed, podremos disfrutar del sonido c\u00e1lido y dulce de un instrumento \u201cmaduro\u201d desde el primer momento. El precio de alquiler incluye transporte local y una afinaci\u00f3n. Precio orientativo: depende del horario y los accesos.<\/p>","protected":false},"featured_media":0,"comment_status":"closed","ping_status":"closed","template":"","meta":{"_acf_changed":false,"om_disable_all_campaigns":false,"_monsterinsights_skip_tracking":false,"_monsterinsights_sitenote_active":false,"_monsterinsights_sitenote_note":"","_monsterinsights_sitenote_category":0},"product_brand":[],"product_cat":[856],"product_tag":[],"class_list":{"0":"post-52579","1":"product","2":"type-product","3":"status-publish","5":"product_cat-pianos-artesanales-gran-concierto","7":"first","8":"instock","9":"shipping-taxable","10":"purchasable","11":"product-type-simple"},"acf":[],"yoast_head":"<!-- This site is optimized with the Yoast SEO plugin v27.4 - https:\/\/yoast.com\/product\/yoast-seo-wordpress\/ -->\n<title>YAMAHA S3X - Call&amp;Play<\/title>\n<meta name=\"robots\" content=\"index, follow, max-snippet:-1, max-image-preview:large, max-video-preview:-1\" \/>\n<link rel=\"canonical\" href=\"https:\/\/www.callandplay.com\/ca\/yamaha-s3x\/\" \/>\n<meta property=\"og:locale\" content=\"ca_ES\" \/>\n<meta property=\"og:type\" content=\"article\" \/>\n<meta property=\"og:title\" content=\"YAMAHA S3X - Call&amp;Play\" \/>\n<meta property=\"og:description\" content=\"El sistema de Mejora de la Resonancia Ac\u00fastica (Acoustic Resonance Enhancement, A.R.E.) de Yamaha es el \u00faltimo hito en la fabricaci\u00f3n de pianos. Es un sistema exclusivo que trata los aros, interno y externo, utilizados en los pianos de la Serie SX. Adem\u00e1s de reducir el contenido de humedad en la madera de estas piezas, el sistema A.R.E. produce cambios qu\u00edmicos que se dan en la madera envejecida en condiciones ideales. As\u00ed, podremos disfrutar del sonido c\u00e1lido y dulce de un instrumento \u201cmaduro\u201d desde el primer momento. El precio de alquiler incluye transporte local y una afinaci\u00f3n. Precio orientativo: depende del horario y los accesos.\" \/>\n<meta property=\"og:url\" content=\"https:\/\/www.callandplay.com\/ca\/yamaha-s3x\/\" \/>\n<meta property=\"og:site_name\" content=\"Call&amp;Play\" \/>\n<meta property=\"article:publisher\" content=\"https:\/\/www.facebook.com\/callandplay\" \/>\n<meta property=\"article:modified_time\" content=\"2026-04-16T20:45:45+00:00\" \/>\n<meta name=\"twitter:card\" content=\"summary_large_image\" \/>\n<meta name=\"twitter:label1\" content=\"Temps estimat de lectura\" \/>\n\t<meta name=\"twitter:data1\" content=\"1 minut\" \/>\n<script type=\"application\/ld+json\" class=\"yoast-schema-graph\">{\"@context\":\"https:\\\/\\\/schema.org\",\"@graph\":[{\"@type\":\"WebPage\",\"@id\":\"https:\\\/\\\/www.callandplay.com\\\/yamaha-s3x\\\/\",\"url\":\"https:\\\/\\\/www.callandplay.com\\\/yamaha-s3x\\\/\",\"name\":\"YAMAHA S3X - Call&amp;Play\",\"isPartOf\":{\"@id\":\"https:\\\/\\\/www.callandplay.com\\\/#website\"},\"datePublished\":\"2025-03-07T00:00:00+00:00\",\"dateModified\":\"2026-04-16T20:45:45+00:00\",\"breadcrumb\":{\"@id\":\"https:\\\/\\\/www.callandplay.com\\\/yamaha-s3x\\\/#breadcrumb\"},\"inLanguage\":\"ca\",\"potentialAction\":[{\"@type\":\"ReadAction\",\"target\":[\"https:\\\/\\\/www.callandplay.com\\\/yamaha-s3x\\\/\"]}]},{\"@type\":\"BreadcrumbList\",\"@id\":\"https:\\\/\\\/www.callandplay.com\\\/yamaha-s3x\\\/#breadcrumb\",\"itemListElement\":[{\"@type\":\"ListItem\",\"position\":1,\"name\":\"Portada\",\"item\":\"https:\\\/\\\/www.callandplay.com\\\/\"},{\"@type\":\"ListItem\",\"position\":2,\"name\":\"Tienda\",\"item\":\"https:\\\/\\\/www.callandplay.com\\\/tienda\\\/\"},{\"@type\":\"ListItem\",\"position\":3,\"name\":\"YAMAHA S3X\"}]},{\"@type\":\"WebSite\",\"@id\":\"https:\\\/\\\/www.callandplay.com\\\/#website\",\"url\":\"https:\\\/\\\/www.callandplay.com\\\/\",\"name\":\"Call&amp;Play\",\"description\":\"Alquiler de backline e instrumentos musicales\",\"publisher\":{\"@id\":\"https:\\\/\\\/www.callandplay.com\\\/#organization\"},\"potentialAction\":[{\"@type\":\"SearchAction\",\"target\":{\"@type\":\"EntryPoint\",\"urlTemplate\":\"https:\\\/\\\/www.callandplay.com\\\/?s={search_term_string}\"},\"query-input\":{\"@type\":\"PropertyValueSpecification\",\"valueRequired\":true,\"valueName\":\"search_term_string\"}}],\"inLanguage\":\"ca\"},{\"@type\":\"Organization\",\"@id\":\"https:\\\/\\\/www.callandplay.com\\\/#organization\",\"name\":\"Call&Play\",\"url\":\"https:\\\/\\\/www.callandplay.com\\\/\",\"logo\":{\"@type\":\"ImageObject\",\"inLanguage\":\"ca\",\"@id\":\"https:\\\/\\\/www.callandplay.com\\\/#\\\/schema\\\/logo\\\/image\\\/\",\"url\":\"https:\\\/\\\/www.callandplay.com\\\/wp-content\\\/uploads\\\/2021\\\/06\\\/cropped-cropped-logo-black_con_sombra.png\",\"contentUrl\":\"https:\\\/\\\/www.callandplay.com\\\/wp-content\\\/uploads\\\/2021\\\/06\\\/cropped-cropped-logo-black_con_sombra.png\",\"width\":512,\"height\":512,\"caption\":\"Call&Play\"},\"image\":{\"@id\":\"https:\\\/\\\/www.callandplay.com\\\/#\\\/schema\\\/logo\\\/image\\\/\"},\"sameAs\":[\"https:\\\/\\\/www.facebook.com\\\/callandplay\",\"https:\\\/\\\/www.instagram.com\\\/call_and_play\\\/\"]}]}<\/script>\n<!-- \/ Yoast SEO plugin. -->","yoast_head_json":{"title":"YAMAHA S3X - Call&amp;Play","robots":{"index":"index","follow":"follow","max-snippet":"max-snippet:-1","max-image-preview":"max-image-preview:large","max-video-preview":"max-video-preview:-1"},"canonical":"https:\/\/www.callandplay.com\/ca\/yamaha-s3x\/","og_locale":"ca_ES","og_type":"article","og_title":"YAMAHA S3X - Call&amp;Play","og_description":"El sistema de Mejora de la Resonancia Ac\u00fastica (Acoustic Resonance Enhancement, A.R.E.) de Yamaha es el \u00faltimo hito en la fabricaci\u00f3n de pianos. Es un sistema exclusivo que trata los aros, interno y externo, utilizados en los pianos de la Serie SX. Adem\u00e1s de reducir el contenido de humedad en la madera de estas piezas, el sistema A.R.E. produce cambios qu\u00edmicos que se dan en la madera envejecida en condiciones ideales. As\u00ed, podremos disfrutar del sonido c\u00e1lido y dulce de un instrumento \u201cmaduro\u201d desde el primer momento. El precio de alquiler incluye transporte local y una afinaci\u00f3n. Precio orientativo: depende del horario y los accesos.","og_url":"https:\/\/www.callandplay.com\/ca\/yamaha-s3x\/","og_site_name":"Call&amp;Play","article_publisher":"https:\/\/www.facebook.com\/callandplay","article_modified_time":"2026-04-16T20:45:45+00:00","twitter_card":"summary_large_image","twitter_misc":{"Temps estimat de lectura":"1 minut"},"schema":{"@context":"https:\/\/schema.org","@graph":[{"@type":"WebPage","@id":"https:\/\/www.callandplay.com\/yamaha-s3x\/","url":"https:\/\/www.callandplay.com\/yamaha-s3x\/","name":"YAMAHA S3X - Call&amp;Play","isPartOf":{"@id":"https:\/\/www.callandplay.com\/#website"},"datePublished":"2025-03-07T00:00:00+00:00","dateModified":"2026-04-16T20:45:45+00:00","breadcrumb":{"@id":"https:\/\/www.callandplay.com\/yamaha-s3x\/#breadcrumb"},"inLanguage":"ca","potentialAction":[{"@type":"ReadAction","target":["https:\/\/www.callandplay.com\/yamaha-s3x\/"]}]},{"@type":"BreadcrumbList","@id":"https:\/\/www.callandplay.com\/yamaha-s3x\/#breadcrumb","itemListElement":[{"@type":"ListItem","position":1,"name":"Portada","item":"https:\/\/www.callandplay.com\/"},{"@type":"ListItem","position":2,"name":"Tienda","item":"https:\/\/www.callandplay.com\/tienda\/"},{"@type":"ListItem","position":3,"name":"YAMAHA S3X"}]},{"@type":"WebSite","@id":"https:\/\/www.callandplay.com\/#website","url":"https:\/\/www.callandplay.com\/","name":"Call&amp;Play","description":"Alquiler de backline e instrumentos musicales","publisher":{"@id":"https:\/\/www.callandplay.com\/#organization"},"potentialAction":[{"@type":"SearchAction","target":{"@type":"EntryPoint","urlTemplate":"https:\/\/www.callandplay.com\/?s={search_term_string}"},"query-input":{"@type":"PropertyValueSpecification","valueRequired":true,"valueName":"search_term_string"}}],"inLanguage":"ca"},{"@type":"Organization","@id":"https:\/\/www.callandplay.com\/#organization","name":"Call&Play","url":"https:\/\/www.callandplay.com\/","logo":{"@type":"ImageObject","inLanguage":"ca","@id":"https:\/\/www.callandplay.com\/#\/schema\/logo\/image\/","url":"https:\/\/www.callandplay.com\/wp-content\/uploads\/2021\/06\/cropped-cropped-logo-black_con_sombra.png","contentUrl":"https:\/\/www.callandplay.com\/wp-content\/uploads\/2021\/06\/cropped-cropped-logo-black_con_sombra.png","width":512,"height":512,"caption":"Call&Play"},"image":{"@id":"https:\/\/www.callandplay.com\/#\/schema\/logo\/image\/"},"sameAs":["https:\/\/www.facebook.com\/callandplay","https:\/\/www.instagram.com\/call_and_play\/"]}]}},"_links":{"self":[{"href":"https:\/\/www.callandplay.com\/ca\/wp-json\/wp\/v2\/product\/52579","targetHints":{"allow":["GET"]}}],"collection":[{"href":"https:\/\/www.callandplay.com\/ca\/wp-json\/wp\/v2\/product"}],"about":[{"href":"https:\/\/www.callandplay.com\/ca\/wp-json\/wp\/v2\/types\/product"}],"replies":[{"embeddable":true,"href":"https:\/\/www.callandplay.com\/ca\/wp-json\/wp\/v2\/comments?post=52579"}],"version-history":[{"count":1,"href":"https:\/\/www.callandplay.com\/ca\/wp-json\/wp\/v2\/product\/52579\/revisions"}],"predecessor-version":[{"id":55389,"href":"https:\/\/www.callandplay.com\/ca\/wp-json\/wp\/v2\/product\/52579\/revisions\/55389"}],"wp:attachment":[{"href":"https:\/\/www.callandplay.com\/ca\/wp-json\/wp\/v2\/media?parent=52579"}],"wp:term":[{"taxonomy":"product_brand","embeddable":true,"href":"https:\/\/www.callandplay.com\/ca\/wp-json\/wp\/v2\/product_brand?post=52579"},{"taxonomy":"product_cat","embeddable":true,"href":"https:\/\/www.callandplay.com\/ca\/wp-json\/wp\/v2\/product_cat?post=52579"},{"taxonomy":"product_tag","embeddable":true,"href":"https:\/\/www.callandplay.com\/ca\/wp-json\/wp\/v2\/product_tag?post=52579"}],"curies":[{"name":"wp","href":"https:\/\/api.w.org\/{rel}","templated":true}]}}