{"id":52612,"date":"2025-06-09T00:00:00","date_gmt":"2025-06-09T00:00:00","guid":{"rendered":"https:\/\/www.callandplay.com\/samsung-32-full-hd-tv\/"},"modified":"2026-04-03T20:35:22","modified_gmt":"2026-04-03T20:35:22","slug":"samsung-32-full-hd-tv","status":"publish","type":"product","link":"https:\/\/www.callandplay.com\/ca\/samsung-32-full-hd-tv\/","title":{"rendered":"SAMSUNG 32\u201d FULL HD TV"},"content":{"rendered":"<p>Samsung UE32M5575AUXXC. Full HD, Smart TV, Wifi. El TV LED 32&#8243; Samsung UE32M5575AUXXC cuenta con resoluci\u00f3n Full HD de 1920&#215;1080 p\u00edxeles. Incorpora la tecnolog\u00eda Micro Dimming Pro que optimiza la imagen regulando el brillo, el color y el contraste. Gracias a ambas, se pueden ser las im\u00e1genes con gran nitidez y un nivel de detalle excelente. Gracias a su procesador Quad Core de 4 n\u00facleos y la tecnolog\u00eda Smart Hub, puedes acceder r\u00e1pidamente a todos tus contenidos y navegar por el men\u00fa sin dejar de ver el programa de televisi\u00f3n que tengas en la pantalla. Y todo esto sin cables, ya que la UE32M5575AUXXC tiene WiFi integrado. Podr\u00e1s visualizar todo lo que tengas en la pantalla de tu m\u00f3vil en tu tele gracias a la funci\u00f3n de Screen Mirroring. Incluso mejor, podr\u00e1s sincronizar tu smartphone con el televisor y compartir contenido y aplicaciones f\u00e1cilmente. Adem\u00e1s, incluye el mando a distancia One Remote control para acceder con \u00e9l a todos tus dispositivos conectados al televisor.<\/p>","protected":false},"excerpt":{"rendered":"<p>Samsung UE32M5575AUXXC. Full HD, Smart TV, Wifi. El TV LED 32&#8243; Samsung UE32M5575AUXXC cuenta con resoluci\u00f3n Full HD de 1920&#215;1080 p\u00edxeles. Incorpora la tecnolog\u00eda Micro Dimming Pro que optimiza la imagen regulando el brillo, el color y el contraste. Gracias a ambas, se pueden ser las im\u00e1genes con gran nitidez y un nivel de detalle excelente. Gracias a su procesador Quad Core de 4 n\u00facleos y la tecnolog\u00eda Smart Hub, puedes acceder r\u00e1pidamente a todos tus contenidos y navegar por el men\u00fa sin dejar de ver el programa de televisi\u00f3n que tengas en la pantalla. Y todo esto sin cables, ya que la UE32M5575AUXXC tiene WiFi integrado. Podr\u00e1s visualizar todo lo que tengas en la pantalla de tu m\u00f3vil en tu tele gracias a la funci\u00f3n de Screen Mirroring. Incluso mejor, podr\u00e1s sincronizar tu smartphone con el televisor y compartir contenido y aplicaciones f\u00e1cilmente. Adem\u00e1s, incluye el mando a distancia One Remote control para acceder con \u00e9l a todos tus dispositivos conectados al televisor.<\/p>","protected":false},"featured_media":0,"comment_status":"closed","ping_status":"closed","template":"","meta":{"_acf_changed":false,"om_disable_all_campaigns":false,"_monsterinsights_skip_tracking":false,"_monsterinsights_sitenote_active":false,"_monsterinsights_sitenote_note":"","_monsterinsights_sitenote_category":0},"product_brand":[],"product_cat":[997],"product_tag":[],"class_list":{"0":"post-52612","1":"product","2":"type-product","3":"status-publish","5":"product_cat-pantallas-y-monitores","7":"first","8":"instock","9":"shipping-taxable","10":"purchasable","11":"product-type-simple"},"acf":[],"yoast_head":"<!-- This site is optimized with the Yoast SEO plugin v27.3 - https:\/\/yoast.com\/product\/yoast-seo-wordpress\/ -->\n<title>SAMSUNG 32\u201d FULL HD TV - Call&amp;Play<\/title>\n<meta name=\"robots\" content=\"index, follow, max-snippet:-1, max-image-preview:large, max-video-preview:-1\" \/>\n<link rel=\"canonical\" href=\"https:\/\/www.callandplay.com\/ca\/samsung-32-full-hd-tv\/\" \/>\n<meta property=\"og:locale\" content=\"ca_ES\" \/>\n<meta property=\"og:type\" content=\"article\" \/>\n<meta property=\"og:title\" content=\"SAMSUNG 32\u201d FULL HD TV - Call&amp;Play\" \/>\n<meta property=\"og:description\" content=\"Samsung UE32M5575AUXXC. Full HD, Smart TV, Wifi. El TV LED 32&quot; Samsung UE32M5575AUXXC cuenta con resoluci\u00f3n Full HD de 1920x1080 p\u00edxeles. Incorpora la tecnolog\u00eda Micro Dimming Pro que optimiza la imagen regulando el brillo, el color y el contraste. Gracias a ambas, se pueden ser las im\u00e1genes con gran nitidez y un nivel de detalle excelente. Gracias a su procesador Quad Core de 4 n\u00facleos y la tecnolog\u00eda Smart Hub, puedes acceder r\u00e1pidamente a todos tus contenidos y navegar por el men\u00fa sin dejar de ver el programa de televisi\u00f3n que tengas en la pantalla. Y todo esto sin cables, ya que la UE32M5575AUXXC tiene WiFi integrado. Podr\u00e1s visualizar todo lo que tengas en la pantalla de tu m\u00f3vil en tu tele gracias a la funci\u00f3n de Screen Mirroring. Incluso mejor, podr\u00e1s sincronizar tu smartphone con el televisor y compartir contenido y aplicaciones f\u00e1cilmente. Adem\u00e1s, incluye el mando a distancia One Remote control para acceder con \u00e9l a todos tus dispositivos conectados al televisor.\" \/>\n<meta property=\"og:url\" content=\"https:\/\/www.callandplay.com\/ca\/samsung-32-full-hd-tv\/\" \/>\n<meta property=\"og:site_name\" content=\"Call&amp;Play\" \/>\n<meta property=\"article:publisher\" content=\"https:\/\/www.facebook.com\/callandplay\" \/>\n<meta property=\"article:modified_time\" content=\"2026-04-03T20:35:22+00:00\" \/>\n<meta name=\"twitter:card\" content=\"summary_large_image\" \/>\n<meta name=\"twitter:label1\" content=\"Temps estimat de lectura\" \/>\n\t<meta name=\"twitter:data1\" content=\"1 minut\" \/>\n<script type=\"application\/ld+json\" class=\"yoast-schema-graph\">{\"@context\":\"https:\\\/\\\/schema.org\",\"@graph\":[{\"@type\":\"WebPage\",\"@id\":\"https:\\\/\\\/www.callandplay.com\\\/samsung-32-full-hd-tv\\\/\",\"url\":\"https:\\\/\\\/www.callandplay.com\\\/samsung-32-full-hd-tv\\\/\",\"name\":\"SAMSUNG 32\u201d FULL HD TV - Call&amp;Play\",\"isPartOf\":{\"@id\":\"https:\\\/\\\/www.callandplay.com\\\/#website\"},\"datePublished\":\"2025-06-09T00:00:00+00:00\",\"dateModified\":\"2026-04-03T20:35:22+00:00\",\"breadcrumb\":{\"@id\":\"https:\\\/\\\/www.callandplay.com\\\/samsung-32-full-hd-tv\\\/#breadcrumb\"},\"inLanguage\":\"ca\",\"potentialAction\":[{\"@type\":\"ReadAction\",\"target\":[\"https:\\\/\\\/www.callandplay.com\\\/samsung-32-full-hd-tv\\\/\"]}]},{\"@type\":\"BreadcrumbList\",\"@id\":\"https:\\\/\\\/www.callandplay.com\\\/samsung-32-full-hd-tv\\\/#breadcrumb\",\"itemListElement\":[{\"@type\":\"ListItem\",\"position\":1,\"name\":\"Portada\",\"item\":\"https:\\\/\\\/www.callandplay.com\\\/\"},{\"@type\":\"ListItem\",\"position\":2,\"name\":\"Tienda\",\"item\":\"https:\\\/\\\/www.callandplay.com\\\/tienda\\\/\"},{\"@type\":\"ListItem\",\"position\":3,\"name\":\"SAMSUNG 32\u201d FULL HD TV\"}]},{\"@type\":\"WebSite\",\"@id\":\"https:\\\/\\\/www.callandplay.com\\\/#website\",\"url\":\"https:\\\/\\\/www.callandplay.com\\\/\",\"name\":\"Call&amp;Play\",\"description\":\"Alquiler de backline e instrumentos musicales\",\"publisher\":{\"@id\":\"https:\\\/\\\/www.callandplay.com\\\/#organization\"},\"potentialAction\":[{\"@type\":\"SearchAction\",\"target\":{\"@type\":\"EntryPoint\",\"urlTemplate\":\"https:\\\/\\\/www.callandplay.com\\\/?s={search_term_string}\"},\"query-input\":{\"@type\":\"PropertyValueSpecification\",\"valueRequired\":true,\"valueName\":\"search_term_string\"}}],\"inLanguage\":\"ca\"},{\"@type\":\"Organization\",\"@id\":\"https:\\\/\\\/www.callandplay.com\\\/#organization\",\"name\":\"Call&Play\",\"url\":\"https:\\\/\\\/www.callandplay.com\\\/\",\"logo\":{\"@type\":\"ImageObject\",\"inLanguage\":\"ca\",\"@id\":\"https:\\\/\\\/www.callandplay.com\\\/#\\\/schema\\\/logo\\\/image\\\/\",\"url\":\"https:\\\/\\\/www.callandplay.com\\\/wp-content\\\/uploads\\\/2021\\\/06\\\/cropped-cropped-logo-black_con_sombra.png\",\"contentUrl\":\"https:\\\/\\\/www.callandplay.com\\\/wp-content\\\/uploads\\\/2021\\\/06\\\/cropped-cropped-logo-black_con_sombra.png\",\"width\":512,\"height\":512,\"caption\":\"Call&Play\"},\"image\":{\"@id\":\"https:\\\/\\\/www.callandplay.com\\\/#\\\/schema\\\/logo\\\/image\\\/\"},\"sameAs\":[\"https:\\\/\\\/www.facebook.com\\\/callandplay\",\"https:\\\/\\\/www.instagram.com\\\/call_and_play\\\/\"]}]}<\/script>\n<!-- \/ Yoast SEO plugin. -->","yoast_head_json":{"title":"SAMSUNG 32\u201d FULL HD TV - Call&amp;Play","robots":{"index":"index","follow":"follow","max-snippet":"max-snippet:-1","max-image-preview":"max-image-preview:large","max-video-preview":"max-video-preview:-1"},"canonical":"https:\/\/www.callandplay.com\/ca\/samsung-32-full-hd-tv\/","og_locale":"ca_ES","og_type":"article","og_title":"SAMSUNG 32\u201d FULL HD TV - Call&amp;Play","og_description":"Samsung UE32M5575AUXXC. Full HD, Smart TV, Wifi. El TV LED 32\" Samsung UE32M5575AUXXC cuenta con resoluci\u00f3n Full HD de 1920x1080 p\u00edxeles. Incorpora la tecnolog\u00eda Micro Dimming Pro que optimiza la imagen regulando el brillo, el color y el contraste. Gracias a ambas, se pueden ser las im\u00e1genes con gran nitidez y un nivel de detalle excelente. Gracias a su procesador Quad Core de 4 n\u00facleos y la tecnolog\u00eda Smart Hub, puedes acceder r\u00e1pidamente a todos tus contenidos y navegar por el men\u00fa sin dejar de ver el programa de televisi\u00f3n que tengas en la pantalla. Y todo esto sin cables, ya que la UE32M5575AUXXC tiene WiFi integrado. Podr\u00e1s visualizar todo lo que tengas en la pantalla de tu m\u00f3vil en tu tele gracias a la funci\u00f3n de Screen Mirroring. Incluso mejor, podr\u00e1s sincronizar tu smartphone con el televisor y compartir contenido y aplicaciones f\u00e1cilmente. Adem\u00e1s, incluye el mando a distancia One Remote control para acceder con \u00e9l a todos tus dispositivos conectados al televisor.","og_url":"https:\/\/www.callandplay.com\/ca\/samsung-32-full-hd-tv\/","og_site_name":"Call&amp;Play","article_publisher":"https:\/\/www.facebook.com\/callandplay","article_modified_time":"2026-04-03T20:35:22+00:00","twitter_card":"summary_large_image","twitter_misc":{"Temps estimat de lectura":"1 minut"},"schema":{"@context":"https:\/\/schema.org","@graph":[{"@type":"WebPage","@id":"https:\/\/www.callandplay.com\/samsung-32-full-hd-tv\/","url":"https:\/\/www.callandplay.com\/samsung-32-full-hd-tv\/","name":"SAMSUNG 32\u201d FULL HD TV - Call&amp;Play","isPartOf":{"@id":"https:\/\/www.callandplay.com\/#website"},"datePublished":"2025-06-09T00:00:00+00:00","dateModified":"2026-04-03T20:35:22+00:00","breadcrumb":{"@id":"https:\/\/www.callandplay.com\/samsung-32-full-hd-tv\/#breadcrumb"},"inLanguage":"ca","potentialAction":[{"@type":"ReadAction","target":["https:\/\/www.callandplay.com\/samsung-32-full-hd-tv\/"]}]},{"@type":"BreadcrumbList","@id":"https:\/\/www.callandplay.com\/samsung-32-full-hd-tv\/#breadcrumb","itemListElement":[{"@type":"ListItem","position":1,"name":"Portada","item":"https:\/\/www.callandplay.com\/"},{"@type":"ListItem","position":2,"name":"Tienda","item":"https:\/\/www.callandplay.com\/tienda\/"},{"@type":"ListItem","position":3,"name":"SAMSUNG 32\u201d FULL HD TV"}]},{"@type":"WebSite","@id":"https:\/\/www.callandplay.com\/#website","url":"https:\/\/www.callandplay.com\/","name":"Call&amp;Play","description":"Alquiler de backline e instrumentos musicales","publisher":{"@id":"https:\/\/www.callandplay.com\/#organization"},"potentialAction":[{"@type":"SearchAction","target":{"@type":"EntryPoint","urlTemplate":"https:\/\/www.callandplay.com\/?s={search_term_string}"},"query-input":{"@type":"PropertyValueSpecification","valueRequired":true,"valueName":"search_term_string"}}],"inLanguage":"ca"},{"@type":"Organization","@id":"https:\/\/www.callandplay.com\/#organization","name":"Call&Play","url":"https:\/\/www.callandplay.com\/","logo":{"@type":"ImageObject","inLanguage":"ca","@id":"https:\/\/www.callandplay.com\/#\/schema\/logo\/image\/","url":"https:\/\/www.callandplay.com\/wp-content\/uploads\/2021\/06\/cropped-cropped-logo-black_con_sombra.png","contentUrl":"https:\/\/www.callandplay.com\/wp-content\/uploads\/2021\/06\/cropped-cropped-logo-black_con_sombra.png","width":512,"height":512,"caption":"Call&Play"},"image":{"@id":"https:\/\/www.callandplay.com\/#\/schema\/logo\/image\/"},"sameAs":["https:\/\/www.facebook.com\/callandplay","https:\/\/www.instagram.com\/call_and_play\/"]}]}},"_links":{"self":[{"href":"https:\/\/www.callandplay.com\/ca\/wp-json\/wp\/v2\/product\/52612","targetHints":{"allow":["GET"]}}],"collection":[{"href":"https:\/\/www.callandplay.com\/ca\/wp-json\/wp\/v2\/product"}],"about":[{"href":"https:\/\/www.callandplay.com\/ca\/wp-json\/wp\/v2\/types\/product"}],"replies":[{"embeddable":true,"href":"https:\/\/www.callandplay.com\/ca\/wp-json\/wp\/v2\/comments?post=52612"}],"version-history":[{"count":1,"href":"https:\/\/www.callandplay.com\/ca\/wp-json\/wp\/v2\/product\/52612\/revisions"}],"predecessor-version":[{"id":55422,"href":"https:\/\/www.callandplay.com\/ca\/wp-json\/wp\/v2\/product\/52612\/revisions\/55422"}],"wp:attachment":[{"href":"https:\/\/www.callandplay.com\/ca\/wp-json\/wp\/v2\/media?parent=52612"}],"wp:term":[{"taxonomy":"product_brand","embeddable":true,"href":"https:\/\/www.callandplay.com\/ca\/wp-json\/wp\/v2\/product_brand?post=52612"},{"taxonomy":"product_cat","embeddable":true,"href":"https:\/\/www.callandplay.com\/ca\/wp-json\/wp\/v2\/product_cat?post=52612"},{"taxonomy":"product_tag","embeddable":true,"href":"https:\/\/www.callandplay.com\/ca\/wp-json\/wp\/v2\/product_tag?post=52612"}],"curies":[{"name":"wp","href":"https:\/\/api.w.org\/{rel}","templated":true}]}}