{"id":52633,"date":"2019-01-08T00:00:00","date_gmt":"2019-01-08T00:00:00","guid":{"rendered":"https:\/\/www.callandplay.com\/mesa-boogie-mark-v-1-x-12-combo\/"},"modified":"2026-04-05T20:35:44","modified_gmt":"2026-04-05T20:35:44","slug":"mesa-boogie-mark-v-1-x-12-combo","status":"publish","type":"product","link":"https:\/\/www.callandplay.com\/ca\/mesa-boogie-mark-v-1-x-12-combo\/","title":{"rendered":"MESA BOOGIE MARK V 1 x 12&#8243; COMBO"},"content":{"rendered":"<p>El Mark V, m\u00e1s que un amplificador es una colecci\u00f3n de amplificadores, ya que tiene algo de todos los Mark anteriores. En cierto sentido es la encarnaci\u00f3n de los \u00faltimos 40 a\u00f1os de historia. Todo a v\u00e1lvulas (4 EL84 en el amplificador de potencia y 6 12AX7 en el preamplificador),  altavoz 12&#8243;. Conmutable 10W, 25W, 35W. Bucle de efectos. Ecualizador de 5 bandas. 3 canales, 9 modos.<\/p>","protected":false},"excerpt":{"rendered":"<p>El Mark V, m\u00e1s que un amplificador es una colecci\u00f3n de amplificadores, ya que tiene algo de todos los Mark anteriores. En cierto sentido es la encarnaci\u00f3n de los \u00faltimos 40 a\u00f1os de historia. Todo a v\u00e1lvulas (4 EL84 en el amplificador de potencia y 6 12AX7 en el preamplificador),  altavoz 12&#8243;. Conmutable 10W, 25W, 35W. Bucle de efectos. Ecualizador de 5 bandas. 3 canales, 9 modos.<\/p>","protected":false},"featured_media":0,"comment_status":"closed","ping_status":"closed","template":"","meta":{"_acf_changed":false,"om_disable_all_campaigns":false,"_monsterinsights_skip_tracking":false,"_monsterinsights_sitenote_active":false,"_monsterinsights_sitenote_note":"","_monsterinsights_sitenote_category":0},"product_brand":[],"product_cat":[1049],"product_tag":[],"class_list":{"0":"post-52633","1":"product","2":"type-product","3":"status-publish","5":"product_cat-combos-guitarra-electrica","7":"first","8":"instock","9":"shipping-taxable","10":"purchasable","11":"product-type-simple"},"acf":[],"yoast_head":"<!-- This site is optimized with the Yoast SEO plugin v27.3 - https:\/\/yoast.com\/product\/yoast-seo-wordpress\/ -->\n<title>MESA BOOGIE MARK V 1 x 12&quot; COMBO - Call&amp;Play<\/title>\n<meta name=\"robots\" content=\"index, follow, max-snippet:-1, max-image-preview:large, max-video-preview:-1\" \/>\n<link rel=\"canonical\" href=\"https:\/\/www.callandplay.com\/ca\/mesa-boogie-mark-v-1-x-12-combo\/\" \/>\n<meta property=\"og:locale\" content=\"ca_ES\" \/>\n<meta property=\"og:type\" content=\"article\" \/>\n<meta property=\"og:title\" content=\"MESA BOOGIE MARK V 1 x 12&quot; COMBO - Call&amp;Play\" \/>\n<meta property=\"og:description\" content=\"El Mark V, m\u00e1s que un amplificador es una colecci\u00f3n de amplificadores, ya que tiene algo de todos los Mark anteriores. En cierto sentido es la encarnaci\u00f3n de los \u00faltimos 40 a\u00f1os de historia. Todo a v\u00e1lvulas (4 EL84 en el amplificador de potencia y 6 12AX7 en el preamplificador), altavoz 12&quot;. Conmutable 10W, 25W, 35W. Bucle de efectos. Ecualizador de 5 bandas. 3 canales, 9 modos.\" \/>\n<meta property=\"og:url\" content=\"https:\/\/www.callandplay.com\/ca\/mesa-boogie-mark-v-1-x-12-combo\/\" \/>\n<meta property=\"og:site_name\" content=\"Call&amp;Play\" \/>\n<meta property=\"article:publisher\" content=\"https:\/\/www.facebook.com\/callandplay\" \/>\n<meta property=\"article:modified_time\" content=\"2026-04-05T20:35:44+00:00\" \/>\n<meta name=\"twitter:card\" content=\"summary_large_image\" \/>\n<script type=\"application\/ld+json\" class=\"yoast-schema-graph\">{\"@context\":\"https:\\\/\\\/schema.org\",\"@graph\":[{\"@type\":\"WebPage\",\"@id\":\"https:\\\/\\\/www.callandplay.com\\\/mesa-boogie-mark-v-1-x-12-combo\\\/\",\"url\":\"https:\\\/\\\/www.callandplay.com\\\/mesa-boogie-mark-v-1-x-12-combo\\\/\",\"name\":\"MESA BOOGIE MARK V 1 x 12\\\" COMBO - Call&amp;Play\",\"isPartOf\":{\"@id\":\"https:\\\/\\\/www.callandplay.com\\\/#website\"},\"datePublished\":\"2019-01-08T00:00:00+00:00\",\"dateModified\":\"2026-04-05T20:35:44+00:00\",\"breadcrumb\":{\"@id\":\"https:\\\/\\\/www.callandplay.com\\\/mesa-boogie-mark-v-1-x-12-combo\\\/#breadcrumb\"},\"inLanguage\":\"ca\",\"potentialAction\":[{\"@type\":\"ReadAction\",\"target\":[\"https:\\\/\\\/www.callandplay.com\\\/mesa-boogie-mark-v-1-x-12-combo\\\/\"]}]},{\"@type\":\"BreadcrumbList\",\"@id\":\"https:\\\/\\\/www.callandplay.com\\\/mesa-boogie-mark-v-1-x-12-combo\\\/#breadcrumb\",\"itemListElement\":[{\"@type\":\"ListItem\",\"position\":1,\"name\":\"Portada\",\"item\":\"https:\\\/\\\/www.callandplay.com\\\/\"},{\"@type\":\"ListItem\",\"position\":2,\"name\":\"Tienda\",\"item\":\"https:\\\/\\\/www.callandplay.com\\\/tienda\\\/\"},{\"@type\":\"ListItem\",\"position\":3,\"name\":\"MESA BOOGIE MARK V 1 x 12&#8243; COMBO\"}]},{\"@type\":\"WebSite\",\"@id\":\"https:\\\/\\\/www.callandplay.com\\\/#website\",\"url\":\"https:\\\/\\\/www.callandplay.com\\\/\",\"name\":\"Call&amp;Play\",\"description\":\"Alquiler de backline e instrumentos musicales\",\"publisher\":{\"@id\":\"https:\\\/\\\/www.callandplay.com\\\/#organization\"},\"potentialAction\":[{\"@type\":\"SearchAction\",\"target\":{\"@type\":\"EntryPoint\",\"urlTemplate\":\"https:\\\/\\\/www.callandplay.com\\\/?s={search_term_string}\"},\"query-input\":{\"@type\":\"PropertyValueSpecification\",\"valueRequired\":true,\"valueName\":\"search_term_string\"}}],\"inLanguage\":\"ca\"},{\"@type\":\"Organization\",\"@id\":\"https:\\\/\\\/www.callandplay.com\\\/#organization\",\"name\":\"Call&Play\",\"url\":\"https:\\\/\\\/www.callandplay.com\\\/\",\"logo\":{\"@type\":\"ImageObject\",\"inLanguage\":\"ca\",\"@id\":\"https:\\\/\\\/www.callandplay.com\\\/#\\\/schema\\\/logo\\\/image\\\/\",\"url\":\"https:\\\/\\\/www.callandplay.com\\\/wp-content\\\/uploads\\\/2021\\\/06\\\/cropped-cropped-logo-black_con_sombra.png\",\"contentUrl\":\"https:\\\/\\\/www.callandplay.com\\\/wp-content\\\/uploads\\\/2021\\\/06\\\/cropped-cropped-logo-black_con_sombra.png\",\"width\":512,\"height\":512,\"caption\":\"Call&Play\"},\"image\":{\"@id\":\"https:\\\/\\\/www.callandplay.com\\\/#\\\/schema\\\/logo\\\/image\\\/\"},\"sameAs\":[\"https:\\\/\\\/www.facebook.com\\\/callandplay\",\"https:\\\/\\\/www.instagram.com\\\/call_and_play\\\/\"]}]}<\/script>\n<!-- \/ Yoast SEO plugin. -->","yoast_head_json":{"title":"MESA BOOGIE MARK V 1 x 12\" COMBO - Call&amp;Play","robots":{"index":"index","follow":"follow","max-snippet":"max-snippet:-1","max-image-preview":"max-image-preview:large","max-video-preview":"max-video-preview:-1"},"canonical":"https:\/\/www.callandplay.com\/ca\/mesa-boogie-mark-v-1-x-12-combo\/","og_locale":"ca_ES","og_type":"article","og_title":"MESA BOOGIE MARK V 1 x 12\" COMBO - Call&amp;Play","og_description":"El Mark V, m\u00e1s que un amplificador es una colecci\u00f3n de amplificadores, ya que tiene algo de todos los Mark anteriores. En cierto sentido es la encarnaci\u00f3n de los \u00faltimos 40 a\u00f1os de historia. Todo a v\u00e1lvulas (4 EL84 en el amplificador de potencia y 6 12AX7 en el preamplificador), altavoz 12\". Conmutable 10W, 25W, 35W. Bucle de efectos. Ecualizador de 5 bandas. 3 canales, 9 modos.","og_url":"https:\/\/www.callandplay.com\/ca\/mesa-boogie-mark-v-1-x-12-combo\/","og_site_name":"Call&amp;Play","article_publisher":"https:\/\/www.facebook.com\/callandplay","article_modified_time":"2026-04-05T20:35:44+00:00","twitter_card":"summary_large_image","schema":{"@context":"https:\/\/schema.org","@graph":[{"@type":"WebPage","@id":"https:\/\/www.callandplay.com\/mesa-boogie-mark-v-1-x-12-combo\/","url":"https:\/\/www.callandplay.com\/mesa-boogie-mark-v-1-x-12-combo\/","name":"MESA BOOGIE MARK V 1 x 12\" COMBO - Call&amp;Play","isPartOf":{"@id":"https:\/\/www.callandplay.com\/#website"},"datePublished":"2019-01-08T00:00:00+00:00","dateModified":"2026-04-05T20:35:44+00:00","breadcrumb":{"@id":"https:\/\/www.callandplay.com\/mesa-boogie-mark-v-1-x-12-combo\/#breadcrumb"},"inLanguage":"ca","potentialAction":[{"@type":"ReadAction","target":["https:\/\/www.callandplay.com\/mesa-boogie-mark-v-1-x-12-combo\/"]}]},{"@type":"BreadcrumbList","@id":"https:\/\/www.callandplay.com\/mesa-boogie-mark-v-1-x-12-combo\/#breadcrumb","itemListElement":[{"@type":"ListItem","position":1,"name":"Portada","item":"https:\/\/www.callandplay.com\/"},{"@type":"ListItem","position":2,"name":"Tienda","item":"https:\/\/www.callandplay.com\/tienda\/"},{"@type":"ListItem","position":3,"name":"MESA BOOGIE MARK V 1 x 12&#8243; COMBO"}]},{"@type":"WebSite","@id":"https:\/\/www.callandplay.com\/#website","url":"https:\/\/www.callandplay.com\/","name":"Call&amp;Play","description":"Alquiler de backline e instrumentos musicales","publisher":{"@id":"https:\/\/www.callandplay.com\/#organization"},"potentialAction":[{"@type":"SearchAction","target":{"@type":"EntryPoint","urlTemplate":"https:\/\/www.callandplay.com\/?s={search_term_string}"},"query-input":{"@type":"PropertyValueSpecification","valueRequired":true,"valueName":"search_term_string"}}],"inLanguage":"ca"},{"@type":"Organization","@id":"https:\/\/www.callandplay.com\/#organization","name":"Call&Play","url":"https:\/\/www.callandplay.com\/","logo":{"@type":"ImageObject","inLanguage":"ca","@id":"https:\/\/www.callandplay.com\/#\/schema\/logo\/image\/","url":"https:\/\/www.callandplay.com\/wp-content\/uploads\/2021\/06\/cropped-cropped-logo-black_con_sombra.png","contentUrl":"https:\/\/www.callandplay.com\/wp-content\/uploads\/2021\/06\/cropped-cropped-logo-black_con_sombra.png","width":512,"height":512,"caption":"Call&Play"},"image":{"@id":"https:\/\/www.callandplay.com\/#\/schema\/logo\/image\/"},"sameAs":["https:\/\/www.facebook.com\/callandplay","https:\/\/www.instagram.com\/call_and_play\/"]}]}},"_links":{"self":[{"href":"https:\/\/www.callandplay.com\/ca\/wp-json\/wp\/v2\/product\/52633","targetHints":{"allow":["GET"]}}],"collection":[{"href":"https:\/\/www.callandplay.com\/ca\/wp-json\/wp\/v2\/product"}],"about":[{"href":"https:\/\/www.callandplay.com\/ca\/wp-json\/wp\/v2\/types\/product"}],"replies":[{"embeddable":true,"href":"https:\/\/www.callandplay.com\/ca\/wp-json\/wp\/v2\/comments?post=52633"}],"version-history":[{"count":1,"href":"https:\/\/www.callandplay.com\/ca\/wp-json\/wp\/v2\/product\/52633\/revisions"}],"predecessor-version":[{"id":55443,"href":"https:\/\/www.callandplay.com\/ca\/wp-json\/wp\/v2\/product\/52633\/revisions\/55443"}],"wp:attachment":[{"href":"https:\/\/www.callandplay.com\/ca\/wp-json\/wp\/v2\/media?parent=52633"}],"wp:term":[{"taxonomy":"product_brand","embeddable":true,"href":"https:\/\/www.callandplay.com\/ca\/wp-json\/wp\/v2\/product_brand?post=52633"},{"taxonomy":"product_cat","embeddable":true,"href":"https:\/\/www.callandplay.com\/ca\/wp-json\/wp\/v2\/product_cat?post=52633"},{"taxonomy":"product_tag","embeddable":true,"href":"https:\/\/www.callandplay.com\/ca\/wp-json\/wp\/v2\/product_tag?post=52633"}],"curies":[{"name":"wp","href":"https:\/\/api.w.org\/{rel}","templated":true}]}}