{"id":52702,"date":"2024-05-20T00:00:00","date_gmt":"2024-05-20T00:00:00","guid":{"rendered":"https:\/\/www.callandplay.com\/gretsch-g6119tm-chet-atkins-tennessee-rose\/"},"modified":"2026-04-03T20:35:23","modified_gmt":"2026-04-03T20:35:23","slug":"gretsch-g6119tm-chet-atkins-tennessee-rose","status":"publish","type":"product","link":"https:\/\/www.callandplay.com\/ca\/gretsch-g6119tm-chet-atkins-tennessee-rose\/","title":{"rendered":"GRETSCH G6119TM CHET ATKINS TENNESSEE ROSE"},"content":{"rendered":"<p>La guitarra Gretsch G6119 Chet Atkins Tennessee Rose Deep Cherry Stain rinde homenaje a Chet Atkins, inventor del sonido Nashville, y se ha construido siguiendo sus indicaciones. El instrumento Hollowbody tiene un cuerpo de arce laminado de 16&#8243; para una resonancia poderosa y un m\u00e1stil de arce de tres piezas con el cl\u00e1sico clavijero Gretsch de finales de los a\u00f1os cincuenta. Diapas\u00f3n de \u00e9bano de 22 embellecedores. Dos humbuckers de High Sensitive Filter&#8217;Tron disponibles, que producen sonidos amplios y potentes con un toque vintage tradicional. Ambos cartuchos son controlados por el circuito Gretsch con controles de volumen separados para ambos cartuchos y controles de volumen y tono adicionales. Tambi\u00e9n incorpora un Bigsby B6C Vintage Vibrato en combinaci\u00f3n con un cl\u00e1sico puente de \u00e9bano Adjusto-Matic.<\/p>","protected":false},"excerpt":{"rendered":"<p>La guitarra Gretsch G6119 Chet Atkins Tennessee Rose Deep Cherry Stain rinde homenaje a Chet Atkins, inventor del sonido Nashville, y se ha construido siguiendo sus indicaciones. El instrumento Hollowbody tiene un cuerpo de arce laminado de 16&#8243; para una resonancia poderosa y un m\u00e1stil de arce de tres piezas con el cl\u00e1sico clavijero Gretsch de finales de los a\u00f1os cincuenta. Diapas\u00f3n de \u00e9bano de 22 embellecedores. Dos humbuckers de High Sensitive Filter&#8217;Tron disponibles, que producen sonidos amplios y potentes con un toque vintage tradicional. Ambos cartuchos son controlados por el circuito Gretsch con controles de volumen separados para ambos cartuchos y controles de volumen y tono adicionales. Tambi\u00e9n incorpora un Bigsby B6C Vintage Vibrato en combinaci\u00f3n con un cl\u00e1sico puente de \u00e9bano Adjusto-Matic.<\/p>","protected":false},"featured_media":0,"comment_status":"closed","ping_status":"closed","template":"","meta":{"_acf_changed":false,"om_disable_all_campaigns":false,"_monsterinsights_skip_tracking":false,"_monsterinsights_sitenote_active":false,"_monsterinsights_sitenote_note":"","_monsterinsights_sitenote_category":0},"product_brand":[],"product_cat":[1056],"product_tag":[],"class_list":{"0":"post-52702","1":"product","2":"type-product","3":"status-publish","5":"product_cat-guitarras-electricas-caja-resonancia","7":"first","8":"instock","9":"shipping-taxable","10":"purchasable","11":"product-type-simple"},"acf":[],"yoast_head":"<!-- This site is optimized with the Yoast SEO plugin v27.3 - https:\/\/yoast.com\/product\/yoast-seo-wordpress\/ -->\n<title>GRETSCH G6119TM CHET ATKINS TENNESSEE ROSE - Call&amp;Play<\/title>\n<meta name=\"robots\" content=\"index, follow, max-snippet:-1, max-image-preview:large, max-video-preview:-1\" \/>\n<link rel=\"canonical\" href=\"https:\/\/www.callandplay.com\/ca\/gretsch-g6119tm-chet-atkins-tennessee-rose\/\" \/>\n<meta property=\"og:locale\" content=\"ca_ES\" \/>\n<meta property=\"og:type\" content=\"article\" \/>\n<meta property=\"og:title\" content=\"GRETSCH G6119TM CHET ATKINS TENNESSEE ROSE - Call&amp;Play\" \/>\n<meta property=\"og:description\" content=\"La guitarra Gretsch G6119 Chet Atkins Tennessee Rose Deep Cherry Stain rinde homenaje a Chet Atkins, inventor del sonido Nashville, y se ha construido siguiendo sus indicaciones. El instrumento Hollowbody tiene un cuerpo de arce laminado de 16&quot; para una resonancia poderosa y un m\u00e1stil de arce de tres piezas con el cl\u00e1sico clavijero Gretsch de finales de los a\u00f1os cincuenta. Diapas\u00f3n de \u00e9bano de 22 embellecedores. Dos humbuckers de High Sensitive Filter&#039;Tron disponibles, que producen sonidos amplios y potentes con un toque vintage tradicional. Ambos cartuchos son controlados por el circuito Gretsch con controles de volumen separados para ambos cartuchos y controles de volumen y tono adicionales. Tambi\u00e9n incorpora un Bigsby B6C Vintage Vibrato en combinaci\u00f3n con un cl\u00e1sico puente de \u00e9bano Adjusto-Matic.\" \/>\n<meta property=\"og:url\" content=\"https:\/\/www.callandplay.com\/ca\/gretsch-g6119tm-chet-atkins-tennessee-rose\/\" \/>\n<meta property=\"og:site_name\" content=\"Call&amp;Play\" \/>\n<meta property=\"article:publisher\" content=\"https:\/\/www.facebook.com\/callandplay\" \/>\n<meta property=\"article:modified_time\" content=\"2026-04-03T20:35:23+00:00\" \/>\n<meta name=\"twitter:card\" content=\"summary_large_image\" \/>\n<meta name=\"twitter:label1\" content=\"Temps estimat de lectura\" \/>\n\t<meta name=\"twitter:data1\" content=\"1 minut\" \/>\n<script type=\"application\/ld+json\" class=\"yoast-schema-graph\">{\"@context\":\"https:\\\/\\\/schema.org\",\"@graph\":[{\"@type\":\"WebPage\",\"@id\":\"https:\\\/\\\/www.callandplay.com\\\/gretsch-g6119tm-chet-atkins-tennessee-rose\\\/\",\"url\":\"https:\\\/\\\/www.callandplay.com\\\/gretsch-g6119tm-chet-atkins-tennessee-rose\\\/\",\"name\":\"GRETSCH G6119TM CHET ATKINS TENNESSEE ROSE - Call&amp;Play\",\"isPartOf\":{\"@id\":\"https:\\\/\\\/www.callandplay.com\\\/#website\"},\"datePublished\":\"2024-05-20T00:00:00+00:00\",\"dateModified\":\"2026-04-03T20:35:23+00:00\",\"breadcrumb\":{\"@id\":\"https:\\\/\\\/www.callandplay.com\\\/gretsch-g6119tm-chet-atkins-tennessee-rose\\\/#breadcrumb\"},\"inLanguage\":\"ca\",\"potentialAction\":[{\"@type\":\"ReadAction\",\"target\":[\"https:\\\/\\\/www.callandplay.com\\\/gretsch-g6119tm-chet-atkins-tennessee-rose\\\/\"]}]},{\"@type\":\"BreadcrumbList\",\"@id\":\"https:\\\/\\\/www.callandplay.com\\\/gretsch-g6119tm-chet-atkins-tennessee-rose\\\/#breadcrumb\",\"itemListElement\":[{\"@type\":\"ListItem\",\"position\":1,\"name\":\"Portada\",\"item\":\"https:\\\/\\\/www.callandplay.com\\\/\"},{\"@type\":\"ListItem\",\"position\":2,\"name\":\"Tienda\",\"item\":\"https:\\\/\\\/www.callandplay.com\\\/tienda\\\/\"},{\"@type\":\"ListItem\",\"position\":3,\"name\":\"GRETSCH G6119TM CHET ATKINS TENNESSEE ROSE\"}]},{\"@type\":\"WebSite\",\"@id\":\"https:\\\/\\\/www.callandplay.com\\\/#website\",\"url\":\"https:\\\/\\\/www.callandplay.com\\\/\",\"name\":\"Call&amp;Play\",\"description\":\"Alquiler de backline e instrumentos musicales\",\"publisher\":{\"@id\":\"https:\\\/\\\/www.callandplay.com\\\/#organization\"},\"potentialAction\":[{\"@type\":\"SearchAction\",\"target\":{\"@type\":\"EntryPoint\",\"urlTemplate\":\"https:\\\/\\\/www.callandplay.com\\\/?s={search_term_string}\"},\"query-input\":{\"@type\":\"PropertyValueSpecification\",\"valueRequired\":true,\"valueName\":\"search_term_string\"}}],\"inLanguage\":\"ca\"},{\"@type\":\"Organization\",\"@id\":\"https:\\\/\\\/www.callandplay.com\\\/#organization\",\"name\":\"Call&Play\",\"url\":\"https:\\\/\\\/www.callandplay.com\\\/\",\"logo\":{\"@type\":\"ImageObject\",\"inLanguage\":\"ca\",\"@id\":\"https:\\\/\\\/www.callandplay.com\\\/#\\\/schema\\\/logo\\\/image\\\/\",\"url\":\"https:\\\/\\\/www.callandplay.com\\\/wp-content\\\/uploads\\\/2021\\\/06\\\/cropped-cropped-logo-black_con_sombra.png\",\"contentUrl\":\"https:\\\/\\\/www.callandplay.com\\\/wp-content\\\/uploads\\\/2021\\\/06\\\/cropped-cropped-logo-black_con_sombra.png\",\"width\":512,\"height\":512,\"caption\":\"Call&Play\"},\"image\":{\"@id\":\"https:\\\/\\\/www.callandplay.com\\\/#\\\/schema\\\/logo\\\/image\\\/\"},\"sameAs\":[\"https:\\\/\\\/www.facebook.com\\\/callandplay\",\"https:\\\/\\\/www.instagram.com\\\/call_and_play\\\/\"]}]}<\/script>\n<!-- \/ Yoast SEO plugin. -->","yoast_head_json":{"title":"GRETSCH G6119TM CHET ATKINS TENNESSEE ROSE - Call&amp;Play","robots":{"index":"index","follow":"follow","max-snippet":"max-snippet:-1","max-image-preview":"max-image-preview:large","max-video-preview":"max-video-preview:-1"},"canonical":"https:\/\/www.callandplay.com\/ca\/gretsch-g6119tm-chet-atkins-tennessee-rose\/","og_locale":"ca_ES","og_type":"article","og_title":"GRETSCH G6119TM CHET ATKINS TENNESSEE ROSE - Call&amp;Play","og_description":"La guitarra Gretsch G6119 Chet Atkins Tennessee Rose Deep Cherry Stain rinde homenaje a Chet Atkins, inventor del sonido Nashville, y se ha construido siguiendo sus indicaciones. El instrumento Hollowbody tiene un cuerpo de arce laminado de 16\" para una resonancia poderosa y un m\u00e1stil de arce de tres piezas con el cl\u00e1sico clavijero Gretsch de finales de los a\u00f1os cincuenta. Diapas\u00f3n de \u00e9bano de 22 embellecedores. Dos humbuckers de High Sensitive Filter'Tron disponibles, que producen sonidos amplios y potentes con un toque vintage tradicional. Ambos cartuchos son controlados por el circuito Gretsch con controles de volumen separados para ambos cartuchos y controles de volumen y tono adicionales. Tambi\u00e9n incorpora un Bigsby B6C Vintage Vibrato en combinaci\u00f3n con un cl\u00e1sico puente de \u00e9bano Adjusto-Matic.","og_url":"https:\/\/www.callandplay.com\/ca\/gretsch-g6119tm-chet-atkins-tennessee-rose\/","og_site_name":"Call&amp;Play","article_publisher":"https:\/\/www.facebook.com\/callandplay","article_modified_time":"2026-04-03T20:35:23+00:00","twitter_card":"summary_large_image","twitter_misc":{"Temps estimat de lectura":"1 minut"},"schema":{"@context":"https:\/\/schema.org","@graph":[{"@type":"WebPage","@id":"https:\/\/www.callandplay.com\/gretsch-g6119tm-chet-atkins-tennessee-rose\/","url":"https:\/\/www.callandplay.com\/gretsch-g6119tm-chet-atkins-tennessee-rose\/","name":"GRETSCH G6119TM CHET ATKINS TENNESSEE ROSE - Call&amp;Play","isPartOf":{"@id":"https:\/\/www.callandplay.com\/#website"},"datePublished":"2024-05-20T00:00:00+00:00","dateModified":"2026-04-03T20:35:23+00:00","breadcrumb":{"@id":"https:\/\/www.callandplay.com\/gretsch-g6119tm-chet-atkins-tennessee-rose\/#breadcrumb"},"inLanguage":"ca","potentialAction":[{"@type":"ReadAction","target":["https:\/\/www.callandplay.com\/gretsch-g6119tm-chet-atkins-tennessee-rose\/"]}]},{"@type":"BreadcrumbList","@id":"https:\/\/www.callandplay.com\/gretsch-g6119tm-chet-atkins-tennessee-rose\/#breadcrumb","itemListElement":[{"@type":"ListItem","position":1,"name":"Portada","item":"https:\/\/www.callandplay.com\/"},{"@type":"ListItem","position":2,"name":"Tienda","item":"https:\/\/www.callandplay.com\/tienda\/"},{"@type":"ListItem","position":3,"name":"GRETSCH G6119TM CHET ATKINS TENNESSEE ROSE"}]},{"@type":"WebSite","@id":"https:\/\/www.callandplay.com\/#website","url":"https:\/\/www.callandplay.com\/","name":"Call&amp;Play","description":"Alquiler de backline e instrumentos musicales","publisher":{"@id":"https:\/\/www.callandplay.com\/#organization"},"potentialAction":[{"@type":"SearchAction","target":{"@type":"EntryPoint","urlTemplate":"https:\/\/www.callandplay.com\/?s={search_term_string}"},"query-input":{"@type":"PropertyValueSpecification","valueRequired":true,"valueName":"search_term_string"}}],"inLanguage":"ca"},{"@type":"Organization","@id":"https:\/\/www.callandplay.com\/#organization","name":"Call&Play","url":"https:\/\/www.callandplay.com\/","logo":{"@type":"ImageObject","inLanguage":"ca","@id":"https:\/\/www.callandplay.com\/#\/schema\/logo\/image\/","url":"https:\/\/www.callandplay.com\/wp-content\/uploads\/2021\/06\/cropped-cropped-logo-black_con_sombra.png","contentUrl":"https:\/\/www.callandplay.com\/wp-content\/uploads\/2021\/06\/cropped-cropped-logo-black_con_sombra.png","width":512,"height":512,"caption":"Call&Play"},"image":{"@id":"https:\/\/www.callandplay.com\/#\/schema\/logo\/image\/"},"sameAs":["https:\/\/www.facebook.com\/callandplay","https:\/\/www.instagram.com\/call_and_play\/"]}]}},"_links":{"self":[{"href":"https:\/\/www.callandplay.com\/ca\/wp-json\/wp\/v2\/product\/52702","targetHints":{"allow":["GET"]}}],"collection":[{"href":"https:\/\/www.callandplay.com\/ca\/wp-json\/wp\/v2\/product"}],"about":[{"href":"https:\/\/www.callandplay.com\/ca\/wp-json\/wp\/v2\/types\/product"}],"replies":[{"embeddable":true,"href":"https:\/\/www.callandplay.com\/ca\/wp-json\/wp\/v2\/comments?post=52702"}],"version-history":[{"count":1,"href":"https:\/\/www.callandplay.com\/ca\/wp-json\/wp\/v2\/product\/52702\/revisions"}],"predecessor-version":[{"id":55512,"href":"https:\/\/www.callandplay.com\/ca\/wp-json\/wp\/v2\/product\/52702\/revisions\/55512"}],"wp:attachment":[{"href":"https:\/\/www.callandplay.com\/ca\/wp-json\/wp\/v2\/media?parent=52702"}],"wp:term":[{"taxonomy":"product_brand","embeddable":true,"href":"https:\/\/www.callandplay.com\/ca\/wp-json\/wp\/v2\/product_brand?post=52702"},{"taxonomy":"product_cat","embeddable":true,"href":"https:\/\/www.callandplay.com\/ca\/wp-json\/wp\/v2\/product_cat?post=52702"},{"taxonomy":"product_tag","embeddable":true,"href":"https:\/\/www.callandplay.com\/ca\/wp-json\/wp\/v2\/product_tag?post=52702"}],"curies":[{"name":"wp","href":"https:\/\/api.w.org\/{rel}","templated":true}]}}