{"id":52703,"date":"2018-09-12T00:00:00","date_gmt":"2018-09-12T00:00:00","guid":{"rendered":"https:\/\/www.callandplay.com\/bose-l1-model-ii-system-w-b2-1-unid\/"},"modified":"2026-04-15T20:54:01","modified_gmt":"2026-04-15T20:54:01","slug":"bose-l1-model-ii-system-w-b2-1-unid","status":"publish","type":"product","link":"https:\/\/www.callandplay.com\/ca\/bose-l1-model-ii-system-w-b2-1-unid\/","title":{"rendered":"BOSE L1 MODEL II SYSTEM W\/B2 1 UNID."},"content":{"rendered":"<p>Recomendado para audiencias de m\u00e1s de 500 personas. Line array articulado de 24 altavoces que genera una cobertura de sonido de 180 grados en horizontal. Produce el balanceado tonal m\u00e1s consistente con poco volumen. Incluye un m\u00f3dulo de graves B2. El sistema para m\u00fasicos, DJs y altavoces para p\u00fablico m\u00e1s avanzado de Bose.<\/p>","protected":false},"excerpt":{"rendered":"<p>Recomendado para audiencias de m\u00e1s de 500 personas. Line array articulado de 24 altavoces que genera una cobertura de sonido de 180 grados en horizontal. Produce el balanceado tonal m\u00e1s consistente con poco volumen. Incluye un m\u00f3dulo de graves B2. El sistema para m\u00fasicos, DJs y altavoces para p\u00fablico m\u00e1s avanzado de Bose.<\/p>","protected":false},"featured_media":0,"comment_status":"closed","ping_status":"closed","template":"","meta":{"_acf_changed":false,"om_disable_all_campaigns":false,"_monsterinsights_skip_tracking":false,"_monsterinsights_sitenote_active":false,"_monsterinsights_sitenote_note":"","_monsterinsights_sitenote_category":0},"product_brand":[],"product_cat":[1206],"product_tag":[],"class_list":{"0":"post-52703","1":"product","2":"type-product","3":"status-publish","5":"product_cat-altavoces-autoamplificados","7":"first","8":"instock","9":"shipping-taxable","10":"purchasable","11":"product-type-simple"},"acf":[],"yoast_head":"<!-- This site is optimized with the Yoast SEO plugin v27.4 - https:\/\/yoast.com\/product\/yoast-seo-wordpress\/ -->\n<title>BOSE L1 MODEL II SYSTEM W\/B2 1 UNID. - Call&amp;Play<\/title>\n<meta name=\"robots\" content=\"index, follow, max-snippet:-1, max-image-preview:large, max-video-preview:-1\" \/>\n<link rel=\"canonical\" href=\"https:\/\/www.callandplay.com\/ca\/bose-l1-model-ii-system-w-b2-1-unid\/\" \/>\n<meta property=\"og:locale\" content=\"ca_ES\" \/>\n<meta property=\"og:type\" content=\"article\" \/>\n<meta property=\"og:title\" content=\"BOSE L1 MODEL II SYSTEM W\/B2 1 UNID. - Call&amp;Play\" \/>\n<meta property=\"og:description\" content=\"Recomendado para audiencias de m\u00e1s de 500 personas. Line array articulado de 24 altavoces que genera una cobertura de sonido de 180 grados en horizontal. Produce el balanceado tonal m\u00e1s consistente con poco volumen. Incluye un m\u00f3dulo de graves B2. El sistema para m\u00fasicos, DJs y altavoces para p\u00fablico m\u00e1s avanzado de Bose.\" \/>\n<meta property=\"og:url\" content=\"https:\/\/www.callandplay.com\/ca\/bose-l1-model-ii-system-w-b2-1-unid\/\" \/>\n<meta property=\"og:site_name\" content=\"Call&amp;Play\" \/>\n<meta property=\"article:publisher\" content=\"https:\/\/www.facebook.com\/callandplay\" \/>\n<meta property=\"article:modified_time\" content=\"2026-04-15T20:54:01+00:00\" \/>\n<meta name=\"twitter:card\" content=\"summary_large_image\" \/>\n<script type=\"application\/ld+json\" class=\"yoast-schema-graph\">{\"@context\":\"https:\\\/\\\/schema.org\",\"@graph\":[{\"@type\":\"WebPage\",\"@id\":\"https:\\\/\\\/www.callandplay.com\\\/bose-l1-model-ii-system-w-b2-1-unid\\\/\",\"url\":\"https:\\\/\\\/www.callandplay.com\\\/bose-l1-model-ii-system-w-b2-1-unid\\\/\",\"name\":\"BOSE L1 MODEL II SYSTEM W\\\/B2 1 UNID. - Call&amp;Play\",\"isPartOf\":{\"@id\":\"https:\\\/\\\/www.callandplay.com\\\/#website\"},\"datePublished\":\"2018-09-12T00:00:00+00:00\",\"dateModified\":\"2026-04-15T20:54:01+00:00\",\"breadcrumb\":{\"@id\":\"https:\\\/\\\/www.callandplay.com\\\/bose-l1-model-ii-system-w-b2-1-unid\\\/#breadcrumb\"},\"inLanguage\":\"ca\",\"potentialAction\":[{\"@type\":\"ReadAction\",\"target\":[\"https:\\\/\\\/www.callandplay.com\\\/bose-l1-model-ii-system-w-b2-1-unid\\\/\"]}]},{\"@type\":\"BreadcrumbList\",\"@id\":\"https:\\\/\\\/www.callandplay.com\\\/bose-l1-model-ii-system-w-b2-1-unid\\\/#breadcrumb\",\"itemListElement\":[{\"@type\":\"ListItem\",\"position\":1,\"name\":\"Portada\",\"item\":\"https:\\\/\\\/www.callandplay.com\\\/\"},{\"@type\":\"ListItem\",\"position\":2,\"name\":\"Tienda\",\"item\":\"https:\\\/\\\/www.callandplay.com\\\/tienda\\\/\"},{\"@type\":\"ListItem\",\"position\":3,\"name\":\"BOSE L1 MODEL II SYSTEM W\\\/B2 1 UNID.\"}]},{\"@type\":\"WebSite\",\"@id\":\"https:\\\/\\\/www.callandplay.com\\\/#website\",\"url\":\"https:\\\/\\\/www.callandplay.com\\\/\",\"name\":\"Call&amp;Play\",\"description\":\"Alquiler de backline e instrumentos musicales\",\"publisher\":{\"@id\":\"https:\\\/\\\/www.callandplay.com\\\/#organization\"},\"potentialAction\":[{\"@type\":\"SearchAction\",\"target\":{\"@type\":\"EntryPoint\",\"urlTemplate\":\"https:\\\/\\\/www.callandplay.com\\\/?s={search_term_string}\"},\"query-input\":{\"@type\":\"PropertyValueSpecification\",\"valueRequired\":true,\"valueName\":\"search_term_string\"}}],\"inLanguage\":\"ca\"},{\"@type\":\"Organization\",\"@id\":\"https:\\\/\\\/www.callandplay.com\\\/#organization\",\"name\":\"Call&Play\",\"url\":\"https:\\\/\\\/www.callandplay.com\\\/\",\"logo\":{\"@type\":\"ImageObject\",\"inLanguage\":\"ca\",\"@id\":\"https:\\\/\\\/www.callandplay.com\\\/#\\\/schema\\\/logo\\\/image\\\/\",\"url\":\"https:\\\/\\\/www.callandplay.com\\\/wp-content\\\/uploads\\\/2021\\\/06\\\/cropped-cropped-logo-black_con_sombra.png\",\"contentUrl\":\"https:\\\/\\\/www.callandplay.com\\\/wp-content\\\/uploads\\\/2021\\\/06\\\/cropped-cropped-logo-black_con_sombra.png\",\"width\":512,\"height\":512,\"caption\":\"Call&Play\"},\"image\":{\"@id\":\"https:\\\/\\\/www.callandplay.com\\\/#\\\/schema\\\/logo\\\/image\\\/\"},\"sameAs\":[\"https:\\\/\\\/www.facebook.com\\\/callandplay\",\"https:\\\/\\\/www.instagram.com\\\/call_and_play\\\/\"]}]}<\/script>\n<!-- \/ Yoast SEO plugin. -->","yoast_head_json":{"title":"BOSE L1 MODEL II SYSTEM W\/B2 1 UNID. - Call&amp;Play","robots":{"index":"index","follow":"follow","max-snippet":"max-snippet:-1","max-image-preview":"max-image-preview:large","max-video-preview":"max-video-preview:-1"},"canonical":"https:\/\/www.callandplay.com\/ca\/bose-l1-model-ii-system-w-b2-1-unid\/","og_locale":"ca_ES","og_type":"article","og_title":"BOSE L1 MODEL II SYSTEM W\/B2 1 UNID. - Call&amp;Play","og_description":"Recomendado para audiencias de m\u00e1s de 500 personas. Line array articulado de 24 altavoces que genera una cobertura de sonido de 180 grados en horizontal. Produce el balanceado tonal m\u00e1s consistente con poco volumen. Incluye un m\u00f3dulo de graves B2. El sistema para m\u00fasicos, DJs y altavoces para p\u00fablico m\u00e1s avanzado de Bose.","og_url":"https:\/\/www.callandplay.com\/ca\/bose-l1-model-ii-system-w-b2-1-unid\/","og_site_name":"Call&amp;Play","article_publisher":"https:\/\/www.facebook.com\/callandplay","article_modified_time":"2026-04-15T20:54:01+00:00","twitter_card":"summary_large_image","schema":{"@context":"https:\/\/schema.org","@graph":[{"@type":"WebPage","@id":"https:\/\/www.callandplay.com\/bose-l1-model-ii-system-w-b2-1-unid\/","url":"https:\/\/www.callandplay.com\/bose-l1-model-ii-system-w-b2-1-unid\/","name":"BOSE L1 MODEL II SYSTEM W\/B2 1 UNID. - Call&amp;Play","isPartOf":{"@id":"https:\/\/www.callandplay.com\/#website"},"datePublished":"2018-09-12T00:00:00+00:00","dateModified":"2026-04-15T20:54:01+00:00","breadcrumb":{"@id":"https:\/\/www.callandplay.com\/bose-l1-model-ii-system-w-b2-1-unid\/#breadcrumb"},"inLanguage":"ca","potentialAction":[{"@type":"ReadAction","target":["https:\/\/www.callandplay.com\/bose-l1-model-ii-system-w-b2-1-unid\/"]}]},{"@type":"BreadcrumbList","@id":"https:\/\/www.callandplay.com\/bose-l1-model-ii-system-w-b2-1-unid\/#breadcrumb","itemListElement":[{"@type":"ListItem","position":1,"name":"Portada","item":"https:\/\/www.callandplay.com\/"},{"@type":"ListItem","position":2,"name":"Tienda","item":"https:\/\/www.callandplay.com\/tienda\/"},{"@type":"ListItem","position":3,"name":"BOSE L1 MODEL II SYSTEM W\/B2 1 UNID."}]},{"@type":"WebSite","@id":"https:\/\/www.callandplay.com\/#website","url":"https:\/\/www.callandplay.com\/","name":"Call&amp;Play","description":"Alquiler de backline e instrumentos musicales","publisher":{"@id":"https:\/\/www.callandplay.com\/#organization"},"potentialAction":[{"@type":"SearchAction","target":{"@type":"EntryPoint","urlTemplate":"https:\/\/www.callandplay.com\/?s={search_term_string}"},"query-input":{"@type":"PropertyValueSpecification","valueRequired":true,"valueName":"search_term_string"}}],"inLanguage":"ca"},{"@type":"Organization","@id":"https:\/\/www.callandplay.com\/#organization","name":"Call&Play","url":"https:\/\/www.callandplay.com\/","logo":{"@type":"ImageObject","inLanguage":"ca","@id":"https:\/\/www.callandplay.com\/#\/schema\/logo\/image\/","url":"https:\/\/www.callandplay.com\/wp-content\/uploads\/2021\/06\/cropped-cropped-logo-black_con_sombra.png","contentUrl":"https:\/\/www.callandplay.com\/wp-content\/uploads\/2021\/06\/cropped-cropped-logo-black_con_sombra.png","width":512,"height":512,"caption":"Call&Play"},"image":{"@id":"https:\/\/www.callandplay.com\/#\/schema\/logo\/image\/"},"sameAs":["https:\/\/www.facebook.com\/callandplay","https:\/\/www.instagram.com\/call_and_play\/"]}]}},"_links":{"self":[{"href":"https:\/\/www.callandplay.com\/ca\/wp-json\/wp\/v2\/product\/52703","targetHints":{"allow":["GET"]}}],"collection":[{"href":"https:\/\/www.callandplay.com\/ca\/wp-json\/wp\/v2\/product"}],"about":[{"href":"https:\/\/www.callandplay.com\/ca\/wp-json\/wp\/v2\/types\/product"}],"replies":[{"embeddable":true,"href":"https:\/\/www.callandplay.com\/ca\/wp-json\/wp\/v2\/comments?post=52703"}],"version-history":[{"count":1,"href":"https:\/\/www.callandplay.com\/ca\/wp-json\/wp\/v2\/product\/52703\/revisions"}],"predecessor-version":[{"id":55513,"href":"https:\/\/www.callandplay.com\/ca\/wp-json\/wp\/v2\/product\/52703\/revisions\/55513"}],"wp:attachment":[{"href":"https:\/\/www.callandplay.com\/ca\/wp-json\/wp\/v2\/media?parent=52703"}],"wp:term":[{"taxonomy":"product_brand","embeddable":true,"href":"https:\/\/www.callandplay.com\/ca\/wp-json\/wp\/v2\/product_brand?post=52703"},{"taxonomy":"product_cat","embeddable":true,"href":"https:\/\/www.callandplay.com\/ca\/wp-json\/wp\/v2\/product_cat?post=52703"},{"taxonomy":"product_tag","embeddable":true,"href":"https:\/\/www.callandplay.com\/ca\/wp-json\/wp\/v2\/product_tag?post=52703"}],"curies":[{"name":"wp","href":"https:\/\/api.w.org\/{rel}","templated":true}]}}