{"id":52741,"date":"2021-06-23T00:00:00","date_gmt":"2021-06-23T00:00:00","guid":{"rendered":"https:\/\/www.callandplay.com\/yamaha-n3x-avantgrand\/"},"modified":"2026-04-15T20:54:02","modified_gmt":"2026-04-15T20:54:02","slug":"yamaha-n3x-avantgrand","status":"publish","type":"product","link":"https:\/\/www.callandplay.com\/ca\/yamaha-n3x-avantgrand\/","title":{"rendered":"YAMAHA N3X AVANTGRAND"},"content":{"rendered":"<p>La serie AvantGrand presenta la misma acci\u00f3n de teclado que usan los renombrados pianos de cola de Yamaha, combinada con una innovadora tecnolog\u00eda que le permite experimentar la sensaci\u00f3n de tocar un piano de cola a cualquier volumen. Tanto si es el compacto N1 con su aut\u00e9ntica sensaci\u00f3n de piano de cola, el N2 con su elegante dise\u00f1o, o el impresionante N3X con su potencia y facilidad a la hora de tocar, la serie AvantGrand ofrece la experiencia genuina de tocar un piano de cola, donde y cuando quiera. Acci\u00f3n Especializada de Piano de Cola con cubiertas de Ivorite\u00ae. Muestreo Espacial Ac\u00fastico. Sonido muestreado en 4 canales de Yamaha CFX y B\u00f6sendorfer Imperial. Muestreo Binaural CFX. Modelado de Resonancia Virtual (VRM). Sistema Espacial Ac\u00fastico de Altavoces. Resonador de la Caja Arm\u00f3nica. Sistema de Respuesta T\u00e1ctil (TRS). Pedal de Piano de Cola Especializado. Grabador de audio USB. Salidas XLR outputs. Medidas: 148,1 ancho, 101,4 &#8211; 173,4 alto, 119,5 fondo. peso: 199 kg.<\/p>","protected":false},"excerpt":{"rendered":"<p>La serie AvantGrand presenta la misma acci\u00f3n de teclado que usan los renombrados pianos de cola de Yamaha, combinada con una innovadora tecnolog\u00eda que le permite experimentar la sensaci\u00f3n de tocar un piano de cola a cualquier volumen. Tanto si es el compacto N1 con su aut\u00e9ntica sensaci\u00f3n de piano de cola, el N2 con su elegante dise\u00f1o, o el impresionante N3X con su potencia y facilidad a la hora de tocar, la serie AvantGrand ofrece la experiencia genuina de tocar un piano de cola, donde y cuando quiera. Acci\u00f3n Especializada de Piano de Cola con cubiertas de Ivorite\u00ae. Muestreo Espacial Ac\u00fastico. Sonido muestreado en 4 canales de Yamaha CFX y B\u00f6sendorfer Imperial. Muestreo Binaural CFX. Modelado de Resonancia Virtual (VRM). Sistema Espacial Ac\u00fastico de Altavoces. Resonador de la Caja Arm\u00f3nica. Sistema de Respuesta T\u00e1ctil (TRS). Pedal de Piano de Cola Especializado. Grabador de audio USB. Salidas XLR outputs. Medidas: 148,1 ancho, 101,4 &#8211; 173,4 alto, 119,5 fondo. peso: 199 kg.<\/p>","protected":false},"featured_media":0,"comment_status":"closed","ping_status":"closed","template":"","meta":{"_acf_changed":false,"om_disable_all_campaigns":false,"_monsterinsights_skip_tracking":false,"_monsterinsights_sitenote_active":false,"_monsterinsights_sitenote_note":"","_monsterinsights_sitenote_category":0},"product_brand":[],"product_cat":[858],"product_tag":[],"class_list":{"0":"post-52741","1":"product","2":"type-product","3":"status-publish","5":"product_cat-pianos-hibridos-con-conectividad","7":"first","8":"instock","9":"shipping-taxable","10":"purchasable","11":"product-type-simple"},"acf":[],"yoast_head":"<!-- This site is optimized with the Yoast SEO plugin v27.4 - https:\/\/yoast.com\/product\/yoast-seo-wordpress\/ -->\n<title>YAMAHA N3X AVANTGRAND - Call&amp;Play<\/title>\n<meta name=\"robots\" content=\"index, follow, max-snippet:-1, max-image-preview:large, max-video-preview:-1\" \/>\n<link rel=\"canonical\" href=\"https:\/\/www.callandplay.com\/ca\/yamaha-n3x-avantgrand\/\" \/>\n<meta property=\"og:locale\" content=\"ca_ES\" \/>\n<meta property=\"og:type\" content=\"article\" \/>\n<meta property=\"og:title\" content=\"YAMAHA N3X AVANTGRAND - Call&amp;Play\" \/>\n<meta property=\"og:description\" content=\"La serie AvantGrand presenta la misma acci\u00f3n de teclado que usan los renombrados pianos de cola de Yamaha, combinada con una innovadora tecnolog\u00eda que le permite experimentar la sensaci\u00f3n de tocar un piano de cola a cualquier volumen. Tanto si es el compacto N1 con su aut\u00e9ntica sensaci\u00f3n de piano de cola, el N2 con su elegante dise\u00f1o, o el impresionante N3X con su potencia y facilidad a la hora de tocar, la serie AvantGrand ofrece la experiencia genuina de tocar un piano de cola, donde y cuando quiera. Acci\u00f3n Especializada de Piano de Cola con cubiertas de Ivorite\u00ae. Muestreo Espacial Ac\u00fastico. Sonido muestreado en 4 canales de Yamaha CFX y B\u00f6sendorfer Imperial. Muestreo Binaural CFX. Modelado de Resonancia Virtual (VRM). Sistema Espacial Ac\u00fastico de Altavoces. Resonador de la Caja Arm\u00f3nica. Sistema de Respuesta T\u00e1ctil (TRS). Pedal de Piano de Cola Especializado. Grabador de audio USB. Salidas XLR outputs. Medidas: 148,1 ancho, 101,4 - 173,4 alto, 119,5 fondo. peso: 199 kg.\" \/>\n<meta property=\"og:url\" content=\"https:\/\/www.callandplay.com\/ca\/yamaha-n3x-avantgrand\/\" \/>\n<meta property=\"og:site_name\" content=\"Call&amp;Play\" \/>\n<meta property=\"article:publisher\" content=\"https:\/\/www.facebook.com\/callandplay\" \/>\n<meta property=\"article:modified_time\" content=\"2026-04-15T20:54:02+00:00\" \/>\n<meta name=\"twitter:card\" content=\"summary_large_image\" \/>\n<meta name=\"twitter:label1\" content=\"Temps estimat de lectura\" \/>\n\t<meta name=\"twitter:data1\" content=\"1 minut\" \/>\n<script type=\"application\/ld+json\" class=\"yoast-schema-graph\">{\"@context\":\"https:\\\/\\\/schema.org\",\"@graph\":[{\"@type\":\"WebPage\",\"@id\":\"https:\\\/\\\/www.callandplay.com\\\/yamaha-n3x-avantgrand\\\/\",\"url\":\"https:\\\/\\\/www.callandplay.com\\\/yamaha-n3x-avantgrand\\\/\",\"name\":\"YAMAHA N3X AVANTGRAND - Call&amp;Play\",\"isPartOf\":{\"@id\":\"https:\\\/\\\/www.callandplay.com\\\/#website\"},\"datePublished\":\"2021-06-23T00:00:00+00:00\",\"dateModified\":\"2026-04-15T20:54:02+00:00\",\"breadcrumb\":{\"@id\":\"https:\\\/\\\/www.callandplay.com\\\/yamaha-n3x-avantgrand\\\/#breadcrumb\"},\"inLanguage\":\"ca\",\"potentialAction\":[{\"@type\":\"ReadAction\",\"target\":[\"https:\\\/\\\/www.callandplay.com\\\/yamaha-n3x-avantgrand\\\/\"]}]},{\"@type\":\"BreadcrumbList\",\"@id\":\"https:\\\/\\\/www.callandplay.com\\\/yamaha-n3x-avantgrand\\\/#breadcrumb\",\"itemListElement\":[{\"@type\":\"ListItem\",\"position\":1,\"name\":\"Portada\",\"item\":\"https:\\\/\\\/www.callandplay.com\\\/\"},{\"@type\":\"ListItem\",\"position\":2,\"name\":\"Tienda\",\"item\":\"https:\\\/\\\/www.callandplay.com\\\/tienda\\\/\"},{\"@type\":\"ListItem\",\"position\":3,\"name\":\"YAMAHA N3X AVANTGRAND\"}]},{\"@type\":\"WebSite\",\"@id\":\"https:\\\/\\\/www.callandplay.com\\\/#website\",\"url\":\"https:\\\/\\\/www.callandplay.com\\\/\",\"name\":\"Call&amp;Play\",\"description\":\"Alquiler de backline e instrumentos musicales\",\"publisher\":{\"@id\":\"https:\\\/\\\/www.callandplay.com\\\/#organization\"},\"potentialAction\":[{\"@type\":\"SearchAction\",\"target\":{\"@type\":\"EntryPoint\",\"urlTemplate\":\"https:\\\/\\\/www.callandplay.com\\\/?s={search_term_string}\"},\"query-input\":{\"@type\":\"PropertyValueSpecification\",\"valueRequired\":true,\"valueName\":\"search_term_string\"}}],\"inLanguage\":\"ca\"},{\"@type\":\"Organization\",\"@id\":\"https:\\\/\\\/www.callandplay.com\\\/#organization\",\"name\":\"Call&Play\",\"url\":\"https:\\\/\\\/www.callandplay.com\\\/\",\"logo\":{\"@type\":\"ImageObject\",\"inLanguage\":\"ca\",\"@id\":\"https:\\\/\\\/www.callandplay.com\\\/#\\\/schema\\\/logo\\\/image\\\/\",\"url\":\"https:\\\/\\\/www.callandplay.com\\\/wp-content\\\/uploads\\\/2021\\\/06\\\/cropped-cropped-logo-black_con_sombra.png\",\"contentUrl\":\"https:\\\/\\\/www.callandplay.com\\\/wp-content\\\/uploads\\\/2021\\\/06\\\/cropped-cropped-logo-black_con_sombra.png\",\"width\":512,\"height\":512,\"caption\":\"Call&Play\"},\"image\":{\"@id\":\"https:\\\/\\\/www.callandplay.com\\\/#\\\/schema\\\/logo\\\/image\\\/\"},\"sameAs\":[\"https:\\\/\\\/www.facebook.com\\\/callandplay\",\"https:\\\/\\\/www.instagram.com\\\/call_and_play\\\/\"]}]}<\/script>\n<!-- \/ Yoast SEO plugin. -->","yoast_head_json":{"title":"YAMAHA N3X AVANTGRAND - Call&amp;Play","robots":{"index":"index","follow":"follow","max-snippet":"max-snippet:-1","max-image-preview":"max-image-preview:large","max-video-preview":"max-video-preview:-1"},"canonical":"https:\/\/www.callandplay.com\/ca\/yamaha-n3x-avantgrand\/","og_locale":"ca_ES","og_type":"article","og_title":"YAMAHA N3X AVANTGRAND - Call&amp;Play","og_description":"La serie AvantGrand presenta la misma acci\u00f3n de teclado que usan los renombrados pianos de cola de Yamaha, combinada con una innovadora tecnolog\u00eda que le permite experimentar la sensaci\u00f3n de tocar un piano de cola a cualquier volumen. Tanto si es el compacto N1 con su aut\u00e9ntica sensaci\u00f3n de piano de cola, el N2 con su elegante dise\u00f1o, o el impresionante N3X con su potencia y facilidad a la hora de tocar, la serie AvantGrand ofrece la experiencia genuina de tocar un piano de cola, donde y cuando quiera. Acci\u00f3n Especializada de Piano de Cola con cubiertas de Ivorite\u00ae. Muestreo Espacial Ac\u00fastico. Sonido muestreado en 4 canales de Yamaha CFX y B\u00f6sendorfer Imperial. Muestreo Binaural CFX. Modelado de Resonancia Virtual (VRM). Sistema Espacial Ac\u00fastico de Altavoces. Resonador de la Caja Arm\u00f3nica. Sistema de Respuesta T\u00e1ctil (TRS). Pedal de Piano de Cola Especializado. Grabador de audio USB. Salidas XLR outputs. Medidas: 148,1 ancho, 101,4 - 173,4 alto, 119,5 fondo. peso: 199 kg.","og_url":"https:\/\/www.callandplay.com\/ca\/yamaha-n3x-avantgrand\/","og_site_name":"Call&amp;Play","article_publisher":"https:\/\/www.facebook.com\/callandplay","article_modified_time":"2026-04-15T20:54:02+00:00","twitter_card":"summary_large_image","twitter_misc":{"Temps estimat de lectura":"1 minut"},"schema":{"@context":"https:\/\/schema.org","@graph":[{"@type":"WebPage","@id":"https:\/\/www.callandplay.com\/yamaha-n3x-avantgrand\/","url":"https:\/\/www.callandplay.com\/yamaha-n3x-avantgrand\/","name":"YAMAHA N3X AVANTGRAND - Call&amp;Play","isPartOf":{"@id":"https:\/\/www.callandplay.com\/#website"},"datePublished":"2021-06-23T00:00:00+00:00","dateModified":"2026-04-15T20:54:02+00:00","breadcrumb":{"@id":"https:\/\/www.callandplay.com\/yamaha-n3x-avantgrand\/#breadcrumb"},"inLanguage":"ca","potentialAction":[{"@type":"ReadAction","target":["https:\/\/www.callandplay.com\/yamaha-n3x-avantgrand\/"]}]},{"@type":"BreadcrumbList","@id":"https:\/\/www.callandplay.com\/yamaha-n3x-avantgrand\/#breadcrumb","itemListElement":[{"@type":"ListItem","position":1,"name":"Portada","item":"https:\/\/www.callandplay.com\/"},{"@type":"ListItem","position":2,"name":"Tienda","item":"https:\/\/www.callandplay.com\/tienda\/"},{"@type":"ListItem","position":3,"name":"YAMAHA N3X AVANTGRAND"}]},{"@type":"WebSite","@id":"https:\/\/www.callandplay.com\/#website","url":"https:\/\/www.callandplay.com\/","name":"Call&amp;Play","description":"Alquiler de backline e instrumentos musicales","publisher":{"@id":"https:\/\/www.callandplay.com\/#organization"},"potentialAction":[{"@type":"SearchAction","target":{"@type":"EntryPoint","urlTemplate":"https:\/\/www.callandplay.com\/?s={search_term_string}"},"query-input":{"@type":"PropertyValueSpecification","valueRequired":true,"valueName":"search_term_string"}}],"inLanguage":"ca"},{"@type":"Organization","@id":"https:\/\/www.callandplay.com\/#organization","name":"Call&Play","url":"https:\/\/www.callandplay.com\/","logo":{"@type":"ImageObject","inLanguage":"ca","@id":"https:\/\/www.callandplay.com\/#\/schema\/logo\/image\/","url":"https:\/\/www.callandplay.com\/wp-content\/uploads\/2021\/06\/cropped-cropped-logo-black_con_sombra.png","contentUrl":"https:\/\/www.callandplay.com\/wp-content\/uploads\/2021\/06\/cropped-cropped-logo-black_con_sombra.png","width":512,"height":512,"caption":"Call&Play"},"image":{"@id":"https:\/\/www.callandplay.com\/#\/schema\/logo\/image\/"},"sameAs":["https:\/\/www.facebook.com\/callandplay","https:\/\/www.instagram.com\/call_and_play\/"]}]}},"_links":{"self":[{"href":"https:\/\/www.callandplay.com\/ca\/wp-json\/wp\/v2\/product\/52741","targetHints":{"allow":["GET"]}}],"collection":[{"href":"https:\/\/www.callandplay.com\/ca\/wp-json\/wp\/v2\/product"}],"about":[{"href":"https:\/\/www.callandplay.com\/ca\/wp-json\/wp\/v2\/types\/product"}],"replies":[{"embeddable":true,"href":"https:\/\/www.callandplay.com\/ca\/wp-json\/wp\/v2\/comments?post=52741"}],"version-history":[{"count":1,"href":"https:\/\/www.callandplay.com\/ca\/wp-json\/wp\/v2\/product\/52741\/revisions"}],"predecessor-version":[{"id":55551,"href":"https:\/\/www.callandplay.com\/ca\/wp-json\/wp\/v2\/product\/52741\/revisions\/55551"}],"wp:attachment":[{"href":"https:\/\/www.callandplay.com\/ca\/wp-json\/wp\/v2\/media?parent=52741"}],"wp:term":[{"taxonomy":"product_brand","embeddable":true,"href":"https:\/\/www.callandplay.com\/ca\/wp-json\/wp\/v2\/product_brand?post=52741"},{"taxonomy":"product_cat","embeddable":true,"href":"https:\/\/www.callandplay.com\/ca\/wp-json\/wp\/v2\/product_cat?post=52741"},{"taxonomy":"product_tag","embeddable":true,"href":"https:\/\/www.callandplay.com\/ca\/wp-json\/wp\/v2\/product_tag?post=52741"}],"curies":[{"name":"wp","href":"https:\/\/api.w.org\/{rel}","templated":true}]}}