{"id":52825,"date":"2025-06-10T00:00:00","date_gmt":"2025-06-10T00:00:00","guid":{"rendered":"https:\/\/www.callandplay.com\/korg-kronos-2-61-se-special-edition\/"},"modified":"2026-04-02T21:02:26","modified_gmt":"2026-04-02T21:02:26","slug":"korg-kronos-2-61-se-special-edition","status":"publish","type":"product","link":"https:\/\/www.callandplay.com\/ca\/korg-kronos-2-61-se-special-edition\/","title":{"rendered":"KORG KRONOS 2 61 SE (SPECIAL EDITION)"},"content":{"rendered":"<p>Con una terminaci\u00f3n en rojo gradual que permite identificarlo de un vistazo, este Korg Kronos incorpora el nuevo Piano de cola italiano que se present\u00f3 por vez primera en el Korg Grandstage. Tambi\u00e9n viene preinstalado \u00abKApro Showcase\u00bb que ofrece sonidos cuidadosamente seleccionados de KApro, la compa\u00f1\u00eda que ha programado m\u00e1s de 100 librer\u00edas de sonido para Kronos. El magn\u00edfico color y sonido que nos ofrece Kronos supondr\u00e1n una diferencia inconfundible en el escenario. El Kronos Special Edition est\u00e1 disponible en una gama de tres modelos: 61-teclas, 73-teclas y 88-teclas.<\/p>","protected":false},"excerpt":{"rendered":"<p>Con una terminaci\u00f3n en rojo gradual que permite identificarlo de un vistazo, este Korg Kronos incorpora el nuevo Piano de cola italiano que se present\u00f3 por vez primera en el Korg Grandstage. Tambi\u00e9n viene preinstalado \u00abKApro Showcase\u00bb que ofrece sonidos cuidadosamente seleccionados de KApro, la compa\u00f1\u00eda que ha programado m\u00e1s de 100 librer\u00edas de sonido para Kronos. El magn\u00edfico color y sonido que nos ofrece Kronos supondr\u00e1n una diferencia inconfundible en el escenario. El Kronos Special Edition est\u00e1 disponible en una gama de tres modelos: 61-teclas, 73-teclas y 88-teclas.<\/p>","protected":false},"featured_media":0,"comment_status":"closed","ping_status":"closed","template":"","meta":{"_acf_changed":false,"om_disable_all_campaigns":false,"_monsterinsights_skip_tracking":false,"_monsterinsights_sitenote_active":false,"_monsterinsights_sitenote_note":"","_monsterinsights_sitenote_category":0},"product_brand":[],"product_cat":[1078],"product_tag":[],"class_list":{"0":"post-52825","1":"product","2":"type-product","3":"status-publish","5":"product_cat-sintetizadores-y-workstations","7":"first","8":"instock","9":"shipping-taxable","10":"purchasable","11":"product-type-simple"},"acf":[],"yoast_head":"<!-- This site is optimized with the Yoast SEO plugin v27.3 - https:\/\/yoast.com\/product\/yoast-seo-wordpress\/ -->\n<title>KORG KRONOS 2 61 SE (SPECIAL EDITION) - Call&amp;Play<\/title>\n<meta name=\"robots\" content=\"index, follow, max-snippet:-1, max-image-preview:large, max-video-preview:-1\" \/>\n<link rel=\"canonical\" href=\"https:\/\/www.callandplay.com\/ca\/korg-kronos-2-61-se-special-edition\/\" \/>\n<meta property=\"og:locale\" content=\"ca_ES\" \/>\n<meta property=\"og:type\" content=\"article\" \/>\n<meta property=\"og:title\" content=\"KORG KRONOS 2 61 SE (SPECIAL EDITION) - Call&amp;Play\" \/>\n<meta property=\"og:description\" content=\"Con una terminaci\u00f3n en rojo gradual que permite identificarlo de un vistazo, este Korg Kronos incorpora el nuevo Piano de cola italiano que se present\u00f3 por vez primera en el Korg Grandstage. Tambi\u00e9n viene preinstalado &quot;KApro Showcase&quot; que ofrece sonidos cuidadosamente seleccionados de KApro, la compa\u00f1\u00eda que ha programado m\u00e1s de 100 librer\u00edas de sonido para Kronos. El magn\u00edfico color y sonido que nos ofrece Kronos supondr\u00e1n una diferencia inconfundible en el escenario. El Kronos Special Edition est\u00e1 disponible en una gama de tres modelos: 61-teclas, 73-teclas y 88-teclas.\" \/>\n<meta property=\"og:url\" content=\"https:\/\/www.callandplay.com\/ca\/korg-kronos-2-61-se-special-edition\/\" \/>\n<meta property=\"og:site_name\" content=\"Call&amp;Play\" \/>\n<meta property=\"article:publisher\" content=\"https:\/\/www.facebook.com\/callandplay\" \/>\n<meta property=\"article:modified_time\" content=\"2026-04-02T21:02:26+00:00\" \/>\n<meta name=\"twitter:card\" content=\"summary_large_image\" \/>\n<script type=\"application\/ld+json\" class=\"yoast-schema-graph\">{\"@context\":\"https:\\\/\\\/schema.org\",\"@graph\":[{\"@type\":\"WebPage\",\"@id\":\"https:\\\/\\\/www.callandplay.com\\\/korg-kronos-2-61-se-special-edition\\\/\",\"url\":\"https:\\\/\\\/www.callandplay.com\\\/korg-kronos-2-61-se-special-edition\\\/\",\"name\":\"KORG KRONOS 2 61 SE (SPECIAL EDITION) - Call&amp;Play\",\"isPartOf\":{\"@id\":\"https:\\\/\\\/www.callandplay.com\\\/#website\"},\"datePublished\":\"2025-06-10T00:00:00+00:00\",\"dateModified\":\"2026-04-02T21:02:26+00:00\",\"breadcrumb\":{\"@id\":\"https:\\\/\\\/www.callandplay.com\\\/korg-kronos-2-61-se-special-edition\\\/#breadcrumb\"},\"inLanguage\":\"ca\",\"potentialAction\":[{\"@type\":\"ReadAction\",\"target\":[\"https:\\\/\\\/www.callandplay.com\\\/korg-kronos-2-61-se-special-edition\\\/\"]}]},{\"@type\":\"BreadcrumbList\",\"@id\":\"https:\\\/\\\/www.callandplay.com\\\/korg-kronos-2-61-se-special-edition\\\/#breadcrumb\",\"itemListElement\":[{\"@type\":\"ListItem\",\"position\":1,\"name\":\"Portada\",\"item\":\"https:\\\/\\\/www.callandplay.com\\\/\"},{\"@type\":\"ListItem\",\"position\":2,\"name\":\"Tienda\",\"item\":\"https:\\\/\\\/www.callandplay.com\\\/tienda\\\/\"},{\"@type\":\"ListItem\",\"position\":3,\"name\":\"KORG KRONOS 2 61 SE (SPECIAL EDITION)\"}]},{\"@type\":\"WebSite\",\"@id\":\"https:\\\/\\\/www.callandplay.com\\\/#website\",\"url\":\"https:\\\/\\\/www.callandplay.com\\\/\",\"name\":\"Call&amp;Play\",\"description\":\"Alquiler de backline e instrumentos musicales\",\"publisher\":{\"@id\":\"https:\\\/\\\/www.callandplay.com\\\/#organization\"},\"potentialAction\":[{\"@type\":\"SearchAction\",\"target\":{\"@type\":\"EntryPoint\",\"urlTemplate\":\"https:\\\/\\\/www.callandplay.com\\\/?s={search_term_string}\"},\"query-input\":{\"@type\":\"PropertyValueSpecification\",\"valueRequired\":true,\"valueName\":\"search_term_string\"}}],\"inLanguage\":\"ca\"},{\"@type\":\"Organization\",\"@id\":\"https:\\\/\\\/www.callandplay.com\\\/#organization\",\"name\":\"Call&Play\",\"url\":\"https:\\\/\\\/www.callandplay.com\\\/\",\"logo\":{\"@type\":\"ImageObject\",\"inLanguage\":\"ca\",\"@id\":\"https:\\\/\\\/www.callandplay.com\\\/#\\\/schema\\\/logo\\\/image\\\/\",\"url\":\"https:\\\/\\\/www.callandplay.com\\\/wp-content\\\/uploads\\\/2021\\\/06\\\/cropped-cropped-logo-black_con_sombra.png\",\"contentUrl\":\"https:\\\/\\\/www.callandplay.com\\\/wp-content\\\/uploads\\\/2021\\\/06\\\/cropped-cropped-logo-black_con_sombra.png\",\"width\":512,\"height\":512,\"caption\":\"Call&Play\"},\"image\":{\"@id\":\"https:\\\/\\\/www.callandplay.com\\\/#\\\/schema\\\/logo\\\/image\\\/\"},\"sameAs\":[\"https:\\\/\\\/www.facebook.com\\\/callandplay\",\"https:\\\/\\\/www.instagram.com\\\/call_and_play\\\/\"]}]}<\/script>\n<!-- \/ Yoast SEO plugin. -->","yoast_head_json":{"title":"KORG KRONOS 2 61 SE (SPECIAL EDITION) - Call&amp;Play","robots":{"index":"index","follow":"follow","max-snippet":"max-snippet:-1","max-image-preview":"max-image-preview:large","max-video-preview":"max-video-preview:-1"},"canonical":"https:\/\/www.callandplay.com\/ca\/korg-kronos-2-61-se-special-edition\/","og_locale":"ca_ES","og_type":"article","og_title":"KORG KRONOS 2 61 SE (SPECIAL EDITION) - Call&amp;Play","og_description":"Con una terminaci\u00f3n en rojo gradual que permite identificarlo de un vistazo, este Korg Kronos incorpora el nuevo Piano de cola italiano que se present\u00f3 por vez primera en el Korg Grandstage. Tambi\u00e9n viene preinstalado \"KApro Showcase\" que ofrece sonidos cuidadosamente seleccionados de KApro, la compa\u00f1\u00eda que ha programado m\u00e1s de 100 librer\u00edas de sonido para Kronos. El magn\u00edfico color y sonido que nos ofrece Kronos supondr\u00e1n una diferencia inconfundible en el escenario. El Kronos Special Edition est\u00e1 disponible en una gama de tres modelos: 61-teclas, 73-teclas y 88-teclas.","og_url":"https:\/\/www.callandplay.com\/ca\/korg-kronos-2-61-se-special-edition\/","og_site_name":"Call&amp;Play","article_publisher":"https:\/\/www.facebook.com\/callandplay","article_modified_time":"2026-04-02T21:02:26+00:00","twitter_card":"summary_large_image","schema":{"@context":"https:\/\/schema.org","@graph":[{"@type":"WebPage","@id":"https:\/\/www.callandplay.com\/korg-kronos-2-61-se-special-edition\/","url":"https:\/\/www.callandplay.com\/korg-kronos-2-61-se-special-edition\/","name":"KORG KRONOS 2 61 SE (SPECIAL EDITION) - Call&amp;Play","isPartOf":{"@id":"https:\/\/www.callandplay.com\/#website"},"datePublished":"2025-06-10T00:00:00+00:00","dateModified":"2026-04-02T21:02:26+00:00","breadcrumb":{"@id":"https:\/\/www.callandplay.com\/korg-kronos-2-61-se-special-edition\/#breadcrumb"},"inLanguage":"ca","potentialAction":[{"@type":"ReadAction","target":["https:\/\/www.callandplay.com\/korg-kronos-2-61-se-special-edition\/"]}]},{"@type":"BreadcrumbList","@id":"https:\/\/www.callandplay.com\/korg-kronos-2-61-se-special-edition\/#breadcrumb","itemListElement":[{"@type":"ListItem","position":1,"name":"Portada","item":"https:\/\/www.callandplay.com\/"},{"@type":"ListItem","position":2,"name":"Tienda","item":"https:\/\/www.callandplay.com\/tienda\/"},{"@type":"ListItem","position":3,"name":"KORG KRONOS 2 61 SE (SPECIAL EDITION)"}]},{"@type":"WebSite","@id":"https:\/\/www.callandplay.com\/#website","url":"https:\/\/www.callandplay.com\/","name":"Call&amp;Play","description":"Alquiler de backline e instrumentos musicales","publisher":{"@id":"https:\/\/www.callandplay.com\/#organization"},"potentialAction":[{"@type":"SearchAction","target":{"@type":"EntryPoint","urlTemplate":"https:\/\/www.callandplay.com\/?s={search_term_string}"},"query-input":{"@type":"PropertyValueSpecification","valueRequired":true,"valueName":"search_term_string"}}],"inLanguage":"ca"},{"@type":"Organization","@id":"https:\/\/www.callandplay.com\/#organization","name":"Call&Play","url":"https:\/\/www.callandplay.com\/","logo":{"@type":"ImageObject","inLanguage":"ca","@id":"https:\/\/www.callandplay.com\/#\/schema\/logo\/image\/","url":"https:\/\/www.callandplay.com\/wp-content\/uploads\/2021\/06\/cropped-cropped-logo-black_con_sombra.png","contentUrl":"https:\/\/www.callandplay.com\/wp-content\/uploads\/2021\/06\/cropped-cropped-logo-black_con_sombra.png","width":512,"height":512,"caption":"Call&Play"},"image":{"@id":"https:\/\/www.callandplay.com\/#\/schema\/logo\/image\/"},"sameAs":["https:\/\/www.facebook.com\/callandplay","https:\/\/www.instagram.com\/call_and_play\/"]}]}},"_links":{"self":[{"href":"https:\/\/www.callandplay.com\/ca\/wp-json\/wp\/v2\/product\/52825","targetHints":{"allow":["GET"]}}],"collection":[{"href":"https:\/\/www.callandplay.com\/ca\/wp-json\/wp\/v2\/product"}],"about":[{"href":"https:\/\/www.callandplay.com\/ca\/wp-json\/wp\/v2\/types\/product"}],"replies":[{"embeddable":true,"href":"https:\/\/www.callandplay.com\/ca\/wp-json\/wp\/v2\/comments?post=52825"}],"version-history":[{"count":1,"href":"https:\/\/www.callandplay.com\/ca\/wp-json\/wp\/v2\/product\/52825\/revisions"}],"predecessor-version":[{"id":55635,"href":"https:\/\/www.callandplay.com\/ca\/wp-json\/wp\/v2\/product\/52825\/revisions\/55635"}],"wp:attachment":[{"href":"https:\/\/www.callandplay.com\/ca\/wp-json\/wp\/v2\/media?parent=52825"}],"wp:term":[{"taxonomy":"product_brand","embeddable":true,"href":"https:\/\/www.callandplay.com\/ca\/wp-json\/wp\/v2\/product_brand?post=52825"},{"taxonomy":"product_cat","embeddable":true,"href":"https:\/\/www.callandplay.com\/ca\/wp-json\/wp\/v2\/product_cat?post=52825"},{"taxonomy":"product_tag","embeddable":true,"href":"https:\/\/www.callandplay.com\/ca\/wp-json\/wp\/v2\/product_tag?post=52825"}],"curies":[{"name":"wp","href":"https:\/\/api.w.org\/{rel}","templated":true}]}}