{"id":52895,"date":"2022-02-06T00:00:00","date_gmt":"2022-02-06T00:00:00","guid":{"rendered":"https:\/\/www.callandplay.com\/paiste-masters-dark-family\/"},"modified":"2026-04-03T20:35:26","modified_gmt":"2026-04-03T20:35:26","slug":"paiste-masters-dark-family","status":"publish","type":"product","link":"https:\/\/www.callandplay.com\/ca\/paiste-masters-dark-family\/","title":{"rendered":"PAISTE MASTERS DARK FAMILY"},"content":{"rendered":"<p>La serie Masters de Paiste junta la experiencia de d\u00e9cadas del arte de fabricaci\u00f3n de platos con la inspiraci\u00f3n de los bateristas m\u00e1s destacados internacionalmente. Est\u00e1n fabricados con la aleaci\u00f3n CuSn20, tambi\u00e9n conocida como \u00abbronce tradicional\u00bb. Aplicaciones: directo y grabaci\u00f3n, Jazz, Blues, R&amp;B, Funk, Pop y Country. Sonido c\u00e1lido, pleno, rico, profundo, amplio. Una amplia variedad de conceptos sonoros desde oscuro a brillante, seco o sostenido, pronunciado o lavado, suave o fuerte. Cada plato posee su propio sonido caracter\u00edstico que tiene que ser experimentado. El precio es orientativo, por unidad; puede variar seg\u00fan tipo o medida del plato.<\/p>","protected":false},"excerpt":{"rendered":"<p>La serie Masters de Paiste junta la experiencia de d\u00e9cadas del arte de fabricaci\u00f3n de platos con la inspiraci\u00f3n de los bateristas m\u00e1s destacados internacionalmente. Est\u00e1n fabricados con la aleaci\u00f3n CuSn20, tambi\u00e9n conocida como \u00abbronce tradicional\u00bb. Aplicaciones: directo y grabaci\u00f3n, Jazz, Blues, R&amp;B, Funk, Pop y Country. Sonido c\u00e1lido, pleno, rico, profundo, amplio. Una amplia variedad de conceptos sonoros desde oscuro a brillante, seco o sostenido, pronunciado o lavado, suave o fuerte. Cada plato posee su propio sonido caracter\u00edstico que tiene que ser experimentado. El precio es orientativo, por unidad; puede variar seg\u00fan tipo o medida del plato.<\/p>","protected":false},"featured_media":0,"comment_status":"closed","ping_status":"closed","template":"","meta":{"_acf_changed":false,"om_disable_all_campaigns":false,"_monsterinsights_skip_tracking":false,"_monsterinsights_sitenote_active":false,"_monsterinsights_sitenote_note":"","_monsterinsights_sitenote_category":0},"product_brand":[],"product_cat":[888],"product_tag":[],"class_list":{"0":"post-52895","1":"product","2":"type-product","3":"status-publish","5":"product_cat-familias-de-platos","7":"first","8":"instock","9":"shipping-taxable","10":"purchasable","11":"product-type-simple"},"acf":[],"yoast_head":"<!-- This site is optimized with the Yoast SEO plugin v27.3 - https:\/\/yoast.com\/product\/yoast-seo-wordpress\/ -->\n<title>PAISTE MASTERS DARK FAMILY - Call&amp;Play<\/title>\n<meta name=\"robots\" content=\"index, follow, max-snippet:-1, max-image-preview:large, max-video-preview:-1\" \/>\n<link rel=\"canonical\" href=\"https:\/\/www.callandplay.com\/ca\/paiste-masters-dark-family\/\" \/>\n<meta property=\"og:locale\" content=\"ca_ES\" \/>\n<meta property=\"og:type\" content=\"article\" \/>\n<meta property=\"og:title\" content=\"PAISTE MASTERS DARK FAMILY - Call&amp;Play\" \/>\n<meta property=\"og:description\" content=\"La serie Masters de Paiste junta la experiencia de d\u00e9cadas del arte de fabricaci\u00f3n de platos con la inspiraci\u00f3n de los bateristas m\u00e1s destacados internacionalmente. Est\u00e1n fabricados con la aleaci\u00f3n CuSn20, tambi\u00e9n conocida como &quot;bronce tradicional&quot;. Aplicaciones: directo y grabaci\u00f3n, Jazz, Blues, R&amp;B, Funk, Pop y Country. Sonido c\u00e1lido, pleno, rico, profundo, amplio. Una amplia variedad de conceptos sonoros desde oscuro a brillante, seco o sostenido, pronunciado o lavado, suave o fuerte. Cada plato posee su propio sonido caracter\u00edstico que tiene que ser experimentado. El precio es orientativo, por unidad; puede variar seg\u00fan tipo o medida del plato.\" \/>\n<meta property=\"og:url\" content=\"https:\/\/www.callandplay.com\/ca\/paiste-masters-dark-family\/\" \/>\n<meta property=\"og:site_name\" content=\"Call&amp;Play\" \/>\n<meta property=\"article:publisher\" content=\"https:\/\/www.facebook.com\/callandplay\" \/>\n<meta property=\"article:modified_time\" content=\"2026-04-03T20:35:26+00:00\" \/>\n<meta name=\"twitter:card\" content=\"summary_large_image\" \/>\n<meta name=\"twitter:label1\" content=\"Temps estimat de lectura\" \/>\n\t<meta name=\"twitter:data1\" content=\"1 minut\" \/>\n<script type=\"application\/ld+json\" class=\"yoast-schema-graph\">{\"@context\":\"https:\\\/\\\/schema.org\",\"@graph\":[{\"@type\":\"WebPage\",\"@id\":\"https:\\\/\\\/www.callandplay.com\\\/paiste-masters-dark-family\\\/\",\"url\":\"https:\\\/\\\/www.callandplay.com\\\/paiste-masters-dark-family\\\/\",\"name\":\"PAISTE MASTERS DARK FAMILY - Call&amp;Play\",\"isPartOf\":{\"@id\":\"https:\\\/\\\/www.callandplay.com\\\/#website\"},\"datePublished\":\"2022-02-06T00:00:00+00:00\",\"dateModified\":\"2026-04-03T20:35:26+00:00\",\"breadcrumb\":{\"@id\":\"https:\\\/\\\/www.callandplay.com\\\/paiste-masters-dark-family\\\/#breadcrumb\"},\"inLanguage\":\"ca\",\"potentialAction\":[{\"@type\":\"ReadAction\",\"target\":[\"https:\\\/\\\/www.callandplay.com\\\/paiste-masters-dark-family\\\/\"]}]},{\"@type\":\"BreadcrumbList\",\"@id\":\"https:\\\/\\\/www.callandplay.com\\\/paiste-masters-dark-family\\\/#breadcrumb\",\"itemListElement\":[{\"@type\":\"ListItem\",\"position\":1,\"name\":\"Portada\",\"item\":\"https:\\\/\\\/www.callandplay.com\\\/\"},{\"@type\":\"ListItem\",\"position\":2,\"name\":\"Tienda\",\"item\":\"https:\\\/\\\/www.callandplay.com\\\/tienda\\\/\"},{\"@type\":\"ListItem\",\"position\":3,\"name\":\"PAISTE MASTERS DARK FAMILY\"}]},{\"@type\":\"WebSite\",\"@id\":\"https:\\\/\\\/www.callandplay.com\\\/#website\",\"url\":\"https:\\\/\\\/www.callandplay.com\\\/\",\"name\":\"Call&amp;Play\",\"description\":\"Alquiler de backline e instrumentos musicales\",\"publisher\":{\"@id\":\"https:\\\/\\\/www.callandplay.com\\\/#organization\"},\"potentialAction\":[{\"@type\":\"SearchAction\",\"target\":{\"@type\":\"EntryPoint\",\"urlTemplate\":\"https:\\\/\\\/www.callandplay.com\\\/?s={search_term_string}\"},\"query-input\":{\"@type\":\"PropertyValueSpecification\",\"valueRequired\":true,\"valueName\":\"search_term_string\"}}],\"inLanguage\":\"ca\"},{\"@type\":\"Organization\",\"@id\":\"https:\\\/\\\/www.callandplay.com\\\/#organization\",\"name\":\"Call&Play\",\"url\":\"https:\\\/\\\/www.callandplay.com\\\/\",\"logo\":{\"@type\":\"ImageObject\",\"inLanguage\":\"ca\",\"@id\":\"https:\\\/\\\/www.callandplay.com\\\/#\\\/schema\\\/logo\\\/image\\\/\",\"url\":\"https:\\\/\\\/www.callandplay.com\\\/wp-content\\\/uploads\\\/2021\\\/06\\\/cropped-cropped-logo-black_con_sombra.png\",\"contentUrl\":\"https:\\\/\\\/www.callandplay.com\\\/wp-content\\\/uploads\\\/2021\\\/06\\\/cropped-cropped-logo-black_con_sombra.png\",\"width\":512,\"height\":512,\"caption\":\"Call&Play\"},\"image\":{\"@id\":\"https:\\\/\\\/www.callandplay.com\\\/#\\\/schema\\\/logo\\\/image\\\/\"},\"sameAs\":[\"https:\\\/\\\/www.facebook.com\\\/callandplay\",\"https:\\\/\\\/www.instagram.com\\\/call_and_play\\\/\"]}]}<\/script>\n<!-- \/ Yoast SEO plugin. -->","yoast_head_json":{"title":"PAISTE MASTERS DARK FAMILY - Call&amp;Play","robots":{"index":"index","follow":"follow","max-snippet":"max-snippet:-1","max-image-preview":"max-image-preview:large","max-video-preview":"max-video-preview:-1"},"canonical":"https:\/\/www.callandplay.com\/ca\/paiste-masters-dark-family\/","og_locale":"ca_ES","og_type":"article","og_title":"PAISTE MASTERS DARK FAMILY - Call&amp;Play","og_description":"La serie Masters de Paiste junta la experiencia de d\u00e9cadas del arte de fabricaci\u00f3n de platos con la inspiraci\u00f3n de los bateristas m\u00e1s destacados internacionalmente. Est\u00e1n fabricados con la aleaci\u00f3n CuSn20, tambi\u00e9n conocida como \"bronce tradicional\". Aplicaciones: directo y grabaci\u00f3n, Jazz, Blues, R&amp;B, Funk, Pop y Country. Sonido c\u00e1lido, pleno, rico, profundo, amplio. Una amplia variedad de conceptos sonoros desde oscuro a brillante, seco o sostenido, pronunciado o lavado, suave o fuerte. Cada plato posee su propio sonido caracter\u00edstico que tiene que ser experimentado. El precio es orientativo, por unidad; puede variar seg\u00fan tipo o medida del plato.","og_url":"https:\/\/www.callandplay.com\/ca\/paiste-masters-dark-family\/","og_site_name":"Call&amp;Play","article_publisher":"https:\/\/www.facebook.com\/callandplay","article_modified_time":"2026-04-03T20:35:26+00:00","twitter_card":"summary_large_image","twitter_misc":{"Temps estimat de lectura":"1 minut"},"schema":{"@context":"https:\/\/schema.org","@graph":[{"@type":"WebPage","@id":"https:\/\/www.callandplay.com\/paiste-masters-dark-family\/","url":"https:\/\/www.callandplay.com\/paiste-masters-dark-family\/","name":"PAISTE MASTERS DARK FAMILY - Call&amp;Play","isPartOf":{"@id":"https:\/\/www.callandplay.com\/#website"},"datePublished":"2022-02-06T00:00:00+00:00","dateModified":"2026-04-03T20:35:26+00:00","breadcrumb":{"@id":"https:\/\/www.callandplay.com\/paiste-masters-dark-family\/#breadcrumb"},"inLanguage":"ca","potentialAction":[{"@type":"ReadAction","target":["https:\/\/www.callandplay.com\/paiste-masters-dark-family\/"]}]},{"@type":"BreadcrumbList","@id":"https:\/\/www.callandplay.com\/paiste-masters-dark-family\/#breadcrumb","itemListElement":[{"@type":"ListItem","position":1,"name":"Portada","item":"https:\/\/www.callandplay.com\/"},{"@type":"ListItem","position":2,"name":"Tienda","item":"https:\/\/www.callandplay.com\/tienda\/"},{"@type":"ListItem","position":3,"name":"PAISTE MASTERS DARK FAMILY"}]},{"@type":"WebSite","@id":"https:\/\/www.callandplay.com\/#website","url":"https:\/\/www.callandplay.com\/","name":"Call&amp;Play","description":"Alquiler de backline e instrumentos musicales","publisher":{"@id":"https:\/\/www.callandplay.com\/#organization"},"potentialAction":[{"@type":"SearchAction","target":{"@type":"EntryPoint","urlTemplate":"https:\/\/www.callandplay.com\/?s={search_term_string}"},"query-input":{"@type":"PropertyValueSpecification","valueRequired":true,"valueName":"search_term_string"}}],"inLanguage":"ca"},{"@type":"Organization","@id":"https:\/\/www.callandplay.com\/#organization","name":"Call&Play","url":"https:\/\/www.callandplay.com\/","logo":{"@type":"ImageObject","inLanguage":"ca","@id":"https:\/\/www.callandplay.com\/#\/schema\/logo\/image\/","url":"https:\/\/www.callandplay.com\/wp-content\/uploads\/2021\/06\/cropped-cropped-logo-black_con_sombra.png","contentUrl":"https:\/\/www.callandplay.com\/wp-content\/uploads\/2021\/06\/cropped-cropped-logo-black_con_sombra.png","width":512,"height":512,"caption":"Call&Play"},"image":{"@id":"https:\/\/www.callandplay.com\/#\/schema\/logo\/image\/"},"sameAs":["https:\/\/www.facebook.com\/callandplay","https:\/\/www.instagram.com\/call_and_play\/"]}]}},"_links":{"self":[{"href":"https:\/\/www.callandplay.com\/ca\/wp-json\/wp\/v2\/product\/52895","targetHints":{"allow":["GET"]}}],"collection":[{"href":"https:\/\/www.callandplay.com\/ca\/wp-json\/wp\/v2\/product"}],"about":[{"href":"https:\/\/www.callandplay.com\/ca\/wp-json\/wp\/v2\/types\/product"}],"replies":[{"embeddable":true,"href":"https:\/\/www.callandplay.com\/ca\/wp-json\/wp\/v2\/comments?post=52895"}],"version-history":[{"count":1,"href":"https:\/\/www.callandplay.com\/ca\/wp-json\/wp\/v2\/product\/52895\/revisions"}],"predecessor-version":[{"id":55705,"href":"https:\/\/www.callandplay.com\/ca\/wp-json\/wp\/v2\/product\/52895\/revisions\/55705"}],"wp:attachment":[{"href":"https:\/\/www.callandplay.com\/ca\/wp-json\/wp\/v2\/media?parent=52895"}],"wp:term":[{"taxonomy":"product_brand","embeddable":true,"href":"https:\/\/www.callandplay.com\/ca\/wp-json\/wp\/v2\/product_brand?post=52895"},{"taxonomy":"product_cat","embeddable":true,"href":"https:\/\/www.callandplay.com\/ca\/wp-json\/wp\/v2\/product_cat?post=52895"},{"taxonomy":"product_tag","embeddable":true,"href":"https:\/\/www.callandplay.com\/ca\/wp-json\/wp\/v2\/product_tag?post=52895"}],"curies":[{"name":"wp","href":"https:\/\/api.w.org\/{rel}","templated":true}]}}