{"id":52998,"date":"2021-11-26T00:00:00","date_gmt":"2021-11-26T00:00:00","guid":{"rendered":"https:\/\/www.callandplay.com\/boss-oc-5-octave-guitar-effects\/"},"modified":"2026-04-16T20:45:57","modified_gmt":"2026-04-16T20:45:57","slug":"boss-oc-5-octave-guitar-effects","status":"publish","type":"product","link":"https:\/\/www.callandplay.com\/ca\/boss-oc-5-octave-guitar-effects\/","title":{"rendered":"BOSS OC-5 OCTAVE GUITAR EFFECTS"},"content":{"rendered":"<p>El nuevo est\u00e1ndar en pedales octavadores<br \/>\nEl BOSS OC-5 combina sonidos octavados cl\u00e1sicos de BOSS con lo \u00faltimo en tecnolog\u00eda de detecci\u00f3n para establecer un nuevo referente en su categor\u00eda. El modo Vintage ofrece una fiel recreaci\u00f3n del m\u00edtico OC-2 mono de 1982, mientras que el modo Poly a\u00f1ade numerosas mejoras para tocar con rango ampliado. Adem\u00e1s, la nueva funci\u00f3n de octava alta ahora permite explorar m\u00e1s opciones en un rango de tres octavas. Desde sonidos mono gruesos y graves hasta acordes octavados y m\u00e1s, el OC-5 es el pedal octavador que ofrece el rango m\u00e1s amplio, la mejor calidad de sonido y la ejecuci\u00f3n \u00f3ptima.<\/p>","protected":false},"excerpt":{"rendered":"<p>El nuevo est\u00e1ndar en pedales octavadores<br \/>\nEl BOSS OC-5 combina sonidos octavados cl\u00e1sicos de BOSS con lo \u00faltimo en tecnolog\u00eda de detecci\u00f3n para establecer un nuevo referente en su categor\u00eda. El modo Vintage ofrece una fiel recreaci\u00f3n del m\u00edtico OC-2 mono de 1982, mientras que el modo Poly a\u00f1ade numerosas mejoras para tocar con rango ampliado. Adem\u00e1s, la nueva funci\u00f3n de octava alta ahora permite explorar m\u00e1s opciones en un rango de tres octavas. Desde sonidos mono gruesos y graves hasta acordes octavados y m\u00e1s, el OC-5 es el pedal octavador que ofrece el rango m\u00e1s amplio, la mejor calidad de sonido y la ejecuci\u00f3n \u00f3ptima.<\/p>","protected":false},"featured_media":0,"comment_status":"closed","ping_status":"closed","template":"","meta":{"_acf_changed":false,"om_disable_all_campaigns":false,"_monsterinsights_skip_tracking":false,"_monsterinsights_sitenote_active":false,"_monsterinsights_sitenote_note":"","_monsterinsights_sitenote_category":0},"product_brand":[],"product_cat":[1073],"product_tag":[],"class_list":{"0":"post-52998","1":"product","2":"type-product","3":"status-publish","5":"product_cat-efectos-y-pedales-guitarra","7":"first","8":"instock","9":"shipping-taxable","10":"purchasable","11":"product-type-simple"},"acf":[],"yoast_head":"<!-- This site is optimized with the Yoast SEO plugin v27.4 - https:\/\/yoast.com\/product\/yoast-seo-wordpress\/ -->\n<title>BOSS OC-5 OCTAVE GUITAR EFFECTS - Call&amp;Play<\/title>\n<meta name=\"robots\" content=\"index, follow, max-snippet:-1, max-image-preview:large, max-video-preview:-1\" \/>\n<link rel=\"canonical\" href=\"https:\/\/www.callandplay.com\/ca\/boss-oc-5-octave-guitar-effects\/\" \/>\n<meta property=\"og:locale\" content=\"ca_ES\" \/>\n<meta property=\"og:type\" content=\"article\" \/>\n<meta property=\"og:title\" content=\"BOSS OC-5 OCTAVE GUITAR EFFECTS - Call&amp;Play\" \/>\n<meta property=\"og:description\" content=\"El nuevo est\u00e1ndar en pedales octavadores El BOSS OC-5 combina sonidos octavados cl\u00e1sicos de BOSS con lo \u00faltimo en tecnolog\u00eda de detecci\u00f3n para establecer un nuevo referente en su categor\u00eda. El modo Vintage ofrece una fiel recreaci\u00f3n del m\u00edtico OC-2 mono de 1982, mientras que el modo Poly a\u00f1ade numerosas mejoras para tocar con rango ampliado. Adem\u00e1s, la nueva funci\u00f3n de octava alta ahora permite explorar m\u00e1s opciones en un rango de tres octavas. Desde sonidos mono gruesos y graves hasta acordes octavados y m\u00e1s, el OC-5 es el pedal octavador que ofrece el rango m\u00e1s amplio, la mejor calidad de sonido y la ejecuci\u00f3n \u00f3ptima.\" \/>\n<meta property=\"og:url\" content=\"https:\/\/www.callandplay.com\/ca\/boss-oc-5-octave-guitar-effects\/\" \/>\n<meta property=\"og:site_name\" content=\"Call&amp;Play\" \/>\n<meta property=\"article:publisher\" content=\"https:\/\/www.facebook.com\/callandplay\" \/>\n<meta property=\"article:modified_time\" content=\"2026-04-16T20:45:57+00:00\" \/>\n<meta name=\"twitter:card\" content=\"summary_large_image\" \/>\n<meta name=\"twitter:label1\" content=\"Temps estimat de lectura\" \/>\n\t<meta name=\"twitter:data1\" content=\"1 minut\" \/>\n<script type=\"application\/ld+json\" class=\"yoast-schema-graph\">{\"@context\":\"https:\\\/\\\/schema.org\",\"@graph\":[{\"@type\":\"WebPage\",\"@id\":\"https:\\\/\\\/www.callandplay.com\\\/boss-oc-5-octave-guitar-effects\\\/\",\"url\":\"https:\\\/\\\/www.callandplay.com\\\/boss-oc-5-octave-guitar-effects\\\/\",\"name\":\"BOSS OC-5 OCTAVE GUITAR EFFECTS - Call&amp;Play\",\"isPartOf\":{\"@id\":\"https:\\\/\\\/www.callandplay.com\\\/#website\"},\"datePublished\":\"2021-11-26T00:00:00+00:00\",\"dateModified\":\"2026-04-16T20:45:57+00:00\",\"breadcrumb\":{\"@id\":\"https:\\\/\\\/www.callandplay.com\\\/boss-oc-5-octave-guitar-effects\\\/#breadcrumb\"},\"inLanguage\":\"ca\",\"potentialAction\":[{\"@type\":\"ReadAction\",\"target\":[\"https:\\\/\\\/www.callandplay.com\\\/boss-oc-5-octave-guitar-effects\\\/\"]}]},{\"@type\":\"BreadcrumbList\",\"@id\":\"https:\\\/\\\/www.callandplay.com\\\/boss-oc-5-octave-guitar-effects\\\/#breadcrumb\",\"itemListElement\":[{\"@type\":\"ListItem\",\"position\":1,\"name\":\"Portada\",\"item\":\"https:\\\/\\\/www.callandplay.com\\\/\"},{\"@type\":\"ListItem\",\"position\":2,\"name\":\"Tienda\",\"item\":\"https:\\\/\\\/www.callandplay.com\\\/tienda\\\/\"},{\"@type\":\"ListItem\",\"position\":3,\"name\":\"BOSS OC-5 OCTAVE GUITAR EFFECTS\"}]},{\"@type\":\"WebSite\",\"@id\":\"https:\\\/\\\/www.callandplay.com\\\/#website\",\"url\":\"https:\\\/\\\/www.callandplay.com\\\/\",\"name\":\"Call&amp;Play\",\"description\":\"Alquiler de backline e instrumentos musicales\",\"publisher\":{\"@id\":\"https:\\\/\\\/www.callandplay.com\\\/#organization\"},\"potentialAction\":[{\"@type\":\"SearchAction\",\"target\":{\"@type\":\"EntryPoint\",\"urlTemplate\":\"https:\\\/\\\/www.callandplay.com\\\/?s={search_term_string}\"},\"query-input\":{\"@type\":\"PropertyValueSpecification\",\"valueRequired\":true,\"valueName\":\"search_term_string\"}}],\"inLanguage\":\"ca\"},{\"@type\":\"Organization\",\"@id\":\"https:\\\/\\\/www.callandplay.com\\\/#organization\",\"name\":\"Call&Play\",\"url\":\"https:\\\/\\\/www.callandplay.com\\\/\",\"logo\":{\"@type\":\"ImageObject\",\"inLanguage\":\"ca\",\"@id\":\"https:\\\/\\\/www.callandplay.com\\\/#\\\/schema\\\/logo\\\/image\\\/\",\"url\":\"https:\\\/\\\/www.callandplay.com\\\/wp-content\\\/uploads\\\/2021\\\/06\\\/cropped-cropped-logo-black_con_sombra.png\",\"contentUrl\":\"https:\\\/\\\/www.callandplay.com\\\/wp-content\\\/uploads\\\/2021\\\/06\\\/cropped-cropped-logo-black_con_sombra.png\",\"width\":512,\"height\":512,\"caption\":\"Call&Play\"},\"image\":{\"@id\":\"https:\\\/\\\/www.callandplay.com\\\/#\\\/schema\\\/logo\\\/image\\\/\"},\"sameAs\":[\"https:\\\/\\\/www.facebook.com\\\/callandplay\",\"https:\\\/\\\/www.instagram.com\\\/call_and_play\\\/\"]}]}<\/script>\n<!-- \/ Yoast SEO plugin. -->","yoast_head_json":{"title":"BOSS OC-5 OCTAVE GUITAR EFFECTS - Call&amp;Play","robots":{"index":"index","follow":"follow","max-snippet":"max-snippet:-1","max-image-preview":"max-image-preview:large","max-video-preview":"max-video-preview:-1"},"canonical":"https:\/\/www.callandplay.com\/ca\/boss-oc-5-octave-guitar-effects\/","og_locale":"ca_ES","og_type":"article","og_title":"BOSS OC-5 OCTAVE GUITAR EFFECTS - Call&amp;Play","og_description":"El nuevo est\u00e1ndar en pedales octavadores El BOSS OC-5 combina sonidos octavados cl\u00e1sicos de BOSS con lo \u00faltimo en tecnolog\u00eda de detecci\u00f3n para establecer un nuevo referente en su categor\u00eda. El modo Vintage ofrece una fiel recreaci\u00f3n del m\u00edtico OC-2 mono de 1982, mientras que el modo Poly a\u00f1ade numerosas mejoras para tocar con rango ampliado. Adem\u00e1s, la nueva funci\u00f3n de octava alta ahora permite explorar m\u00e1s opciones en un rango de tres octavas. Desde sonidos mono gruesos y graves hasta acordes octavados y m\u00e1s, el OC-5 es el pedal octavador que ofrece el rango m\u00e1s amplio, la mejor calidad de sonido y la ejecuci\u00f3n \u00f3ptima.","og_url":"https:\/\/www.callandplay.com\/ca\/boss-oc-5-octave-guitar-effects\/","og_site_name":"Call&amp;Play","article_publisher":"https:\/\/www.facebook.com\/callandplay","article_modified_time":"2026-04-16T20:45:57+00:00","twitter_card":"summary_large_image","twitter_misc":{"Temps estimat de lectura":"1 minut"},"schema":{"@context":"https:\/\/schema.org","@graph":[{"@type":"WebPage","@id":"https:\/\/www.callandplay.com\/boss-oc-5-octave-guitar-effects\/","url":"https:\/\/www.callandplay.com\/boss-oc-5-octave-guitar-effects\/","name":"BOSS OC-5 OCTAVE GUITAR EFFECTS - Call&amp;Play","isPartOf":{"@id":"https:\/\/www.callandplay.com\/#website"},"datePublished":"2021-11-26T00:00:00+00:00","dateModified":"2026-04-16T20:45:57+00:00","breadcrumb":{"@id":"https:\/\/www.callandplay.com\/boss-oc-5-octave-guitar-effects\/#breadcrumb"},"inLanguage":"ca","potentialAction":[{"@type":"ReadAction","target":["https:\/\/www.callandplay.com\/boss-oc-5-octave-guitar-effects\/"]}]},{"@type":"BreadcrumbList","@id":"https:\/\/www.callandplay.com\/boss-oc-5-octave-guitar-effects\/#breadcrumb","itemListElement":[{"@type":"ListItem","position":1,"name":"Portada","item":"https:\/\/www.callandplay.com\/"},{"@type":"ListItem","position":2,"name":"Tienda","item":"https:\/\/www.callandplay.com\/tienda\/"},{"@type":"ListItem","position":3,"name":"BOSS OC-5 OCTAVE GUITAR EFFECTS"}]},{"@type":"WebSite","@id":"https:\/\/www.callandplay.com\/#website","url":"https:\/\/www.callandplay.com\/","name":"Call&amp;Play","description":"Alquiler de backline e instrumentos musicales","publisher":{"@id":"https:\/\/www.callandplay.com\/#organization"},"potentialAction":[{"@type":"SearchAction","target":{"@type":"EntryPoint","urlTemplate":"https:\/\/www.callandplay.com\/?s={search_term_string}"},"query-input":{"@type":"PropertyValueSpecification","valueRequired":true,"valueName":"search_term_string"}}],"inLanguage":"ca"},{"@type":"Organization","@id":"https:\/\/www.callandplay.com\/#organization","name":"Call&Play","url":"https:\/\/www.callandplay.com\/","logo":{"@type":"ImageObject","inLanguage":"ca","@id":"https:\/\/www.callandplay.com\/#\/schema\/logo\/image\/","url":"https:\/\/www.callandplay.com\/wp-content\/uploads\/2021\/06\/cropped-cropped-logo-black_con_sombra.png","contentUrl":"https:\/\/www.callandplay.com\/wp-content\/uploads\/2021\/06\/cropped-cropped-logo-black_con_sombra.png","width":512,"height":512,"caption":"Call&Play"},"image":{"@id":"https:\/\/www.callandplay.com\/#\/schema\/logo\/image\/"},"sameAs":["https:\/\/www.facebook.com\/callandplay","https:\/\/www.instagram.com\/call_and_play\/"]}]}},"_links":{"self":[{"href":"https:\/\/www.callandplay.com\/ca\/wp-json\/wp\/v2\/product\/52998","targetHints":{"allow":["GET"]}}],"collection":[{"href":"https:\/\/www.callandplay.com\/ca\/wp-json\/wp\/v2\/product"}],"about":[{"href":"https:\/\/www.callandplay.com\/ca\/wp-json\/wp\/v2\/types\/product"}],"replies":[{"embeddable":true,"href":"https:\/\/www.callandplay.com\/ca\/wp-json\/wp\/v2\/comments?post=52998"}],"version-history":[{"count":1,"href":"https:\/\/www.callandplay.com\/ca\/wp-json\/wp\/v2\/product\/52998\/revisions"}],"predecessor-version":[{"id":55808,"href":"https:\/\/www.callandplay.com\/ca\/wp-json\/wp\/v2\/product\/52998\/revisions\/55808"}],"wp:attachment":[{"href":"https:\/\/www.callandplay.com\/ca\/wp-json\/wp\/v2\/media?parent=52998"}],"wp:term":[{"taxonomy":"product_brand","embeddable":true,"href":"https:\/\/www.callandplay.com\/ca\/wp-json\/wp\/v2\/product_brand?post=52998"},{"taxonomy":"product_cat","embeddable":true,"href":"https:\/\/www.callandplay.com\/ca\/wp-json\/wp\/v2\/product_cat?post=52998"},{"taxonomy":"product_tag","embeddable":true,"href":"https:\/\/www.callandplay.com\/ca\/wp-json\/wp\/v2\/product_tag?post=52998"}],"curies":[{"name":"wp","href":"https:\/\/api.w.org\/{rel}","templated":true}]}}