{"id":53011,"date":"2023-10-25T00:00:00","date_gmt":"2023-10-25T00:00:00","guid":{"rendered":"https:\/\/www.callandplay.com\/lp-1424-americana-kevin-ricard-signature-stringed-cajon-flamenco\/"},"modified":"2026-04-15T20:54:10","modified_gmt":"2026-04-15T20:54:10","slug":"lp-1424-americana-kevin-ricard-signature-stringed-cajon-flamenco","status":"publish","type":"product","link":"https:\/\/www.callandplay.com\/ca\/lp-1424-americana-kevin-ricard-signature-stringed-cajon-flamenco\/","title":{"rendered":"LP 1424 AMERICANA KEVIN RICARD SIGNATURE STRINGED CAJON FLAMENCO"},"content":{"rendered":"<p>Dise\u00f1ado junto con Kevin Ricard, este caj\u00f3n cuenta con el  mecanismo de afinaci\u00f3n patentado por LP, con cuatro cuerdas de guitarra D&#8217;Addario afinadas independientemente. Hecho con un cuerpo de 11 capas de abedul b\u00e1ltico y una hermosa caja de resonancia de duramen, el caj\u00f3n viene con esquinas en \u00e1ngulo para mayor comodidad al tocar.<\/p>","protected":false},"excerpt":{"rendered":"<p>Dise\u00f1ado junto con Kevin Ricard, este caj\u00f3n cuenta con el  mecanismo de afinaci\u00f3n patentado por LP, con cuatro cuerdas de guitarra D&#8217;Addario afinadas independientemente. Hecho con un cuerpo de 11 capas de abedul b\u00e1ltico y una hermosa caja de resonancia de duramen, el caj\u00f3n viene con esquinas en \u00e1ngulo para mayor comodidad al tocar.<\/p>","protected":false},"featured_media":0,"comment_status":"closed","ping_status":"closed","template":"","meta":{"_acf_changed":false,"om_disable_all_campaigns":false,"_monsterinsights_skip_tracking":false,"_monsterinsights_sitenote_active":false,"_monsterinsights_sitenote_note":"","_monsterinsights_sitenote_category":0},"product_brand":[],"product_cat":[1113],"product_tag":[],"class_list":{"0":"post-53011","1":"product","2":"type-product","3":"status-publish","5":"product_cat-cajones","7":"first","8":"instock","9":"shipping-taxable","10":"purchasable","11":"product-type-simple"},"acf":[],"yoast_head":"<!-- This site is optimized with the Yoast SEO plugin v27.4 - https:\/\/yoast.com\/product\/yoast-seo-wordpress\/ -->\n<title>LP 1424 AMERICANA KEVIN RICARD SIGNATURE STRINGED CAJON FLAMENCO - Call&amp;Play<\/title>\n<meta name=\"robots\" content=\"index, follow, max-snippet:-1, max-image-preview:large, max-video-preview:-1\" \/>\n<link rel=\"canonical\" href=\"https:\/\/www.callandplay.com\/ca\/lp-1424-americana-kevin-ricard-signature-stringed-cajon-flamenco\/\" \/>\n<meta property=\"og:locale\" content=\"ca_ES\" \/>\n<meta property=\"og:type\" content=\"article\" \/>\n<meta property=\"og:title\" content=\"LP 1424 AMERICANA KEVIN RICARD SIGNATURE STRINGED CAJON FLAMENCO - Call&amp;Play\" \/>\n<meta property=\"og:description\" content=\"Dise\u00f1ado junto con Kevin Ricard, este caj\u00f3n cuenta con el mecanismo de afinaci\u00f3n patentado por LP, con cuatro cuerdas de guitarra D&#039;Addario afinadas independientemente. Hecho con un cuerpo de 11 capas de abedul b\u00e1ltico y una hermosa caja de resonancia de duramen, el caj\u00f3n viene con esquinas en \u00e1ngulo para mayor comodidad al tocar.\" \/>\n<meta property=\"og:url\" content=\"https:\/\/www.callandplay.com\/ca\/lp-1424-americana-kevin-ricard-signature-stringed-cajon-flamenco\/\" \/>\n<meta property=\"og:site_name\" content=\"Call&amp;Play\" \/>\n<meta property=\"article:publisher\" content=\"https:\/\/www.facebook.com\/callandplay\" \/>\n<meta property=\"article:modified_time\" content=\"2026-04-15T20:54:10+00:00\" \/>\n<meta name=\"twitter:card\" content=\"summary_large_image\" \/>\n<script type=\"application\/ld+json\" class=\"yoast-schema-graph\">{\"@context\":\"https:\\\/\\\/schema.org\",\"@graph\":[{\"@type\":\"WebPage\",\"@id\":\"https:\\\/\\\/www.callandplay.com\\\/lp-1424-americana-kevin-ricard-signature-stringed-cajon-flamenco\\\/\",\"url\":\"https:\\\/\\\/www.callandplay.com\\\/lp-1424-americana-kevin-ricard-signature-stringed-cajon-flamenco\\\/\",\"name\":\"LP 1424 AMERICANA KEVIN RICARD SIGNATURE STRINGED CAJON FLAMENCO - Call&amp;Play\",\"isPartOf\":{\"@id\":\"https:\\\/\\\/www.callandplay.com\\\/#website\"},\"datePublished\":\"2023-10-25T00:00:00+00:00\",\"dateModified\":\"2026-04-15T20:54:10+00:00\",\"breadcrumb\":{\"@id\":\"https:\\\/\\\/www.callandplay.com\\\/lp-1424-americana-kevin-ricard-signature-stringed-cajon-flamenco\\\/#breadcrumb\"},\"inLanguage\":\"ca\",\"potentialAction\":[{\"@type\":\"ReadAction\",\"target\":[\"https:\\\/\\\/www.callandplay.com\\\/lp-1424-americana-kevin-ricard-signature-stringed-cajon-flamenco\\\/\"]}]},{\"@type\":\"BreadcrumbList\",\"@id\":\"https:\\\/\\\/www.callandplay.com\\\/lp-1424-americana-kevin-ricard-signature-stringed-cajon-flamenco\\\/#breadcrumb\",\"itemListElement\":[{\"@type\":\"ListItem\",\"position\":1,\"name\":\"Portada\",\"item\":\"https:\\\/\\\/www.callandplay.com\\\/\"},{\"@type\":\"ListItem\",\"position\":2,\"name\":\"Tienda\",\"item\":\"https:\\\/\\\/www.callandplay.com\\\/tienda\\\/\"},{\"@type\":\"ListItem\",\"position\":3,\"name\":\"LP 1424 AMERICANA KEVIN RICARD SIGNATURE STRINGED CAJON FLAMENCO\"}]},{\"@type\":\"WebSite\",\"@id\":\"https:\\\/\\\/www.callandplay.com\\\/#website\",\"url\":\"https:\\\/\\\/www.callandplay.com\\\/\",\"name\":\"Call&amp;Play\",\"description\":\"Alquiler de backline e instrumentos musicales\",\"publisher\":{\"@id\":\"https:\\\/\\\/www.callandplay.com\\\/#organization\"},\"potentialAction\":[{\"@type\":\"SearchAction\",\"target\":{\"@type\":\"EntryPoint\",\"urlTemplate\":\"https:\\\/\\\/www.callandplay.com\\\/?s={search_term_string}\"},\"query-input\":{\"@type\":\"PropertyValueSpecification\",\"valueRequired\":true,\"valueName\":\"search_term_string\"}}],\"inLanguage\":\"ca\"},{\"@type\":\"Organization\",\"@id\":\"https:\\\/\\\/www.callandplay.com\\\/#organization\",\"name\":\"Call&Play\",\"url\":\"https:\\\/\\\/www.callandplay.com\\\/\",\"logo\":{\"@type\":\"ImageObject\",\"inLanguage\":\"ca\",\"@id\":\"https:\\\/\\\/www.callandplay.com\\\/#\\\/schema\\\/logo\\\/image\\\/\",\"url\":\"https:\\\/\\\/www.callandplay.com\\\/wp-content\\\/uploads\\\/2021\\\/06\\\/cropped-cropped-logo-black_con_sombra.png\",\"contentUrl\":\"https:\\\/\\\/www.callandplay.com\\\/wp-content\\\/uploads\\\/2021\\\/06\\\/cropped-cropped-logo-black_con_sombra.png\",\"width\":512,\"height\":512,\"caption\":\"Call&Play\"},\"image\":{\"@id\":\"https:\\\/\\\/www.callandplay.com\\\/#\\\/schema\\\/logo\\\/image\\\/\"},\"sameAs\":[\"https:\\\/\\\/www.facebook.com\\\/callandplay\",\"https:\\\/\\\/www.instagram.com\\\/call_and_play\\\/\"]}]}<\/script>\n<!-- \/ Yoast SEO plugin. -->","yoast_head_json":{"title":"LP 1424 AMERICANA KEVIN RICARD SIGNATURE STRINGED CAJON FLAMENCO - Call&amp;Play","robots":{"index":"index","follow":"follow","max-snippet":"max-snippet:-1","max-image-preview":"max-image-preview:large","max-video-preview":"max-video-preview:-1"},"canonical":"https:\/\/www.callandplay.com\/ca\/lp-1424-americana-kevin-ricard-signature-stringed-cajon-flamenco\/","og_locale":"ca_ES","og_type":"article","og_title":"LP 1424 AMERICANA KEVIN RICARD SIGNATURE STRINGED CAJON FLAMENCO - Call&amp;Play","og_description":"Dise\u00f1ado junto con Kevin Ricard, este caj\u00f3n cuenta con el mecanismo de afinaci\u00f3n patentado por LP, con cuatro cuerdas de guitarra D'Addario afinadas independientemente. Hecho con un cuerpo de 11 capas de abedul b\u00e1ltico y una hermosa caja de resonancia de duramen, el caj\u00f3n viene con esquinas en \u00e1ngulo para mayor comodidad al tocar.","og_url":"https:\/\/www.callandplay.com\/ca\/lp-1424-americana-kevin-ricard-signature-stringed-cajon-flamenco\/","og_site_name":"Call&amp;Play","article_publisher":"https:\/\/www.facebook.com\/callandplay","article_modified_time":"2026-04-15T20:54:10+00:00","twitter_card":"summary_large_image","schema":{"@context":"https:\/\/schema.org","@graph":[{"@type":"WebPage","@id":"https:\/\/www.callandplay.com\/lp-1424-americana-kevin-ricard-signature-stringed-cajon-flamenco\/","url":"https:\/\/www.callandplay.com\/lp-1424-americana-kevin-ricard-signature-stringed-cajon-flamenco\/","name":"LP 1424 AMERICANA KEVIN RICARD SIGNATURE STRINGED CAJON FLAMENCO - Call&amp;Play","isPartOf":{"@id":"https:\/\/www.callandplay.com\/#website"},"datePublished":"2023-10-25T00:00:00+00:00","dateModified":"2026-04-15T20:54:10+00:00","breadcrumb":{"@id":"https:\/\/www.callandplay.com\/lp-1424-americana-kevin-ricard-signature-stringed-cajon-flamenco\/#breadcrumb"},"inLanguage":"ca","potentialAction":[{"@type":"ReadAction","target":["https:\/\/www.callandplay.com\/lp-1424-americana-kevin-ricard-signature-stringed-cajon-flamenco\/"]}]},{"@type":"BreadcrumbList","@id":"https:\/\/www.callandplay.com\/lp-1424-americana-kevin-ricard-signature-stringed-cajon-flamenco\/#breadcrumb","itemListElement":[{"@type":"ListItem","position":1,"name":"Portada","item":"https:\/\/www.callandplay.com\/"},{"@type":"ListItem","position":2,"name":"Tienda","item":"https:\/\/www.callandplay.com\/tienda\/"},{"@type":"ListItem","position":3,"name":"LP 1424 AMERICANA KEVIN RICARD SIGNATURE STRINGED CAJON FLAMENCO"}]},{"@type":"WebSite","@id":"https:\/\/www.callandplay.com\/#website","url":"https:\/\/www.callandplay.com\/","name":"Call&amp;Play","description":"Alquiler de backline e instrumentos musicales","publisher":{"@id":"https:\/\/www.callandplay.com\/#organization"},"potentialAction":[{"@type":"SearchAction","target":{"@type":"EntryPoint","urlTemplate":"https:\/\/www.callandplay.com\/?s={search_term_string}"},"query-input":{"@type":"PropertyValueSpecification","valueRequired":true,"valueName":"search_term_string"}}],"inLanguage":"ca"},{"@type":"Organization","@id":"https:\/\/www.callandplay.com\/#organization","name":"Call&Play","url":"https:\/\/www.callandplay.com\/","logo":{"@type":"ImageObject","inLanguage":"ca","@id":"https:\/\/www.callandplay.com\/#\/schema\/logo\/image\/","url":"https:\/\/www.callandplay.com\/wp-content\/uploads\/2021\/06\/cropped-cropped-logo-black_con_sombra.png","contentUrl":"https:\/\/www.callandplay.com\/wp-content\/uploads\/2021\/06\/cropped-cropped-logo-black_con_sombra.png","width":512,"height":512,"caption":"Call&Play"},"image":{"@id":"https:\/\/www.callandplay.com\/#\/schema\/logo\/image\/"},"sameAs":["https:\/\/www.facebook.com\/callandplay","https:\/\/www.instagram.com\/call_and_play\/"]}]}},"_links":{"self":[{"href":"https:\/\/www.callandplay.com\/ca\/wp-json\/wp\/v2\/product\/53011","targetHints":{"allow":["GET"]}}],"collection":[{"href":"https:\/\/www.callandplay.com\/ca\/wp-json\/wp\/v2\/product"}],"about":[{"href":"https:\/\/www.callandplay.com\/ca\/wp-json\/wp\/v2\/types\/product"}],"replies":[{"embeddable":true,"href":"https:\/\/www.callandplay.com\/ca\/wp-json\/wp\/v2\/comments?post=53011"}],"version-history":[{"count":1,"href":"https:\/\/www.callandplay.com\/ca\/wp-json\/wp\/v2\/product\/53011\/revisions"}],"predecessor-version":[{"id":55821,"href":"https:\/\/www.callandplay.com\/ca\/wp-json\/wp\/v2\/product\/53011\/revisions\/55821"}],"wp:attachment":[{"href":"https:\/\/www.callandplay.com\/ca\/wp-json\/wp\/v2\/media?parent=53011"}],"wp:term":[{"taxonomy":"product_brand","embeddable":true,"href":"https:\/\/www.callandplay.com\/ca\/wp-json\/wp\/v2\/product_brand?post=53011"},{"taxonomy":"product_cat","embeddable":true,"href":"https:\/\/www.callandplay.com\/ca\/wp-json\/wp\/v2\/product_cat?post=53011"},{"taxonomy":"product_tag","embeddable":true,"href":"https:\/\/www.callandplay.com\/ca\/wp-json\/wp\/v2\/product_tag?post=53011"}],"curies":[{"name":"wp","href":"https:\/\/api.w.org\/{rel}","templated":true}]}}