{"id":53067,"date":"2026-01-19T00:00:00","date_gmt":"2026-01-19T00:00:00","guid":{"rendered":"https:\/\/www.callandplay.com\/meinl-aeblmy-artisan-ed-buleria-line-cajon-mongoy\/"},"modified":"2026-04-15T20:54:12","modified_gmt":"2026-04-15T20:54:12","slug":"meinl-aeblmy-artisan-ed-buleria-line-cajon-mongoy","status":"publish","type":"product","link":"https:\/\/www.callandplay.com\/ca\/meinl-aeblmy-artisan-ed-buleria-line-cajon-mongoy\/","title":{"rendered":"MEINL AEBLMY ARTISAN ED. BULERIA LINE CAJ\u00d3N MONGOY"},"content":{"rendered":"<p>Dos juegos de 5 cuerdas ajustables (Separados por lado). Esquinas redondeadas y muescas para el pulgar para una comodidad y un sonido \u00f3ptimos. Pies de goma blanda especialmente formulados. Placa frontal ergon\u00f3micamente redondeada con contacto convexo. Tornillo de afinaci\u00f3n para ajustar la tensi\u00f3n de las cuerdas. Filtro pop en la boca. Sistema de reflejo de bajos. Material: Mongoy. Abedul b\u00e1ltico (Betula-Pendula).<\/p>","protected":false},"excerpt":{"rendered":"<p>Dos juegos de 5 cuerdas ajustables (Separados por lado). Esquinas redondeadas y muescas para el pulgar para una comodidad y un sonido \u00f3ptimos. Pies de goma blanda especialmente formulados. Placa frontal ergon\u00f3micamente redondeada con contacto convexo. Tornillo de afinaci\u00f3n para ajustar la tensi\u00f3n de las cuerdas. Filtro pop en la boca. Sistema de reflejo de bajos. Material: Mongoy. Abedul b\u00e1ltico (Betula-Pendula).<\/p>","protected":false},"featured_media":0,"comment_status":"closed","ping_status":"closed","template":"","meta":{"_acf_changed":false,"om_disable_all_campaigns":false,"_monsterinsights_skip_tracking":false,"_monsterinsights_sitenote_active":false,"_monsterinsights_sitenote_note":"","_monsterinsights_sitenote_category":0},"product_brand":[],"product_cat":[1113],"product_tag":[],"class_list":{"0":"post-53067","1":"product","2":"type-product","3":"status-publish","5":"product_cat-cajones","7":"first","8":"instock","9":"shipping-taxable","10":"purchasable","11":"product-type-simple"},"acf":[],"yoast_head":"<!-- This site is optimized with the Yoast SEO plugin v27.4 - https:\/\/yoast.com\/product\/yoast-seo-wordpress\/ -->\n<title>MEINL AEBLMY ARTISAN ED. BULERIA LINE CAJ\u00d3N MONGOY - Call&amp;Play<\/title>\n<meta name=\"robots\" content=\"index, follow, max-snippet:-1, max-image-preview:large, max-video-preview:-1\" \/>\n<link rel=\"canonical\" href=\"https:\/\/www.callandplay.com\/ca\/meinl-aeblmy-artisan-ed-buleria-line-cajon-mongoy\/\" \/>\n<meta property=\"og:locale\" content=\"ca_ES\" \/>\n<meta property=\"og:type\" content=\"article\" \/>\n<meta property=\"og:title\" content=\"MEINL AEBLMY ARTISAN ED. BULERIA LINE CAJ\u00d3N MONGOY - Call&amp;Play\" \/>\n<meta property=\"og:description\" content=\"Dos juegos de 5 cuerdas ajustables (Separados por lado). Esquinas redondeadas y muescas para el pulgar para una comodidad y un sonido \u00f3ptimos. Pies de goma blanda especialmente formulados. Placa frontal ergon\u00f3micamente redondeada con contacto convexo. Tornillo de afinaci\u00f3n para ajustar la tensi\u00f3n de las cuerdas. Filtro pop en la boca. Sistema de reflejo de bajos. Material: Mongoy. Abedul b\u00e1ltico (Betula-Pendula).\" \/>\n<meta property=\"og:url\" content=\"https:\/\/www.callandplay.com\/ca\/meinl-aeblmy-artisan-ed-buleria-line-cajon-mongoy\/\" \/>\n<meta property=\"og:site_name\" content=\"Call&amp;Play\" \/>\n<meta property=\"article:publisher\" content=\"https:\/\/www.facebook.com\/callandplay\" \/>\n<meta property=\"article:modified_time\" content=\"2026-04-15T20:54:12+00:00\" \/>\n<meta name=\"twitter:card\" content=\"summary_large_image\" \/>\n<script type=\"application\/ld+json\" class=\"yoast-schema-graph\">{\"@context\":\"https:\\\/\\\/schema.org\",\"@graph\":[{\"@type\":\"WebPage\",\"@id\":\"https:\\\/\\\/www.callandplay.com\\\/meinl-aeblmy-artisan-ed-buleria-line-cajon-mongoy\\\/\",\"url\":\"https:\\\/\\\/www.callandplay.com\\\/meinl-aeblmy-artisan-ed-buleria-line-cajon-mongoy\\\/\",\"name\":\"MEINL AEBLMY ARTISAN ED. BULERIA LINE CAJ\u00d3N MONGOY - Call&amp;Play\",\"isPartOf\":{\"@id\":\"https:\\\/\\\/www.callandplay.com\\\/#website\"},\"datePublished\":\"2026-01-19T00:00:00+00:00\",\"dateModified\":\"2026-04-15T20:54:12+00:00\",\"breadcrumb\":{\"@id\":\"https:\\\/\\\/www.callandplay.com\\\/meinl-aeblmy-artisan-ed-buleria-line-cajon-mongoy\\\/#breadcrumb\"},\"inLanguage\":\"ca\",\"potentialAction\":[{\"@type\":\"ReadAction\",\"target\":[\"https:\\\/\\\/www.callandplay.com\\\/meinl-aeblmy-artisan-ed-buleria-line-cajon-mongoy\\\/\"]}]},{\"@type\":\"BreadcrumbList\",\"@id\":\"https:\\\/\\\/www.callandplay.com\\\/meinl-aeblmy-artisan-ed-buleria-line-cajon-mongoy\\\/#breadcrumb\",\"itemListElement\":[{\"@type\":\"ListItem\",\"position\":1,\"name\":\"Portada\",\"item\":\"https:\\\/\\\/www.callandplay.com\\\/\"},{\"@type\":\"ListItem\",\"position\":2,\"name\":\"Tienda\",\"item\":\"https:\\\/\\\/www.callandplay.com\\\/tienda\\\/\"},{\"@type\":\"ListItem\",\"position\":3,\"name\":\"MEINL AEBLMY ARTISAN ED. BULERIA LINE CAJ\u00d3N MONGOY\"}]},{\"@type\":\"WebSite\",\"@id\":\"https:\\\/\\\/www.callandplay.com\\\/#website\",\"url\":\"https:\\\/\\\/www.callandplay.com\\\/\",\"name\":\"Call&amp;Play\",\"description\":\"Alquiler de backline e instrumentos musicales\",\"publisher\":{\"@id\":\"https:\\\/\\\/www.callandplay.com\\\/#organization\"},\"potentialAction\":[{\"@type\":\"SearchAction\",\"target\":{\"@type\":\"EntryPoint\",\"urlTemplate\":\"https:\\\/\\\/www.callandplay.com\\\/?s={search_term_string}\"},\"query-input\":{\"@type\":\"PropertyValueSpecification\",\"valueRequired\":true,\"valueName\":\"search_term_string\"}}],\"inLanguage\":\"ca\"},{\"@type\":\"Organization\",\"@id\":\"https:\\\/\\\/www.callandplay.com\\\/#organization\",\"name\":\"Call&Play\",\"url\":\"https:\\\/\\\/www.callandplay.com\\\/\",\"logo\":{\"@type\":\"ImageObject\",\"inLanguage\":\"ca\",\"@id\":\"https:\\\/\\\/www.callandplay.com\\\/#\\\/schema\\\/logo\\\/image\\\/\",\"url\":\"https:\\\/\\\/www.callandplay.com\\\/wp-content\\\/uploads\\\/2021\\\/06\\\/cropped-cropped-logo-black_con_sombra.png\",\"contentUrl\":\"https:\\\/\\\/www.callandplay.com\\\/wp-content\\\/uploads\\\/2021\\\/06\\\/cropped-cropped-logo-black_con_sombra.png\",\"width\":512,\"height\":512,\"caption\":\"Call&Play\"},\"image\":{\"@id\":\"https:\\\/\\\/www.callandplay.com\\\/#\\\/schema\\\/logo\\\/image\\\/\"},\"sameAs\":[\"https:\\\/\\\/www.facebook.com\\\/callandplay\",\"https:\\\/\\\/www.instagram.com\\\/call_and_play\\\/\"]}]}<\/script>\n<!-- \/ Yoast SEO plugin. -->","yoast_head_json":{"title":"MEINL AEBLMY ARTISAN ED. BULERIA LINE CAJ\u00d3N MONGOY - Call&amp;Play","robots":{"index":"index","follow":"follow","max-snippet":"max-snippet:-1","max-image-preview":"max-image-preview:large","max-video-preview":"max-video-preview:-1"},"canonical":"https:\/\/www.callandplay.com\/ca\/meinl-aeblmy-artisan-ed-buleria-line-cajon-mongoy\/","og_locale":"ca_ES","og_type":"article","og_title":"MEINL AEBLMY ARTISAN ED. BULERIA LINE CAJ\u00d3N MONGOY - Call&amp;Play","og_description":"Dos juegos de 5 cuerdas ajustables (Separados por lado). Esquinas redondeadas y muescas para el pulgar para una comodidad y un sonido \u00f3ptimos. Pies de goma blanda especialmente formulados. Placa frontal ergon\u00f3micamente redondeada con contacto convexo. Tornillo de afinaci\u00f3n para ajustar la tensi\u00f3n de las cuerdas. Filtro pop en la boca. Sistema de reflejo de bajos. Material: Mongoy. Abedul b\u00e1ltico (Betula-Pendula).","og_url":"https:\/\/www.callandplay.com\/ca\/meinl-aeblmy-artisan-ed-buleria-line-cajon-mongoy\/","og_site_name":"Call&amp;Play","article_publisher":"https:\/\/www.facebook.com\/callandplay","article_modified_time":"2026-04-15T20:54:12+00:00","twitter_card":"summary_large_image","schema":{"@context":"https:\/\/schema.org","@graph":[{"@type":"WebPage","@id":"https:\/\/www.callandplay.com\/meinl-aeblmy-artisan-ed-buleria-line-cajon-mongoy\/","url":"https:\/\/www.callandplay.com\/meinl-aeblmy-artisan-ed-buleria-line-cajon-mongoy\/","name":"MEINL AEBLMY ARTISAN ED. BULERIA LINE CAJ\u00d3N MONGOY - Call&amp;Play","isPartOf":{"@id":"https:\/\/www.callandplay.com\/#website"},"datePublished":"2026-01-19T00:00:00+00:00","dateModified":"2026-04-15T20:54:12+00:00","breadcrumb":{"@id":"https:\/\/www.callandplay.com\/meinl-aeblmy-artisan-ed-buleria-line-cajon-mongoy\/#breadcrumb"},"inLanguage":"ca","potentialAction":[{"@type":"ReadAction","target":["https:\/\/www.callandplay.com\/meinl-aeblmy-artisan-ed-buleria-line-cajon-mongoy\/"]}]},{"@type":"BreadcrumbList","@id":"https:\/\/www.callandplay.com\/meinl-aeblmy-artisan-ed-buleria-line-cajon-mongoy\/#breadcrumb","itemListElement":[{"@type":"ListItem","position":1,"name":"Portada","item":"https:\/\/www.callandplay.com\/"},{"@type":"ListItem","position":2,"name":"Tienda","item":"https:\/\/www.callandplay.com\/tienda\/"},{"@type":"ListItem","position":3,"name":"MEINL AEBLMY ARTISAN ED. BULERIA LINE CAJ\u00d3N MONGOY"}]},{"@type":"WebSite","@id":"https:\/\/www.callandplay.com\/#website","url":"https:\/\/www.callandplay.com\/","name":"Call&amp;Play","description":"Alquiler de backline e instrumentos musicales","publisher":{"@id":"https:\/\/www.callandplay.com\/#organization"},"potentialAction":[{"@type":"SearchAction","target":{"@type":"EntryPoint","urlTemplate":"https:\/\/www.callandplay.com\/?s={search_term_string}"},"query-input":{"@type":"PropertyValueSpecification","valueRequired":true,"valueName":"search_term_string"}}],"inLanguage":"ca"},{"@type":"Organization","@id":"https:\/\/www.callandplay.com\/#organization","name":"Call&Play","url":"https:\/\/www.callandplay.com\/","logo":{"@type":"ImageObject","inLanguage":"ca","@id":"https:\/\/www.callandplay.com\/#\/schema\/logo\/image\/","url":"https:\/\/www.callandplay.com\/wp-content\/uploads\/2021\/06\/cropped-cropped-logo-black_con_sombra.png","contentUrl":"https:\/\/www.callandplay.com\/wp-content\/uploads\/2021\/06\/cropped-cropped-logo-black_con_sombra.png","width":512,"height":512,"caption":"Call&Play"},"image":{"@id":"https:\/\/www.callandplay.com\/#\/schema\/logo\/image\/"},"sameAs":["https:\/\/www.facebook.com\/callandplay","https:\/\/www.instagram.com\/call_and_play\/"]}]}},"_links":{"self":[{"href":"https:\/\/www.callandplay.com\/ca\/wp-json\/wp\/v2\/product\/53067","targetHints":{"allow":["GET"]}}],"collection":[{"href":"https:\/\/www.callandplay.com\/ca\/wp-json\/wp\/v2\/product"}],"about":[{"href":"https:\/\/www.callandplay.com\/ca\/wp-json\/wp\/v2\/types\/product"}],"replies":[{"embeddable":true,"href":"https:\/\/www.callandplay.com\/ca\/wp-json\/wp\/v2\/comments?post=53067"}],"version-history":[{"count":1,"href":"https:\/\/www.callandplay.com\/ca\/wp-json\/wp\/v2\/product\/53067\/revisions"}],"predecessor-version":[{"id":55877,"href":"https:\/\/www.callandplay.com\/ca\/wp-json\/wp\/v2\/product\/53067\/revisions\/55877"}],"wp:attachment":[{"href":"https:\/\/www.callandplay.com\/ca\/wp-json\/wp\/v2\/media?parent=53067"}],"wp:term":[{"taxonomy":"product_brand","embeddable":true,"href":"https:\/\/www.callandplay.com\/ca\/wp-json\/wp\/v2\/product_brand?post=53067"},{"taxonomy":"product_cat","embeddable":true,"href":"https:\/\/www.callandplay.com\/ca\/wp-json\/wp\/v2\/product_cat?post=53067"},{"taxonomy":"product_tag","embeddable":true,"href":"https:\/\/www.callandplay.com\/ca\/wp-json\/wp\/v2\/product_tag?post=53067"}],"curies":[{"name":"wp","href":"https:\/\/api.w.org\/{rel}","templated":true}]}}