{"id":53101,"date":"2024-02-26T00:00:00","date_gmt":"2024-02-26T00:00:00","guid":{"rendered":"https:\/\/www.callandplay.com\/denon-sc-6000-dj-player\/"},"modified":"2026-04-15T20:54:13","modified_gmt":"2026-04-15T20:54:13","slug":"denon-sc-6000-dj-player","status":"publish","type":"product","link":"https:\/\/www.callandplay.com\/ca\/denon-sc-6000-dj-player\/","title":{"rendered":"DENON SC 6000 DJ PLAYER"},"content":{"rendered":"<p>Impulsada por el software integrado m\u00e1s avanzado del mundo, Engine OS, la gama Denon SC de reproductores de medios digitales cuenta con pantallas t\u00e1ctiles HD grandes y receptivas con flujos de trabajo intuitivos y familiares, calidad de audio impecable y conectividad de nivel profesional para dispositivos m\u00f3viles, clubes y conciertos en el escenario. Habilitado para Wi-Fi para acceder y reproducir servicios de transmisi\u00f3n de m\u00fasica de primer nivel, como Beatport LINK, Beatsource LINK, SoundCloud GO+ y TIDAL, adem\u00e1s de una conexi\u00f3n directa a la nube con integraci\u00f3n de Dropbox integrada. Rico en funciones, incluidas varias capacidades l\u00edderes en la industria, como reproducci\u00f3n de doble capa, an\u00e1lisis de m\u00fasica integrado y el mejor estiramiento de tiempo de su clase que produce una reproducci\u00f3n de audio s\u00f3nicamente perfecta en los cambios de tempo m\u00e1s extremos.<\/p>","protected":false},"excerpt":{"rendered":"<p>Impulsada por el software integrado m\u00e1s avanzado del mundo, Engine OS, la gama Denon SC de reproductores de medios digitales cuenta con pantallas t\u00e1ctiles HD grandes y receptivas con flujos de trabajo intuitivos y familiares, calidad de audio impecable y conectividad de nivel profesional para dispositivos m\u00f3viles, clubes y conciertos en el escenario. Habilitado para Wi-Fi para acceder y reproducir servicios de transmisi\u00f3n de m\u00fasica de primer nivel, como Beatport LINK, Beatsource LINK, SoundCloud GO+ y TIDAL, adem\u00e1s de una conexi\u00f3n directa a la nube con integraci\u00f3n de Dropbox integrada. Rico en funciones, incluidas varias capacidades l\u00edderes en la industria, como reproducci\u00f3n de doble capa, an\u00e1lisis de m\u00fasica integrado y el mejor estiramiento de tiempo de su clase que produce una reproducci\u00f3n de audio s\u00f3nicamente perfecta en los cambios de tempo m\u00e1s extremos.<\/p>","protected":false},"featured_media":0,"comment_status":"closed","ping_status":"closed","template":"","meta":{"_acf_changed":false,"om_disable_all_campaigns":false,"_monsterinsights_skip_tracking":false,"_monsterinsights_sitenote_active":false,"_monsterinsights_sitenote_note":"","_monsterinsights_sitenote_category":0},"product_brand":[],"product_cat":[848],"product_tag":[],"class_list":{"0":"post-53101","1":"product","2":"type-product","3":"status-publish","5":"product_cat-reproductores-dj","7":"first","8":"instock","9":"shipping-taxable","10":"purchasable","11":"product-type-simple"},"acf":[],"yoast_head":"<!-- This site is optimized with the Yoast SEO plugin v27.3 - https:\/\/yoast.com\/product\/yoast-seo-wordpress\/ -->\n<title>DENON SC 6000 DJ PLAYER - Call&amp;Play<\/title>\n<meta name=\"robots\" content=\"index, follow, max-snippet:-1, max-image-preview:large, max-video-preview:-1\" \/>\n<link rel=\"canonical\" href=\"https:\/\/www.callandplay.com\/ca\/denon-sc-6000-dj-player\/\" \/>\n<meta property=\"og:locale\" content=\"ca_ES\" \/>\n<meta property=\"og:type\" content=\"article\" \/>\n<meta property=\"og:title\" content=\"DENON SC 6000 DJ PLAYER - Call&amp;Play\" \/>\n<meta property=\"og:description\" content=\"Impulsada por el software integrado m\u00e1s avanzado del mundo, Engine OS, la gama Denon SC de reproductores de medios digitales cuenta con pantallas t\u00e1ctiles HD grandes y receptivas con flujos de trabajo intuitivos y familiares, calidad de audio impecable y conectividad de nivel profesional para dispositivos m\u00f3viles, clubes y conciertos en el escenario. Habilitado para Wi-Fi para acceder y reproducir servicios de transmisi\u00f3n de m\u00fasica de primer nivel, como Beatport LINK, Beatsource LINK, SoundCloud GO+ y TIDAL, adem\u00e1s de una conexi\u00f3n directa a la nube con integraci\u00f3n de Dropbox integrada. Rico en funciones, incluidas varias capacidades l\u00edderes en la industria, como reproducci\u00f3n de doble capa, an\u00e1lisis de m\u00fasica integrado y el mejor estiramiento de tiempo de su clase que produce una reproducci\u00f3n de audio s\u00f3nicamente perfecta en los cambios de tempo m\u00e1s extremos.\" \/>\n<meta property=\"og:url\" content=\"https:\/\/www.callandplay.com\/ca\/denon-sc-6000-dj-player\/\" \/>\n<meta property=\"og:site_name\" content=\"Call&amp;Play\" \/>\n<meta property=\"article:publisher\" content=\"https:\/\/www.facebook.com\/callandplay\" \/>\n<meta property=\"article:modified_time\" content=\"2026-04-15T20:54:13+00:00\" \/>\n<meta name=\"twitter:card\" content=\"summary_large_image\" \/>\n<meta name=\"twitter:label1\" content=\"Temps estimat de lectura\" \/>\n\t<meta name=\"twitter:data1\" content=\"1 minut\" \/>\n<script type=\"application\/ld+json\" class=\"yoast-schema-graph\">{\"@context\":\"https:\\\/\\\/schema.org\",\"@graph\":[{\"@type\":\"WebPage\",\"@id\":\"https:\\\/\\\/www.callandplay.com\\\/denon-sc-6000-dj-player\\\/\",\"url\":\"https:\\\/\\\/www.callandplay.com\\\/denon-sc-6000-dj-player\\\/\",\"name\":\"DENON SC 6000 DJ PLAYER - Call&amp;Play\",\"isPartOf\":{\"@id\":\"https:\\\/\\\/www.callandplay.com\\\/#website\"},\"datePublished\":\"2024-02-26T00:00:00+00:00\",\"dateModified\":\"2026-04-15T20:54:13+00:00\",\"breadcrumb\":{\"@id\":\"https:\\\/\\\/www.callandplay.com\\\/denon-sc-6000-dj-player\\\/#breadcrumb\"},\"inLanguage\":\"ca\",\"potentialAction\":[{\"@type\":\"ReadAction\",\"target\":[\"https:\\\/\\\/www.callandplay.com\\\/denon-sc-6000-dj-player\\\/\"]}]},{\"@type\":\"BreadcrumbList\",\"@id\":\"https:\\\/\\\/www.callandplay.com\\\/denon-sc-6000-dj-player\\\/#breadcrumb\",\"itemListElement\":[{\"@type\":\"ListItem\",\"position\":1,\"name\":\"Portada\",\"item\":\"https:\\\/\\\/www.callandplay.com\\\/\"},{\"@type\":\"ListItem\",\"position\":2,\"name\":\"Tienda\",\"item\":\"https:\\\/\\\/www.callandplay.com\\\/tienda\\\/\"},{\"@type\":\"ListItem\",\"position\":3,\"name\":\"DENON SC 6000 DJ PLAYER\"}]},{\"@type\":\"WebSite\",\"@id\":\"https:\\\/\\\/www.callandplay.com\\\/#website\",\"url\":\"https:\\\/\\\/www.callandplay.com\\\/\",\"name\":\"Call&amp;Play\",\"description\":\"Alquiler de backline e instrumentos musicales\",\"publisher\":{\"@id\":\"https:\\\/\\\/www.callandplay.com\\\/#organization\"},\"potentialAction\":[{\"@type\":\"SearchAction\",\"target\":{\"@type\":\"EntryPoint\",\"urlTemplate\":\"https:\\\/\\\/www.callandplay.com\\\/?s={search_term_string}\"},\"query-input\":{\"@type\":\"PropertyValueSpecification\",\"valueRequired\":true,\"valueName\":\"search_term_string\"}}],\"inLanguage\":\"ca\"},{\"@type\":\"Organization\",\"@id\":\"https:\\\/\\\/www.callandplay.com\\\/#organization\",\"name\":\"Call&Play\",\"url\":\"https:\\\/\\\/www.callandplay.com\\\/\",\"logo\":{\"@type\":\"ImageObject\",\"inLanguage\":\"ca\",\"@id\":\"https:\\\/\\\/www.callandplay.com\\\/#\\\/schema\\\/logo\\\/image\\\/\",\"url\":\"https:\\\/\\\/www.callandplay.com\\\/wp-content\\\/uploads\\\/2021\\\/06\\\/cropped-cropped-logo-black_con_sombra.png\",\"contentUrl\":\"https:\\\/\\\/www.callandplay.com\\\/wp-content\\\/uploads\\\/2021\\\/06\\\/cropped-cropped-logo-black_con_sombra.png\",\"width\":512,\"height\":512,\"caption\":\"Call&Play\"},\"image\":{\"@id\":\"https:\\\/\\\/www.callandplay.com\\\/#\\\/schema\\\/logo\\\/image\\\/\"},\"sameAs\":[\"https:\\\/\\\/www.facebook.com\\\/callandplay\",\"https:\\\/\\\/www.instagram.com\\\/call_and_play\\\/\"]}]}<\/script>\n<!-- \/ Yoast SEO plugin. -->","yoast_head_json":{"title":"DENON SC 6000 DJ PLAYER - Call&amp;Play","robots":{"index":"index","follow":"follow","max-snippet":"max-snippet:-1","max-image-preview":"max-image-preview:large","max-video-preview":"max-video-preview:-1"},"canonical":"https:\/\/www.callandplay.com\/ca\/denon-sc-6000-dj-player\/","og_locale":"ca_ES","og_type":"article","og_title":"DENON SC 6000 DJ PLAYER - Call&amp;Play","og_description":"Impulsada por el software integrado m\u00e1s avanzado del mundo, Engine OS, la gama Denon SC de reproductores de medios digitales cuenta con pantallas t\u00e1ctiles HD grandes y receptivas con flujos de trabajo intuitivos y familiares, calidad de audio impecable y conectividad de nivel profesional para dispositivos m\u00f3viles, clubes y conciertos en el escenario. Habilitado para Wi-Fi para acceder y reproducir servicios de transmisi\u00f3n de m\u00fasica de primer nivel, como Beatport LINK, Beatsource LINK, SoundCloud GO+ y TIDAL, adem\u00e1s de una conexi\u00f3n directa a la nube con integraci\u00f3n de Dropbox integrada. Rico en funciones, incluidas varias capacidades l\u00edderes en la industria, como reproducci\u00f3n de doble capa, an\u00e1lisis de m\u00fasica integrado y el mejor estiramiento de tiempo de su clase que produce una reproducci\u00f3n de audio s\u00f3nicamente perfecta en los cambios de tempo m\u00e1s extremos.","og_url":"https:\/\/www.callandplay.com\/ca\/denon-sc-6000-dj-player\/","og_site_name":"Call&amp;Play","article_publisher":"https:\/\/www.facebook.com\/callandplay","article_modified_time":"2026-04-15T20:54:13+00:00","twitter_card":"summary_large_image","twitter_misc":{"Temps estimat de lectura":"1 minut"},"schema":{"@context":"https:\/\/schema.org","@graph":[{"@type":"WebPage","@id":"https:\/\/www.callandplay.com\/denon-sc-6000-dj-player\/","url":"https:\/\/www.callandplay.com\/denon-sc-6000-dj-player\/","name":"DENON SC 6000 DJ PLAYER - Call&amp;Play","isPartOf":{"@id":"https:\/\/www.callandplay.com\/#website"},"datePublished":"2024-02-26T00:00:00+00:00","dateModified":"2026-04-15T20:54:13+00:00","breadcrumb":{"@id":"https:\/\/www.callandplay.com\/denon-sc-6000-dj-player\/#breadcrumb"},"inLanguage":"ca","potentialAction":[{"@type":"ReadAction","target":["https:\/\/www.callandplay.com\/denon-sc-6000-dj-player\/"]}]},{"@type":"BreadcrumbList","@id":"https:\/\/www.callandplay.com\/denon-sc-6000-dj-player\/#breadcrumb","itemListElement":[{"@type":"ListItem","position":1,"name":"Portada","item":"https:\/\/www.callandplay.com\/"},{"@type":"ListItem","position":2,"name":"Tienda","item":"https:\/\/www.callandplay.com\/tienda\/"},{"@type":"ListItem","position":3,"name":"DENON SC 6000 DJ PLAYER"}]},{"@type":"WebSite","@id":"https:\/\/www.callandplay.com\/#website","url":"https:\/\/www.callandplay.com\/","name":"Call&amp;Play","description":"Alquiler de backline e instrumentos musicales","publisher":{"@id":"https:\/\/www.callandplay.com\/#organization"},"potentialAction":[{"@type":"SearchAction","target":{"@type":"EntryPoint","urlTemplate":"https:\/\/www.callandplay.com\/?s={search_term_string}"},"query-input":{"@type":"PropertyValueSpecification","valueRequired":true,"valueName":"search_term_string"}}],"inLanguage":"ca"},{"@type":"Organization","@id":"https:\/\/www.callandplay.com\/#organization","name":"Call&Play","url":"https:\/\/www.callandplay.com\/","logo":{"@type":"ImageObject","inLanguage":"ca","@id":"https:\/\/www.callandplay.com\/#\/schema\/logo\/image\/","url":"https:\/\/www.callandplay.com\/wp-content\/uploads\/2021\/06\/cropped-cropped-logo-black_con_sombra.png","contentUrl":"https:\/\/www.callandplay.com\/wp-content\/uploads\/2021\/06\/cropped-cropped-logo-black_con_sombra.png","width":512,"height":512,"caption":"Call&Play"},"image":{"@id":"https:\/\/www.callandplay.com\/#\/schema\/logo\/image\/"},"sameAs":["https:\/\/www.facebook.com\/callandplay","https:\/\/www.instagram.com\/call_and_play\/"]}]}},"_links":{"self":[{"href":"https:\/\/www.callandplay.com\/ca\/wp-json\/wp\/v2\/product\/53101","targetHints":{"allow":["GET"]}}],"collection":[{"href":"https:\/\/www.callandplay.com\/ca\/wp-json\/wp\/v2\/product"}],"about":[{"href":"https:\/\/www.callandplay.com\/ca\/wp-json\/wp\/v2\/types\/product"}],"replies":[{"embeddable":true,"href":"https:\/\/www.callandplay.com\/ca\/wp-json\/wp\/v2\/comments?post=53101"}],"version-history":[{"count":1,"href":"https:\/\/www.callandplay.com\/ca\/wp-json\/wp\/v2\/product\/53101\/revisions"}],"predecessor-version":[{"id":55911,"href":"https:\/\/www.callandplay.com\/ca\/wp-json\/wp\/v2\/product\/53101\/revisions\/55911"}],"wp:attachment":[{"href":"https:\/\/www.callandplay.com\/ca\/wp-json\/wp\/v2\/media?parent=53101"}],"wp:term":[{"taxonomy":"product_brand","embeddable":true,"href":"https:\/\/www.callandplay.com\/ca\/wp-json\/wp\/v2\/product_brand?post=53101"},{"taxonomy":"product_cat","embeddable":true,"href":"https:\/\/www.callandplay.com\/ca\/wp-json\/wp\/v2\/product_cat?post=53101"},{"taxonomy":"product_tag","embeddable":true,"href":"https:\/\/www.callandplay.com\/ca\/wp-json\/wp\/v2\/product_tag?post=53101"}],"curies":[{"name":"wp","href":"https:\/\/api.w.org\/{rel}","templated":true}]}}