{"id":53128,"date":"2024-03-13T00:00:00","date_gmt":"2024-03-13T00:00:00","guid":{"rendered":"https:\/\/www.callandplay.com\/sequential-prophet-rev2-8\/"},"modified":"2026-04-05T20:35:51","modified_gmt":"2026-04-05T20:35:51","slug":"sequential-prophet-rev2-8","status":"publish","type":"product","link":"https:\/\/www.callandplay.com\/ca\/sequential-prophet-rev2-8\/","title":{"rendered":"SEQUENTIAL PROPHET REV2-8"},"content":{"rendered":"<p>El Prophet Rev2 es la reinvenci\u00f3n de Dave Smith de su sintetizador polif\u00f3nico Prophet &#8217;08, un cl\u00e1sico moderno que ha aparecido en innumerables grabaciones y escenarios desde su debut en 2007. El Prophet Rev2 conserva todas las caracter\u00edsticas clave del Prophet &#8217;08 y las ampl\u00eda. Tiene el doble de polifon\u00eda, el doble de matriz de modulaci\u00f3n, modulaci\u00f3n de forma de onda en todas las formas de onda, efectos digitales por capa en modo de voz apilada o dividida, un secuenciador de pasos polif\u00f3nico por capa y m\u00e1s. El resultado es una verdadera potencia de encendido. Lo mejor de todo es que puede descargar cualquiera de las muchas bibliotecas existentes de sonidos de Prophet &#8217;08 y no solo sonar\u00e1n id\u00e9nticos, sino que se pueden mejorar con las nuevas funciones.<\/p>","protected":false},"excerpt":{"rendered":"<p>El Prophet Rev2 es la reinvenci\u00f3n de Dave Smith de su sintetizador polif\u00f3nico Prophet &#8217;08, un cl\u00e1sico moderno que ha aparecido en innumerables grabaciones y escenarios desde su debut en 2007. El Prophet Rev2 conserva todas las caracter\u00edsticas clave del Prophet &#8217;08 y las ampl\u00eda. Tiene el doble de polifon\u00eda, el doble de matriz de modulaci\u00f3n, modulaci\u00f3n de forma de onda en todas las formas de onda, efectos digitales por capa en modo de voz apilada o dividida, un secuenciador de pasos polif\u00f3nico por capa y m\u00e1s. El resultado es una verdadera potencia de encendido. Lo mejor de todo es que puede descargar cualquiera de las muchas bibliotecas existentes de sonidos de Prophet &#8217;08 y no solo sonar\u00e1n id\u00e9nticos, sino que se pueden mejorar con las nuevas funciones.<\/p>","protected":false},"featured_media":0,"comment_status":"closed","ping_status":"closed","template":"","meta":{"_acf_changed":false,"om_disable_all_campaigns":false,"_monsterinsights_skip_tracking":false,"_monsterinsights_sitenote_active":false,"_monsterinsights_sitenote_note":"","_monsterinsights_sitenote_category":0},"product_brand":[],"product_cat":[1078],"product_tag":[],"class_list":{"0":"post-53128","1":"product","2":"type-product","3":"status-publish","5":"product_cat-sintetizadores-y-workstations","7":"first","8":"instock","9":"shipping-taxable","10":"purchasable","11":"product-type-simple"},"acf":[],"yoast_head":"<!-- This site is optimized with the Yoast SEO plugin v27.3 - https:\/\/yoast.com\/product\/yoast-seo-wordpress\/ -->\n<title>SEQUENTIAL PROPHET REV2-8 - Call&amp;Play<\/title>\n<meta name=\"robots\" content=\"index, follow, max-snippet:-1, max-image-preview:large, max-video-preview:-1\" \/>\n<link rel=\"canonical\" href=\"https:\/\/www.callandplay.com\/ca\/sequential-prophet-rev2-8\/\" \/>\n<meta property=\"og:locale\" content=\"ca_ES\" \/>\n<meta property=\"og:type\" content=\"article\" \/>\n<meta property=\"og:title\" content=\"SEQUENTIAL PROPHET REV2-8 - Call&amp;Play\" \/>\n<meta property=\"og:description\" content=\"El Prophet Rev2 es la reinvenci\u00f3n de Dave Smith de su sintetizador polif\u00f3nico Prophet &#039;08, un cl\u00e1sico moderno que ha aparecido en innumerables grabaciones y escenarios desde su debut en 2007. El Prophet Rev2 conserva todas las caracter\u00edsticas clave del Prophet &#039;08 y las ampl\u00eda. Tiene el doble de polifon\u00eda, el doble de matriz de modulaci\u00f3n, modulaci\u00f3n de forma de onda en todas las formas de onda, efectos digitales por capa en modo de voz apilada o dividida, un secuenciador de pasos polif\u00f3nico por capa y m\u00e1s. El resultado es una verdadera potencia de encendido. Lo mejor de todo es que puede descargar cualquiera de las muchas bibliotecas existentes de sonidos de Prophet &#039;08 y no solo sonar\u00e1n id\u00e9nticos, sino que se pueden mejorar con las nuevas funciones.\" \/>\n<meta property=\"og:url\" content=\"https:\/\/www.callandplay.com\/ca\/sequential-prophet-rev2-8\/\" \/>\n<meta property=\"og:site_name\" content=\"Call&amp;Play\" \/>\n<meta property=\"article:publisher\" content=\"https:\/\/www.facebook.com\/callandplay\" \/>\n<meta property=\"article:modified_time\" content=\"2026-04-05T20:35:51+00:00\" \/>\n<meta name=\"twitter:card\" content=\"summary_large_image\" \/>\n<meta name=\"twitter:label1\" content=\"Temps estimat de lectura\" \/>\n\t<meta name=\"twitter:data1\" content=\"1 minut\" \/>\n<script type=\"application\/ld+json\" class=\"yoast-schema-graph\">{\"@context\":\"https:\\\/\\\/schema.org\",\"@graph\":[{\"@type\":\"WebPage\",\"@id\":\"https:\\\/\\\/www.callandplay.com\\\/sequential-prophet-rev2-8\\\/\",\"url\":\"https:\\\/\\\/www.callandplay.com\\\/sequential-prophet-rev2-8\\\/\",\"name\":\"SEQUENTIAL PROPHET REV2-8 - Call&amp;Play\",\"isPartOf\":{\"@id\":\"https:\\\/\\\/www.callandplay.com\\\/#website\"},\"datePublished\":\"2024-03-13T00:00:00+00:00\",\"dateModified\":\"2026-04-05T20:35:51+00:00\",\"breadcrumb\":{\"@id\":\"https:\\\/\\\/www.callandplay.com\\\/sequential-prophet-rev2-8\\\/#breadcrumb\"},\"inLanguage\":\"ca\",\"potentialAction\":[{\"@type\":\"ReadAction\",\"target\":[\"https:\\\/\\\/www.callandplay.com\\\/sequential-prophet-rev2-8\\\/\"]}]},{\"@type\":\"BreadcrumbList\",\"@id\":\"https:\\\/\\\/www.callandplay.com\\\/sequential-prophet-rev2-8\\\/#breadcrumb\",\"itemListElement\":[{\"@type\":\"ListItem\",\"position\":1,\"name\":\"Portada\",\"item\":\"https:\\\/\\\/www.callandplay.com\\\/\"},{\"@type\":\"ListItem\",\"position\":2,\"name\":\"Tienda\",\"item\":\"https:\\\/\\\/www.callandplay.com\\\/tienda\\\/\"},{\"@type\":\"ListItem\",\"position\":3,\"name\":\"SEQUENTIAL PROPHET REV2-8\"}]},{\"@type\":\"WebSite\",\"@id\":\"https:\\\/\\\/www.callandplay.com\\\/#website\",\"url\":\"https:\\\/\\\/www.callandplay.com\\\/\",\"name\":\"Call&amp;Play\",\"description\":\"Alquiler de backline e instrumentos musicales\",\"publisher\":{\"@id\":\"https:\\\/\\\/www.callandplay.com\\\/#organization\"},\"potentialAction\":[{\"@type\":\"SearchAction\",\"target\":{\"@type\":\"EntryPoint\",\"urlTemplate\":\"https:\\\/\\\/www.callandplay.com\\\/?s={search_term_string}\"},\"query-input\":{\"@type\":\"PropertyValueSpecification\",\"valueRequired\":true,\"valueName\":\"search_term_string\"}}],\"inLanguage\":\"ca\"},{\"@type\":\"Organization\",\"@id\":\"https:\\\/\\\/www.callandplay.com\\\/#organization\",\"name\":\"Call&Play\",\"url\":\"https:\\\/\\\/www.callandplay.com\\\/\",\"logo\":{\"@type\":\"ImageObject\",\"inLanguage\":\"ca\",\"@id\":\"https:\\\/\\\/www.callandplay.com\\\/#\\\/schema\\\/logo\\\/image\\\/\",\"url\":\"https:\\\/\\\/www.callandplay.com\\\/wp-content\\\/uploads\\\/2021\\\/06\\\/cropped-cropped-logo-black_con_sombra.png\",\"contentUrl\":\"https:\\\/\\\/www.callandplay.com\\\/wp-content\\\/uploads\\\/2021\\\/06\\\/cropped-cropped-logo-black_con_sombra.png\",\"width\":512,\"height\":512,\"caption\":\"Call&Play\"},\"image\":{\"@id\":\"https:\\\/\\\/www.callandplay.com\\\/#\\\/schema\\\/logo\\\/image\\\/\"},\"sameAs\":[\"https:\\\/\\\/www.facebook.com\\\/callandplay\",\"https:\\\/\\\/www.instagram.com\\\/call_and_play\\\/\"]}]}<\/script>\n<!-- \/ Yoast SEO plugin. -->","yoast_head_json":{"title":"SEQUENTIAL PROPHET REV2-8 - Call&amp;Play","robots":{"index":"index","follow":"follow","max-snippet":"max-snippet:-1","max-image-preview":"max-image-preview:large","max-video-preview":"max-video-preview:-1"},"canonical":"https:\/\/www.callandplay.com\/ca\/sequential-prophet-rev2-8\/","og_locale":"ca_ES","og_type":"article","og_title":"SEQUENTIAL PROPHET REV2-8 - Call&amp;Play","og_description":"El Prophet Rev2 es la reinvenci\u00f3n de Dave Smith de su sintetizador polif\u00f3nico Prophet '08, un cl\u00e1sico moderno que ha aparecido en innumerables grabaciones y escenarios desde su debut en 2007. El Prophet Rev2 conserva todas las caracter\u00edsticas clave del Prophet '08 y las ampl\u00eda. Tiene el doble de polifon\u00eda, el doble de matriz de modulaci\u00f3n, modulaci\u00f3n de forma de onda en todas las formas de onda, efectos digitales por capa en modo de voz apilada o dividida, un secuenciador de pasos polif\u00f3nico por capa y m\u00e1s. El resultado es una verdadera potencia de encendido. Lo mejor de todo es que puede descargar cualquiera de las muchas bibliotecas existentes de sonidos de Prophet '08 y no solo sonar\u00e1n id\u00e9nticos, sino que se pueden mejorar con las nuevas funciones.","og_url":"https:\/\/www.callandplay.com\/ca\/sequential-prophet-rev2-8\/","og_site_name":"Call&amp;Play","article_publisher":"https:\/\/www.facebook.com\/callandplay","article_modified_time":"2026-04-05T20:35:51+00:00","twitter_card":"summary_large_image","twitter_misc":{"Temps estimat de lectura":"1 minut"},"schema":{"@context":"https:\/\/schema.org","@graph":[{"@type":"WebPage","@id":"https:\/\/www.callandplay.com\/sequential-prophet-rev2-8\/","url":"https:\/\/www.callandplay.com\/sequential-prophet-rev2-8\/","name":"SEQUENTIAL PROPHET REV2-8 - Call&amp;Play","isPartOf":{"@id":"https:\/\/www.callandplay.com\/#website"},"datePublished":"2024-03-13T00:00:00+00:00","dateModified":"2026-04-05T20:35:51+00:00","breadcrumb":{"@id":"https:\/\/www.callandplay.com\/sequential-prophet-rev2-8\/#breadcrumb"},"inLanguage":"ca","potentialAction":[{"@type":"ReadAction","target":["https:\/\/www.callandplay.com\/sequential-prophet-rev2-8\/"]}]},{"@type":"BreadcrumbList","@id":"https:\/\/www.callandplay.com\/sequential-prophet-rev2-8\/#breadcrumb","itemListElement":[{"@type":"ListItem","position":1,"name":"Portada","item":"https:\/\/www.callandplay.com\/"},{"@type":"ListItem","position":2,"name":"Tienda","item":"https:\/\/www.callandplay.com\/tienda\/"},{"@type":"ListItem","position":3,"name":"SEQUENTIAL PROPHET REV2-8"}]},{"@type":"WebSite","@id":"https:\/\/www.callandplay.com\/#website","url":"https:\/\/www.callandplay.com\/","name":"Call&amp;Play","description":"Alquiler de backline e instrumentos musicales","publisher":{"@id":"https:\/\/www.callandplay.com\/#organization"},"potentialAction":[{"@type":"SearchAction","target":{"@type":"EntryPoint","urlTemplate":"https:\/\/www.callandplay.com\/?s={search_term_string}"},"query-input":{"@type":"PropertyValueSpecification","valueRequired":true,"valueName":"search_term_string"}}],"inLanguage":"ca"},{"@type":"Organization","@id":"https:\/\/www.callandplay.com\/#organization","name":"Call&Play","url":"https:\/\/www.callandplay.com\/","logo":{"@type":"ImageObject","inLanguage":"ca","@id":"https:\/\/www.callandplay.com\/#\/schema\/logo\/image\/","url":"https:\/\/www.callandplay.com\/wp-content\/uploads\/2021\/06\/cropped-cropped-logo-black_con_sombra.png","contentUrl":"https:\/\/www.callandplay.com\/wp-content\/uploads\/2021\/06\/cropped-cropped-logo-black_con_sombra.png","width":512,"height":512,"caption":"Call&Play"},"image":{"@id":"https:\/\/www.callandplay.com\/#\/schema\/logo\/image\/"},"sameAs":["https:\/\/www.facebook.com\/callandplay","https:\/\/www.instagram.com\/call_and_play\/"]}]}},"_links":{"self":[{"href":"https:\/\/www.callandplay.com\/ca\/wp-json\/wp\/v2\/product\/53128","targetHints":{"allow":["GET"]}}],"collection":[{"href":"https:\/\/www.callandplay.com\/ca\/wp-json\/wp\/v2\/product"}],"about":[{"href":"https:\/\/www.callandplay.com\/ca\/wp-json\/wp\/v2\/types\/product"}],"replies":[{"embeddable":true,"href":"https:\/\/www.callandplay.com\/ca\/wp-json\/wp\/v2\/comments?post=53128"}],"version-history":[{"count":1,"href":"https:\/\/www.callandplay.com\/ca\/wp-json\/wp\/v2\/product\/53128\/revisions"}],"predecessor-version":[{"id":55938,"href":"https:\/\/www.callandplay.com\/ca\/wp-json\/wp\/v2\/product\/53128\/revisions\/55938"}],"wp:attachment":[{"href":"https:\/\/www.callandplay.com\/ca\/wp-json\/wp\/v2\/media?parent=53128"}],"wp:term":[{"taxonomy":"product_brand","embeddable":true,"href":"https:\/\/www.callandplay.com\/ca\/wp-json\/wp\/v2\/product_brand?post=53128"},{"taxonomy":"product_cat","embeddable":true,"href":"https:\/\/www.callandplay.com\/ca\/wp-json\/wp\/v2\/product_cat?post=53128"},{"taxonomy":"product_tag","embeddable":true,"href":"https:\/\/www.callandplay.com\/ca\/wp-json\/wp\/v2\/product_tag?post=53128"}],"curies":[{"name":"wp","href":"https:\/\/api.w.org\/{rel}","templated":true}]}}