{"id":53180,"date":"2026-02-27T00:00:00","date_gmt":"2026-02-27T00:00:00","guid":{"rendered":"https:\/\/www.callandplay.com\/fado-guitar-coimbra-guitarra-portugeusa\/"},"modified":"2026-04-15T20:54:16","modified_gmt":"2026-04-15T20:54:16","slug":"fado-guitar-coimbra-guitarra-portugeusa","status":"publish","type":"product","link":"https:\/\/www.callandplay.com\/ca\/fado-guitar-coimbra-guitarra-portugeusa\/","title":{"rendered":"FADO GUITAR COIMBRA \/ GUITARRA PORTUGEUSA"},"content":{"rendered":"<p>Esta guitarra portuguesa de fado, modelo Coimbra, que a diferencia del modelo Lisboa tiene las cuerdas un poco m\u00e1s largas (470mm en lugar de 445mm) ha sido fabricada por Armando Anibal Pereira. Armando An\u00edbal Pereira es un maestro artesano de sus manos expertas salen guitarras portuguesas, cavaquinhos, guitarras cl\u00e1sicas o ac\u00fasticas, todas elaboradas con extrema dedicaci\u00f3n, ya que es un arte que requiere una gran delicadeza en su fabricaci\u00f3n.<\/p>","protected":false},"excerpt":{"rendered":"<p>Esta guitarra portuguesa de fado, modelo Coimbra, que a diferencia del modelo Lisboa tiene las cuerdas un poco m\u00e1s largas (470mm en lugar de 445mm) ha sido fabricada por Armando Anibal Pereira. Armando An\u00edbal Pereira es un maestro artesano de sus manos expertas salen guitarras portuguesas, cavaquinhos, guitarras cl\u00e1sicas o ac\u00fasticas, todas elaboradas con extrema dedicaci\u00f3n, ya que es un arte que requiere una gran delicadeza en su fabricaci\u00f3n.<\/p>","protected":false},"featured_media":0,"comment_status":"closed","ping_status":"closed","template":"","meta":{"_acf_changed":false,"om_disable_all_campaigns":false,"_monsterinsights_skip_tracking":false,"_monsterinsights_sitenote_active":false,"_monsterinsights_sitenote_note":"","_monsterinsights_sitenote_category":0},"product_brand":[],"product_cat":[904],"product_tag":[],"class_list":{"0":"post-53180","1":"product","2":"type-product","3":"status-publish","5":"product_cat-otros-instrumentos-de-cuerda","7":"first","8":"instock","9":"shipping-taxable","10":"purchasable","11":"product-type-simple"},"acf":[],"yoast_head":"<!-- This site is optimized with the Yoast SEO plugin v27.4 - https:\/\/yoast.com\/product\/yoast-seo-wordpress\/ -->\n<title>FADO GUITAR COIMBRA \/ GUITARRA PORTUGEUSA - Call&amp;Play<\/title>\n<meta name=\"robots\" content=\"index, follow, max-snippet:-1, max-image-preview:large, max-video-preview:-1\" \/>\n<link rel=\"canonical\" href=\"https:\/\/www.callandplay.com\/ca\/fado-guitar-coimbra-guitarra-portugeusa\/\" \/>\n<meta property=\"og:locale\" content=\"ca_ES\" \/>\n<meta property=\"og:type\" content=\"article\" \/>\n<meta property=\"og:title\" content=\"FADO GUITAR COIMBRA \/ GUITARRA PORTUGEUSA - Call&amp;Play\" \/>\n<meta property=\"og:description\" content=\"Esta guitarra portuguesa de fado, modelo Coimbra, que a diferencia del modelo Lisboa tiene las cuerdas un poco m\u00e1s largas (470mm en lugar de 445mm) ha sido fabricada por Armando Anibal Pereira. Armando An\u00edbal Pereira es un maestro artesano de sus manos expertas salen guitarras portuguesas, cavaquinhos, guitarras cl\u00e1sicas o ac\u00fasticas, todas elaboradas con extrema dedicaci\u00f3n, ya que es un arte que requiere una gran delicadeza en su fabricaci\u00f3n.\" \/>\n<meta property=\"og:url\" content=\"https:\/\/www.callandplay.com\/ca\/fado-guitar-coimbra-guitarra-portugeusa\/\" \/>\n<meta property=\"og:site_name\" content=\"Call&amp;Play\" \/>\n<meta property=\"article:publisher\" content=\"https:\/\/www.facebook.com\/callandplay\" \/>\n<meta property=\"article:modified_time\" content=\"2026-04-15T20:54:16+00:00\" \/>\n<meta name=\"twitter:card\" content=\"summary_large_image\" \/>\n<script type=\"application\/ld+json\" class=\"yoast-schema-graph\">{\"@context\":\"https:\\\/\\\/schema.org\",\"@graph\":[{\"@type\":\"WebPage\",\"@id\":\"https:\\\/\\\/www.callandplay.com\\\/fado-guitar-coimbra-guitarra-portugeusa\\\/\",\"url\":\"https:\\\/\\\/www.callandplay.com\\\/fado-guitar-coimbra-guitarra-portugeusa\\\/\",\"name\":\"FADO GUITAR COIMBRA \\\/ GUITARRA PORTUGEUSA - Call&amp;Play\",\"isPartOf\":{\"@id\":\"https:\\\/\\\/www.callandplay.com\\\/#website\"},\"datePublished\":\"2026-02-27T00:00:00+00:00\",\"dateModified\":\"2026-04-15T20:54:16+00:00\",\"breadcrumb\":{\"@id\":\"https:\\\/\\\/www.callandplay.com\\\/fado-guitar-coimbra-guitarra-portugeusa\\\/#breadcrumb\"},\"inLanguage\":\"ca\",\"potentialAction\":[{\"@type\":\"ReadAction\",\"target\":[\"https:\\\/\\\/www.callandplay.com\\\/fado-guitar-coimbra-guitarra-portugeusa\\\/\"]}]},{\"@type\":\"BreadcrumbList\",\"@id\":\"https:\\\/\\\/www.callandplay.com\\\/fado-guitar-coimbra-guitarra-portugeusa\\\/#breadcrumb\",\"itemListElement\":[{\"@type\":\"ListItem\",\"position\":1,\"name\":\"Portada\",\"item\":\"https:\\\/\\\/www.callandplay.com\\\/\"},{\"@type\":\"ListItem\",\"position\":2,\"name\":\"Tienda\",\"item\":\"https:\\\/\\\/www.callandplay.com\\\/tienda\\\/\"},{\"@type\":\"ListItem\",\"position\":3,\"name\":\"FADO GUITAR COIMBRA \\\/ GUITARRA PORTUGEUSA\"}]},{\"@type\":\"WebSite\",\"@id\":\"https:\\\/\\\/www.callandplay.com\\\/#website\",\"url\":\"https:\\\/\\\/www.callandplay.com\\\/\",\"name\":\"Call&amp;Play\",\"description\":\"Alquiler de backline e instrumentos musicales\",\"publisher\":{\"@id\":\"https:\\\/\\\/www.callandplay.com\\\/#organization\"},\"potentialAction\":[{\"@type\":\"SearchAction\",\"target\":{\"@type\":\"EntryPoint\",\"urlTemplate\":\"https:\\\/\\\/www.callandplay.com\\\/?s={search_term_string}\"},\"query-input\":{\"@type\":\"PropertyValueSpecification\",\"valueRequired\":true,\"valueName\":\"search_term_string\"}}],\"inLanguage\":\"ca\"},{\"@type\":\"Organization\",\"@id\":\"https:\\\/\\\/www.callandplay.com\\\/#organization\",\"name\":\"Call&Play\",\"url\":\"https:\\\/\\\/www.callandplay.com\\\/\",\"logo\":{\"@type\":\"ImageObject\",\"inLanguage\":\"ca\",\"@id\":\"https:\\\/\\\/www.callandplay.com\\\/#\\\/schema\\\/logo\\\/image\\\/\",\"url\":\"https:\\\/\\\/www.callandplay.com\\\/wp-content\\\/uploads\\\/2021\\\/06\\\/cropped-cropped-logo-black_con_sombra.png\",\"contentUrl\":\"https:\\\/\\\/www.callandplay.com\\\/wp-content\\\/uploads\\\/2021\\\/06\\\/cropped-cropped-logo-black_con_sombra.png\",\"width\":512,\"height\":512,\"caption\":\"Call&Play\"},\"image\":{\"@id\":\"https:\\\/\\\/www.callandplay.com\\\/#\\\/schema\\\/logo\\\/image\\\/\"},\"sameAs\":[\"https:\\\/\\\/www.facebook.com\\\/callandplay\",\"https:\\\/\\\/www.instagram.com\\\/call_and_play\\\/\"]}]}<\/script>\n<!-- \/ Yoast SEO plugin. -->","yoast_head_json":{"title":"FADO GUITAR COIMBRA \/ GUITARRA PORTUGEUSA - Call&amp;Play","robots":{"index":"index","follow":"follow","max-snippet":"max-snippet:-1","max-image-preview":"max-image-preview:large","max-video-preview":"max-video-preview:-1"},"canonical":"https:\/\/www.callandplay.com\/ca\/fado-guitar-coimbra-guitarra-portugeusa\/","og_locale":"ca_ES","og_type":"article","og_title":"FADO GUITAR COIMBRA \/ GUITARRA PORTUGEUSA - Call&amp;Play","og_description":"Esta guitarra portuguesa de fado, modelo Coimbra, que a diferencia del modelo Lisboa tiene las cuerdas un poco m\u00e1s largas (470mm en lugar de 445mm) ha sido fabricada por Armando Anibal Pereira. Armando An\u00edbal Pereira es un maestro artesano de sus manos expertas salen guitarras portuguesas, cavaquinhos, guitarras cl\u00e1sicas o ac\u00fasticas, todas elaboradas con extrema dedicaci\u00f3n, ya que es un arte que requiere una gran delicadeza en su fabricaci\u00f3n.","og_url":"https:\/\/www.callandplay.com\/ca\/fado-guitar-coimbra-guitarra-portugeusa\/","og_site_name":"Call&amp;Play","article_publisher":"https:\/\/www.facebook.com\/callandplay","article_modified_time":"2026-04-15T20:54:16+00:00","twitter_card":"summary_large_image","schema":{"@context":"https:\/\/schema.org","@graph":[{"@type":"WebPage","@id":"https:\/\/www.callandplay.com\/fado-guitar-coimbra-guitarra-portugeusa\/","url":"https:\/\/www.callandplay.com\/fado-guitar-coimbra-guitarra-portugeusa\/","name":"FADO GUITAR COIMBRA \/ GUITARRA PORTUGEUSA - Call&amp;Play","isPartOf":{"@id":"https:\/\/www.callandplay.com\/#website"},"datePublished":"2026-02-27T00:00:00+00:00","dateModified":"2026-04-15T20:54:16+00:00","breadcrumb":{"@id":"https:\/\/www.callandplay.com\/fado-guitar-coimbra-guitarra-portugeusa\/#breadcrumb"},"inLanguage":"ca","potentialAction":[{"@type":"ReadAction","target":["https:\/\/www.callandplay.com\/fado-guitar-coimbra-guitarra-portugeusa\/"]}]},{"@type":"BreadcrumbList","@id":"https:\/\/www.callandplay.com\/fado-guitar-coimbra-guitarra-portugeusa\/#breadcrumb","itemListElement":[{"@type":"ListItem","position":1,"name":"Portada","item":"https:\/\/www.callandplay.com\/"},{"@type":"ListItem","position":2,"name":"Tienda","item":"https:\/\/www.callandplay.com\/tienda\/"},{"@type":"ListItem","position":3,"name":"FADO GUITAR COIMBRA \/ GUITARRA PORTUGEUSA"}]},{"@type":"WebSite","@id":"https:\/\/www.callandplay.com\/#website","url":"https:\/\/www.callandplay.com\/","name":"Call&amp;Play","description":"Alquiler de backline e instrumentos musicales","publisher":{"@id":"https:\/\/www.callandplay.com\/#organization"},"potentialAction":[{"@type":"SearchAction","target":{"@type":"EntryPoint","urlTemplate":"https:\/\/www.callandplay.com\/?s={search_term_string}"},"query-input":{"@type":"PropertyValueSpecification","valueRequired":true,"valueName":"search_term_string"}}],"inLanguage":"ca"},{"@type":"Organization","@id":"https:\/\/www.callandplay.com\/#organization","name":"Call&Play","url":"https:\/\/www.callandplay.com\/","logo":{"@type":"ImageObject","inLanguage":"ca","@id":"https:\/\/www.callandplay.com\/#\/schema\/logo\/image\/","url":"https:\/\/www.callandplay.com\/wp-content\/uploads\/2021\/06\/cropped-cropped-logo-black_con_sombra.png","contentUrl":"https:\/\/www.callandplay.com\/wp-content\/uploads\/2021\/06\/cropped-cropped-logo-black_con_sombra.png","width":512,"height":512,"caption":"Call&Play"},"image":{"@id":"https:\/\/www.callandplay.com\/#\/schema\/logo\/image\/"},"sameAs":["https:\/\/www.facebook.com\/callandplay","https:\/\/www.instagram.com\/call_and_play\/"]}]}},"_links":{"self":[{"href":"https:\/\/www.callandplay.com\/ca\/wp-json\/wp\/v2\/product\/53180","targetHints":{"allow":["GET"]}}],"collection":[{"href":"https:\/\/www.callandplay.com\/ca\/wp-json\/wp\/v2\/product"}],"about":[{"href":"https:\/\/www.callandplay.com\/ca\/wp-json\/wp\/v2\/types\/product"}],"replies":[{"embeddable":true,"href":"https:\/\/www.callandplay.com\/ca\/wp-json\/wp\/v2\/comments?post=53180"}],"version-history":[{"count":1,"href":"https:\/\/www.callandplay.com\/ca\/wp-json\/wp\/v2\/product\/53180\/revisions"}],"predecessor-version":[{"id":55990,"href":"https:\/\/www.callandplay.com\/ca\/wp-json\/wp\/v2\/product\/53180\/revisions\/55990"}],"wp:attachment":[{"href":"https:\/\/www.callandplay.com\/ca\/wp-json\/wp\/v2\/media?parent=53180"}],"wp:term":[{"taxonomy":"product_brand","embeddable":true,"href":"https:\/\/www.callandplay.com\/ca\/wp-json\/wp\/v2\/product_brand?post=53180"},{"taxonomy":"product_cat","embeddable":true,"href":"https:\/\/www.callandplay.com\/ca\/wp-json\/wp\/v2\/product_cat?post=53180"},{"taxonomy":"product_tag","embeddable":true,"href":"https:\/\/www.callandplay.com\/ca\/wp-json\/wp\/v2\/product_tag?post=53180"}],"curies":[{"name":"wp","href":"https:\/\/api.w.org\/{rel}","templated":true}]}}