{"id":53181,"date":"2023-04-21T00:00:00","date_gmt":"2023-04-21T00:00:00","guid":{"rendered":"https:\/\/www.callandplay.com\/strymon-big-sky\/"},"modified":"2026-04-03T20:35:30","modified_gmt":"2026-04-03T20:35:30","slug":"strymon-big-sky","status":"publish","type":"product","link":"https:\/\/www.callandplay.com\/ca\/strymon-big-sky\/","title":{"rendered":"STRYMON BIG SKY"},"content":{"rendered":"<p>Pedal reverb digital es una versi\u00f3n ampliada del Blue Sky. Hasta doce tipos diferentes de Reverb que incluyen las cl\u00e1sicas Room, Hall, Plate, Spring, Swell, y sus Reverbs m\u00e1s personales tipo Bloom, Cloud, Chorale, Shimmer, Magneto, Nonlinear y Reflections. Adem\u00e1s se pueden almacenar hasta 300 presets con su nombre correspondiente. Lleva un procesador interno SHARC ADSP-21369 de 333 Mhz y la se\u00f1al anal\u00f3gica de la guitarra permanece inalterada evitando la atenuaci\u00f3n en el momento en que se produce la mezcla con el sonido procesado. Mediante un pedal de expresi\u00f3n adem\u00e1s podemos controlar el par\u00e1metro que escojamos.<\/p>","protected":false},"excerpt":{"rendered":"<p>Pedal reverb digital es una versi\u00f3n ampliada del Blue Sky. Hasta doce tipos diferentes de Reverb que incluyen las cl\u00e1sicas Room, Hall, Plate, Spring, Swell, y sus Reverbs m\u00e1s personales tipo Bloom, Cloud, Chorale, Shimmer, Magneto, Nonlinear y Reflections. Adem\u00e1s se pueden almacenar hasta 300 presets con su nombre correspondiente. Lleva un procesador interno SHARC ADSP-21369 de 333 Mhz y la se\u00f1al anal\u00f3gica de la guitarra permanece inalterada evitando la atenuaci\u00f3n en el momento en que se produce la mezcla con el sonido procesado. Mediante un pedal de expresi\u00f3n adem\u00e1s podemos controlar el par\u00e1metro que escojamos.<\/p>","protected":false},"featured_media":0,"comment_status":"closed","ping_status":"closed","template":"","meta":{"_acf_changed":false,"om_disable_all_campaigns":false,"_monsterinsights_skip_tracking":false,"_monsterinsights_sitenote_active":false,"_monsterinsights_sitenote_note":"","_monsterinsights_sitenote_category":0},"product_brand":[],"product_cat":[1073],"product_tag":[],"class_list":{"0":"post-53181","1":"product","2":"type-product","3":"status-publish","5":"product_cat-efectos-y-pedales-guitarra","7":"first","8":"instock","9":"shipping-taxable","10":"purchasable","11":"product-type-simple"},"acf":[],"yoast_head":"<!-- This site is optimized with the Yoast SEO plugin v27.3 - https:\/\/yoast.com\/product\/yoast-seo-wordpress\/ -->\n<title>STRYMON BIG SKY - Call&amp;Play<\/title>\n<meta name=\"robots\" content=\"index, follow, max-snippet:-1, max-image-preview:large, max-video-preview:-1\" \/>\n<link rel=\"canonical\" href=\"https:\/\/www.callandplay.com\/ca\/strymon-big-sky\/\" \/>\n<meta property=\"og:locale\" content=\"ca_ES\" \/>\n<meta property=\"og:type\" content=\"article\" \/>\n<meta property=\"og:title\" content=\"STRYMON BIG SKY - Call&amp;Play\" \/>\n<meta property=\"og:description\" content=\"Pedal reverb digital es una versi\u00f3n ampliada del Blue Sky. Hasta doce tipos diferentes de Reverb que incluyen las cl\u00e1sicas Room, Hall, Plate, Spring, Swell, y sus Reverbs m\u00e1s personales tipo Bloom, Cloud, Chorale, Shimmer, Magneto, Nonlinear y Reflections. Adem\u00e1s se pueden almacenar hasta 300 presets con su nombre correspondiente. Lleva un procesador interno SHARC ADSP-21369 de 333 Mhz y la se\u00f1al anal\u00f3gica de la guitarra permanece inalterada evitando la atenuaci\u00f3n en el momento en que se produce la mezcla con el sonido procesado. Mediante un pedal de expresi\u00f3n adem\u00e1s podemos controlar el par\u00e1metro que escojamos.\" \/>\n<meta property=\"og:url\" content=\"https:\/\/www.callandplay.com\/ca\/strymon-big-sky\/\" \/>\n<meta property=\"og:site_name\" content=\"Call&amp;Play\" \/>\n<meta property=\"article:publisher\" content=\"https:\/\/www.facebook.com\/callandplay\" \/>\n<meta property=\"article:modified_time\" content=\"2026-04-03T20:35:30+00:00\" \/>\n<meta name=\"twitter:card\" content=\"summary_large_image\" \/>\n<meta name=\"twitter:label1\" content=\"Temps estimat de lectura\" \/>\n\t<meta name=\"twitter:data1\" content=\"1 minut\" \/>\n<script type=\"application\/ld+json\" class=\"yoast-schema-graph\">{\"@context\":\"https:\\\/\\\/schema.org\",\"@graph\":[{\"@type\":\"WebPage\",\"@id\":\"https:\\\/\\\/www.callandplay.com\\\/strymon-big-sky\\\/\",\"url\":\"https:\\\/\\\/www.callandplay.com\\\/strymon-big-sky\\\/\",\"name\":\"STRYMON BIG SKY - Call&amp;Play\",\"isPartOf\":{\"@id\":\"https:\\\/\\\/www.callandplay.com\\\/#website\"},\"datePublished\":\"2023-04-21T00:00:00+00:00\",\"dateModified\":\"2026-04-03T20:35:30+00:00\",\"breadcrumb\":{\"@id\":\"https:\\\/\\\/www.callandplay.com\\\/strymon-big-sky\\\/#breadcrumb\"},\"inLanguage\":\"ca\",\"potentialAction\":[{\"@type\":\"ReadAction\",\"target\":[\"https:\\\/\\\/www.callandplay.com\\\/strymon-big-sky\\\/\"]}]},{\"@type\":\"BreadcrumbList\",\"@id\":\"https:\\\/\\\/www.callandplay.com\\\/strymon-big-sky\\\/#breadcrumb\",\"itemListElement\":[{\"@type\":\"ListItem\",\"position\":1,\"name\":\"Portada\",\"item\":\"https:\\\/\\\/www.callandplay.com\\\/\"},{\"@type\":\"ListItem\",\"position\":2,\"name\":\"Tienda\",\"item\":\"https:\\\/\\\/www.callandplay.com\\\/tienda\\\/\"},{\"@type\":\"ListItem\",\"position\":3,\"name\":\"STRYMON BIG SKY\"}]},{\"@type\":\"WebSite\",\"@id\":\"https:\\\/\\\/www.callandplay.com\\\/#website\",\"url\":\"https:\\\/\\\/www.callandplay.com\\\/\",\"name\":\"Call&amp;Play\",\"description\":\"Alquiler de backline e instrumentos musicales\",\"publisher\":{\"@id\":\"https:\\\/\\\/www.callandplay.com\\\/#organization\"},\"potentialAction\":[{\"@type\":\"SearchAction\",\"target\":{\"@type\":\"EntryPoint\",\"urlTemplate\":\"https:\\\/\\\/www.callandplay.com\\\/?s={search_term_string}\"},\"query-input\":{\"@type\":\"PropertyValueSpecification\",\"valueRequired\":true,\"valueName\":\"search_term_string\"}}],\"inLanguage\":\"ca\"},{\"@type\":\"Organization\",\"@id\":\"https:\\\/\\\/www.callandplay.com\\\/#organization\",\"name\":\"Call&Play\",\"url\":\"https:\\\/\\\/www.callandplay.com\\\/\",\"logo\":{\"@type\":\"ImageObject\",\"inLanguage\":\"ca\",\"@id\":\"https:\\\/\\\/www.callandplay.com\\\/#\\\/schema\\\/logo\\\/image\\\/\",\"url\":\"https:\\\/\\\/www.callandplay.com\\\/wp-content\\\/uploads\\\/2021\\\/06\\\/cropped-cropped-logo-black_con_sombra.png\",\"contentUrl\":\"https:\\\/\\\/www.callandplay.com\\\/wp-content\\\/uploads\\\/2021\\\/06\\\/cropped-cropped-logo-black_con_sombra.png\",\"width\":512,\"height\":512,\"caption\":\"Call&Play\"},\"image\":{\"@id\":\"https:\\\/\\\/www.callandplay.com\\\/#\\\/schema\\\/logo\\\/image\\\/\"},\"sameAs\":[\"https:\\\/\\\/www.facebook.com\\\/callandplay\",\"https:\\\/\\\/www.instagram.com\\\/call_and_play\\\/\"]}]}<\/script>\n<!-- \/ Yoast SEO plugin. -->","yoast_head_json":{"title":"STRYMON BIG SKY - Call&amp;Play","robots":{"index":"index","follow":"follow","max-snippet":"max-snippet:-1","max-image-preview":"max-image-preview:large","max-video-preview":"max-video-preview:-1"},"canonical":"https:\/\/www.callandplay.com\/ca\/strymon-big-sky\/","og_locale":"ca_ES","og_type":"article","og_title":"STRYMON BIG SKY - Call&amp;Play","og_description":"Pedal reverb digital es una versi\u00f3n ampliada del Blue Sky. Hasta doce tipos diferentes de Reverb que incluyen las cl\u00e1sicas Room, Hall, Plate, Spring, Swell, y sus Reverbs m\u00e1s personales tipo Bloom, Cloud, Chorale, Shimmer, Magneto, Nonlinear y Reflections. Adem\u00e1s se pueden almacenar hasta 300 presets con su nombre correspondiente. Lleva un procesador interno SHARC ADSP-21369 de 333 Mhz y la se\u00f1al anal\u00f3gica de la guitarra permanece inalterada evitando la atenuaci\u00f3n en el momento en que se produce la mezcla con el sonido procesado. Mediante un pedal de expresi\u00f3n adem\u00e1s podemos controlar el par\u00e1metro que escojamos.","og_url":"https:\/\/www.callandplay.com\/ca\/strymon-big-sky\/","og_site_name":"Call&amp;Play","article_publisher":"https:\/\/www.facebook.com\/callandplay","article_modified_time":"2026-04-03T20:35:30+00:00","twitter_card":"summary_large_image","twitter_misc":{"Temps estimat de lectura":"1 minut"},"schema":{"@context":"https:\/\/schema.org","@graph":[{"@type":"WebPage","@id":"https:\/\/www.callandplay.com\/strymon-big-sky\/","url":"https:\/\/www.callandplay.com\/strymon-big-sky\/","name":"STRYMON BIG SKY - Call&amp;Play","isPartOf":{"@id":"https:\/\/www.callandplay.com\/#website"},"datePublished":"2023-04-21T00:00:00+00:00","dateModified":"2026-04-03T20:35:30+00:00","breadcrumb":{"@id":"https:\/\/www.callandplay.com\/strymon-big-sky\/#breadcrumb"},"inLanguage":"ca","potentialAction":[{"@type":"ReadAction","target":["https:\/\/www.callandplay.com\/strymon-big-sky\/"]}]},{"@type":"BreadcrumbList","@id":"https:\/\/www.callandplay.com\/strymon-big-sky\/#breadcrumb","itemListElement":[{"@type":"ListItem","position":1,"name":"Portada","item":"https:\/\/www.callandplay.com\/"},{"@type":"ListItem","position":2,"name":"Tienda","item":"https:\/\/www.callandplay.com\/tienda\/"},{"@type":"ListItem","position":3,"name":"STRYMON BIG SKY"}]},{"@type":"WebSite","@id":"https:\/\/www.callandplay.com\/#website","url":"https:\/\/www.callandplay.com\/","name":"Call&amp;Play","description":"Alquiler de backline e instrumentos musicales","publisher":{"@id":"https:\/\/www.callandplay.com\/#organization"},"potentialAction":[{"@type":"SearchAction","target":{"@type":"EntryPoint","urlTemplate":"https:\/\/www.callandplay.com\/?s={search_term_string}"},"query-input":{"@type":"PropertyValueSpecification","valueRequired":true,"valueName":"search_term_string"}}],"inLanguage":"ca"},{"@type":"Organization","@id":"https:\/\/www.callandplay.com\/#organization","name":"Call&Play","url":"https:\/\/www.callandplay.com\/","logo":{"@type":"ImageObject","inLanguage":"ca","@id":"https:\/\/www.callandplay.com\/#\/schema\/logo\/image\/","url":"https:\/\/www.callandplay.com\/wp-content\/uploads\/2021\/06\/cropped-cropped-logo-black_con_sombra.png","contentUrl":"https:\/\/www.callandplay.com\/wp-content\/uploads\/2021\/06\/cropped-cropped-logo-black_con_sombra.png","width":512,"height":512,"caption":"Call&Play"},"image":{"@id":"https:\/\/www.callandplay.com\/#\/schema\/logo\/image\/"},"sameAs":["https:\/\/www.facebook.com\/callandplay","https:\/\/www.instagram.com\/call_and_play\/"]}]}},"_links":{"self":[{"href":"https:\/\/www.callandplay.com\/ca\/wp-json\/wp\/v2\/product\/53181","targetHints":{"allow":["GET"]}}],"collection":[{"href":"https:\/\/www.callandplay.com\/ca\/wp-json\/wp\/v2\/product"}],"about":[{"href":"https:\/\/www.callandplay.com\/ca\/wp-json\/wp\/v2\/types\/product"}],"replies":[{"embeddable":true,"href":"https:\/\/www.callandplay.com\/ca\/wp-json\/wp\/v2\/comments?post=53181"}],"version-history":[{"count":1,"href":"https:\/\/www.callandplay.com\/ca\/wp-json\/wp\/v2\/product\/53181\/revisions"}],"predecessor-version":[{"id":55991,"href":"https:\/\/www.callandplay.com\/ca\/wp-json\/wp\/v2\/product\/53181\/revisions\/55991"}],"wp:attachment":[{"href":"https:\/\/www.callandplay.com\/ca\/wp-json\/wp\/v2\/media?parent=53181"}],"wp:term":[{"taxonomy":"product_brand","embeddable":true,"href":"https:\/\/www.callandplay.com\/ca\/wp-json\/wp\/v2\/product_brand?post=53181"},{"taxonomy":"product_cat","embeddable":true,"href":"https:\/\/www.callandplay.com\/ca\/wp-json\/wp\/v2\/product_cat?post=53181"},{"taxonomy":"product_tag","embeddable":true,"href":"https:\/\/www.callandplay.com\/ca\/wp-json\/wp\/v2\/product_tag?post=53181"}],"curies":[{"name":"wp","href":"https:\/\/api.w.org\/{rel}","templated":true}]}}