{"id":53249,"date":"2026-02-27T00:00:00","date_gmt":"2026-02-27T00:00:00","guid":{"rendered":"https:\/\/www.callandplay.com\/meinl-reb1218ab-m-rebolo-12x18-african-brown\/"},"modified":"2026-04-04T20:33:52","modified_gmt":"2026-04-04T20:33:52","slug":"meinl-reb1218ab-m-rebolo-12x18-african-brown","status":"publish","type":"product","link":"https:\/\/www.callandplay.com\/ca\/meinl-reb1218ab-m-rebolo-12x18-african-brown\/","title":{"rendered":"MEINL REB1218AB-M REBOLO 12&#8243;x18&#8243; AFRICAN BROWN"},"content":{"rendered":"<p>Rebolo en madera de 12\u00bb x 18\u00bb. El Rebolo Meinl est\u00e1 hecho con seis capas de madera ligera y con un dise\u00f1o ergon\u00f3mico que te permite tocarl de manera c\u00f3moda. Adem\u00e1s lleva enganches para que se pueda colgar de la correa. El parche es de napa. Seis tornillos de ajuste.<\/p>","protected":false},"excerpt":{"rendered":"<p>Rebolo en madera de 12\u00bb x 18\u00bb. El Rebolo Meinl est\u00e1 hecho con seis capas de madera ligera y con un dise\u00f1o ergon\u00f3mico que te permite tocarl de manera c\u00f3moda. Adem\u00e1s lleva enganches para que se pueda colgar de la correa. El parche es de napa. Seis tornillos de ajuste.<\/p>","protected":false},"featured_media":0,"comment_status":"closed","ping_status":"closed","template":"","meta":{"_acf_changed":false,"om_disable_all_campaigns":false,"_monsterinsights_skip_tracking":false,"_monsterinsights_sitenote_active":false,"_monsterinsights_sitenote_note":"","_monsterinsights_sitenote_category":0},"product_brand":[],"product_cat":[921],"product_tag":[],"class_list":{"0":"post-53249","1":"product","2":"type-product","3":"status-publish","5":"product_cat-percusion-brasilena","7":"first","8":"instock","9":"shipping-taxable","10":"purchasable","11":"product-type-simple"},"acf":[],"yoast_head":"<!-- This site is optimized with the Yoast SEO plugin v27.3 - https:\/\/yoast.com\/product\/yoast-seo-wordpress\/ -->\n<title>MEINL REB1218AB-M REBOLO 12&quot;x18&quot; AFRICAN BROWN - Call&amp;Play<\/title>\n<meta name=\"robots\" content=\"index, follow, max-snippet:-1, max-image-preview:large, max-video-preview:-1\" \/>\n<link rel=\"canonical\" href=\"https:\/\/www.callandplay.com\/ca\/meinl-reb1218ab-m-rebolo-12x18-african-brown\/\" \/>\n<meta property=\"og:locale\" content=\"ca_ES\" \/>\n<meta property=\"og:type\" content=\"article\" \/>\n<meta property=\"og:title\" content=\"MEINL REB1218AB-M REBOLO 12&quot;x18&quot; AFRICAN BROWN - Call&amp;Play\" \/>\n<meta property=\"og:description\" content=\"Rebolo en madera de 12&#039;&#039; x 18&#039;&#039;. El Rebolo Meinl est\u00e1 hecho con seis capas de madera ligera y con un dise\u00f1o ergon\u00f3mico que te permite tocarl de manera c\u00f3moda. Adem\u00e1s lleva enganches para que se pueda colgar de la correa. El parche es de napa. Seis tornillos de ajuste.\" \/>\n<meta property=\"og:url\" content=\"https:\/\/www.callandplay.com\/ca\/meinl-reb1218ab-m-rebolo-12x18-african-brown\/\" \/>\n<meta property=\"og:site_name\" content=\"Call&amp;Play\" \/>\n<meta property=\"article:publisher\" content=\"https:\/\/www.facebook.com\/callandplay\" \/>\n<meta property=\"article:modified_time\" content=\"2026-04-04T20:33:52+00:00\" \/>\n<meta name=\"twitter:card\" content=\"summary_large_image\" \/>\n<script type=\"application\/ld+json\" class=\"yoast-schema-graph\">{\"@context\":\"https:\\\/\\\/schema.org\",\"@graph\":[{\"@type\":\"WebPage\",\"@id\":\"https:\\\/\\\/www.callandplay.com\\\/meinl-reb1218ab-m-rebolo-12x18-african-brown\\\/\",\"url\":\"https:\\\/\\\/www.callandplay.com\\\/meinl-reb1218ab-m-rebolo-12x18-african-brown\\\/\",\"name\":\"MEINL REB1218AB-M REBOLO 12\\\"x18\\\" AFRICAN BROWN - Call&amp;Play\",\"isPartOf\":{\"@id\":\"https:\\\/\\\/www.callandplay.com\\\/#website\"},\"datePublished\":\"2026-02-27T00:00:00+00:00\",\"dateModified\":\"2026-04-04T20:33:52+00:00\",\"breadcrumb\":{\"@id\":\"https:\\\/\\\/www.callandplay.com\\\/meinl-reb1218ab-m-rebolo-12x18-african-brown\\\/#breadcrumb\"},\"inLanguage\":\"ca\",\"potentialAction\":[{\"@type\":\"ReadAction\",\"target\":[\"https:\\\/\\\/www.callandplay.com\\\/meinl-reb1218ab-m-rebolo-12x18-african-brown\\\/\"]}]},{\"@type\":\"BreadcrumbList\",\"@id\":\"https:\\\/\\\/www.callandplay.com\\\/meinl-reb1218ab-m-rebolo-12x18-african-brown\\\/#breadcrumb\",\"itemListElement\":[{\"@type\":\"ListItem\",\"position\":1,\"name\":\"Portada\",\"item\":\"https:\\\/\\\/www.callandplay.com\\\/\"},{\"@type\":\"ListItem\",\"position\":2,\"name\":\"Tienda\",\"item\":\"https:\\\/\\\/www.callandplay.com\\\/tienda\\\/\"},{\"@type\":\"ListItem\",\"position\":3,\"name\":\"MEINL REB1218AB-M REBOLO 12&#8243;x18&#8243; AFRICAN BROWN\"}]},{\"@type\":\"WebSite\",\"@id\":\"https:\\\/\\\/www.callandplay.com\\\/#website\",\"url\":\"https:\\\/\\\/www.callandplay.com\\\/\",\"name\":\"Call&amp;Play\",\"description\":\"Alquiler de backline e instrumentos musicales\",\"publisher\":{\"@id\":\"https:\\\/\\\/www.callandplay.com\\\/#organization\"},\"potentialAction\":[{\"@type\":\"SearchAction\",\"target\":{\"@type\":\"EntryPoint\",\"urlTemplate\":\"https:\\\/\\\/www.callandplay.com\\\/?s={search_term_string}\"},\"query-input\":{\"@type\":\"PropertyValueSpecification\",\"valueRequired\":true,\"valueName\":\"search_term_string\"}}],\"inLanguage\":\"ca\"},{\"@type\":\"Organization\",\"@id\":\"https:\\\/\\\/www.callandplay.com\\\/#organization\",\"name\":\"Call&Play\",\"url\":\"https:\\\/\\\/www.callandplay.com\\\/\",\"logo\":{\"@type\":\"ImageObject\",\"inLanguage\":\"ca\",\"@id\":\"https:\\\/\\\/www.callandplay.com\\\/#\\\/schema\\\/logo\\\/image\\\/\",\"url\":\"https:\\\/\\\/www.callandplay.com\\\/wp-content\\\/uploads\\\/2021\\\/06\\\/cropped-cropped-logo-black_con_sombra.png\",\"contentUrl\":\"https:\\\/\\\/www.callandplay.com\\\/wp-content\\\/uploads\\\/2021\\\/06\\\/cropped-cropped-logo-black_con_sombra.png\",\"width\":512,\"height\":512,\"caption\":\"Call&Play\"},\"image\":{\"@id\":\"https:\\\/\\\/www.callandplay.com\\\/#\\\/schema\\\/logo\\\/image\\\/\"},\"sameAs\":[\"https:\\\/\\\/www.facebook.com\\\/callandplay\",\"https:\\\/\\\/www.instagram.com\\\/call_and_play\\\/\"]}]}<\/script>\n<!-- \/ Yoast SEO plugin. -->","yoast_head_json":{"title":"MEINL REB1218AB-M REBOLO 12\"x18\" AFRICAN BROWN - Call&amp;Play","robots":{"index":"index","follow":"follow","max-snippet":"max-snippet:-1","max-image-preview":"max-image-preview:large","max-video-preview":"max-video-preview:-1"},"canonical":"https:\/\/www.callandplay.com\/ca\/meinl-reb1218ab-m-rebolo-12x18-african-brown\/","og_locale":"ca_ES","og_type":"article","og_title":"MEINL REB1218AB-M REBOLO 12\"x18\" AFRICAN BROWN - Call&amp;Play","og_description":"Rebolo en madera de 12'' x 18''. El Rebolo Meinl est\u00e1 hecho con seis capas de madera ligera y con un dise\u00f1o ergon\u00f3mico que te permite tocarl de manera c\u00f3moda. Adem\u00e1s lleva enganches para que se pueda colgar de la correa. El parche es de napa. Seis tornillos de ajuste.","og_url":"https:\/\/www.callandplay.com\/ca\/meinl-reb1218ab-m-rebolo-12x18-african-brown\/","og_site_name":"Call&amp;Play","article_publisher":"https:\/\/www.facebook.com\/callandplay","article_modified_time":"2026-04-04T20:33:52+00:00","twitter_card":"summary_large_image","schema":{"@context":"https:\/\/schema.org","@graph":[{"@type":"WebPage","@id":"https:\/\/www.callandplay.com\/meinl-reb1218ab-m-rebolo-12x18-african-brown\/","url":"https:\/\/www.callandplay.com\/meinl-reb1218ab-m-rebolo-12x18-african-brown\/","name":"MEINL REB1218AB-M REBOLO 12\"x18\" AFRICAN BROWN - Call&amp;Play","isPartOf":{"@id":"https:\/\/www.callandplay.com\/#website"},"datePublished":"2026-02-27T00:00:00+00:00","dateModified":"2026-04-04T20:33:52+00:00","breadcrumb":{"@id":"https:\/\/www.callandplay.com\/meinl-reb1218ab-m-rebolo-12x18-african-brown\/#breadcrumb"},"inLanguage":"ca","potentialAction":[{"@type":"ReadAction","target":["https:\/\/www.callandplay.com\/meinl-reb1218ab-m-rebolo-12x18-african-brown\/"]}]},{"@type":"BreadcrumbList","@id":"https:\/\/www.callandplay.com\/meinl-reb1218ab-m-rebolo-12x18-african-brown\/#breadcrumb","itemListElement":[{"@type":"ListItem","position":1,"name":"Portada","item":"https:\/\/www.callandplay.com\/"},{"@type":"ListItem","position":2,"name":"Tienda","item":"https:\/\/www.callandplay.com\/tienda\/"},{"@type":"ListItem","position":3,"name":"MEINL REB1218AB-M REBOLO 12&#8243;x18&#8243; AFRICAN BROWN"}]},{"@type":"WebSite","@id":"https:\/\/www.callandplay.com\/#website","url":"https:\/\/www.callandplay.com\/","name":"Call&amp;Play","description":"Alquiler de backline e instrumentos musicales","publisher":{"@id":"https:\/\/www.callandplay.com\/#organization"},"potentialAction":[{"@type":"SearchAction","target":{"@type":"EntryPoint","urlTemplate":"https:\/\/www.callandplay.com\/?s={search_term_string}"},"query-input":{"@type":"PropertyValueSpecification","valueRequired":true,"valueName":"search_term_string"}}],"inLanguage":"ca"},{"@type":"Organization","@id":"https:\/\/www.callandplay.com\/#organization","name":"Call&Play","url":"https:\/\/www.callandplay.com\/","logo":{"@type":"ImageObject","inLanguage":"ca","@id":"https:\/\/www.callandplay.com\/#\/schema\/logo\/image\/","url":"https:\/\/www.callandplay.com\/wp-content\/uploads\/2021\/06\/cropped-cropped-logo-black_con_sombra.png","contentUrl":"https:\/\/www.callandplay.com\/wp-content\/uploads\/2021\/06\/cropped-cropped-logo-black_con_sombra.png","width":512,"height":512,"caption":"Call&Play"},"image":{"@id":"https:\/\/www.callandplay.com\/#\/schema\/logo\/image\/"},"sameAs":["https:\/\/www.facebook.com\/callandplay","https:\/\/www.instagram.com\/call_and_play\/"]}]}},"_links":{"self":[{"href":"https:\/\/www.callandplay.com\/ca\/wp-json\/wp\/v2\/product\/53249","targetHints":{"allow":["GET"]}}],"collection":[{"href":"https:\/\/www.callandplay.com\/ca\/wp-json\/wp\/v2\/product"}],"about":[{"href":"https:\/\/www.callandplay.com\/ca\/wp-json\/wp\/v2\/types\/product"}],"replies":[{"embeddable":true,"href":"https:\/\/www.callandplay.com\/ca\/wp-json\/wp\/v2\/comments?post=53249"}],"version-history":[{"count":1,"href":"https:\/\/www.callandplay.com\/ca\/wp-json\/wp\/v2\/product\/53249\/revisions"}],"predecessor-version":[{"id":56059,"href":"https:\/\/www.callandplay.com\/ca\/wp-json\/wp\/v2\/product\/53249\/revisions\/56059"}],"wp:attachment":[{"href":"https:\/\/www.callandplay.com\/ca\/wp-json\/wp\/v2\/media?parent=53249"}],"wp:term":[{"taxonomy":"product_brand","embeddable":true,"href":"https:\/\/www.callandplay.com\/ca\/wp-json\/wp\/v2\/product_brand?post=53249"},{"taxonomy":"product_cat","embeddable":true,"href":"https:\/\/www.callandplay.com\/ca\/wp-json\/wp\/v2\/product_cat?post=53249"},{"taxonomy":"product_tag","embeddable":true,"href":"https:\/\/www.callandplay.com\/ca\/wp-json\/wp\/v2\/product_tag?post=53249"}],"curies":[{"name":"wp","href":"https:\/\/api.w.org\/{rel}","templated":true}]}}