{"id":53281,"date":"2023-12-07T00:00:00","date_gmt":"2023-12-07T00:00:00","guid":{"rendered":"https:\/\/www.callandplay.com\/sabian-frx-family\/"},"modified":"2026-04-15T20:54:19","modified_gmt":"2026-04-15T20:54:19","slug":"sabian-frx-family","status":"publish","type":"product","link":"https:\/\/www.callandplay.com\/ca\/sabian-frx-family\/","title":{"rendered":"SABIAN FRX FAMILY"},"content":{"rendered":"<p>La serie Sabian FRX est\u00e1 fabricada en bronce B20. Ofrecen una respuesta r\u00e1pida y brillante y una sensaci\u00f3n excepcionalmente suave. NO es un platillo de bajo volumen. M\u00e1s bien, funciona cortando frecuencias espec\u00edficas que dan como resultado la percepci\u00f3n del volumen. Los FRX son ideales para tocar en iglesias, bodas, conciertos corporativos, lugares peque\u00f1os, escuelas, teatros musicales, cruceros, bateristas que cantan, ensayos de bandas o cualquier entorno donde el volumen de los platillos pueda ser un problema. Estilo: Moderno. Sonido: Mixto. Acabado: Natural. Precio orientativo, por unidad; depende del tipo y tama\u00f1o del platillo.<\/p>","protected":false},"excerpt":{"rendered":"<p>La serie Sabian FRX est\u00e1 fabricada en bronce B20. Ofrecen una respuesta r\u00e1pida y brillante y una sensaci\u00f3n excepcionalmente suave. NO es un platillo de bajo volumen. M\u00e1s bien, funciona cortando frecuencias espec\u00edficas que dan como resultado la percepci\u00f3n del volumen. Los FRX son ideales para tocar en iglesias, bodas, conciertos corporativos, lugares peque\u00f1os, escuelas, teatros musicales, cruceros, bateristas que cantan, ensayos de bandas o cualquier entorno donde el volumen de los platillos pueda ser un problema. Estilo: Moderno. Sonido: Mixto. Acabado: Natural. Precio orientativo, por unidad; depende del tipo y tama\u00f1o del platillo.<\/p>","protected":false},"featured_media":0,"comment_status":"closed","ping_status":"closed","template":"","meta":{"_acf_changed":false,"om_disable_all_campaigns":false,"_monsterinsights_skip_tracking":false,"_monsterinsights_sitenote_active":false,"_monsterinsights_sitenote_note":"","_monsterinsights_sitenote_category":0},"product_brand":[],"product_cat":[888],"product_tag":[],"class_list":{"0":"post-53281","1":"product","2":"type-product","3":"status-publish","5":"product_cat-familias-de-platos","7":"first","8":"instock","9":"shipping-taxable","10":"purchasable","11":"product-type-simple"},"acf":[],"yoast_head":"<!-- This site is optimized with the Yoast SEO plugin v27.4 - https:\/\/yoast.com\/product\/yoast-seo-wordpress\/ -->\n<title>SABIAN FRX FAMILY - Call&amp;Play<\/title>\n<meta name=\"robots\" content=\"index, follow, max-snippet:-1, max-image-preview:large, max-video-preview:-1\" \/>\n<link rel=\"canonical\" href=\"https:\/\/www.callandplay.com\/ca\/sabian-frx-family\/\" \/>\n<meta property=\"og:locale\" content=\"ca_ES\" \/>\n<meta property=\"og:type\" content=\"article\" \/>\n<meta property=\"og:title\" content=\"SABIAN FRX FAMILY - Call&amp;Play\" \/>\n<meta property=\"og:description\" content=\"La serie Sabian FRX est\u00e1 fabricada en bronce B20. Ofrecen una respuesta r\u00e1pida y brillante y una sensaci\u00f3n excepcionalmente suave. NO es un platillo de bajo volumen. M\u00e1s bien, funciona cortando frecuencias espec\u00edficas que dan como resultado la percepci\u00f3n del volumen. Los FRX son ideales para tocar en iglesias, bodas, conciertos corporativos, lugares peque\u00f1os, escuelas, teatros musicales, cruceros, bateristas que cantan, ensayos de bandas o cualquier entorno donde el volumen de los platillos pueda ser un problema. Estilo: Moderno. Sonido: Mixto. Acabado: Natural. Precio orientativo, por unidad; depende del tipo y tama\u00f1o del platillo.\" \/>\n<meta property=\"og:url\" content=\"https:\/\/www.callandplay.com\/ca\/sabian-frx-family\/\" \/>\n<meta property=\"og:site_name\" content=\"Call&amp;Play\" \/>\n<meta property=\"article:publisher\" content=\"https:\/\/www.facebook.com\/callandplay\" \/>\n<meta property=\"article:modified_time\" content=\"2026-04-15T20:54:19+00:00\" \/>\n<meta name=\"twitter:card\" content=\"summary_large_image\" \/>\n<meta name=\"twitter:label1\" content=\"Temps estimat de lectura\" \/>\n\t<meta name=\"twitter:data1\" content=\"1 minut\" \/>\n<script type=\"application\/ld+json\" class=\"yoast-schema-graph\">{\"@context\":\"https:\\\/\\\/schema.org\",\"@graph\":[{\"@type\":\"WebPage\",\"@id\":\"https:\\\/\\\/www.callandplay.com\\\/sabian-frx-family\\\/\",\"url\":\"https:\\\/\\\/www.callandplay.com\\\/sabian-frx-family\\\/\",\"name\":\"SABIAN FRX FAMILY - Call&amp;Play\",\"isPartOf\":{\"@id\":\"https:\\\/\\\/www.callandplay.com\\\/#website\"},\"datePublished\":\"2023-12-07T00:00:00+00:00\",\"dateModified\":\"2026-04-15T20:54:19+00:00\",\"breadcrumb\":{\"@id\":\"https:\\\/\\\/www.callandplay.com\\\/sabian-frx-family\\\/#breadcrumb\"},\"inLanguage\":\"ca\",\"potentialAction\":[{\"@type\":\"ReadAction\",\"target\":[\"https:\\\/\\\/www.callandplay.com\\\/sabian-frx-family\\\/\"]}]},{\"@type\":\"BreadcrumbList\",\"@id\":\"https:\\\/\\\/www.callandplay.com\\\/sabian-frx-family\\\/#breadcrumb\",\"itemListElement\":[{\"@type\":\"ListItem\",\"position\":1,\"name\":\"Portada\",\"item\":\"https:\\\/\\\/www.callandplay.com\\\/\"},{\"@type\":\"ListItem\",\"position\":2,\"name\":\"Tienda\",\"item\":\"https:\\\/\\\/www.callandplay.com\\\/tienda\\\/\"},{\"@type\":\"ListItem\",\"position\":3,\"name\":\"SABIAN FRX FAMILY\"}]},{\"@type\":\"WebSite\",\"@id\":\"https:\\\/\\\/www.callandplay.com\\\/#website\",\"url\":\"https:\\\/\\\/www.callandplay.com\\\/\",\"name\":\"Call&amp;Play\",\"description\":\"Alquiler de backline e instrumentos musicales\",\"publisher\":{\"@id\":\"https:\\\/\\\/www.callandplay.com\\\/#organization\"},\"potentialAction\":[{\"@type\":\"SearchAction\",\"target\":{\"@type\":\"EntryPoint\",\"urlTemplate\":\"https:\\\/\\\/www.callandplay.com\\\/?s={search_term_string}\"},\"query-input\":{\"@type\":\"PropertyValueSpecification\",\"valueRequired\":true,\"valueName\":\"search_term_string\"}}],\"inLanguage\":\"ca\"},{\"@type\":\"Organization\",\"@id\":\"https:\\\/\\\/www.callandplay.com\\\/#organization\",\"name\":\"Call&Play\",\"url\":\"https:\\\/\\\/www.callandplay.com\\\/\",\"logo\":{\"@type\":\"ImageObject\",\"inLanguage\":\"ca\",\"@id\":\"https:\\\/\\\/www.callandplay.com\\\/#\\\/schema\\\/logo\\\/image\\\/\",\"url\":\"https:\\\/\\\/www.callandplay.com\\\/wp-content\\\/uploads\\\/2021\\\/06\\\/cropped-cropped-logo-black_con_sombra.png\",\"contentUrl\":\"https:\\\/\\\/www.callandplay.com\\\/wp-content\\\/uploads\\\/2021\\\/06\\\/cropped-cropped-logo-black_con_sombra.png\",\"width\":512,\"height\":512,\"caption\":\"Call&Play\"},\"image\":{\"@id\":\"https:\\\/\\\/www.callandplay.com\\\/#\\\/schema\\\/logo\\\/image\\\/\"},\"sameAs\":[\"https:\\\/\\\/www.facebook.com\\\/callandplay\",\"https:\\\/\\\/www.instagram.com\\\/call_and_play\\\/\"]}]}<\/script>\n<!-- \/ Yoast SEO plugin. -->","yoast_head_json":{"title":"SABIAN FRX FAMILY - Call&amp;Play","robots":{"index":"index","follow":"follow","max-snippet":"max-snippet:-1","max-image-preview":"max-image-preview:large","max-video-preview":"max-video-preview:-1"},"canonical":"https:\/\/www.callandplay.com\/ca\/sabian-frx-family\/","og_locale":"ca_ES","og_type":"article","og_title":"SABIAN FRX FAMILY - Call&amp;Play","og_description":"La serie Sabian FRX est\u00e1 fabricada en bronce B20. Ofrecen una respuesta r\u00e1pida y brillante y una sensaci\u00f3n excepcionalmente suave. NO es un platillo de bajo volumen. M\u00e1s bien, funciona cortando frecuencias espec\u00edficas que dan como resultado la percepci\u00f3n del volumen. Los FRX son ideales para tocar en iglesias, bodas, conciertos corporativos, lugares peque\u00f1os, escuelas, teatros musicales, cruceros, bateristas que cantan, ensayos de bandas o cualquier entorno donde el volumen de los platillos pueda ser un problema. Estilo: Moderno. Sonido: Mixto. Acabado: Natural. Precio orientativo, por unidad; depende del tipo y tama\u00f1o del platillo.","og_url":"https:\/\/www.callandplay.com\/ca\/sabian-frx-family\/","og_site_name":"Call&amp;Play","article_publisher":"https:\/\/www.facebook.com\/callandplay","article_modified_time":"2026-04-15T20:54:19+00:00","twitter_card":"summary_large_image","twitter_misc":{"Temps estimat de lectura":"1 minut"},"schema":{"@context":"https:\/\/schema.org","@graph":[{"@type":"WebPage","@id":"https:\/\/www.callandplay.com\/sabian-frx-family\/","url":"https:\/\/www.callandplay.com\/sabian-frx-family\/","name":"SABIAN FRX FAMILY - Call&amp;Play","isPartOf":{"@id":"https:\/\/www.callandplay.com\/#website"},"datePublished":"2023-12-07T00:00:00+00:00","dateModified":"2026-04-15T20:54:19+00:00","breadcrumb":{"@id":"https:\/\/www.callandplay.com\/sabian-frx-family\/#breadcrumb"},"inLanguage":"ca","potentialAction":[{"@type":"ReadAction","target":["https:\/\/www.callandplay.com\/sabian-frx-family\/"]}]},{"@type":"BreadcrumbList","@id":"https:\/\/www.callandplay.com\/sabian-frx-family\/#breadcrumb","itemListElement":[{"@type":"ListItem","position":1,"name":"Portada","item":"https:\/\/www.callandplay.com\/"},{"@type":"ListItem","position":2,"name":"Tienda","item":"https:\/\/www.callandplay.com\/tienda\/"},{"@type":"ListItem","position":3,"name":"SABIAN FRX FAMILY"}]},{"@type":"WebSite","@id":"https:\/\/www.callandplay.com\/#website","url":"https:\/\/www.callandplay.com\/","name":"Call&amp;Play","description":"Alquiler de backline e instrumentos musicales","publisher":{"@id":"https:\/\/www.callandplay.com\/#organization"},"potentialAction":[{"@type":"SearchAction","target":{"@type":"EntryPoint","urlTemplate":"https:\/\/www.callandplay.com\/?s={search_term_string}"},"query-input":{"@type":"PropertyValueSpecification","valueRequired":true,"valueName":"search_term_string"}}],"inLanguage":"ca"},{"@type":"Organization","@id":"https:\/\/www.callandplay.com\/#organization","name":"Call&Play","url":"https:\/\/www.callandplay.com\/","logo":{"@type":"ImageObject","inLanguage":"ca","@id":"https:\/\/www.callandplay.com\/#\/schema\/logo\/image\/","url":"https:\/\/www.callandplay.com\/wp-content\/uploads\/2021\/06\/cropped-cropped-logo-black_con_sombra.png","contentUrl":"https:\/\/www.callandplay.com\/wp-content\/uploads\/2021\/06\/cropped-cropped-logo-black_con_sombra.png","width":512,"height":512,"caption":"Call&Play"},"image":{"@id":"https:\/\/www.callandplay.com\/#\/schema\/logo\/image\/"},"sameAs":["https:\/\/www.facebook.com\/callandplay","https:\/\/www.instagram.com\/call_and_play\/"]}]}},"_links":{"self":[{"href":"https:\/\/www.callandplay.com\/ca\/wp-json\/wp\/v2\/product\/53281","targetHints":{"allow":["GET"]}}],"collection":[{"href":"https:\/\/www.callandplay.com\/ca\/wp-json\/wp\/v2\/product"}],"about":[{"href":"https:\/\/www.callandplay.com\/ca\/wp-json\/wp\/v2\/types\/product"}],"replies":[{"embeddable":true,"href":"https:\/\/www.callandplay.com\/ca\/wp-json\/wp\/v2\/comments?post=53281"}],"version-history":[{"count":1,"href":"https:\/\/www.callandplay.com\/ca\/wp-json\/wp\/v2\/product\/53281\/revisions"}],"predecessor-version":[{"id":56091,"href":"https:\/\/www.callandplay.com\/ca\/wp-json\/wp\/v2\/product\/53281\/revisions\/56091"}],"wp:attachment":[{"href":"https:\/\/www.callandplay.com\/ca\/wp-json\/wp\/v2\/media?parent=53281"}],"wp:term":[{"taxonomy":"product_brand","embeddable":true,"href":"https:\/\/www.callandplay.com\/ca\/wp-json\/wp\/v2\/product_brand?post=53281"},{"taxonomy":"product_cat","embeddable":true,"href":"https:\/\/www.callandplay.com\/ca\/wp-json\/wp\/v2\/product_cat?post=53281"},{"taxonomy":"product_tag","embeddable":true,"href":"https:\/\/www.callandplay.com\/ca\/wp-json\/wp\/v2\/product_tag?post=53281"}],"curies":[{"name":"wp","href":"https:\/\/api.w.org\/{rel}","templated":true}]}}