{"id":53300,"date":"2026-02-12T00:00:00","date_gmt":"2026-02-12T00:00:00","guid":{"rendered":"https:\/\/www.callandplay.com\/alphatheta-wave-eight-8-portable-wireless-dj-speaker-black\/"},"modified":"2026-04-03T20:35:32","modified_gmt":"2026-04-03T20:35:32","slug":"alphatheta-wave-eight-8-portable-wireless-dj-speaker-black","status":"publish","type":"product","link":"https:\/\/www.callandplay.com\/ca\/alphatheta-wave-eight-8-portable-wireless-dj-speaker-black\/","title":{"rendered":"ALPHATHETA WAVE-EIGHT 8\u201d PORTABLE WIRELESS DJ SPEAKER BLACK"},"content":{"rendered":"<p>Este altavoz DJ port\u00e1til de 8 pulgadas hace posible pinchar sin cables y sin retrasos en el sonido con WAVE-EIGHT, gracias a SonicLinkcon. Esta nueva tecnolog\u00eda de latencia ultrabaja transmite audio de forma inal\u00e1mbrica mucho m\u00e1s r\u00e1pido que una conexi\u00f3n Bluetooth, por lo que solo pasa una fracci\u00f3n de segundo entre presionar Play en los decks y escuchar la pista a trav\u00e9s de los altavoces. El transmisor incluido dentro de un compartimento de almacenamiento en el WAVE-EIGHT se conecta al equipo DJ, y se crea instant\u00e1neamente una conexi\u00f3n inal\u00e1mbrica, lo que permite organizar una fiesta DJ en cualquier lugar que se desee.<\/p>","protected":false},"excerpt":{"rendered":"<p>Este altavoz DJ port\u00e1til de 8 pulgadas hace posible pinchar sin cables y sin retrasos en el sonido con WAVE-EIGHT, gracias a SonicLinkcon. Esta nueva tecnolog\u00eda de latencia ultrabaja transmite audio de forma inal\u00e1mbrica mucho m\u00e1s r\u00e1pido que una conexi\u00f3n Bluetooth, por lo que solo pasa una fracci\u00f3n de segundo entre presionar Play en los decks y escuchar la pista a trav\u00e9s de los altavoces. El transmisor incluido dentro de un compartimento de almacenamiento en el WAVE-EIGHT se conecta al equipo DJ, y se crea instant\u00e1neamente una conexi\u00f3n inal\u00e1mbrica, lo que permite organizar una fiesta DJ en cualquier lugar que se desee.<\/p>","protected":false},"featured_media":0,"comment_status":"closed","ping_status":"closed","template":"","meta":{"_acf_changed":false,"om_disable_all_campaigns":false,"_monsterinsights_skip_tracking":false,"_monsterinsights_sitenote_active":false,"_monsterinsights_sitenote_note":"","_monsterinsights_sitenote_category":0},"product_brand":[],"product_cat":[855],"product_tag":[],"class_list":{"0":"post-53300","1":"product","2":"type-product","3":"status-publish","5":"product_cat-accesorios-dj","7":"first","8":"instock","9":"shipping-taxable","10":"purchasable","11":"product-type-simple"},"acf":[],"yoast_head":"<!-- This site is optimized with the Yoast SEO plugin v27.3 - https:\/\/yoast.com\/product\/yoast-seo-wordpress\/ -->\n<title>ALPHATHETA WAVE-EIGHT 8\u201d PORTABLE WIRELESS DJ SPEAKER BLACK - Call&amp;Play<\/title>\n<meta name=\"robots\" content=\"index, follow, max-snippet:-1, max-image-preview:large, max-video-preview:-1\" \/>\n<link rel=\"canonical\" href=\"https:\/\/www.callandplay.com\/ca\/alphatheta-wave-eight-8-portable-wireless-dj-speaker-black\/\" \/>\n<meta property=\"og:locale\" content=\"ca_ES\" \/>\n<meta property=\"og:type\" content=\"article\" \/>\n<meta property=\"og:title\" content=\"ALPHATHETA WAVE-EIGHT 8\u201d PORTABLE WIRELESS DJ SPEAKER BLACK - Call&amp;Play\" \/>\n<meta property=\"og:description\" content=\"Este altavoz DJ port\u00e1til de 8 pulgadas hace posible pinchar sin cables y sin retrasos en el sonido con WAVE-EIGHT, gracias a SonicLinkcon. Esta nueva tecnolog\u00eda de latencia ultrabaja transmite audio de forma inal\u00e1mbrica mucho m\u00e1s r\u00e1pido que una conexi\u00f3n Bluetooth, por lo que solo pasa una fracci\u00f3n de segundo entre presionar Play en los decks y escuchar la pista a trav\u00e9s de los altavoces. El transmisor incluido dentro de un compartimento de almacenamiento en el WAVE-EIGHT se conecta al equipo DJ, y se crea instant\u00e1neamente una conexi\u00f3n inal\u00e1mbrica, lo que permite organizar una fiesta DJ en cualquier lugar que se desee.\" \/>\n<meta property=\"og:url\" content=\"https:\/\/www.callandplay.com\/ca\/alphatheta-wave-eight-8-portable-wireless-dj-speaker-black\/\" \/>\n<meta property=\"og:site_name\" content=\"Call&amp;Play\" \/>\n<meta property=\"article:publisher\" content=\"https:\/\/www.facebook.com\/callandplay\" \/>\n<meta property=\"article:modified_time\" content=\"2026-04-03T20:35:32+00:00\" \/>\n<meta name=\"twitter:card\" content=\"summary_large_image\" \/>\n<meta name=\"twitter:label1\" content=\"Temps estimat de lectura\" \/>\n\t<meta name=\"twitter:data1\" content=\"1 minut\" \/>\n<script type=\"application\/ld+json\" class=\"yoast-schema-graph\">{\"@context\":\"https:\\\/\\\/schema.org\",\"@graph\":[{\"@type\":\"WebPage\",\"@id\":\"https:\\\/\\\/www.callandplay.com\\\/alphatheta-wave-eight-8-portable-wireless-dj-speaker-black\\\/\",\"url\":\"https:\\\/\\\/www.callandplay.com\\\/alphatheta-wave-eight-8-portable-wireless-dj-speaker-black\\\/\",\"name\":\"ALPHATHETA WAVE-EIGHT 8\u201d PORTABLE WIRELESS DJ SPEAKER BLACK - Call&amp;Play\",\"isPartOf\":{\"@id\":\"https:\\\/\\\/www.callandplay.com\\\/#website\"},\"datePublished\":\"2026-02-12T00:00:00+00:00\",\"dateModified\":\"2026-04-03T20:35:32+00:00\",\"breadcrumb\":{\"@id\":\"https:\\\/\\\/www.callandplay.com\\\/alphatheta-wave-eight-8-portable-wireless-dj-speaker-black\\\/#breadcrumb\"},\"inLanguage\":\"ca\",\"potentialAction\":[{\"@type\":\"ReadAction\",\"target\":[\"https:\\\/\\\/www.callandplay.com\\\/alphatheta-wave-eight-8-portable-wireless-dj-speaker-black\\\/\"]}]},{\"@type\":\"BreadcrumbList\",\"@id\":\"https:\\\/\\\/www.callandplay.com\\\/alphatheta-wave-eight-8-portable-wireless-dj-speaker-black\\\/#breadcrumb\",\"itemListElement\":[{\"@type\":\"ListItem\",\"position\":1,\"name\":\"Portada\",\"item\":\"https:\\\/\\\/www.callandplay.com\\\/\"},{\"@type\":\"ListItem\",\"position\":2,\"name\":\"Tienda\",\"item\":\"https:\\\/\\\/www.callandplay.com\\\/tienda\\\/\"},{\"@type\":\"ListItem\",\"position\":3,\"name\":\"ALPHATHETA WAVE-EIGHT 8\u201d PORTABLE WIRELESS DJ SPEAKER BLACK\"}]},{\"@type\":\"WebSite\",\"@id\":\"https:\\\/\\\/www.callandplay.com\\\/#website\",\"url\":\"https:\\\/\\\/www.callandplay.com\\\/\",\"name\":\"Call&amp;Play\",\"description\":\"Alquiler de backline e instrumentos musicales\",\"publisher\":{\"@id\":\"https:\\\/\\\/www.callandplay.com\\\/#organization\"},\"potentialAction\":[{\"@type\":\"SearchAction\",\"target\":{\"@type\":\"EntryPoint\",\"urlTemplate\":\"https:\\\/\\\/www.callandplay.com\\\/?s={search_term_string}\"},\"query-input\":{\"@type\":\"PropertyValueSpecification\",\"valueRequired\":true,\"valueName\":\"search_term_string\"}}],\"inLanguage\":\"ca\"},{\"@type\":\"Organization\",\"@id\":\"https:\\\/\\\/www.callandplay.com\\\/#organization\",\"name\":\"Call&Play\",\"url\":\"https:\\\/\\\/www.callandplay.com\\\/\",\"logo\":{\"@type\":\"ImageObject\",\"inLanguage\":\"ca\",\"@id\":\"https:\\\/\\\/www.callandplay.com\\\/#\\\/schema\\\/logo\\\/image\\\/\",\"url\":\"https:\\\/\\\/www.callandplay.com\\\/wp-content\\\/uploads\\\/2021\\\/06\\\/cropped-cropped-logo-black_con_sombra.png\",\"contentUrl\":\"https:\\\/\\\/www.callandplay.com\\\/wp-content\\\/uploads\\\/2021\\\/06\\\/cropped-cropped-logo-black_con_sombra.png\",\"width\":512,\"height\":512,\"caption\":\"Call&Play\"},\"image\":{\"@id\":\"https:\\\/\\\/www.callandplay.com\\\/#\\\/schema\\\/logo\\\/image\\\/\"},\"sameAs\":[\"https:\\\/\\\/www.facebook.com\\\/callandplay\",\"https:\\\/\\\/www.instagram.com\\\/call_and_play\\\/\"]}]}<\/script>\n<!-- \/ Yoast SEO plugin. -->","yoast_head_json":{"title":"ALPHATHETA WAVE-EIGHT 8\u201d PORTABLE WIRELESS DJ SPEAKER BLACK - Call&amp;Play","robots":{"index":"index","follow":"follow","max-snippet":"max-snippet:-1","max-image-preview":"max-image-preview:large","max-video-preview":"max-video-preview:-1"},"canonical":"https:\/\/www.callandplay.com\/ca\/alphatheta-wave-eight-8-portable-wireless-dj-speaker-black\/","og_locale":"ca_ES","og_type":"article","og_title":"ALPHATHETA WAVE-EIGHT 8\u201d PORTABLE WIRELESS DJ SPEAKER BLACK - Call&amp;Play","og_description":"Este altavoz DJ port\u00e1til de 8 pulgadas hace posible pinchar sin cables y sin retrasos en el sonido con WAVE-EIGHT, gracias a SonicLinkcon. Esta nueva tecnolog\u00eda de latencia ultrabaja transmite audio de forma inal\u00e1mbrica mucho m\u00e1s r\u00e1pido que una conexi\u00f3n Bluetooth, por lo que solo pasa una fracci\u00f3n de segundo entre presionar Play en los decks y escuchar la pista a trav\u00e9s de los altavoces. El transmisor incluido dentro de un compartimento de almacenamiento en el WAVE-EIGHT se conecta al equipo DJ, y se crea instant\u00e1neamente una conexi\u00f3n inal\u00e1mbrica, lo que permite organizar una fiesta DJ en cualquier lugar que se desee.","og_url":"https:\/\/www.callandplay.com\/ca\/alphatheta-wave-eight-8-portable-wireless-dj-speaker-black\/","og_site_name":"Call&amp;Play","article_publisher":"https:\/\/www.facebook.com\/callandplay","article_modified_time":"2026-04-03T20:35:32+00:00","twitter_card":"summary_large_image","twitter_misc":{"Temps estimat de lectura":"1 minut"},"schema":{"@context":"https:\/\/schema.org","@graph":[{"@type":"WebPage","@id":"https:\/\/www.callandplay.com\/alphatheta-wave-eight-8-portable-wireless-dj-speaker-black\/","url":"https:\/\/www.callandplay.com\/alphatheta-wave-eight-8-portable-wireless-dj-speaker-black\/","name":"ALPHATHETA WAVE-EIGHT 8\u201d PORTABLE WIRELESS DJ SPEAKER BLACK - Call&amp;Play","isPartOf":{"@id":"https:\/\/www.callandplay.com\/#website"},"datePublished":"2026-02-12T00:00:00+00:00","dateModified":"2026-04-03T20:35:32+00:00","breadcrumb":{"@id":"https:\/\/www.callandplay.com\/alphatheta-wave-eight-8-portable-wireless-dj-speaker-black\/#breadcrumb"},"inLanguage":"ca","potentialAction":[{"@type":"ReadAction","target":["https:\/\/www.callandplay.com\/alphatheta-wave-eight-8-portable-wireless-dj-speaker-black\/"]}]},{"@type":"BreadcrumbList","@id":"https:\/\/www.callandplay.com\/alphatheta-wave-eight-8-portable-wireless-dj-speaker-black\/#breadcrumb","itemListElement":[{"@type":"ListItem","position":1,"name":"Portada","item":"https:\/\/www.callandplay.com\/"},{"@type":"ListItem","position":2,"name":"Tienda","item":"https:\/\/www.callandplay.com\/tienda\/"},{"@type":"ListItem","position":3,"name":"ALPHATHETA WAVE-EIGHT 8\u201d PORTABLE WIRELESS DJ SPEAKER BLACK"}]},{"@type":"WebSite","@id":"https:\/\/www.callandplay.com\/#website","url":"https:\/\/www.callandplay.com\/","name":"Call&amp;Play","description":"Alquiler de backline e instrumentos musicales","publisher":{"@id":"https:\/\/www.callandplay.com\/#organization"},"potentialAction":[{"@type":"SearchAction","target":{"@type":"EntryPoint","urlTemplate":"https:\/\/www.callandplay.com\/?s={search_term_string}"},"query-input":{"@type":"PropertyValueSpecification","valueRequired":true,"valueName":"search_term_string"}}],"inLanguage":"ca"},{"@type":"Organization","@id":"https:\/\/www.callandplay.com\/#organization","name":"Call&Play","url":"https:\/\/www.callandplay.com\/","logo":{"@type":"ImageObject","inLanguage":"ca","@id":"https:\/\/www.callandplay.com\/#\/schema\/logo\/image\/","url":"https:\/\/www.callandplay.com\/wp-content\/uploads\/2021\/06\/cropped-cropped-logo-black_con_sombra.png","contentUrl":"https:\/\/www.callandplay.com\/wp-content\/uploads\/2021\/06\/cropped-cropped-logo-black_con_sombra.png","width":512,"height":512,"caption":"Call&Play"},"image":{"@id":"https:\/\/www.callandplay.com\/#\/schema\/logo\/image\/"},"sameAs":["https:\/\/www.facebook.com\/callandplay","https:\/\/www.instagram.com\/call_and_play\/"]}]}},"_links":{"self":[{"href":"https:\/\/www.callandplay.com\/ca\/wp-json\/wp\/v2\/product\/53300","targetHints":{"allow":["GET"]}}],"collection":[{"href":"https:\/\/www.callandplay.com\/ca\/wp-json\/wp\/v2\/product"}],"about":[{"href":"https:\/\/www.callandplay.com\/ca\/wp-json\/wp\/v2\/types\/product"}],"replies":[{"embeddable":true,"href":"https:\/\/www.callandplay.com\/ca\/wp-json\/wp\/v2\/comments?post=53300"}],"version-history":[{"count":1,"href":"https:\/\/www.callandplay.com\/ca\/wp-json\/wp\/v2\/product\/53300\/revisions"}],"predecessor-version":[{"id":56110,"href":"https:\/\/www.callandplay.com\/ca\/wp-json\/wp\/v2\/product\/53300\/revisions\/56110"}],"wp:attachment":[{"href":"https:\/\/www.callandplay.com\/ca\/wp-json\/wp\/v2\/media?parent=53300"}],"wp:term":[{"taxonomy":"product_brand","embeddable":true,"href":"https:\/\/www.callandplay.com\/ca\/wp-json\/wp\/v2\/product_brand?post=53300"},{"taxonomy":"product_cat","embeddable":true,"href":"https:\/\/www.callandplay.com\/ca\/wp-json\/wp\/v2\/product_cat?post=53300"},{"taxonomy":"product_tag","embeddable":true,"href":"https:\/\/www.callandplay.com\/ca\/wp-json\/wp\/v2\/product_tag?post=53300"}],"curies":[{"name":"wp","href":"https:\/\/api.w.org\/{rel}","templated":true}]}}