{"id":53302,"date":"2025-06-08T00:00:00","date_gmt":"2025-06-08T00:00:00","guid":{"rendered":"https:\/\/www.callandplay.com\/alphatheta-euphonia-rotary-dj-mixer\/"},"modified":"2026-04-15T20:54:20","modified_gmt":"2026-04-15T20:54:20","slug":"alphatheta-euphonia-rotary-dj-mixer","status":"publish","type":"product","link":"https:\/\/www.callandplay.com\/ca\/alphatheta-euphonia-rotary-dj-mixer\/","title":{"rendered":"ALPHATHETA EUPHONIA ROTARY DJ MIXER"},"content":{"rendered":"<p>Mezclador rotatorio de \u00faltima generaci\u00f3n de la empresa matriz de Pioneer, AlphaTheta de 4 canales. La tecnolog\u00eda digital de vanguardia se combina con la riqueza anal\u00f3gica gracias a los transformadores de salida del legendario Rupert Neve Designs. Para ofrecer una calidad de sonido m\u00e1s clara que reproduzca con precisi\u00f3n la expresi\u00f3n de la m\u00fasica, el euphonia utiliza convertidores A\/D y D\/A de 32 bits de alta calidad, as\u00ed como operaciones de procesamiento de mezcla de punto flotante de 96 kHz\/64 bits en el DSP, utilizando la tecnolog\u00eda digital. La tecnolog\u00eda de procesamiento de se\u00f1ales que AlphaTheta ha desarrollado durante muchos a\u00f1os. Software compatible: Rekordbox, Serato DJ Pro. Entradas: DIGITAL IN \u00d7 4 (coaxial), LINE \u00d7 4 (RCA), PHONO \u00d7 4 (RCA), MIC x 1 (XLR y jack TRS de 1\/4&#8243;). Salidas: MASTER \u00d7 1 (XLR), BOOTH \u00d7 1 (conector TRS de 1\/4&#8243;), REC \u00d7 1 (RCA), PHONES \u00d7 2 (conector telef\u00f3nico est\u00e9reo de 1\/4&#8243;, miniconector est\u00e9reo de 3,5 mm), USB: USB Type-C \u00d7 1. Env\u00edo\/Retorno: S\u00ed..<\/p>","protected":false},"excerpt":{"rendered":"<p>Mezclador rotatorio de \u00faltima generaci\u00f3n de la empresa matriz de Pioneer, AlphaTheta de 4 canales. La tecnolog\u00eda digital de vanguardia se combina con la riqueza anal\u00f3gica gracias a los transformadores de salida del legendario Rupert Neve Designs. Para ofrecer una calidad de sonido m\u00e1s clara que reproduzca con precisi\u00f3n la expresi\u00f3n de la m\u00fasica, el euphonia utiliza convertidores A\/D y D\/A de 32 bits de alta calidad, as\u00ed como operaciones de procesamiento de mezcla de punto flotante de 96 kHz\/64 bits en el DSP, utilizando la tecnolog\u00eda digital. La tecnolog\u00eda de procesamiento de se\u00f1ales que AlphaTheta ha desarrollado durante muchos a\u00f1os. Software compatible: Rekordbox, Serato DJ Pro. Entradas: DIGITAL IN \u00d7 4 (coaxial), LINE \u00d7 4 (RCA), PHONO \u00d7 4 (RCA), MIC x 1 (XLR y jack TRS de 1\/4&#8243;). Salidas: MASTER \u00d7 1 (XLR), BOOTH \u00d7 1 (conector TRS de 1\/4&#8243;), REC \u00d7 1 (RCA), PHONES \u00d7 2 (conector telef\u00f3nico est\u00e9reo de 1\/4&#8243;, miniconector est\u00e9reo de 3,5 mm), USB: USB Type-C \u00d7 1. Env\u00edo\/Retorno: S\u00ed..<\/p>","protected":false},"featured_media":0,"comment_status":"closed","ping_status":"closed","template":"","meta":{"_acf_changed":false,"om_disable_all_campaigns":false,"_monsterinsights_skip_tracking":false,"_monsterinsights_sitenote_active":false,"_monsterinsights_sitenote_note":"","_monsterinsights_sitenote_category":0},"product_brand":[],"product_cat":[946],"product_tag":[],"class_list":{"0":"post-53302","1":"product","2":"type-product","3":"status-publish","5":"product_cat-mesas-dj","7":"first","8":"instock","9":"shipping-taxable","10":"purchasable","11":"product-type-simple"},"acf":[],"yoast_head":"<!-- This site is optimized with the Yoast SEO plugin v27.4 - https:\/\/yoast.com\/product\/yoast-seo-wordpress\/ -->\n<title>ALPHATHETA EUPHONIA ROTARY DJ MIXER - Call&amp;Play<\/title>\n<meta name=\"robots\" content=\"index, follow, max-snippet:-1, max-image-preview:large, max-video-preview:-1\" \/>\n<link rel=\"canonical\" href=\"https:\/\/www.callandplay.com\/ca\/alphatheta-euphonia-rotary-dj-mixer\/\" \/>\n<meta property=\"og:locale\" content=\"ca_ES\" \/>\n<meta property=\"og:type\" content=\"article\" \/>\n<meta property=\"og:title\" content=\"ALPHATHETA EUPHONIA ROTARY DJ MIXER - Call&amp;Play\" \/>\n<meta property=\"og:description\" content=\"Mezclador rotatorio de \u00faltima generaci\u00f3n de la empresa matriz de Pioneer, AlphaTheta de 4 canales. La tecnolog\u00eda digital de vanguardia se combina con la riqueza anal\u00f3gica gracias a los transformadores de salida del legendario Rupert Neve Designs. Para ofrecer una calidad de sonido m\u00e1s clara que reproduzca con precisi\u00f3n la expresi\u00f3n de la m\u00fasica, el euphonia utiliza convertidores A\/D y D\/A de 32 bits de alta calidad, as\u00ed como operaciones de procesamiento de mezcla de punto flotante de 96 kHz\/64 bits en el DSP, utilizando la tecnolog\u00eda digital. La tecnolog\u00eda de procesamiento de se\u00f1ales que AlphaTheta ha desarrollado durante muchos a\u00f1os. Software compatible: Rekordbox, Serato DJ Pro. Entradas: DIGITAL IN \u00d7 4 (coaxial), LINE \u00d7 4 (RCA), PHONO \u00d7 4 (RCA), MIC x 1 (XLR y jack TRS de 1\/4&quot;). Salidas: MASTER \u00d7 1 (XLR), BOOTH \u00d7 1 (conector TRS de 1\/4&quot;), REC \u00d7 1 (RCA), PHONES \u00d7 2 (conector telef\u00f3nico est\u00e9reo de 1\/4&quot;, miniconector est\u00e9reo de 3,5 mm), USB: USB Type-C \u00d7 1. Env\u00edo\/Retorno: S\u00ed..\" \/>\n<meta property=\"og:url\" content=\"https:\/\/www.callandplay.com\/ca\/alphatheta-euphonia-rotary-dj-mixer\/\" \/>\n<meta property=\"og:site_name\" content=\"Call&amp;Play\" \/>\n<meta property=\"article:publisher\" content=\"https:\/\/www.facebook.com\/callandplay\" \/>\n<meta property=\"article:modified_time\" content=\"2026-04-15T20:54:20+00:00\" \/>\n<meta name=\"twitter:card\" content=\"summary_large_image\" \/>\n<meta name=\"twitter:label1\" content=\"Temps estimat de lectura\" \/>\n\t<meta name=\"twitter:data1\" content=\"1 minut\" \/>\n<script type=\"application\/ld+json\" class=\"yoast-schema-graph\">{\"@context\":\"https:\\\/\\\/schema.org\",\"@graph\":[{\"@type\":\"WebPage\",\"@id\":\"https:\\\/\\\/www.callandplay.com\\\/alphatheta-euphonia-rotary-dj-mixer\\\/\",\"url\":\"https:\\\/\\\/www.callandplay.com\\\/alphatheta-euphonia-rotary-dj-mixer\\\/\",\"name\":\"ALPHATHETA EUPHONIA ROTARY DJ MIXER - Call&amp;Play\",\"isPartOf\":{\"@id\":\"https:\\\/\\\/www.callandplay.com\\\/#website\"},\"datePublished\":\"2025-06-08T00:00:00+00:00\",\"dateModified\":\"2026-04-15T20:54:20+00:00\",\"breadcrumb\":{\"@id\":\"https:\\\/\\\/www.callandplay.com\\\/alphatheta-euphonia-rotary-dj-mixer\\\/#breadcrumb\"},\"inLanguage\":\"ca\",\"potentialAction\":[{\"@type\":\"ReadAction\",\"target\":[\"https:\\\/\\\/www.callandplay.com\\\/alphatheta-euphonia-rotary-dj-mixer\\\/\"]}]},{\"@type\":\"BreadcrumbList\",\"@id\":\"https:\\\/\\\/www.callandplay.com\\\/alphatheta-euphonia-rotary-dj-mixer\\\/#breadcrumb\",\"itemListElement\":[{\"@type\":\"ListItem\",\"position\":1,\"name\":\"Portada\",\"item\":\"https:\\\/\\\/www.callandplay.com\\\/\"},{\"@type\":\"ListItem\",\"position\":2,\"name\":\"Tienda\",\"item\":\"https:\\\/\\\/www.callandplay.com\\\/tienda\\\/\"},{\"@type\":\"ListItem\",\"position\":3,\"name\":\"ALPHATHETA EUPHONIA ROTARY DJ MIXER\"}]},{\"@type\":\"WebSite\",\"@id\":\"https:\\\/\\\/www.callandplay.com\\\/#website\",\"url\":\"https:\\\/\\\/www.callandplay.com\\\/\",\"name\":\"Call&amp;Play\",\"description\":\"Alquiler de backline e instrumentos musicales\",\"publisher\":{\"@id\":\"https:\\\/\\\/www.callandplay.com\\\/#organization\"},\"potentialAction\":[{\"@type\":\"SearchAction\",\"target\":{\"@type\":\"EntryPoint\",\"urlTemplate\":\"https:\\\/\\\/www.callandplay.com\\\/?s={search_term_string}\"},\"query-input\":{\"@type\":\"PropertyValueSpecification\",\"valueRequired\":true,\"valueName\":\"search_term_string\"}}],\"inLanguage\":\"ca\"},{\"@type\":\"Organization\",\"@id\":\"https:\\\/\\\/www.callandplay.com\\\/#organization\",\"name\":\"Call&Play\",\"url\":\"https:\\\/\\\/www.callandplay.com\\\/\",\"logo\":{\"@type\":\"ImageObject\",\"inLanguage\":\"ca\",\"@id\":\"https:\\\/\\\/www.callandplay.com\\\/#\\\/schema\\\/logo\\\/image\\\/\",\"url\":\"https:\\\/\\\/www.callandplay.com\\\/wp-content\\\/uploads\\\/2021\\\/06\\\/cropped-cropped-logo-black_con_sombra.png\",\"contentUrl\":\"https:\\\/\\\/www.callandplay.com\\\/wp-content\\\/uploads\\\/2021\\\/06\\\/cropped-cropped-logo-black_con_sombra.png\",\"width\":512,\"height\":512,\"caption\":\"Call&Play\"},\"image\":{\"@id\":\"https:\\\/\\\/www.callandplay.com\\\/#\\\/schema\\\/logo\\\/image\\\/\"},\"sameAs\":[\"https:\\\/\\\/www.facebook.com\\\/callandplay\",\"https:\\\/\\\/www.instagram.com\\\/call_and_play\\\/\"]}]}<\/script>\n<!-- \/ Yoast SEO plugin. -->","yoast_head_json":{"title":"ALPHATHETA EUPHONIA ROTARY DJ MIXER - Call&amp;Play","robots":{"index":"index","follow":"follow","max-snippet":"max-snippet:-1","max-image-preview":"max-image-preview:large","max-video-preview":"max-video-preview:-1"},"canonical":"https:\/\/www.callandplay.com\/ca\/alphatheta-euphonia-rotary-dj-mixer\/","og_locale":"ca_ES","og_type":"article","og_title":"ALPHATHETA EUPHONIA ROTARY DJ MIXER - Call&amp;Play","og_description":"Mezclador rotatorio de \u00faltima generaci\u00f3n de la empresa matriz de Pioneer, AlphaTheta de 4 canales. La tecnolog\u00eda digital de vanguardia se combina con la riqueza anal\u00f3gica gracias a los transformadores de salida del legendario Rupert Neve Designs. Para ofrecer una calidad de sonido m\u00e1s clara que reproduzca con precisi\u00f3n la expresi\u00f3n de la m\u00fasica, el euphonia utiliza convertidores A\/D y D\/A de 32 bits de alta calidad, as\u00ed como operaciones de procesamiento de mezcla de punto flotante de 96 kHz\/64 bits en el DSP, utilizando la tecnolog\u00eda digital. La tecnolog\u00eda de procesamiento de se\u00f1ales que AlphaTheta ha desarrollado durante muchos a\u00f1os. Software compatible: Rekordbox, Serato DJ Pro. Entradas: DIGITAL IN \u00d7 4 (coaxial), LINE \u00d7 4 (RCA), PHONO \u00d7 4 (RCA), MIC x 1 (XLR y jack TRS de 1\/4\"). Salidas: MASTER \u00d7 1 (XLR), BOOTH \u00d7 1 (conector TRS de 1\/4\"), REC \u00d7 1 (RCA), PHONES \u00d7 2 (conector telef\u00f3nico est\u00e9reo de 1\/4\", miniconector est\u00e9reo de 3,5 mm), USB: USB Type-C \u00d7 1. Env\u00edo\/Retorno: S\u00ed..","og_url":"https:\/\/www.callandplay.com\/ca\/alphatheta-euphonia-rotary-dj-mixer\/","og_site_name":"Call&amp;Play","article_publisher":"https:\/\/www.facebook.com\/callandplay","article_modified_time":"2026-04-15T20:54:20+00:00","twitter_card":"summary_large_image","twitter_misc":{"Temps estimat de lectura":"1 minut"},"schema":{"@context":"https:\/\/schema.org","@graph":[{"@type":"WebPage","@id":"https:\/\/www.callandplay.com\/alphatheta-euphonia-rotary-dj-mixer\/","url":"https:\/\/www.callandplay.com\/alphatheta-euphonia-rotary-dj-mixer\/","name":"ALPHATHETA EUPHONIA ROTARY DJ MIXER - Call&amp;Play","isPartOf":{"@id":"https:\/\/www.callandplay.com\/#website"},"datePublished":"2025-06-08T00:00:00+00:00","dateModified":"2026-04-15T20:54:20+00:00","breadcrumb":{"@id":"https:\/\/www.callandplay.com\/alphatheta-euphonia-rotary-dj-mixer\/#breadcrumb"},"inLanguage":"ca","potentialAction":[{"@type":"ReadAction","target":["https:\/\/www.callandplay.com\/alphatheta-euphonia-rotary-dj-mixer\/"]}]},{"@type":"BreadcrumbList","@id":"https:\/\/www.callandplay.com\/alphatheta-euphonia-rotary-dj-mixer\/#breadcrumb","itemListElement":[{"@type":"ListItem","position":1,"name":"Portada","item":"https:\/\/www.callandplay.com\/"},{"@type":"ListItem","position":2,"name":"Tienda","item":"https:\/\/www.callandplay.com\/tienda\/"},{"@type":"ListItem","position":3,"name":"ALPHATHETA EUPHONIA ROTARY DJ MIXER"}]},{"@type":"WebSite","@id":"https:\/\/www.callandplay.com\/#website","url":"https:\/\/www.callandplay.com\/","name":"Call&amp;Play","description":"Alquiler de backline e instrumentos musicales","publisher":{"@id":"https:\/\/www.callandplay.com\/#organization"},"potentialAction":[{"@type":"SearchAction","target":{"@type":"EntryPoint","urlTemplate":"https:\/\/www.callandplay.com\/?s={search_term_string}"},"query-input":{"@type":"PropertyValueSpecification","valueRequired":true,"valueName":"search_term_string"}}],"inLanguage":"ca"},{"@type":"Organization","@id":"https:\/\/www.callandplay.com\/#organization","name":"Call&Play","url":"https:\/\/www.callandplay.com\/","logo":{"@type":"ImageObject","inLanguage":"ca","@id":"https:\/\/www.callandplay.com\/#\/schema\/logo\/image\/","url":"https:\/\/www.callandplay.com\/wp-content\/uploads\/2021\/06\/cropped-cropped-logo-black_con_sombra.png","contentUrl":"https:\/\/www.callandplay.com\/wp-content\/uploads\/2021\/06\/cropped-cropped-logo-black_con_sombra.png","width":512,"height":512,"caption":"Call&Play"},"image":{"@id":"https:\/\/www.callandplay.com\/#\/schema\/logo\/image\/"},"sameAs":["https:\/\/www.facebook.com\/callandplay","https:\/\/www.instagram.com\/call_and_play\/"]}]}},"_links":{"self":[{"href":"https:\/\/www.callandplay.com\/ca\/wp-json\/wp\/v2\/product\/53302","targetHints":{"allow":["GET"]}}],"collection":[{"href":"https:\/\/www.callandplay.com\/ca\/wp-json\/wp\/v2\/product"}],"about":[{"href":"https:\/\/www.callandplay.com\/ca\/wp-json\/wp\/v2\/types\/product"}],"replies":[{"embeddable":true,"href":"https:\/\/www.callandplay.com\/ca\/wp-json\/wp\/v2\/comments?post=53302"}],"version-history":[{"count":1,"href":"https:\/\/www.callandplay.com\/ca\/wp-json\/wp\/v2\/product\/53302\/revisions"}],"predecessor-version":[{"id":56112,"href":"https:\/\/www.callandplay.com\/ca\/wp-json\/wp\/v2\/product\/53302\/revisions\/56112"}],"wp:attachment":[{"href":"https:\/\/www.callandplay.com\/ca\/wp-json\/wp\/v2\/media?parent=53302"}],"wp:term":[{"taxonomy":"product_brand","embeddable":true,"href":"https:\/\/www.callandplay.com\/ca\/wp-json\/wp\/v2\/product_brand?post=53302"},{"taxonomy":"product_cat","embeddable":true,"href":"https:\/\/www.callandplay.com\/ca\/wp-json\/wp\/v2\/product_cat?post=53302"},{"taxonomy":"product_tag","embeddable":true,"href":"https:\/\/www.callandplay.com\/ca\/wp-json\/wp\/v2\/product_tag?post=53302"}],"curies":[{"name":"wp","href":"https:\/\/api.w.org\/{rel}","templated":true}]}}