{"id":53351,"date":"2025-04-07T00:00:00","date_gmt":"2025-04-07T00:00:00","guid":{"rendered":"https:\/\/www.callandplay.com\/guil-alt-37-speaker-stand-w-crank\/"},"modified":"2026-04-15T20:54:21","modified_gmt":"2026-04-15T20:54:21","slug":"guil-alt-37-speaker-stand-w-crank","status":"publish","type":"product","link":"https:\/\/www.callandplay.com\/ca\/guil-alt-37-speaker-stand-w-crank\/","title":{"rendered":"GUIL ALT-37 SPEAKER STAND w\/ CRANK"},"content":{"rendered":"<p>Soporte para altavoces con sistema de elevaci\u00f3n mediante torno manual, fabricado en aluminio, con tubo superior de \u00d8 35 mm. Ligero y con unas dimensiones de plegado especialmente compactas para facilitar su transporte. Incluso la manivela del torno se pliega sobre s\u00ed misma. El soporte telesc\u00f3pico de elevaci\u00f3n mediante manivela para altavoces se realiza mediante mecanismo de dientes de engranaje con frenado autom\u00e1tico (la elevaci\u00f3n es muy sencilla, sin ning\u00fan esfuerzo). Est\u00e1 fabricado en aluminio y acabado con pintura negra antirayaduras para una m\u00e1xima durabilidad y robustez. El soporte de altavoz PA de cuerda ref. ALT-37 tiene todos los componentes met\u00e1licos e incluye aro antivibraci\u00f3n. Est\u00e1 equipado con un doble sistema de bloqueo de seguridad mediante pomo de presi\u00f3n y sistema de dientes de engranaje.<\/p>","protected":false},"excerpt":{"rendered":"<p>Soporte para altavoces con sistema de elevaci\u00f3n mediante torno manual, fabricado en aluminio, con tubo superior de \u00d8 35 mm. Ligero y con unas dimensiones de plegado especialmente compactas para facilitar su transporte. Incluso la manivela del torno se pliega sobre s\u00ed misma. El soporte telesc\u00f3pico de elevaci\u00f3n mediante manivela para altavoces se realiza mediante mecanismo de dientes de engranaje con frenado autom\u00e1tico (la elevaci\u00f3n es muy sencilla, sin ning\u00fan esfuerzo). Est\u00e1 fabricado en aluminio y acabado con pintura negra antirayaduras para una m\u00e1xima durabilidad y robustez. El soporte de altavoz PA de cuerda ref. ALT-37 tiene todos los componentes met\u00e1licos e incluye aro antivibraci\u00f3n. Est\u00e1 equipado con un doble sistema de bloqueo de seguridad mediante pomo de presi\u00f3n y sistema de dientes de engranaje.<\/p>","protected":false},"featured_media":0,"comment_status":"closed","ping_status":"closed","template":"","meta":{"_acf_changed":false,"om_disable_all_campaigns":false,"_monsterinsights_skip_tracking":false,"_monsterinsights_sitenote_active":false,"_monsterinsights_sitenote_note":"","_monsterinsights_sitenote_category":0},"product_brand":[],"product_cat":[961],"product_tag":[],"class_list":{"0":"post-53351","1":"product","2":"type-product","3":"status-publish","5":"product_cat-soportes-de-altavoz","7":"first","8":"instock","9":"shipping-taxable","10":"purchasable","11":"product-type-simple"},"acf":[],"yoast_head":"<!-- This site is optimized with the Yoast SEO plugin v27.4 - https:\/\/yoast.com\/product\/yoast-seo-wordpress\/ -->\n<title>GUIL ALT-37 SPEAKER STAND w\/ CRANK - Call&amp;Play<\/title>\n<meta name=\"robots\" content=\"index, follow, max-snippet:-1, max-image-preview:large, max-video-preview:-1\" \/>\n<link rel=\"canonical\" href=\"https:\/\/www.callandplay.com\/ca\/guil-alt-37-speaker-stand-w-crank\/\" \/>\n<meta property=\"og:locale\" content=\"ca_ES\" \/>\n<meta property=\"og:type\" content=\"article\" \/>\n<meta property=\"og:title\" content=\"GUIL ALT-37 SPEAKER STAND w\/ CRANK - Call&amp;Play\" \/>\n<meta property=\"og:description\" content=\"Soporte para altavoces con sistema de elevaci\u00f3n mediante torno manual, fabricado en aluminio, con tubo superior de \u00d8 35 mm. Ligero y con unas dimensiones de plegado especialmente compactas para facilitar su transporte. Incluso la manivela del torno se pliega sobre s\u00ed misma. El soporte telesc\u00f3pico de elevaci\u00f3n mediante manivela para altavoces se realiza mediante mecanismo de dientes de engranaje con frenado autom\u00e1tico (la elevaci\u00f3n es muy sencilla, sin ning\u00fan esfuerzo). Est\u00e1 fabricado en aluminio y acabado con pintura negra antirayaduras para una m\u00e1xima durabilidad y robustez. El soporte de altavoz PA de cuerda ref. ALT-37 tiene todos los componentes met\u00e1licos e incluye aro antivibraci\u00f3n. Est\u00e1 equipado con un doble sistema de bloqueo de seguridad mediante pomo de presi\u00f3n y sistema de dientes de engranaje.\" \/>\n<meta property=\"og:url\" content=\"https:\/\/www.callandplay.com\/ca\/guil-alt-37-speaker-stand-w-crank\/\" \/>\n<meta property=\"og:site_name\" content=\"Call&amp;Play\" \/>\n<meta property=\"article:publisher\" content=\"https:\/\/www.facebook.com\/callandplay\" \/>\n<meta property=\"article:modified_time\" content=\"2026-04-15T20:54:21+00:00\" \/>\n<meta name=\"twitter:card\" content=\"summary_large_image\" \/>\n<meta name=\"twitter:label1\" content=\"Temps estimat de lectura\" \/>\n\t<meta name=\"twitter:data1\" content=\"1 minut\" \/>\n<script type=\"application\/ld+json\" class=\"yoast-schema-graph\">{\"@context\":\"https:\\\/\\\/schema.org\",\"@graph\":[{\"@type\":\"WebPage\",\"@id\":\"https:\\\/\\\/www.callandplay.com\\\/guil-alt-37-speaker-stand-w-crank\\\/\",\"url\":\"https:\\\/\\\/www.callandplay.com\\\/guil-alt-37-speaker-stand-w-crank\\\/\",\"name\":\"GUIL ALT-37 SPEAKER STAND w\\\/ CRANK - Call&amp;Play\",\"isPartOf\":{\"@id\":\"https:\\\/\\\/www.callandplay.com\\\/#website\"},\"datePublished\":\"2025-04-07T00:00:00+00:00\",\"dateModified\":\"2026-04-15T20:54:21+00:00\",\"breadcrumb\":{\"@id\":\"https:\\\/\\\/www.callandplay.com\\\/guil-alt-37-speaker-stand-w-crank\\\/#breadcrumb\"},\"inLanguage\":\"ca\",\"potentialAction\":[{\"@type\":\"ReadAction\",\"target\":[\"https:\\\/\\\/www.callandplay.com\\\/guil-alt-37-speaker-stand-w-crank\\\/\"]}]},{\"@type\":\"BreadcrumbList\",\"@id\":\"https:\\\/\\\/www.callandplay.com\\\/guil-alt-37-speaker-stand-w-crank\\\/#breadcrumb\",\"itemListElement\":[{\"@type\":\"ListItem\",\"position\":1,\"name\":\"Portada\",\"item\":\"https:\\\/\\\/www.callandplay.com\\\/\"},{\"@type\":\"ListItem\",\"position\":2,\"name\":\"Tienda\",\"item\":\"https:\\\/\\\/www.callandplay.com\\\/tienda\\\/\"},{\"@type\":\"ListItem\",\"position\":3,\"name\":\"GUIL ALT-37 SPEAKER STAND w\\\/ CRANK\"}]},{\"@type\":\"WebSite\",\"@id\":\"https:\\\/\\\/www.callandplay.com\\\/#website\",\"url\":\"https:\\\/\\\/www.callandplay.com\\\/\",\"name\":\"Call&amp;Play\",\"description\":\"Alquiler de backline e instrumentos musicales\",\"publisher\":{\"@id\":\"https:\\\/\\\/www.callandplay.com\\\/#organization\"},\"potentialAction\":[{\"@type\":\"SearchAction\",\"target\":{\"@type\":\"EntryPoint\",\"urlTemplate\":\"https:\\\/\\\/www.callandplay.com\\\/?s={search_term_string}\"},\"query-input\":{\"@type\":\"PropertyValueSpecification\",\"valueRequired\":true,\"valueName\":\"search_term_string\"}}],\"inLanguage\":\"ca\"},{\"@type\":\"Organization\",\"@id\":\"https:\\\/\\\/www.callandplay.com\\\/#organization\",\"name\":\"Call&Play\",\"url\":\"https:\\\/\\\/www.callandplay.com\\\/\",\"logo\":{\"@type\":\"ImageObject\",\"inLanguage\":\"ca\",\"@id\":\"https:\\\/\\\/www.callandplay.com\\\/#\\\/schema\\\/logo\\\/image\\\/\",\"url\":\"https:\\\/\\\/www.callandplay.com\\\/wp-content\\\/uploads\\\/2021\\\/06\\\/cropped-cropped-logo-black_con_sombra.png\",\"contentUrl\":\"https:\\\/\\\/www.callandplay.com\\\/wp-content\\\/uploads\\\/2021\\\/06\\\/cropped-cropped-logo-black_con_sombra.png\",\"width\":512,\"height\":512,\"caption\":\"Call&Play\"},\"image\":{\"@id\":\"https:\\\/\\\/www.callandplay.com\\\/#\\\/schema\\\/logo\\\/image\\\/\"},\"sameAs\":[\"https:\\\/\\\/www.facebook.com\\\/callandplay\",\"https:\\\/\\\/www.instagram.com\\\/call_and_play\\\/\"]}]}<\/script>\n<!-- \/ Yoast SEO plugin. -->","yoast_head_json":{"title":"GUIL ALT-37 SPEAKER STAND w\/ CRANK - Call&amp;Play","robots":{"index":"index","follow":"follow","max-snippet":"max-snippet:-1","max-image-preview":"max-image-preview:large","max-video-preview":"max-video-preview:-1"},"canonical":"https:\/\/www.callandplay.com\/ca\/guil-alt-37-speaker-stand-w-crank\/","og_locale":"ca_ES","og_type":"article","og_title":"GUIL ALT-37 SPEAKER STAND w\/ CRANK - Call&amp;Play","og_description":"Soporte para altavoces con sistema de elevaci\u00f3n mediante torno manual, fabricado en aluminio, con tubo superior de \u00d8 35 mm. Ligero y con unas dimensiones de plegado especialmente compactas para facilitar su transporte. Incluso la manivela del torno se pliega sobre s\u00ed misma. El soporte telesc\u00f3pico de elevaci\u00f3n mediante manivela para altavoces se realiza mediante mecanismo de dientes de engranaje con frenado autom\u00e1tico (la elevaci\u00f3n es muy sencilla, sin ning\u00fan esfuerzo). Est\u00e1 fabricado en aluminio y acabado con pintura negra antirayaduras para una m\u00e1xima durabilidad y robustez. El soporte de altavoz PA de cuerda ref. ALT-37 tiene todos los componentes met\u00e1licos e incluye aro antivibraci\u00f3n. Est\u00e1 equipado con un doble sistema de bloqueo de seguridad mediante pomo de presi\u00f3n y sistema de dientes de engranaje.","og_url":"https:\/\/www.callandplay.com\/ca\/guil-alt-37-speaker-stand-w-crank\/","og_site_name":"Call&amp;Play","article_publisher":"https:\/\/www.facebook.com\/callandplay","article_modified_time":"2026-04-15T20:54:21+00:00","twitter_card":"summary_large_image","twitter_misc":{"Temps estimat de lectura":"1 minut"},"schema":{"@context":"https:\/\/schema.org","@graph":[{"@type":"WebPage","@id":"https:\/\/www.callandplay.com\/guil-alt-37-speaker-stand-w-crank\/","url":"https:\/\/www.callandplay.com\/guil-alt-37-speaker-stand-w-crank\/","name":"GUIL ALT-37 SPEAKER STAND w\/ CRANK - Call&amp;Play","isPartOf":{"@id":"https:\/\/www.callandplay.com\/#website"},"datePublished":"2025-04-07T00:00:00+00:00","dateModified":"2026-04-15T20:54:21+00:00","breadcrumb":{"@id":"https:\/\/www.callandplay.com\/guil-alt-37-speaker-stand-w-crank\/#breadcrumb"},"inLanguage":"ca","potentialAction":[{"@type":"ReadAction","target":["https:\/\/www.callandplay.com\/guil-alt-37-speaker-stand-w-crank\/"]}]},{"@type":"BreadcrumbList","@id":"https:\/\/www.callandplay.com\/guil-alt-37-speaker-stand-w-crank\/#breadcrumb","itemListElement":[{"@type":"ListItem","position":1,"name":"Portada","item":"https:\/\/www.callandplay.com\/"},{"@type":"ListItem","position":2,"name":"Tienda","item":"https:\/\/www.callandplay.com\/tienda\/"},{"@type":"ListItem","position":3,"name":"GUIL ALT-37 SPEAKER STAND w\/ CRANK"}]},{"@type":"WebSite","@id":"https:\/\/www.callandplay.com\/#website","url":"https:\/\/www.callandplay.com\/","name":"Call&amp;Play","description":"Alquiler de backline e instrumentos musicales","publisher":{"@id":"https:\/\/www.callandplay.com\/#organization"},"potentialAction":[{"@type":"SearchAction","target":{"@type":"EntryPoint","urlTemplate":"https:\/\/www.callandplay.com\/?s={search_term_string}"},"query-input":{"@type":"PropertyValueSpecification","valueRequired":true,"valueName":"search_term_string"}}],"inLanguage":"ca"},{"@type":"Organization","@id":"https:\/\/www.callandplay.com\/#organization","name":"Call&Play","url":"https:\/\/www.callandplay.com\/","logo":{"@type":"ImageObject","inLanguage":"ca","@id":"https:\/\/www.callandplay.com\/#\/schema\/logo\/image\/","url":"https:\/\/www.callandplay.com\/wp-content\/uploads\/2021\/06\/cropped-cropped-logo-black_con_sombra.png","contentUrl":"https:\/\/www.callandplay.com\/wp-content\/uploads\/2021\/06\/cropped-cropped-logo-black_con_sombra.png","width":512,"height":512,"caption":"Call&Play"},"image":{"@id":"https:\/\/www.callandplay.com\/#\/schema\/logo\/image\/"},"sameAs":["https:\/\/www.facebook.com\/callandplay","https:\/\/www.instagram.com\/call_and_play\/"]}]}},"_links":{"self":[{"href":"https:\/\/www.callandplay.com\/ca\/wp-json\/wp\/v2\/product\/53351","targetHints":{"allow":["GET"]}}],"collection":[{"href":"https:\/\/www.callandplay.com\/ca\/wp-json\/wp\/v2\/product"}],"about":[{"href":"https:\/\/www.callandplay.com\/ca\/wp-json\/wp\/v2\/types\/product"}],"replies":[{"embeddable":true,"href":"https:\/\/www.callandplay.com\/ca\/wp-json\/wp\/v2\/comments?post=53351"}],"version-history":[{"count":1,"href":"https:\/\/www.callandplay.com\/ca\/wp-json\/wp\/v2\/product\/53351\/revisions"}],"predecessor-version":[{"id":56161,"href":"https:\/\/www.callandplay.com\/ca\/wp-json\/wp\/v2\/product\/53351\/revisions\/56161"}],"wp:attachment":[{"href":"https:\/\/www.callandplay.com\/ca\/wp-json\/wp\/v2\/media?parent=53351"}],"wp:term":[{"taxonomy":"product_brand","embeddable":true,"href":"https:\/\/www.callandplay.com\/ca\/wp-json\/wp\/v2\/product_brand?post=53351"},{"taxonomy":"product_cat","embeddable":true,"href":"https:\/\/www.callandplay.com\/ca\/wp-json\/wp\/v2\/product_cat?post=53351"},{"taxonomy":"product_tag","embeddable":true,"href":"https:\/\/www.callandplay.com\/ca\/wp-json\/wp\/v2\/product_tag?post=53351"}],"curies":[{"name":"wp","href":"https:\/\/api.w.org\/{rel}","templated":true}]}}