{"id":53352,"date":"2025-04-07T00:00:00","date_gmt":"2025-04-07T00:00:00","guid":{"rendered":"https:\/\/www.callandplay.com\/arturia-keylab-61-mkii-white\/"},"modified":"2026-04-15T20:54:21","modified_gmt":"2026-04-15T20:54:21","slug":"arturia-keylab-61-mkii-white","status":"publish","type":"product","link":"https:\/\/www.callandplay.com\/ca\/arturia-keylab-61-mkii-white\/","title":{"rendered":"ARTURIA KEYLAB 61 MKII WHITE"},"content":{"rendered":"<p>Teclado controlador Keylab 61 Mk2 Withe Arturia sensible al tacto y robusto. Controles de rendimiento, con 5 octavas sonoras y precisas. Juego de acordes inteligente para crear composiciones de forma sencilla y eficiente. Selecci\u00f3n de canal MIDI, con incorporaci\u00f3n de instrumentos y herramientas digitales. Almohadillas de rendimiento. Adem\u00e1s de reproducir acordes completos, tienen la funci\u00f3n de seleccionar opciones de mapeo. Centro de comando DAW, que controla el programa de grabaci\u00f3n. Conectores USB para el cable de alimentaci\u00f3n. Alimentaci\u00f3n CC opcional, ya que se puede utilizar la entrada de USB. Incluye el piano V, un teclado con 12 modelos de piano para seleccionar, desde el piano de cola hasta los modelos contempor\u00e1neos de vidrio y metal.<\/p>","protected":false},"excerpt":{"rendered":"<p>Teclado controlador Keylab 61 Mk2 Withe Arturia sensible al tacto y robusto. Controles de rendimiento, con 5 octavas sonoras y precisas. Juego de acordes inteligente para crear composiciones de forma sencilla y eficiente. Selecci\u00f3n de canal MIDI, con incorporaci\u00f3n de instrumentos y herramientas digitales. Almohadillas de rendimiento. Adem\u00e1s de reproducir acordes completos, tienen la funci\u00f3n de seleccionar opciones de mapeo. Centro de comando DAW, que controla el programa de grabaci\u00f3n. Conectores USB para el cable de alimentaci\u00f3n. Alimentaci\u00f3n CC opcional, ya que se puede utilizar la entrada de USB. Incluye el piano V, un teclado con 12 modelos de piano para seleccionar, desde el piano de cola hasta los modelos contempor\u00e1neos de vidrio y metal.<\/p>","protected":false},"featured_media":0,"comment_status":"closed","ping_status":"closed","template":"","meta":{"_acf_changed":false,"om_disable_all_campaigns":false,"_monsterinsights_skip_tracking":false,"_monsterinsights_sitenote_active":false,"_monsterinsights_sitenote_note":"","_monsterinsights_sitenote_category":0},"product_brand":[],"product_cat":[1080],"product_tag":[],"class_list":{"0":"post-53352","1":"product","2":"type-product","3":"status-publish","5":"product_cat-teclados-controladores","7":"first","8":"instock","9":"shipping-taxable","10":"purchasable","11":"product-type-simple"},"acf":[],"yoast_head":"<!-- This site is optimized with the Yoast SEO plugin v27.4 - https:\/\/yoast.com\/product\/yoast-seo-wordpress\/ -->\n<title>ARTURIA KEYLAB 61 MKII WHITE - Call&amp;Play<\/title>\n<meta name=\"robots\" content=\"index, follow, max-snippet:-1, max-image-preview:large, max-video-preview:-1\" \/>\n<link rel=\"canonical\" href=\"https:\/\/www.callandplay.com\/ca\/arturia-keylab-61-mkii-white\/\" \/>\n<meta property=\"og:locale\" content=\"ca_ES\" \/>\n<meta property=\"og:type\" content=\"article\" \/>\n<meta property=\"og:title\" content=\"ARTURIA KEYLAB 61 MKII WHITE - Call&amp;Play\" \/>\n<meta property=\"og:description\" content=\"Teclado controlador Keylab 61 Mk2 Withe Arturia sensible al tacto y robusto. Controles de rendimiento, con 5 octavas sonoras y precisas. Juego de acordes inteligente para crear composiciones de forma sencilla y eficiente. Selecci\u00f3n de canal MIDI, con incorporaci\u00f3n de instrumentos y herramientas digitales. Almohadillas de rendimiento. Adem\u00e1s de reproducir acordes completos, tienen la funci\u00f3n de seleccionar opciones de mapeo. Centro de comando DAW, que controla el programa de grabaci\u00f3n. Conectores USB para el cable de alimentaci\u00f3n. Alimentaci\u00f3n CC opcional, ya que se puede utilizar la entrada de USB. Incluye el piano V, un teclado con 12 modelos de piano para seleccionar, desde el piano de cola hasta los modelos contempor\u00e1neos de vidrio y metal.\" \/>\n<meta property=\"og:url\" content=\"https:\/\/www.callandplay.com\/ca\/arturia-keylab-61-mkii-white\/\" \/>\n<meta property=\"og:site_name\" content=\"Call&amp;Play\" \/>\n<meta property=\"article:publisher\" content=\"https:\/\/www.facebook.com\/callandplay\" \/>\n<meta property=\"article:modified_time\" content=\"2026-04-15T20:54:21+00:00\" \/>\n<meta name=\"twitter:card\" content=\"summary_large_image\" \/>\n<meta name=\"twitter:label1\" content=\"Temps estimat de lectura\" \/>\n\t<meta name=\"twitter:data1\" content=\"1 minut\" \/>\n<script type=\"application\/ld+json\" class=\"yoast-schema-graph\">{\"@context\":\"https:\\\/\\\/schema.org\",\"@graph\":[{\"@type\":\"WebPage\",\"@id\":\"https:\\\/\\\/www.callandplay.com\\\/arturia-keylab-61-mkii-white\\\/\",\"url\":\"https:\\\/\\\/www.callandplay.com\\\/arturia-keylab-61-mkii-white\\\/\",\"name\":\"ARTURIA KEYLAB 61 MKII WHITE - Call&amp;Play\",\"isPartOf\":{\"@id\":\"https:\\\/\\\/www.callandplay.com\\\/#website\"},\"datePublished\":\"2025-04-07T00:00:00+00:00\",\"dateModified\":\"2026-04-15T20:54:21+00:00\",\"breadcrumb\":{\"@id\":\"https:\\\/\\\/www.callandplay.com\\\/arturia-keylab-61-mkii-white\\\/#breadcrumb\"},\"inLanguage\":\"ca\",\"potentialAction\":[{\"@type\":\"ReadAction\",\"target\":[\"https:\\\/\\\/www.callandplay.com\\\/arturia-keylab-61-mkii-white\\\/\"]}]},{\"@type\":\"BreadcrumbList\",\"@id\":\"https:\\\/\\\/www.callandplay.com\\\/arturia-keylab-61-mkii-white\\\/#breadcrumb\",\"itemListElement\":[{\"@type\":\"ListItem\",\"position\":1,\"name\":\"Portada\",\"item\":\"https:\\\/\\\/www.callandplay.com\\\/\"},{\"@type\":\"ListItem\",\"position\":2,\"name\":\"Tienda\",\"item\":\"https:\\\/\\\/www.callandplay.com\\\/tienda\\\/\"},{\"@type\":\"ListItem\",\"position\":3,\"name\":\"ARTURIA KEYLAB 61 MKII WHITE\"}]},{\"@type\":\"WebSite\",\"@id\":\"https:\\\/\\\/www.callandplay.com\\\/#website\",\"url\":\"https:\\\/\\\/www.callandplay.com\\\/\",\"name\":\"Call&amp;Play\",\"description\":\"Alquiler de backline e instrumentos musicales\",\"publisher\":{\"@id\":\"https:\\\/\\\/www.callandplay.com\\\/#organization\"},\"potentialAction\":[{\"@type\":\"SearchAction\",\"target\":{\"@type\":\"EntryPoint\",\"urlTemplate\":\"https:\\\/\\\/www.callandplay.com\\\/?s={search_term_string}\"},\"query-input\":{\"@type\":\"PropertyValueSpecification\",\"valueRequired\":true,\"valueName\":\"search_term_string\"}}],\"inLanguage\":\"ca\"},{\"@type\":\"Organization\",\"@id\":\"https:\\\/\\\/www.callandplay.com\\\/#organization\",\"name\":\"Call&Play\",\"url\":\"https:\\\/\\\/www.callandplay.com\\\/\",\"logo\":{\"@type\":\"ImageObject\",\"inLanguage\":\"ca\",\"@id\":\"https:\\\/\\\/www.callandplay.com\\\/#\\\/schema\\\/logo\\\/image\\\/\",\"url\":\"https:\\\/\\\/www.callandplay.com\\\/wp-content\\\/uploads\\\/2021\\\/06\\\/cropped-cropped-logo-black_con_sombra.png\",\"contentUrl\":\"https:\\\/\\\/www.callandplay.com\\\/wp-content\\\/uploads\\\/2021\\\/06\\\/cropped-cropped-logo-black_con_sombra.png\",\"width\":512,\"height\":512,\"caption\":\"Call&Play\"},\"image\":{\"@id\":\"https:\\\/\\\/www.callandplay.com\\\/#\\\/schema\\\/logo\\\/image\\\/\"},\"sameAs\":[\"https:\\\/\\\/www.facebook.com\\\/callandplay\",\"https:\\\/\\\/www.instagram.com\\\/call_and_play\\\/\"]}]}<\/script>\n<!-- \/ Yoast SEO plugin. -->","yoast_head_json":{"title":"ARTURIA KEYLAB 61 MKII WHITE - Call&amp;Play","robots":{"index":"index","follow":"follow","max-snippet":"max-snippet:-1","max-image-preview":"max-image-preview:large","max-video-preview":"max-video-preview:-1"},"canonical":"https:\/\/www.callandplay.com\/ca\/arturia-keylab-61-mkii-white\/","og_locale":"ca_ES","og_type":"article","og_title":"ARTURIA KEYLAB 61 MKII WHITE - Call&amp;Play","og_description":"Teclado controlador Keylab 61 Mk2 Withe Arturia sensible al tacto y robusto. Controles de rendimiento, con 5 octavas sonoras y precisas. Juego de acordes inteligente para crear composiciones de forma sencilla y eficiente. Selecci\u00f3n de canal MIDI, con incorporaci\u00f3n de instrumentos y herramientas digitales. Almohadillas de rendimiento. Adem\u00e1s de reproducir acordes completos, tienen la funci\u00f3n de seleccionar opciones de mapeo. Centro de comando DAW, que controla el programa de grabaci\u00f3n. Conectores USB para el cable de alimentaci\u00f3n. Alimentaci\u00f3n CC opcional, ya que se puede utilizar la entrada de USB. Incluye el piano V, un teclado con 12 modelos de piano para seleccionar, desde el piano de cola hasta los modelos contempor\u00e1neos de vidrio y metal.","og_url":"https:\/\/www.callandplay.com\/ca\/arturia-keylab-61-mkii-white\/","og_site_name":"Call&amp;Play","article_publisher":"https:\/\/www.facebook.com\/callandplay","article_modified_time":"2026-04-15T20:54:21+00:00","twitter_card":"summary_large_image","twitter_misc":{"Temps estimat de lectura":"1 minut"},"schema":{"@context":"https:\/\/schema.org","@graph":[{"@type":"WebPage","@id":"https:\/\/www.callandplay.com\/arturia-keylab-61-mkii-white\/","url":"https:\/\/www.callandplay.com\/arturia-keylab-61-mkii-white\/","name":"ARTURIA KEYLAB 61 MKII WHITE - Call&amp;Play","isPartOf":{"@id":"https:\/\/www.callandplay.com\/#website"},"datePublished":"2025-04-07T00:00:00+00:00","dateModified":"2026-04-15T20:54:21+00:00","breadcrumb":{"@id":"https:\/\/www.callandplay.com\/arturia-keylab-61-mkii-white\/#breadcrumb"},"inLanguage":"ca","potentialAction":[{"@type":"ReadAction","target":["https:\/\/www.callandplay.com\/arturia-keylab-61-mkii-white\/"]}]},{"@type":"BreadcrumbList","@id":"https:\/\/www.callandplay.com\/arturia-keylab-61-mkii-white\/#breadcrumb","itemListElement":[{"@type":"ListItem","position":1,"name":"Portada","item":"https:\/\/www.callandplay.com\/"},{"@type":"ListItem","position":2,"name":"Tienda","item":"https:\/\/www.callandplay.com\/tienda\/"},{"@type":"ListItem","position":3,"name":"ARTURIA KEYLAB 61 MKII WHITE"}]},{"@type":"WebSite","@id":"https:\/\/www.callandplay.com\/#website","url":"https:\/\/www.callandplay.com\/","name":"Call&amp;Play","description":"Alquiler de backline e instrumentos musicales","publisher":{"@id":"https:\/\/www.callandplay.com\/#organization"},"potentialAction":[{"@type":"SearchAction","target":{"@type":"EntryPoint","urlTemplate":"https:\/\/www.callandplay.com\/?s={search_term_string}"},"query-input":{"@type":"PropertyValueSpecification","valueRequired":true,"valueName":"search_term_string"}}],"inLanguage":"ca"},{"@type":"Organization","@id":"https:\/\/www.callandplay.com\/#organization","name":"Call&Play","url":"https:\/\/www.callandplay.com\/","logo":{"@type":"ImageObject","inLanguage":"ca","@id":"https:\/\/www.callandplay.com\/#\/schema\/logo\/image\/","url":"https:\/\/www.callandplay.com\/wp-content\/uploads\/2021\/06\/cropped-cropped-logo-black_con_sombra.png","contentUrl":"https:\/\/www.callandplay.com\/wp-content\/uploads\/2021\/06\/cropped-cropped-logo-black_con_sombra.png","width":512,"height":512,"caption":"Call&Play"},"image":{"@id":"https:\/\/www.callandplay.com\/#\/schema\/logo\/image\/"},"sameAs":["https:\/\/www.facebook.com\/callandplay","https:\/\/www.instagram.com\/call_and_play\/"]}]}},"_links":{"self":[{"href":"https:\/\/www.callandplay.com\/ca\/wp-json\/wp\/v2\/product\/53352","targetHints":{"allow":["GET"]}}],"collection":[{"href":"https:\/\/www.callandplay.com\/ca\/wp-json\/wp\/v2\/product"}],"about":[{"href":"https:\/\/www.callandplay.com\/ca\/wp-json\/wp\/v2\/types\/product"}],"replies":[{"embeddable":true,"href":"https:\/\/www.callandplay.com\/ca\/wp-json\/wp\/v2\/comments?post=53352"}],"version-history":[{"count":1,"href":"https:\/\/www.callandplay.com\/ca\/wp-json\/wp\/v2\/product\/53352\/revisions"}],"predecessor-version":[{"id":56162,"href":"https:\/\/www.callandplay.com\/ca\/wp-json\/wp\/v2\/product\/53352\/revisions\/56162"}],"wp:attachment":[{"href":"https:\/\/www.callandplay.com\/ca\/wp-json\/wp\/v2\/media?parent=53352"}],"wp:term":[{"taxonomy":"product_brand","embeddable":true,"href":"https:\/\/www.callandplay.com\/ca\/wp-json\/wp\/v2\/product_brand?post=53352"},{"taxonomy":"product_cat","embeddable":true,"href":"https:\/\/www.callandplay.com\/ca\/wp-json\/wp\/v2\/product_cat?post=53352"},{"taxonomy":"product_tag","embeddable":true,"href":"https:\/\/www.callandplay.com\/ca\/wp-json\/wp\/v2\/product_tag?post=53352"}],"curies":[{"name":"wp","href":"https:\/\/api.w.org\/{rel}","templated":true}]}}