{"id":51122,"date":"2025-09-28T00:00:00","date_gmt":"2025-09-28T00:00:00","guid":{"rendered":"https:\/\/www.callandplay.com\/godin-acs-nat-nylon\/"},"modified":"2026-04-04T20:33:21","modified_gmt":"2026-04-04T20:33:21","slug":"godin-acs-nat-nylon","status":"publish","type":"product","link":"https:\/\/www.callandplay.com\/en\/godin-acs-nat-nylon\/","title":{"rendered":"GODIN ACS NAT NYLON"},"content":{"rendered":"<p>El modelo ACS de Godin junta los conceptos de guitarra cl\u00e1sica, con cuerdas de nylon, con un dise\u00f1o de cuerpo s\u00f3lido. El increiblemente c\u00f3modo cuello del Multiac Nylon se combina con un cuerpo de arce y cedro. Aunque el cuerpo es ahuecado, su respuesta es m\u00e1s parecida a la de un dise\u00f1o de cuerpo s\u00f3lido que a la de una guitarra ac\u00fastica tradicional. El dise\u00f1o resulta en un instrumento que es virtualmente libre de feedback, haci\u00e9ndolo especialmente adecuado cuando la banda toca a volumen alto.<\/p>","protected":false},"excerpt":{"rendered":"<p>El modelo ACS de Godin junta los conceptos de guitarra cl\u00e1sica, con cuerdas de nylon, con un dise\u00f1o de cuerpo s\u00f3lido. El increiblemente c\u00f3modo cuello del Multiac Nylon se combina con un cuerpo de arce y cedro. Aunque el cuerpo es ahuecado, su respuesta es m\u00e1s parecida a la de un dise\u00f1o de cuerpo s\u00f3lido que a la de una guitarra ac\u00fastica tradicional. El dise\u00f1o resulta en un instrumento que es virtualmente libre de feedback, haci\u00e9ndolo especialmente adecuado cuando la banda toca a volumen alto.<\/p>","protected":false},"featured_media":0,"comment_status":"closed","ping_status":"closed","template":"","meta":{"_acf_changed":false,"om_disable_all_campaigns":false,"_monsterinsights_skip_tracking":false,"_monsterinsights_sitenote_active":false,"_monsterinsights_sitenote_note":"","_monsterinsights_sitenote_category":0},"product_brand":[],"product_cat":[1064],"product_tag":[],"class_list":{"0":"post-51122","1":"product","2":"type-product","3":"status-publish","5":"product_cat-guitarras-espanolas-electrificadas","7":"first","8":"instock","9":"shipping-taxable","10":"purchasable","11":"product-type-simple"},"acf":[],"yoast_head":"<!-- This site is optimized with the Yoast SEO plugin v27.3 - https:\/\/yoast.com\/product\/yoast-seo-wordpress\/ -->\n<title>GODIN ACS NAT NYLON - Call&amp;Play<\/title>\n<meta name=\"robots\" content=\"index, follow, max-snippet:-1, max-image-preview:large, max-video-preview:-1\" \/>\n<link rel=\"canonical\" href=\"https:\/\/www.callandplay.com\/en\/godin-acs-nat-nylon\/\" \/>\n<meta property=\"og:locale\" content=\"en_GB\" \/>\n<meta property=\"og:type\" content=\"article\" \/>\n<meta property=\"og:title\" content=\"GODIN ACS NAT NYLON - Call&amp;Play\" \/>\n<meta property=\"og:description\" content=\"El modelo ACS de Godin junta los conceptos de guitarra cl\u00e1sica, con cuerdas de nylon, con un dise\u00f1o de cuerpo s\u00f3lido. El increiblemente c\u00f3modo cuello del Multiac Nylon se combina con un cuerpo de arce y cedro. Aunque el cuerpo es ahuecado, su respuesta es m\u00e1s parecida a la de un dise\u00f1o de cuerpo s\u00f3lido que a la de una guitarra ac\u00fastica tradicional. El dise\u00f1o resulta en un instrumento que es virtualmente libre de feedback, haci\u00e9ndolo especialmente adecuado cuando la banda toca a volumen alto.\" \/>\n<meta property=\"og:url\" content=\"https:\/\/www.callandplay.com\/en\/godin-acs-nat-nylon\/\" \/>\n<meta property=\"og:site_name\" content=\"Call&amp;Play\" \/>\n<meta property=\"article:publisher\" content=\"https:\/\/www.facebook.com\/callandplay\" \/>\n<meta property=\"article:modified_time\" content=\"2026-04-04T20:33:21+00:00\" \/>\n<meta name=\"twitter:card\" content=\"summary_large_image\" \/>\n<script type=\"application\/ld+json\" class=\"yoast-schema-graph\">{\"@context\":\"https:\\\/\\\/schema.org\",\"@graph\":[{\"@type\":\"WebPage\",\"@id\":\"https:\\\/\\\/www.callandplay.com\\\/godin-acs-nat-nylon\\\/\",\"url\":\"https:\\\/\\\/www.callandplay.com\\\/godin-acs-nat-nylon\\\/\",\"name\":\"GODIN ACS NAT NYLON - Call&amp;Play\",\"isPartOf\":{\"@id\":\"https:\\\/\\\/www.callandplay.com\\\/#website\"},\"datePublished\":\"2025-09-28T00:00:00+00:00\",\"dateModified\":\"2026-04-04T20:33:21+00:00\",\"breadcrumb\":{\"@id\":\"https:\\\/\\\/www.callandplay.com\\\/godin-acs-nat-nylon\\\/#breadcrumb\"},\"inLanguage\":\"en-GB\",\"potentialAction\":[{\"@type\":\"ReadAction\",\"target\":[\"https:\\\/\\\/www.callandplay.com\\\/godin-acs-nat-nylon\\\/\"]}]},{\"@type\":\"BreadcrumbList\",\"@id\":\"https:\\\/\\\/www.callandplay.com\\\/godin-acs-nat-nylon\\\/#breadcrumb\",\"itemListElement\":[{\"@type\":\"ListItem\",\"position\":1,\"name\":\"Portada\",\"item\":\"https:\\\/\\\/www.callandplay.com\\\/\"},{\"@type\":\"ListItem\",\"position\":2,\"name\":\"Tienda\",\"item\":\"https:\\\/\\\/www.callandplay.com\\\/tienda\\\/\"},{\"@type\":\"ListItem\",\"position\":3,\"name\":\"GODIN ACS NAT NYLON\"}]},{\"@type\":\"WebSite\",\"@id\":\"https:\\\/\\\/www.callandplay.com\\\/#website\",\"url\":\"https:\\\/\\\/www.callandplay.com\\\/\",\"name\":\"Call&amp;Play\",\"description\":\"Alquiler de backline e instrumentos musicales\",\"publisher\":{\"@id\":\"https:\\\/\\\/www.callandplay.com\\\/#organization\"},\"potentialAction\":[{\"@type\":\"SearchAction\",\"target\":{\"@type\":\"EntryPoint\",\"urlTemplate\":\"https:\\\/\\\/www.callandplay.com\\\/?s={search_term_string}\"},\"query-input\":{\"@type\":\"PropertyValueSpecification\",\"valueRequired\":true,\"valueName\":\"search_term_string\"}}],\"inLanguage\":\"en-GB\"},{\"@type\":\"Organization\",\"@id\":\"https:\\\/\\\/www.callandplay.com\\\/#organization\",\"name\":\"Call&Play\",\"url\":\"https:\\\/\\\/www.callandplay.com\\\/\",\"logo\":{\"@type\":\"ImageObject\",\"inLanguage\":\"en-GB\",\"@id\":\"https:\\\/\\\/www.callandplay.com\\\/#\\\/schema\\\/logo\\\/image\\\/\",\"url\":\"https:\\\/\\\/www.callandplay.com\\\/wp-content\\\/uploads\\\/2021\\\/06\\\/cropped-cropped-logo-black_con_sombra.png\",\"contentUrl\":\"https:\\\/\\\/www.callandplay.com\\\/wp-content\\\/uploads\\\/2021\\\/06\\\/cropped-cropped-logo-black_con_sombra.png\",\"width\":512,\"height\":512,\"caption\":\"Call&Play\"},\"image\":{\"@id\":\"https:\\\/\\\/www.callandplay.com\\\/#\\\/schema\\\/logo\\\/image\\\/\"},\"sameAs\":[\"https:\\\/\\\/www.facebook.com\\\/callandplay\",\"https:\\\/\\\/www.instagram.com\\\/call_and_play\\\/\"]}]}<\/script>\n<!-- \/ Yoast SEO plugin. -->","yoast_head_json":{"title":"GODIN ACS NAT NYLON - Call&amp;Play","robots":{"index":"index","follow":"follow","max-snippet":"max-snippet:-1","max-image-preview":"max-image-preview:large","max-video-preview":"max-video-preview:-1"},"canonical":"https:\/\/www.callandplay.com\/en\/godin-acs-nat-nylon\/","og_locale":"en_GB","og_type":"article","og_title":"GODIN ACS NAT NYLON - Call&amp;Play","og_description":"El modelo ACS de Godin junta los conceptos de guitarra cl\u00e1sica, con cuerdas de nylon, con un dise\u00f1o de cuerpo s\u00f3lido. El increiblemente c\u00f3modo cuello del Multiac Nylon se combina con un cuerpo de arce y cedro. Aunque el cuerpo es ahuecado, su respuesta es m\u00e1s parecida a la de un dise\u00f1o de cuerpo s\u00f3lido que a la de una guitarra ac\u00fastica tradicional. El dise\u00f1o resulta en un instrumento que es virtualmente libre de feedback, haci\u00e9ndolo especialmente adecuado cuando la banda toca a volumen alto.","og_url":"https:\/\/www.callandplay.com\/en\/godin-acs-nat-nylon\/","og_site_name":"Call&amp;Play","article_publisher":"https:\/\/www.facebook.com\/callandplay","article_modified_time":"2026-04-04T20:33:21+00:00","twitter_card":"summary_large_image","schema":{"@context":"https:\/\/schema.org","@graph":[{"@type":"WebPage","@id":"https:\/\/www.callandplay.com\/godin-acs-nat-nylon\/","url":"https:\/\/www.callandplay.com\/godin-acs-nat-nylon\/","name":"GODIN ACS NAT NYLON - Call&amp;Play","isPartOf":{"@id":"https:\/\/www.callandplay.com\/#website"},"datePublished":"2025-09-28T00:00:00+00:00","dateModified":"2026-04-04T20:33:21+00:00","breadcrumb":{"@id":"https:\/\/www.callandplay.com\/godin-acs-nat-nylon\/#breadcrumb"},"inLanguage":"en-GB","potentialAction":[{"@type":"ReadAction","target":["https:\/\/www.callandplay.com\/godin-acs-nat-nylon\/"]}]},{"@type":"BreadcrumbList","@id":"https:\/\/www.callandplay.com\/godin-acs-nat-nylon\/#breadcrumb","itemListElement":[{"@type":"ListItem","position":1,"name":"Portada","item":"https:\/\/www.callandplay.com\/"},{"@type":"ListItem","position":2,"name":"Tienda","item":"https:\/\/www.callandplay.com\/tienda\/"},{"@type":"ListItem","position":3,"name":"GODIN ACS NAT NYLON"}]},{"@type":"WebSite","@id":"https:\/\/www.callandplay.com\/#website","url":"https:\/\/www.callandplay.com\/","name":"Call&amp;Play","description":"Alquiler de backline e instrumentos musicales","publisher":{"@id":"https:\/\/www.callandplay.com\/#organization"},"potentialAction":[{"@type":"SearchAction","target":{"@type":"EntryPoint","urlTemplate":"https:\/\/www.callandplay.com\/?s={search_term_string}"},"query-input":{"@type":"PropertyValueSpecification","valueRequired":true,"valueName":"search_term_string"}}],"inLanguage":"en-GB"},{"@type":"Organization","@id":"https:\/\/www.callandplay.com\/#organization","name":"Call&Play","url":"https:\/\/www.callandplay.com\/","logo":{"@type":"ImageObject","inLanguage":"en-GB","@id":"https:\/\/www.callandplay.com\/#\/schema\/logo\/image\/","url":"https:\/\/www.callandplay.com\/wp-content\/uploads\/2021\/06\/cropped-cropped-logo-black_con_sombra.png","contentUrl":"https:\/\/www.callandplay.com\/wp-content\/uploads\/2021\/06\/cropped-cropped-logo-black_con_sombra.png","width":512,"height":512,"caption":"Call&Play"},"image":{"@id":"https:\/\/www.callandplay.com\/#\/schema\/logo\/image\/"},"sameAs":["https:\/\/www.facebook.com\/callandplay","https:\/\/www.instagram.com\/call_and_play\/"]}]}},"_links":{"self":[{"href":"https:\/\/www.callandplay.com\/en\/wp-json\/wp\/v2\/product\/51122","targetHints":{"allow":["GET"]}}],"collection":[{"href":"https:\/\/www.callandplay.com\/en\/wp-json\/wp\/v2\/product"}],"about":[{"href":"https:\/\/www.callandplay.com\/en\/wp-json\/wp\/v2\/types\/product"}],"replies":[{"embeddable":true,"href":"https:\/\/www.callandplay.com\/en\/wp-json\/wp\/v2\/comments?post=51122"}],"version-history":[{"count":1,"href":"https:\/\/www.callandplay.com\/en\/wp-json\/wp\/v2\/product\/51122\/revisions"}],"predecessor-version":[{"id":53932,"href":"https:\/\/www.callandplay.com\/en\/wp-json\/wp\/v2\/product\/51122\/revisions\/53932"}],"wp:attachment":[{"href":"https:\/\/www.callandplay.com\/en\/wp-json\/wp\/v2\/media?parent=51122"}],"wp:term":[{"taxonomy":"product_brand","embeddable":true,"href":"https:\/\/www.callandplay.com\/en\/wp-json\/wp\/v2\/product_brand?post=51122"},{"taxonomy":"product_cat","embeddable":true,"href":"https:\/\/www.callandplay.com\/en\/wp-json\/wp\/v2\/product_cat?post=51122"},{"taxonomy":"product_tag","embeddable":true,"href":"https:\/\/www.callandplay.com\/en\/wp-json\/wp\/v2\/product_tag?post=51122"}],"curies":[{"name":"wp","href":"https:\/\/api.w.org\/{rel}","templated":true}]}}