{"id":51378,"date":"2016-03-07T00:00:00","date_gmt":"2016-03-07T00:00:00","guid":{"rendered":"https:\/\/www.callandplay.com\/rhythm-tech-dst11-mountable-half-moon-tambourine-black\/"},"modified":"2026-04-16T20:45:09","modified_gmt":"2026-04-16T20:45:09","slug":"rhythm-tech-dst11-mountable-half-moon-tambourine-black","status":"publish","type":"product","link":"https:\/\/www.callandplay.com\/en\/rhythm-tech-dst11-mountable-half-moon-tambourine-black\/","title":{"rendered":"RHYTHM TECH DST11 MOUNTABLE HALF MOON TAMBOURINE BLACK"},"content":{"rendered":"<p>Pandereta Rhyth Tech DST11, para montar, negra con sonajas de llaut\u00f3. Se monta en cualquier soporte, tambi\u00e9n en un soporte de Hi hat. Un caracter\u00edstico borde de pol\u00edmero amplia la superficie para tocar, reduce el ruido de las baquetas y permite un sonido perfecto.<\/p>","protected":false},"excerpt":{"rendered":"<p>Pandereta Rhyth Tech DST11, para montar, negra con sonajas de llaut\u00f3. Se monta en cualquier soporte, tambi\u00e9n en un soporte de Hi hat. Un caracter\u00edstico borde de pol\u00edmero amplia la superficie para tocar, reduce el ruido de las baquetas y permite un sonido perfecto.<\/p>","protected":false},"featured_media":0,"comment_status":"closed","ping_status":"closed","template":"","meta":{"_acf_changed":false,"om_disable_all_campaigns":false,"_monsterinsights_skip_tracking":false,"_monsterinsights_sitenote_active":false,"_monsterinsights_sitenote_note":"","_monsterinsights_sitenote_category":0},"product_brand":[],"product_cat":[1137],"product_tag":[],"class_list":{"0":"post-51378","1":"product","2":"type-product","3":"status-publish","5":"product_cat-panderetas","7":"first","8":"instock","9":"shipping-taxable","10":"purchasable","11":"product-type-simple"},"acf":[],"yoast_head":"<!-- This site is optimized with the Yoast SEO plugin v27.4 - https:\/\/yoast.com\/product\/yoast-seo-wordpress\/ -->\n<title>RHYTHM TECH DST11 MOUNTABLE HALF MOON TAMBOURINE BLACK - Call&amp;Play<\/title>\n<meta name=\"robots\" content=\"index, follow, max-snippet:-1, max-image-preview:large, max-video-preview:-1\" \/>\n<link rel=\"canonical\" href=\"https:\/\/www.callandplay.com\/en\/rhythm-tech-dst11-mountable-half-moon-tambourine-black\/\" \/>\n<meta property=\"og:locale\" content=\"en_GB\" \/>\n<meta property=\"og:type\" content=\"article\" \/>\n<meta property=\"og:title\" content=\"RHYTHM TECH DST11 MOUNTABLE HALF MOON TAMBOURINE BLACK - Call&amp;Play\" \/>\n<meta property=\"og:description\" content=\"Pandereta Rhyth Tech DST11, para montar, negra con sonajas de llaut\u00f3. Se monta en cualquier soporte, tambi\u00e9n en un soporte de Hi hat. Un caracter\u00edstico borde de pol\u00edmero amplia la superficie para tocar, reduce el ruido de las baquetas y permite un sonido perfecto.\" \/>\n<meta property=\"og:url\" content=\"https:\/\/www.callandplay.com\/en\/rhythm-tech-dst11-mountable-half-moon-tambourine-black\/\" \/>\n<meta property=\"og:site_name\" content=\"Call&amp;Play\" \/>\n<meta property=\"article:publisher\" content=\"https:\/\/www.facebook.com\/callandplay\" \/>\n<meta property=\"article:modified_time\" content=\"2026-04-16T20:45:09+00:00\" \/>\n<meta name=\"twitter:card\" content=\"summary_large_image\" \/>\n<script type=\"application\/ld+json\" class=\"yoast-schema-graph\">{\"@context\":\"https:\\\/\\\/schema.org\",\"@graph\":[{\"@type\":\"WebPage\",\"@id\":\"https:\\\/\\\/www.callandplay.com\\\/rhythm-tech-dst11-mountable-half-moon-tambourine-black\\\/\",\"url\":\"https:\\\/\\\/www.callandplay.com\\\/rhythm-tech-dst11-mountable-half-moon-tambourine-black\\\/\",\"name\":\"RHYTHM TECH DST11 MOUNTABLE HALF MOON TAMBOURINE BLACK - Call&amp;Play\",\"isPartOf\":{\"@id\":\"https:\\\/\\\/www.callandplay.com\\\/#website\"},\"datePublished\":\"2016-03-07T00:00:00+00:00\",\"dateModified\":\"2026-04-16T20:45:09+00:00\",\"breadcrumb\":{\"@id\":\"https:\\\/\\\/www.callandplay.com\\\/rhythm-tech-dst11-mountable-half-moon-tambourine-black\\\/#breadcrumb\"},\"inLanguage\":\"en-GB\",\"potentialAction\":[{\"@type\":\"ReadAction\",\"target\":[\"https:\\\/\\\/www.callandplay.com\\\/rhythm-tech-dst11-mountable-half-moon-tambourine-black\\\/\"]}]},{\"@type\":\"BreadcrumbList\",\"@id\":\"https:\\\/\\\/www.callandplay.com\\\/rhythm-tech-dst11-mountable-half-moon-tambourine-black\\\/#breadcrumb\",\"itemListElement\":[{\"@type\":\"ListItem\",\"position\":1,\"name\":\"Portada\",\"item\":\"https:\\\/\\\/www.callandplay.com\\\/\"},{\"@type\":\"ListItem\",\"position\":2,\"name\":\"Tienda\",\"item\":\"https:\\\/\\\/www.callandplay.com\\\/tienda\\\/\"},{\"@type\":\"ListItem\",\"position\":3,\"name\":\"RHYTHM TECH DST11 MOUNTABLE HALF MOON TAMBOURINE BLACK\"}]},{\"@type\":\"WebSite\",\"@id\":\"https:\\\/\\\/www.callandplay.com\\\/#website\",\"url\":\"https:\\\/\\\/www.callandplay.com\\\/\",\"name\":\"Call&amp;Play\",\"description\":\"Alquiler de backline e instrumentos musicales\",\"publisher\":{\"@id\":\"https:\\\/\\\/www.callandplay.com\\\/#organization\"},\"potentialAction\":[{\"@type\":\"SearchAction\",\"target\":{\"@type\":\"EntryPoint\",\"urlTemplate\":\"https:\\\/\\\/www.callandplay.com\\\/?s={search_term_string}\"},\"query-input\":{\"@type\":\"PropertyValueSpecification\",\"valueRequired\":true,\"valueName\":\"search_term_string\"}}],\"inLanguage\":\"en-GB\"},{\"@type\":\"Organization\",\"@id\":\"https:\\\/\\\/www.callandplay.com\\\/#organization\",\"name\":\"Call&Play\",\"url\":\"https:\\\/\\\/www.callandplay.com\\\/\",\"logo\":{\"@type\":\"ImageObject\",\"inLanguage\":\"en-GB\",\"@id\":\"https:\\\/\\\/www.callandplay.com\\\/#\\\/schema\\\/logo\\\/image\\\/\",\"url\":\"https:\\\/\\\/www.callandplay.com\\\/wp-content\\\/uploads\\\/2021\\\/06\\\/cropped-cropped-logo-black_con_sombra.png\",\"contentUrl\":\"https:\\\/\\\/www.callandplay.com\\\/wp-content\\\/uploads\\\/2021\\\/06\\\/cropped-cropped-logo-black_con_sombra.png\",\"width\":512,\"height\":512,\"caption\":\"Call&Play\"},\"image\":{\"@id\":\"https:\\\/\\\/www.callandplay.com\\\/#\\\/schema\\\/logo\\\/image\\\/\"},\"sameAs\":[\"https:\\\/\\\/www.facebook.com\\\/callandplay\",\"https:\\\/\\\/www.instagram.com\\\/call_and_play\\\/\"]}]}<\/script>\n<!-- \/ Yoast SEO plugin. -->","yoast_head_json":{"title":"RHYTHM TECH DST11 MOUNTABLE HALF MOON TAMBOURINE BLACK - Call&amp;Play","robots":{"index":"index","follow":"follow","max-snippet":"max-snippet:-1","max-image-preview":"max-image-preview:large","max-video-preview":"max-video-preview:-1"},"canonical":"https:\/\/www.callandplay.com\/en\/rhythm-tech-dst11-mountable-half-moon-tambourine-black\/","og_locale":"en_GB","og_type":"article","og_title":"RHYTHM TECH DST11 MOUNTABLE HALF MOON TAMBOURINE BLACK - Call&amp;Play","og_description":"Pandereta Rhyth Tech DST11, para montar, negra con sonajas de llaut\u00f3. Se monta en cualquier soporte, tambi\u00e9n en un soporte de Hi hat. Un caracter\u00edstico borde de pol\u00edmero amplia la superficie para tocar, reduce el ruido de las baquetas y permite un sonido perfecto.","og_url":"https:\/\/www.callandplay.com\/en\/rhythm-tech-dst11-mountable-half-moon-tambourine-black\/","og_site_name":"Call&amp;Play","article_publisher":"https:\/\/www.facebook.com\/callandplay","article_modified_time":"2026-04-16T20:45:09+00:00","twitter_card":"summary_large_image","schema":{"@context":"https:\/\/schema.org","@graph":[{"@type":"WebPage","@id":"https:\/\/www.callandplay.com\/rhythm-tech-dst11-mountable-half-moon-tambourine-black\/","url":"https:\/\/www.callandplay.com\/rhythm-tech-dst11-mountable-half-moon-tambourine-black\/","name":"RHYTHM TECH DST11 MOUNTABLE HALF MOON TAMBOURINE BLACK - Call&amp;Play","isPartOf":{"@id":"https:\/\/www.callandplay.com\/#website"},"datePublished":"2016-03-07T00:00:00+00:00","dateModified":"2026-04-16T20:45:09+00:00","breadcrumb":{"@id":"https:\/\/www.callandplay.com\/rhythm-tech-dst11-mountable-half-moon-tambourine-black\/#breadcrumb"},"inLanguage":"en-GB","potentialAction":[{"@type":"ReadAction","target":["https:\/\/www.callandplay.com\/rhythm-tech-dst11-mountable-half-moon-tambourine-black\/"]}]},{"@type":"BreadcrumbList","@id":"https:\/\/www.callandplay.com\/rhythm-tech-dst11-mountable-half-moon-tambourine-black\/#breadcrumb","itemListElement":[{"@type":"ListItem","position":1,"name":"Portada","item":"https:\/\/www.callandplay.com\/"},{"@type":"ListItem","position":2,"name":"Tienda","item":"https:\/\/www.callandplay.com\/tienda\/"},{"@type":"ListItem","position":3,"name":"RHYTHM TECH DST11 MOUNTABLE HALF MOON TAMBOURINE BLACK"}]},{"@type":"WebSite","@id":"https:\/\/www.callandplay.com\/#website","url":"https:\/\/www.callandplay.com\/","name":"Call&amp;Play","description":"Alquiler de backline e instrumentos musicales","publisher":{"@id":"https:\/\/www.callandplay.com\/#organization"},"potentialAction":[{"@type":"SearchAction","target":{"@type":"EntryPoint","urlTemplate":"https:\/\/www.callandplay.com\/?s={search_term_string}"},"query-input":{"@type":"PropertyValueSpecification","valueRequired":true,"valueName":"search_term_string"}}],"inLanguage":"en-GB"},{"@type":"Organization","@id":"https:\/\/www.callandplay.com\/#organization","name":"Call&Play","url":"https:\/\/www.callandplay.com\/","logo":{"@type":"ImageObject","inLanguage":"en-GB","@id":"https:\/\/www.callandplay.com\/#\/schema\/logo\/image\/","url":"https:\/\/www.callandplay.com\/wp-content\/uploads\/2021\/06\/cropped-cropped-logo-black_con_sombra.png","contentUrl":"https:\/\/www.callandplay.com\/wp-content\/uploads\/2021\/06\/cropped-cropped-logo-black_con_sombra.png","width":512,"height":512,"caption":"Call&Play"},"image":{"@id":"https:\/\/www.callandplay.com\/#\/schema\/logo\/image\/"},"sameAs":["https:\/\/www.facebook.com\/callandplay","https:\/\/www.instagram.com\/call_and_play\/"]}]}},"_links":{"self":[{"href":"https:\/\/www.callandplay.com\/en\/wp-json\/wp\/v2\/product\/51378","targetHints":{"allow":["GET"]}}],"collection":[{"href":"https:\/\/www.callandplay.com\/en\/wp-json\/wp\/v2\/product"}],"about":[{"href":"https:\/\/www.callandplay.com\/en\/wp-json\/wp\/v2\/types\/product"}],"replies":[{"embeddable":true,"href":"https:\/\/www.callandplay.com\/en\/wp-json\/wp\/v2\/comments?post=51378"}],"version-history":[{"count":1,"href":"https:\/\/www.callandplay.com\/en\/wp-json\/wp\/v2\/product\/51378\/revisions"}],"predecessor-version":[{"id":54188,"href":"https:\/\/www.callandplay.com\/en\/wp-json\/wp\/v2\/product\/51378\/revisions\/54188"}],"wp:attachment":[{"href":"https:\/\/www.callandplay.com\/en\/wp-json\/wp\/v2\/media?parent=51378"}],"wp:term":[{"taxonomy":"product_brand","embeddable":true,"href":"https:\/\/www.callandplay.com\/en\/wp-json\/wp\/v2\/product_brand?post=51378"},{"taxonomy":"product_cat","embeddable":true,"href":"https:\/\/www.callandplay.com\/en\/wp-json\/wp\/v2\/product_cat?post=51378"},{"taxonomy":"product_tag","embeddable":true,"href":"https:\/\/www.callandplay.com\/en\/wp-json\/wp\/v2\/product_tag?post=51378"}],"curies":[{"name":"wp","href":"https:\/\/api.w.org\/{rel}","templated":true}]}}