{"id":51762,"date":"2024-05-17T00:00:00","date_gmt":"2024-05-17T00:00:00","guid":{"rendered":"https:\/\/www.callandplay.com\/gibson-es-335-td-rw-light-burst\/"},"modified":"2026-04-15T20:53:32","modified_gmt":"2026-04-15T20:53:32","slug":"gibson-es-335-td-rw-light-burst","status":"publish","type":"product","link":"https:\/\/www.callandplay.com\/en\/gibson-es-335-td-rw-light-burst\/","title":{"rendered":"GIBSON ES-335 TD RW LIGHT BURST"},"content":{"rendered":"<p>La Gibson ES-335 es la primera guitarra el\u00e9ctrica de cuerpo semi macizo comercializada en el mundo, lanzada por Gibson Guitar Corporation en 1958. La guitarra no es de cuerpo macizo ni totalmente hueco, sino que tiene un bloque de madera en el interior de la caja de resonancia, compartimentando \u00e9sta y moderando con ello su vibraci\u00f3n. A los lados de la caja se encuentran aberturas ac\u00fasticas en forma de efe, inspirados en el cuerpo del viol\u00edn y del chelo.<\/p>","protected":false},"excerpt":{"rendered":"<p>La Gibson ES-335 es la primera guitarra el\u00e9ctrica de cuerpo semi macizo comercializada en el mundo, lanzada por Gibson Guitar Corporation en 1958. La guitarra no es de cuerpo macizo ni totalmente hueco, sino que tiene un bloque de madera en el interior de la caja de resonancia, compartimentando \u00e9sta y moderando con ello su vibraci\u00f3n. A los lados de la caja se encuentran aberturas ac\u00fasticas en forma de efe, inspirados en el cuerpo del viol\u00edn y del chelo.<\/p>","protected":false},"featured_media":0,"comment_status":"closed","ping_status":"closed","template":"","meta":{"_acf_changed":false,"om_disable_all_campaigns":false,"_monsterinsights_skip_tracking":false,"_monsterinsights_sitenote_active":false,"_monsterinsights_sitenote_note":"","_monsterinsights_sitenote_category":0},"product_brand":[],"product_cat":[1056],"product_tag":[],"class_list":{"0":"post-51762","1":"product","2":"type-product","3":"status-publish","5":"product_cat-guitarras-electricas-caja-resonancia","7":"first","8":"instock","9":"shipping-taxable","10":"purchasable","11":"product-type-simple"},"acf":[],"yoast_head":"<!-- This site is optimized with the Yoast SEO plugin v27.4 - https:\/\/yoast.com\/product\/yoast-seo-wordpress\/ -->\n<title>GIBSON ES-335 TD RW LIGHT BURST - Call&amp;Play<\/title>\n<meta name=\"robots\" content=\"index, follow, max-snippet:-1, max-image-preview:large, max-video-preview:-1\" \/>\n<link rel=\"canonical\" href=\"https:\/\/www.callandplay.com\/en\/gibson-es-335-td-rw-light-burst\/\" \/>\n<meta property=\"og:locale\" content=\"en_GB\" \/>\n<meta property=\"og:type\" content=\"article\" \/>\n<meta property=\"og:title\" content=\"GIBSON ES-335 TD RW LIGHT BURST - Call&amp;Play\" \/>\n<meta property=\"og:description\" content=\"La Gibson ES-335 es la primera guitarra el\u00e9ctrica de cuerpo semi macizo comercializada en el mundo, lanzada por Gibson Guitar Corporation en 1958. La guitarra no es de cuerpo macizo ni totalmente hueco, sino que tiene un bloque de madera en el interior de la caja de resonancia, compartimentando \u00e9sta y moderando con ello su vibraci\u00f3n. A los lados de la caja se encuentran aberturas ac\u00fasticas en forma de efe, inspirados en el cuerpo del viol\u00edn y del chelo.\" \/>\n<meta property=\"og:url\" content=\"https:\/\/www.callandplay.com\/en\/gibson-es-335-td-rw-light-burst\/\" \/>\n<meta property=\"og:site_name\" content=\"Call&amp;Play\" \/>\n<meta property=\"article:publisher\" content=\"https:\/\/www.facebook.com\/callandplay\" \/>\n<meta property=\"article:modified_time\" content=\"2026-04-15T20:53:32+00:00\" \/>\n<meta name=\"twitter:card\" content=\"summary_large_image\" \/>\n<script type=\"application\/ld+json\" class=\"yoast-schema-graph\">{\"@context\":\"https:\\\/\\\/schema.org\",\"@graph\":[{\"@type\":\"WebPage\",\"@id\":\"https:\\\/\\\/www.callandplay.com\\\/gibson-es-335-td-rw-light-burst\\\/\",\"url\":\"https:\\\/\\\/www.callandplay.com\\\/gibson-es-335-td-rw-light-burst\\\/\",\"name\":\"GIBSON ES-335 TD RW LIGHT BURST - Call&amp;Play\",\"isPartOf\":{\"@id\":\"https:\\\/\\\/www.callandplay.com\\\/#website\"},\"datePublished\":\"2024-05-17T00:00:00+00:00\",\"dateModified\":\"2026-04-15T20:53:32+00:00\",\"breadcrumb\":{\"@id\":\"https:\\\/\\\/www.callandplay.com\\\/gibson-es-335-td-rw-light-burst\\\/#breadcrumb\"},\"inLanguage\":\"en-GB\",\"potentialAction\":[{\"@type\":\"ReadAction\",\"target\":[\"https:\\\/\\\/www.callandplay.com\\\/gibson-es-335-td-rw-light-burst\\\/\"]}]},{\"@type\":\"BreadcrumbList\",\"@id\":\"https:\\\/\\\/www.callandplay.com\\\/gibson-es-335-td-rw-light-burst\\\/#breadcrumb\",\"itemListElement\":[{\"@type\":\"ListItem\",\"position\":1,\"name\":\"Portada\",\"item\":\"https:\\\/\\\/www.callandplay.com\\\/\"},{\"@type\":\"ListItem\",\"position\":2,\"name\":\"Tienda\",\"item\":\"https:\\\/\\\/www.callandplay.com\\\/tienda\\\/\"},{\"@type\":\"ListItem\",\"position\":3,\"name\":\"GIBSON ES-335 TD RW LIGHT BURST\"}]},{\"@type\":\"WebSite\",\"@id\":\"https:\\\/\\\/www.callandplay.com\\\/#website\",\"url\":\"https:\\\/\\\/www.callandplay.com\\\/\",\"name\":\"Call&amp;Play\",\"description\":\"Alquiler de backline e instrumentos musicales\",\"publisher\":{\"@id\":\"https:\\\/\\\/www.callandplay.com\\\/#organization\"},\"potentialAction\":[{\"@type\":\"SearchAction\",\"target\":{\"@type\":\"EntryPoint\",\"urlTemplate\":\"https:\\\/\\\/www.callandplay.com\\\/?s={search_term_string}\"},\"query-input\":{\"@type\":\"PropertyValueSpecification\",\"valueRequired\":true,\"valueName\":\"search_term_string\"}}],\"inLanguage\":\"en-GB\"},{\"@type\":\"Organization\",\"@id\":\"https:\\\/\\\/www.callandplay.com\\\/#organization\",\"name\":\"Call&Play\",\"url\":\"https:\\\/\\\/www.callandplay.com\\\/\",\"logo\":{\"@type\":\"ImageObject\",\"inLanguage\":\"en-GB\",\"@id\":\"https:\\\/\\\/www.callandplay.com\\\/#\\\/schema\\\/logo\\\/image\\\/\",\"url\":\"https:\\\/\\\/www.callandplay.com\\\/wp-content\\\/uploads\\\/2021\\\/06\\\/cropped-cropped-logo-black_con_sombra.png\",\"contentUrl\":\"https:\\\/\\\/www.callandplay.com\\\/wp-content\\\/uploads\\\/2021\\\/06\\\/cropped-cropped-logo-black_con_sombra.png\",\"width\":512,\"height\":512,\"caption\":\"Call&Play\"},\"image\":{\"@id\":\"https:\\\/\\\/www.callandplay.com\\\/#\\\/schema\\\/logo\\\/image\\\/\"},\"sameAs\":[\"https:\\\/\\\/www.facebook.com\\\/callandplay\",\"https:\\\/\\\/www.instagram.com\\\/call_and_play\\\/\"]}]}<\/script>\n<!-- \/ Yoast SEO plugin. -->","yoast_head_json":{"title":"GIBSON ES-335 TD RW LIGHT BURST - Call&amp;Play","robots":{"index":"index","follow":"follow","max-snippet":"max-snippet:-1","max-image-preview":"max-image-preview:large","max-video-preview":"max-video-preview:-1"},"canonical":"https:\/\/www.callandplay.com\/en\/gibson-es-335-td-rw-light-burst\/","og_locale":"en_GB","og_type":"article","og_title":"GIBSON ES-335 TD RW LIGHT BURST - Call&amp;Play","og_description":"La Gibson ES-335 es la primera guitarra el\u00e9ctrica de cuerpo semi macizo comercializada en el mundo, lanzada por Gibson Guitar Corporation en 1958. La guitarra no es de cuerpo macizo ni totalmente hueco, sino que tiene un bloque de madera en el interior de la caja de resonancia, compartimentando \u00e9sta y moderando con ello su vibraci\u00f3n. A los lados de la caja se encuentran aberturas ac\u00fasticas en forma de efe, inspirados en el cuerpo del viol\u00edn y del chelo.","og_url":"https:\/\/www.callandplay.com\/en\/gibson-es-335-td-rw-light-burst\/","og_site_name":"Call&amp;Play","article_publisher":"https:\/\/www.facebook.com\/callandplay","article_modified_time":"2026-04-15T20:53:32+00:00","twitter_card":"summary_large_image","schema":{"@context":"https:\/\/schema.org","@graph":[{"@type":"WebPage","@id":"https:\/\/www.callandplay.com\/gibson-es-335-td-rw-light-burst\/","url":"https:\/\/www.callandplay.com\/gibson-es-335-td-rw-light-burst\/","name":"GIBSON ES-335 TD RW LIGHT BURST - Call&amp;Play","isPartOf":{"@id":"https:\/\/www.callandplay.com\/#website"},"datePublished":"2024-05-17T00:00:00+00:00","dateModified":"2026-04-15T20:53:32+00:00","breadcrumb":{"@id":"https:\/\/www.callandplay.com\/gibson-es-335-td-rw-light-burst\/#breadcrumb"},"inLanguage":"en-GB","potentialAction":[{"@type":"ReadAction","target":["https:\/\/www.callandplay.com\/gibson-es-335-td-rw-light-burst\/"]}]},{"@type":"BreadcrumbList","@id":"https:\/\/www.callandplay.com\/gibson-es-335-td-rw-light-burst\/#breadcrumb","itemListElement":[{"@type":"ListItem","position":1,"name":"Portada","item":"https:\/\/www.callandplay.com\/"},{"@type":"ListItem","position":2,"name":"Tienda","item":"https:\/\/www.callandplay.com\/tienda\/"},{"@type":"ListItem","position":3,"name":"GIBSON ES-335 TD RW LIGHT BURST"}]},{"@type":"WebSite","@id":"https:\/\/www.callandplay.com\/#website","url":"https:\/\/www.callandplay.com\/","name":"Call&amp;Play","description":"Alquiler de backline e instrumentos musicales","publisher":{"@id":"https:\/\/www.callandplay.com\/#organization"},"potentialAction":[{"@type":"SearchAction","target":{"@type":"EntryPoint","urlTemplate":"https:\/\/www.callandplay.com\/?s={search_term_string}"},"query-input":{"@type":"PropertyValueSpecification","valueRequired":true,"valueName":"search_term_string"}}],"inLanguage":"en-GB"},{"@type":"Organization","@id":"https:\/\/www.callandplay.com\/#organization","name":"Call&Play","url":"https:\/\/www.callandplay.com\/","logo":{"@type":"ImageObject","inLanguage":"en-GB","@id":"https:\/\/www.callandplay.com\/#\/schema\/logo\/image\/","url":"https:\/\/www.callandplay.com\/wp-content\/uploads\/2021\/06\/cropped-cropped-logo-black_con_sombra.png","contentUrl":"https:\/\/www.callandplay.com\/wp-content\/uploads\/2021\/06\/cropped-cropped-logo-black_con_sombra.png","width":512,"height":512,"caption":"Call&Play"},"image":{"@id":"https:\/\/www.callandplay.com\/#\/schema\/logo\/image\/"},"sameAs":["https:\/\/www.facebook.com\/callandplay","https:\/\/www.instagram.com\/call_and_play\/"]}]}},"_links":{"self":[{"href":"https:\/\/www.callandplay.com\/en\/wp-json\/wp\/v2\/product\/51762","targetHints":{"allow":["GET"]}}],"collection":[{"href":"https:\/\/www.callandplay.com\/en\/wp-json\/wp\/v2\/product"}],"about":[{"href":"https:\/\/www.callandplay.com\/en\/wp-json\/wp\/v2\/types\/product"}],"replies":[{"embeddable":true,"href":"https:\/\/www.callandplay.com\/en\/wp-json\/wp\/v2\/comments?post=51762"}],"version-history":[{"count":1,"href":"https:\/\/www.callandplay.com\/en\/wp-json\/wp\/v2\/product\/51762\/revisions"}],"predecessor-version":[{"id":54572,"href":"https:\/\/www.callandplay.com\/en\/wp-json\/wp\/v2\/product\/51762\/revisions\/54572"}],"wp:attachment":[{"href":"https:\/\/www.callandplay.com\/en\/wp-json\/wp\/v2\/media?parent=51762"}],"wp:term":[{"taxonomy":"product_brand","embeddable":true,"href":"https:\/\/www.callandplay.com\/en\/wp-json\/wp\/v2\/product_brand?post=51762"},{"taxonomy":"product_cat","embeddable":true,"href":"https:\/\/www.callandplay.com\/en\/wp-json\/wp\/v2\/product_cat?post=51762"},{"taxonomy":"product_tag","embeddable":true,"href":"https:\/\/www.callandplay.com\/en\/wp-json\/wp\/v2\/product_tag?post=51762"}],"curies":[{"name":"wp","href":"https:\/\/api.w.org\/{rel}","templated":true}]}}