{"id":51767,"date":"2024-05-05T00:00:00","date_gmt":"2024-05-05T00:00:00","guid":{"rendered":"https:\/\/www.callandplay.com\/gibson-sg-standard-rw-cherry\/"},"modified":"2026-04-03T20:35:10","modified_gmt":"2026-04-03T20:35:10","slug":"gibson-sg-standard-rw-cherry","status":"publish","type":"product","link":"https:\/\/www.callandplay.com\/en\/gibson-sg-standard-rw-cherry\/","title":{"rendered":"GIBSON SG STANDARD RW CHERRY"},"content":{"rendered":"<p>La Gibson SG es un popular modelo y es considerada una de las mejores guitarras el\u00e9ctricas de cuerpo macizo que se introdujo a principios de la d\u00e9cada de 1960. Es similar al modelo Gibson Les Paul, pero es m\u00e1s ligera debido sobre todo a que el cuerpo es m\u00e1s estrecho y con double-cutaway. Como fue considerado en sus primeros dos a\u00f1os de circulaci\u00f3n (1961-1963) como \u00abLes Paul\u00bb, el modelo tiene las mismas variaciones de este otro modelo, de las cuales son las principales y m\u00e1s populares la Standard (la m\u00e1s exitosa y vendida), la Custom (que viene acompa\u00f1ada con tres pastillas doradas, siendo con una pastilla humbucker m\u00e1s que la Standard, y m\u00e1s costosa), la Junior (tradicionalmente considerada como un modelo para estudiantes y que contiene una sola pastilla P-90) y la Special (que en su primera etapa de circulaci\u00f3n ten\u00eda dos pastillas P-90, para que luego pase a poseer pastillas humbuckers cubiertas). 22 trastes.<\/p>","protected":false},"excerpt":{"rendered":"<p>La Gibson SG es un popular modelo y es considerada una de las mejores guitarras el\u00e9ctricas de cuerpo macizo que se introdujo a principios de la d\u00e9cada de 1960. Es similar al modelo Gibson Les Paul, pero es m\u00e1s ligera debido sobre todo a que el cuerpo es m\u00e1s estrecho y con double-cutaway. Como fue considerado en sus primeros dos a\u00f1os de circulaci\u00f3n (1961-1963) como \u00abLes Paul\u00bb, el modelo tiene las mismas variaciones de este otro modelo, de las cuales son las principales y m\u00e1s populares la Standard (la m\u00e1s exitosa y vendida), la Custom (que viene acompa\u00f1ada con tres pastillas doradas, siendo con una pastilla humbucker m\u00e1s que la Standard, y m\u00e1s costosa), la Junior (tradicionalmente considerada como un modelo para estudiantes y que contiene una sola pastilla P-90) y la Special (que en su primera etapa de circulaci\u00f3n ten\u00eda dos pastillas P-90, para que luego pase a poseer pastillas humbuckers cubiertas). 22 trastes.<\/p>","protected":false},"featured_media":0,"comment_status":"closed","ping_status":"closed","template":"","meta":{"_acf_changed":false,"om_disable_all_campaigns":false,"_monsterinsights_skip_tracking":false,"_monsterinsights_sitenote_active":false,"_monsterinsights_sitenote_note":"","_monsterinsights_sitenote_category":0},"product_brand":[],"product_cat":[1055],"product_tag":[],"class_list":{"0":"post-51767","1":"product","2":"type-product","3":"status-publish","5":"product_cat-guitarras-electricas-cuerpo-solido","7":"first","8":"instock","9":"shipping-taxable","10":"purchasable","11":"product-type-simple"},"acf":[],"yoast_head":"<!-- This site is optimized with the Yoast SEO plugin v27.3 - https:\/\/yoast.com\/product\/yoast-seo-wordpress\/ -->\n<title>GIBSON SG STANDARD RW CHERRY - Call&amp;Play<\/title>\n<meta name=\"robots\" content=\"index, follow, max-snippet:-1, max-image-preview:large, max-video-preview:-1\" \/>\n<link rel=\"canonical\" href=\"https:\/\/www.callandplay.com\/en\/gibson-sg-standard-rw-cherry\/\" \/>\n<meta property=\"og:locale\" content=\"en_GB\" \/>\n<meta property=\"og:type\" content=\"article\" \/>\n<meta property=\"og:title\" content=\"GIBSON SG STANDARD RW CHERRY - Call&amp;Play\" \/>\n<meta property=\"og:description\" content=\"La Gibson SG es un popular modelo y es considerada una de las mejores guitarras el\u00e9ctricas de cuerpo macizo que se introdujo a principios de la d\u00e9cada de 1960. Es similar al modelo Gibson Les Paul, pero es m\u00e1s ligera debido sobre todo a que el cuerpo es m\u00e1s estrecho y con double-cutaway. Como fue considerado en sus primeros dos a\u00f1os de circulaci\u00f3n (1961-1963) como &quot;Les Paul&quot;, el modelo tiene las mismas variaciones de este otro modelo, de las cuales son las principales y m\u00e1s populares la Standard (la m\u00e1s exitosa y vendida), la Custom (que viene acompa\u00f1ada con tres pastillas doradas, siendo con una pastilla humbucker m\u00e1s que la Standard, y m\u00e1s costosa), la Junior (tradicionalmente considerada como un modelo para estudiantes y que contiene una sola pastilla P-90) y la Special (que en su primera etapa de circulaci\u00f3n ten\u00eda dos pastillas P-90, para que luego pase a poseer pastillas humbuckers cubiertas). 22 trastes.\" \/>\n<meta property=\"og:url\" content=\"https:\/\/www.callandplay.com\/en\/gibson-sg-standard-rw-cherry\/\" \/>\n<meta property=\"og:site_name\" content=\"Call&amp;Play\" \/>\n<meta property=\"article:publisher\" content=\"https:\/\/www.facebook.com\/callandplay\" \/>\n<meta property=\"article:modified_time\" content=\"2026-04-03T20:35:10+00:00\" \/>\n<meta name=\"twitter:card\" content=\"summary_large_image\" \/>\n<meta name=\"twitter:label1\" content=\"Estimated reading time\" \/>\n\t<meta name=\"twitter:data1\" content=\"1 minute\" \/>\n<script type=\"application\/ld+json\" class=\"yoast-schema-graph\">{\"@context\":\"https:\\\/\\\/schema.org\",\"@graph\":[{\"@type\":\"WebPage\",\"@id\":\"https:\\\/\\\/www.callandplay.com\\\/gibson-sg-standard-rw-cherry\\\/\",\"url\":\"https:\\\/\\\/www.callandplay.com\\\/gibson-sg-standard-rw-cherry\\\/\",\"name\":\"GIBSON SG STANDARD RW CHERRY - Call&amp;Play\",\"isPartOf\":{\"@id\":\"https:\\\/\\\/www.callandplay.com\\\/#website\"},\"datePublished\":\"2024-05-05T00:00:00+00:00\",\"dateModified\":\"2026-04-03T20:35:10+00:00\",\"breadcrumb\":{\"@id\":\"https:\\\/\\\/www.callandplay.com\\\/gibson-sg-standard-rw-cherry\\\/#breadcrumb\"},\"inLanguage\":\"en-GB\",\"potentialAction\":[{\"@type\":\"ReadAction\",\"target\":[\"https:\\\/\\\/www.callandplay.com\\\/gibson-sg-standard-rw-cherry\\\/\"]}]},{\"@type\":\"BreadcrumbList\",\"@id\":\"https:\\\/\\\/www.callandplay.com\\\/gibson-sg-standard-rw-cherry\\\/#breadcrumb\",\"itemListElement\":[{\"@type\":\"ListItem\",\"position\":1,\"name\":\"Portada\",\"item\":\"https:\\\/\\\/www.callandplay.com\\\/\"},{\"@type\":\"ListItem\",\"position\":2,\"name\":\"Tienda\",\"item\":\"https:\\\/\\\/www.callandplay.com\\\/tienda\\\/\"},{\"@type\":\"ListItem\",\"position\":3,\"name\":\"GIBSON SG STANDARD RW CHERRY\"}]},{\"@type\":\"WebSite\",\"@id\":\"https:\\\/\\\/www.callandplay.com\\\/#website\",\"url\":\"https:\\\/\\\/www.callandplay.com\\\/\",\"name\":\"Call&amp;Play\",\"description\":\"Alquiler de backline e instrumentos musicales\",\"publisher\":{\"@id\":\"https:\\\/\\\/www.callandplay.com\\\/#organization\"},\"potentialAction\":[{\"@type\":\"SearchAction\",\"target\":{\"@type\":\"EntryPoint\",\"urlTemplate\":\"https:\\\/\\\/www.callandplay.com\\\/?s={search_term_string}\"},\"query-input\":{\"@type\":\"PropertyValueSpecification\",\"valueRequired\":true,\"valueName\":\"search_term_string\"}}],\"inLanguage\":\"en-GB\"},{\"@type\":\"Organization\",\"@id\":\"https:\\\/\\\/www.callandplay.com\\\/#organization\",\"name\":\"Call&Play\",\"url\":\"https:\\\/\\\/www.callandplay.com\\\/\",\"logo\":{\"@type\":\"ImageObject\",\"inLanguage\":\"en-GB\",\"@id\":\"https:\\\/\\\/www.callandplay.com\\\/#\\\/schema\\\/logo\\\/image\\\/\",\"url\":\"https:\\\/\\\/www.callandplay.com\\\/wp-content\\\/uploads\\\/2021\\\/06\\\/cropped-cropped-logo-black_con_sombra.png\",\"contentUrl\":\"https:\\\/\\\/www.callandplay.com\\\/wp-content\\\/uploads\\\/2021\\\/06\\\/cropped-cropped-logo-black_con_sombra.png\",\"width\":512,\"height\":512,\"caption\":\"Call&Play\"},\"image\":{\"@id\":\"https:\\\/\\\/www.callandplay.com\\\/#\\\/schema\\\/logo\\\/image\\\/\"},\"sameAs\":[\"https:\\\/\\\/www.facebook.com\\\/callandplay\",\"https:\\\/\\\/www.instagram.com\\\/call_and_play\\\/\"]}]}<\/script>\n<!-- \/ Yoast SEO plugin. -->","yoast_head_json":{"title":"GIBSON SG STANDARD RW CHERRY - Call&amp;Play","robots":{"index":"index","follow":"follow","max-snippet":"max-snippet:-1","max-image-preview":"max-image-preview:large","max-video-preview":"max-video-preview:-1"},"canonical":"https:\/\/www.callandplay.com\/en\/gibson-sg-standard-rw-cherry\/","og_locale":"en_GB","og_type":"article","og_title":"GIBSON SG STANDARD RW CHERRY - Call&amp;Play","og_description":"La Gibson SG es un popular modelo y es considerada una de las mejores guitarras el\u00e9ctricas de cuerpo macizo que se introdujo a principios de la d\u00e9cada de 1960. Es similar al modelo Gibson Les Paul, pero es m\u00e1s ligera debido sobre todo a que el cuerpo es m\u00e1s estrecho y con double-cutaway. Como fue considerado en sus primeros dos a\u00f1os de circulaci\u00f3n (1961-1963) como \"Les Paul\", el modelo tiene las mismas variaciones de este otro modelo, de las cuales son las principales y m\u00e1s populares la Standard (la m\u00e1s exitosa y vendida), la Custom (que viene acompa\u00f1ada con tres pastillas doradas, siendo con una pastilla humbucker m\u00e1s que la Standard, y m\u00e1s costosa), la Junior (tradicionalmente considerada como un modelo para estudiantes y que contiene una sola pastilla P-90) y la Special (que en su primera etapa de circulaci\u00f3n ten\u00eda dos pastillas P-90, para que luego pase a poseer pastillas humbuckers cubiertas). 22 trastes.","og_url":"https:\/\/www.callandplay.com\/en\/gibson-sg-standard-rw-cherry\/","og_site_name":"Call&amp;Play","article_publisher":"https:\/\/www.facebook.com\/callandplay","article_modified_time":"2026-04-03T20:35:10+00:00","twitter_card":"summary_large_image","twitter_misc":{"Estimated reading time":"1 minute"},"schema":{"@context":"https:\/\/schema.org","@graph":[{"@type":"WebPage","@id":"https:\/\/www.callandplay.com\/gibson-sg-standard-rw-cherry\/","url":"https:\/\/www.callandplay.com\/gibson-sg-standard-rw-cherry\/","name":"GIBSON SG STANDARD RW CHERRY - Call&amp;Play","isPartOf":{"@id":"https:\/\/www.callandplay.com\/#website"},"datePublished":"2024-05-05T00:00:00+00:00","dateModified":"2026-04-03T20:35:10+00:00","breadcrumb":{"@id":"https:\/\/www.callandplay.com\/gibson-sg-standard-rw-cherry\/#breadcrumb"},"inLanguage":"en-GB","potentialAction":[{"@type":"ReadAction","target":["https:\/\/www.callandplay.com\/gibson-sg-standard-rw-cherry\/"]}]},{"@type":"BreadcrumbList","@id":"https:\/\/www.callandplay.com\/gibson-sg-standard-rw-cherry\/#breadcrumb","itemListElement":[{"@type":"ListItem","position":1,"name":"Portada","item":"https:\/\/www.callandplay.com\/"},{"@type":"ListItem","position":2,"name":"Tienda","item":"https:\/\/www.callandplay.com\/tienda\/"},{"@type":"ListItem","position":3,"name":"GIBSON SG STANDARD RW CHERRY"}]},{"@type":"WebSite","@id":"https:\/\/www.callandplay.com\/#website","url":"https:\/\/www.callandplay.com\/","name":"Call&amp;Play","description":"Alquiler de backline e instrumentos musicales","publisher":{"@id":"https:\/\/www.callandplay.com\/#organization"},"potentialAction":[{"@type":"SearchAction","target":{"@type":"EntryPoint","urlTemplate":"https:\/\/www.callandplay.com\/?s={search_term_string}"},"query-input":{"@type":"PropertyValueSpecification","valueRequired":true,"valueName":"search_term_string"}}],"inLanguage":"en-GB"},{"@type":"Organization","@id":"https:\/\/www.callandplay.com\/#organization","name":"Call&Play","url":"https:\/\/www.callandplay.com\/","logo":{"@type":"ImageObject","inLanguage":"en-GB","@id":"https:\/\/www.callandplay.com\/#\/schema\/logo\/image\/","url":"https:\/\/www.callandplay.com\/wp-content\/uploads\/2021\/06\/cropped-cropped-logo-black_con_sombra.png","contentUrl":"https:\/\/www.callandplay.com\/wp-content\/uploads\/2021\/06\/cropped-cropped-logo-black_con_sombra.png","width":512,"height":512,"caption":"Call&Play"},"image":{"@id":"https:\/\/www.callandplay.com\/#\/schema\/logo\/image\/"},"sameAs":["https:\/\/www.facebook.com\/callandplay","https:\/\/www.instagram.com\/call_and_play\/"]}]}},"_links":{"self":[{"href":"https:\/\/www.callandplay.com\/en\/wp-json\/wp\/v2\/product\/51767","targetHints":{"allow":["GET"]}}],"collection":[{"href":"https:\/\/www.callandplay.com\/en\/wp-json\/wp\/v2\/product"}],"about":[{"href":"https:\/\/www.callandplay.com\/en\/wp-json\/wp\/v2\/types\/product"}],"replies":[{"embeddable":true,"href":"https:\/\/www.callandplay.com\/en\/wp-json\/wp\/v2\/comments?post=51767"}],"version-history":[{"count":1,"href":"https:\/\/www.callandplay.com\/en\/wp-json\/wp\/v2\/product\/51767\/revisions"}],"predecessor-version":[{"id":54577,"href":"https:\/\/www.callandplay.com\/en\/wp-json\/wp\/v2\/product\/51767\/revisions\/54577"}],"wp:attachment":[{"href":"https:\/\/www.callandplay.com\/en\/wp-json\/wp\/v2\/media?parent=51767"}],"wp:term":[{"taxonomy":"product_brand","embeddable":true,"href":"https:\/\/www.callandplay.com\/en\/wp-json\/wp\/v2\/product_brand?post=51767"},{"taxonomy":"product_cat","embeddable":true,"href":"https:\/\/www.callandplay.com\/en\/wp-json\/wp\/v2\/product_cat?post=51767"},{"taxonomy":"product_tag","embeddable":true,"href":"https:\/\/www.callandplay.com\/en\/wp-json\/wp\/v2\/product_tag?post=51767"}],"curies":[{"name":"wp","href":"https:\/\/api.w.org\/{rel}","templated":true}]}}