{"id":52133,"date":"2021-09-21T00:00:00","date_gmt":"2021-09-21T00:00:00","guid":{"rendered":"https:\/\/www.callandplay.com\/c-c-player-dates-mahogany-honey-set\/"},"modified":"2026-04-15T20:53:43","modified_gmt":"2026-04-15T20:53:43","slug":"c-c-player-dates-mahogany-honey-set","status":"publish","type":"product","link":"https:\/\/www.callandplay.com\/en\/c-c-player-dates-mahogany-honey-set\/","title":{"rendered":"C &amp; C PLAYER DATES MAHOGANY HONEY SET"},"content":{"rendered":"<p>La serie Player Dates de C &amp; C est\u00e1 fabricada con 7 capas de mahogany proveniente de \u00abGladstone Woods\u00bb (Kansas City, USA). C &amp; C se concentra en un objetivo principal: m\u00e1s madera, menos pegamento. Por ello, el mayor grosor de las capas le da un tono fundamental que produce un sonido c\u00e1lido. La configuraci\u00f3n de Player Date \u00abBig Beat\u00bb (BD 22&#8243;x14&#8243;, RT 13&#8243;x8&#8243; y FT 16&#8243;x15&#8243;, con caja de 14&#8243;x6,5&#8243;) se presenta como la perfecta configuraci\u00f3n de rock, que va desde el rock&#8217;n&#8217;roll y el punk rock hasta el rock alternativo, el indie y el hard rock.Incluso puede conseguirse una tonalidad caracter\u00edstica del jazz gracias al ampl\u00edsimo rango de afinaci\u00f3n. No incluye platos.<\/p>","protected":false},"excerpt":{"rendered":"<p>La serie Player Dates de C &amp; C est\u00e1 fabricada con 7 capas de mahogany proveniente de \u00abGladstone Woods\u00bb (Kansas City, USA). C &amp; C se concentra en un objetivo principal: m\u00e1s madera, menos pegamento. Por ello, el mayor grosor de las capas le da un tono fundamental que produce un sonido c\u00e1lido. La configuraci\u00f3n de Player Date \u00abBig Beat\u00bb (BD 22&#8243;x14&#8243;, RT 13&#8243;x8&#8243; y FT 16&#8243;x15&#8243;, con caja de 14&#8243;x6,5&#8243;) se presenta como la perfecta configuraci\u00f3n de rock, que va desde el rock&#8217;n&#8217;roll y el punk rock hasta el rock alternativo, el indie y el hard rock.Incluso puede conseguirse una tonalidad caracter\u00edstica del jazz gracias al ampl\u00edsimo rango de afinaci\u00f3n. No incluye platos.<\/p>","protected":false},"featured_media":0,"comment_status":"closed","ping_status":"closed","template":"","meta":{"_acf_changed":false,"om_disable_all_campaigns":false,"_monsterinsights_skip_tracking":false,"_monsterinsights_sitenote_active":false,"_monsterinsights_sitenote_note":"","_monsterinsights_sitenote_category":0},"product_brand":[],"product_cat":[1014],"product_tag":[],"class_list":{"0":"post-52133","1":"product","2":"type-product","3":"status-publish","5":"product_cat-kits-de-bateria","7":"first","8":"instock","9":"shipping-taxable","10":"purchasable","11":"product-type-simple"},"acf":[],"yoast_head":"<!-- This site is optimized with the Yoast SEO plugin v27.3 - https:\/\/yoast.com\/product\/yoast-seo-wordpress\/ -->\n<title>C &amp; C PLAYER DATES MAHOGANY HONEY SET - Call&amp;Play<\/title>\n<meta name=\"robots\" content=\"index, follow, max-snippet:-1, max-image-preview:large, max-video-preview:-1\" \/>\n<link rel=\"canonical\" href=\"https:\/\/www.callandplay.com\/en\/c-c-player-dates-mahogany-honey-set\/\" \/>\n<meta property=\"og:locale\" content=\"en_GB\" \/>\n<meta property=\"og:type\" content=\"article\" \/>\n<meta property=\"og:title\" content=\"C &amp; C PLAYER DATES MAHOGANY HONEY SET - Call&amp;Play\" \/>\n<meta property=\"og:description\" content=\"La serie Player Dates de C &amp; C est\u00e1 fabricada con 7 capas de mahogany proveniente de &quot;Gladstone Woods&quot; (Kansas City, USA). C &amp; C se concentra en un objetivo principal: m\u00e1s madera, menos pegamento. Por ello, el mayor grosor de las capas le da un tono fundamental que produce un sonido c\u00e1lido. La configuraci\u00f3n de Player Date &quot;Big Beat&quot; (BD 22&quot;x14&quot;, RT 13&quot;x8&quot; y FT 16&quot;x15&quot;, con caja de 14&quot;x6,5&quot;) se presenta como la perfecta configuraci\u00f3n de rock, que va desde el rock&#039;n&#039;roll y el punk rock hasta el rock alternativo, el indie y el hard rock.Incluso puede conseguirse una tonalidad caracter\u00edstica del jazz gracias al ampl\u00edsimo rango de afinaci\u00f3n. No incluye platos.\" \/>\n<meta property=\"og:url\" content=\"https:\/\/www.callandplay.com\/en\/c-c-player-dates-mahogany-honey-set\/\" \/>\n<meta property=\"og:site_name\" content=\"Call&amp;Play\" \/>\n<meta property=\"article:publisher\" content=\"https:\/\/www.facebook.com\/callandplay\" \/>\n<meta property=\"article:modified_time\" content=\"2026-04-15T20:53:43+00:00\" \/>\n<meta name=\"twitter:card\" content=\"summary_large_image\" \/>\n<meta name=\"twitter:label1\" content=\"Estimated reading time\" \/>\n\t<meta name=\"twitter:data1\" content=\"1 minute\" \/>\n<script type=\"application\/ld+json\" class=\"yoast-schema-graph\">{\"@context\":\"https:\\\/\\\/schema.org\",\"@graph\":[{\"@type\":\"WebPage\",\"@id\":\"https:\\\/\\\/www.callandplay.com\\\/c-c-player-dates-mahogany-honey-set\\\/\",\"url\":\"https:\\\/\\\/www.callandplay.com\\\/c-c-player-dates-mahogany-honey-set\\\/\",\"name\":\"C &amp; C PLAYER DATES MAHOGANY HONEY SET - Call&amp;Play\",\"isPartOf\":{\"@id\":\"https:\\\/\\\/www.callandplay.com\\\/#website\"},\"datePublished\":\"2021-09-21T00:00:00+00:00\",\"dateModified\":\"2026-04-15T20:53:43+00:00\",\"breadcrumb\":{\"@id\":\"https:\\\/\\\/www.callandplay.com\\\/c-c-player-dates-mahogany-honey-set\\\/#breadcrumb\"},\"inLanguage\":\"en-GB\",\"potentialAction\":[{\"@type\":\"ReadAction\",\"target\":[\"https:\\\/\\\/www.callandplay.com\\\/c-c-player-dates-mahogany-honey-set\\\/\"]}]},{\"@type\":\"BreadcrumbList\",\"@id\":\"https:\\\/\\\/www.callandplay.com\\\/c-c-player-dates-mahogany-honey-set\\\/#breadcrumb\",\"itemListElement\":[{\"@type\":\"ListItem\",\"position\":1,\"name\":\"Portada\",\"item\":\"https:\\\/\\\/www.callandplay.com\\\/\"},{\"@type\":\"ListItem\",\"position\":2,\"name\":\"Tienda\",\"item\":\"https:\\\/\\\/www.callandplay.com\\\/tienda\\\/\"},{\"@type\":\"ListItem\",\"position\":3,\"name\":\"C &amp; C PLAYER DATES MAHOGANY HONEY SET\"}]},{\"@type\":\"WebSite\",\"@id\":\"https:\\\/\\\/www.callandplay.com\\\/#website\",\"url\":\"https:\\\/\\\/www.callandplay.com\\\/\",\"name\":\"Call&amp;Play\",\"description\":\"Alquiler de backline e instrumentos musicales\",\"publisher\":{\"@id\":\"https:\\\/\\\/www.callandplay.com\\\/#organization\"},\"potentialAction\":[{\"@type\":\"SearchAction\",\"target\":{\"@type\":\"EntryPoint\",\"urlTemplate\":\"https:\\\/\\\/www.callandplay.com\\\/?s={search_term_string}\"},\"query-input\":{\"@type\":\"PropertyValueSpecification\",\"valueRequired\":true,\"valueName\":\"search_term_string\"}}],\"inLanguage\":\"en-GB\"},{\"@type\":\"Organization\",\"@id\":\"https:\\\/\\\/www.callandplay.com\\\/#organization\",\"name\":\"Call&Play\",\"url\":\"https:\\\/\\\/www.callandplay.com\\\/\",\"logo\":{\"@type\":\"ImageObject\",\"inLanguage\":\"en-GB\",\"@id\":\"https:\\\/\\\/www.callandplay.com\\\/#\\\/schema\\\/logo\\\/image\\\/\",\"url\":\"https:\\\/\\\/www.callandplay.com\\\/wp-content\\\/uploads\\\/2021\\\/06\\\/cropped-cropped-logo-black_con_sombra.png\",\"contentUrl\":\"https:\\\/\\\/www.callandplay.com\\\/wp-content\\\/uploads\\\/2021\\\/06\\\/cropped-cropped-logo-black_con_sombra.png\",\"width\":512,\"height\":512,\"caption\":\"Call&Play\"},\"image\":{\"@id\":\"https:\\\/\\\/www.callandplay.com\\\/#\\\/schema\\\/logo\\\/image\\\/\"},\"sameAs\":[\"https:\\\/\\\/www.facebook.com\\\/callandplay\",\"https:\\\/\\\/www.instagram.com\\\/call_and_play\\\/\"]}]}<\/script>\n<!-- \/ Yoast SEO plugin. -->","yoast_head_json":{"title":"C &amp; C PLAYER DATES MAHOGANY HONEY SET - Call&amp;Play","robots":{"index":"index","follow":"follow","max-snippet":"max-snippet:-1","max-image-preview":"max-image-preview:large","max-video-preview":"max-video-preview:-1"},"canonical":"https:\/\/www.callandplay.com\/en\/c-c-player-dates-mahogany-honey-set\/","og_locale":"en_GB","og_type":"article","og_title":"C &amp; C PLAYER DATES MAHOGANY HONEY SET - Call&amp;Play","og_description":"La serie Player Dates de C &amp; C est\u00e1 fabricada con 7 capas de mahogany proveniente de \"Gladstone Woods\" (Kansas City, USA). C &amp; C se concentra en un objetivo principal: m\u00e1s madera, menos pegamento. Por ello, el mayor grosor de las capas le da un tono fundamental que produce un sonido c\u00e1lido. La configuraci\u00f3n de Player Date \"Big Beat\" (BD 22\"x14\", RT 13\"x8\" y FT 16\"x15\", con caja de 14\"x6,5\") se presenta como la perfecta configuraci\u00f3n de rock, que va desde el rock'n'roll y el punk rock hasta el rock alternativo, el indie y el hard rock.Incluso puede conseguirse una tonalidad caracter\u00edstica del jazz gracias al ampl\u00edsimo rango de afinaci\u00f3n. No incluye platos.","og_url":"https:\/\/www.callandplay.com\/en\/c-c-player-dates-mahogany-honey-set\/","og_site_name":"Call&amp;Play","article_publisher":"https:\/\/www.facebook.com\/callandplay","article_modified_time":"2026-04-15T20:53:43+00:00","twitter_card":"summary_large_image","twitter_misc":{"Estimated reading time":"1 minute"},"schema":{"@context":"https:\/\/schema.org","@graph":[{"@type":"WebPage","@id":"https:\/\/www.callandplay.com\/c-c-player-dates-mahogany-honey-set\/","url":"https:\/\/www.callandplay.com\/c-c-player-dates-mahogany-honey-set\/","name":"C &amp; C PLAYER DATES MAHOGANY HONEY SET - Call&amp;Play","isPartOf":{"@id":"https:\/\/www.callandplay.com\/#website"},"datePublished":"2021-09-21T00:00:00+00:00","dateModified":"2026-04-15T20:53:43+00:00","breadcrumb":{"@id":"https:\/\/www.callandplay.com\/c-c-player-dates-mahogany-honey-set\/#breadcrumb"},"inLanguage":"en-GB","potentialAction":[{"@type":"ReadAction","target":["https:\/\/www.callandplay.com\/c-c-player-dates-mahogany-honey-set\/"]}]},{"@type":"BreadcrumbList","@id":"https:\/\/www.callandplay.com\/c-c-player-dates-mahogany-honey-set\/#breadcrumb","itemListElement":[{"@type":"ListItem","position":1,"name":"Portada","item":"https:\/\/www.callandplay.com\/"},{"@type":"ListItem","position":2,"name":"Tienda","item":"https:\/\/www.callandplay.com\/tienda\/"},{"@type":"ListItem","position":3,"name":"C &amp; C PLAYER DATES MAHOGANY HONEY SET"}]},{"@type":"WebSite","@id":"https:\/\/www.callandplay.com\/#website","url":"https:\/\/www.callandplay.com\/","name":"Call&amp;Play","description":"Alquiler de backline e instrumentos musicales","publisher":{"@id":"https:\/\/www.callandplay.com\/#organization"},"potentialAction":[{"@type":"SearchAction","target":{"@type":"EntryPoint","urlTemplate":"https:\/\/www.callandplay.com\/?s={search_term_string}"},"query-input":{"@type":"PropertyValueSpecification","valueRequired":true,"valueName":"search_term_string"}}],"inLanguage":"en-GB"},{"@type":"Organization","@id":"https:\/\/www.callandplay.com\/#organization","name":"Call&Play","url":"https:\/\/www.callandplay.com\/","logo":{"@type":"ImageObject","inLanguage":"en-GB","@id":"https:\/\/www.callandplay.com\/#\/schema\/logo\/image\/","url":"https:\/\/www.callandplay.com\/wp-content\/uploads\/2021\/06\/cropped-cropped-logo-black_con_sombra.png","contentUrl":"https:\/\/www.callandplay.com\/wp-content\/uploads\/2021\/06\/cropped-cropped-logo-black_con_sombra.png","width":512,"height":512,"caption":"Call&Play"},"image":{"@id":"https:\/\/www.callandplay.com\/#\/schema\/logo\/image\/"},"sameAs":["https:\/\/www.facebook.com\/callandplay","https:\/\/www.instagram.com\/call_and_play\/"]}]}},"_links":{"self":[{"href":"https:\/\/www.callandplay.com\/en\/wp-json\/wp\/v2\/product\/52133","targetHints":{"allow":["GET"]}}],"collection":[{"href":"https:\/\/www.callandplay.com\/en\/wp-json\/wp\/v2\/product"}],"about":[{"href":"https:\/\/www.callandplay.com\/en\/wp-json\/wp\/v2\/types\/product"}],"replies":[{"embeddable":true,"href":"https:\/\/www.callandplay.com\/en\/wp-json\/wp\/v2\/comments?post=52133"}],"version-history":[{"count":1,"href":"https:\/\/www.callandplay.com\/en\/wp-json\/wp\/v2\/product\/52133\/revisions"}],"predecessor-version":[{"id":54943,"href":"https:\/\/www.callandplay.com\/en\/wp-json\/wp\/v2\/product\/52133\/revisions\/54943"}],"wp:attachment":[{"href":"https:\/\/www.callandplay.com\/en\/wp-json\/wp\/v2\/media?parent=52133"}],"wp:term":[{"taxonomy":"product_brand","embeddable":true,"href":"https:\/\/www.callandplay.com\/en\/wp-json\/wp\/v2\/product_brand?post=52133"},{"taxonomy":"product_cat","embeddable":true,"href":"https:\/\/www.callandplay.com\/en\/wp-json\/wp\/v2\/product_cat?post=52133"},{"taxonomy":"product_tag","embeddable":true,"href":"https:\/\/www.callandplay.com\/en\/wp-json\/wp\/v2\/product_tag?post=52133"}],"curies":[{"name":"wp","href":"https:\/\/api.w.org\/{rel}","templated":true}]}}