{"id":52191,"date":"2022-04-05T00:00:00","date_gmt":"2022-04-05T00:00:00","guid":{"rendered":"https:\/\/www.callandplay.com\/fender-robert-schmidt-plectrum-banjo-fishman-pickup-4-string\/"},"modified":"2026-04-15T20:53:45","modified_gmt":"2026-04-15T20:53:45","slug":"fender-robert-schmidt-plectrum-banjo-fishman-pickup-4-string","status":"publish","type":"product","link":"https:\/\/www.callandplay.com\/en\/fender-robert-schmidt-plectrum-banjo-fishman-pickup-4-string\/","title":{"rendered":"FENDER ROBERT SCHMIDT PLECTRUM BANJO FISHMAN PICKUP 4-STRING"},"content":{"rendered":"<p>El banjo Robert Schmidt Plectrum de Fender ofrece la vibraci\u00f3n y el tono maravillosos y brillantes de las cuatro cuerdas, caracter\u00edsticas por las cuales la banda de m\u00faltiples instrumentalistas Flogging Molly es ampliamente reconocida. Schmidt dise\u00f1\u00f3 su banjo con mucha identidad para soportar los rigores de la carretera y su estilo lleno de energ\u00eda a la hora de tocar, por lo que este banjo har\u00e1 lo que usted le pida y sonreir\u00e1 mientras le pide m\u00e1s. Entre sus caracter\u00edsticas se incluyen un aro de sonido y un m\u00e1stil de arce con acabado te\u00f1ido en nogal oscuro, un resonador de arce laminado de diez capas, un tone ring de lat\u00f3n cromado, brida y canal de una sola pieza, diapas\u00f3n de palo rosa de 22 trastes con incrustaciones perladas en forma de corona y ribetes en blanco envejecido, puente de palo rosa con selleta de hueso compensada, clavijeros cromados con botones perlados, pastilla de banjo Fishman\u00ae Rare Earth para un sonido y rendimiento realmente amplificados y la firma de Schmidt en la pala.<\/p>","protected":false},"excerpt":{"rendered":"<p>El banjo Robert Schmidt Plectrum de Fender ofrece la vibraci\u00f3n y el tono maravillosos y brillantes de las cuatro cuerdas, caracter\u00edsticas por las cuales la banda de m\u00faltiples instrumentalistas Flogging Molly es ampliamente reconocida. Schmidt dise\u00f1\u00f3 su banjo con mucha identidad para soportar los rigores de la carretera y su estilo lleno de energ\u00eda a la hora de tocar, por lo que este banjo har\u00e1 lo que usted le pida y sonreir\u00e1 mientras le pide m\u00e1s. Entre sus caracter\u00edsticas se incluyen un aro de sonido y un m\u00e1stil de arce con acabado te\u00f1ido en nogal oscuro, un resonador de arce laminado de diez capas, un tone ring de lat\u00f3n cromado, brida y canal de una sola pieza, diapas\u00f3n de palo rosa de 22 trastes con incrustaciones perladas en forma de corona y ribetes en blanco envejecido, puente de palo rosa con selleta de hueso compensada, clavijeros cromados con botones perlados, pastilla de banjo Fishman\u00ae Rare Earth para un sonido y rendimiento realmente amplificados y la firma de Schmidt en la pala.<\/p>","protected":false},"featured_media":0,"comment_status":"closed","ping_status":"closed","template":"","meta":{"_acf_changed":false,"om_disable_all_campaigns":false,"_monsterinsights_skip_tracking":false,"_monsterinsights_sitenote_active":false,"_monsterinsights_sitenote_note":"","_monsterinsights_sitenote_category":0},"product_brand":[],"product_cat":[1070],"product_tag":[],"class_list":{"0":"post-52191","1":"product","2":"type-product","3":"status-publish","5":"product_cat-banjos","7":"first","8":"instock","9":"shipping-taxable","10":"purchasable","11":"product-type-simple"},"acf":[],"yoast_head":"<!-- This site is optimized with the Yoast SEO plugin v27.4 - https:\/\/yoast.com\/product\/yoast-seo-wordpress\/ -->\n<title>FENDER ROBERT SCHMIDT PLECTRUM BANJO FISHMAN PICKUP 4-STRING - Call&amp;Play<\/title>\n<meta name=\"robots\" content=\"index, follow, max-snippet:-1, max-image-preview:large, max-video-preview:-1\" \/>\n<link rel=\"canonical\" href=\"https:\/\/www.callandplay.com\/en\/fender-robert-schmidt-plectrum-banjo-fishman-pickup-4-string\/\" \/>\n<meta property=\"og:locale\" content=\"en_GB\" \/>\n<meta property=\"og:type\" content=\"article\" \/>\n<meta property=\"og:title\" content=\"FENDER ROBERT SCHMIDT PLECTRUM BANJO FISHMAN PICKUP 4-STRING - Call&amp;Play\" \/>\n<meta property=\"og:description\" content=\"El banjo Robert Schmidt Plectrum de Fender ofrece la vibraci\u00f3n y el tono maravillosos y brillantes de las cuatro cuerdas, caracter\u00edsticas por las cuales la banda de m\u00faltiples instrumentalistas Flogging Molly es ampliamente reconocida. Schmidt dise\u00f1\u00f3 su banjo con mucha identidad para soportar los rigores de la carretera y su estilo lleno de energ\u00eda a la hora de tocar, por lo que este banjo har\u00e1 lo que usted le pida y sonreir\u00e1 mientras le pide m\u00e1s. Entre sus caracter\u00edsticas se incluyen un aro de sonido y un m\u00e1stil de arce con acabado te\u00f1ido en nogal oscuro, un resonador de arce laminado de diez capas, un tone ring de lat\u00f3n cromado, brida y canal de una sola pieza, diapas\u00f3n de palo rosa de 22 trastes con incrustaciones perladas en forma de corona y ribetes en blanco envejecido, puente de palo rosa con selleta de hueso compensada, clavijeros cromados con botones perlados, pastilla de banjo Fishman\u00ae Rare Earth para un sonido y rendimiento realmente amplificados y la firma de Schmidt en la pala.\" \/>\n<meta property=\"og:url\" content=\"https:\/\/www.callandplay.com\/en\/fender-robert-schmidt-plectrum-banjo-fishman-pickup-4-string\/\" \/>\n<meta property=\"og:site_name\" content=\"Call&amp;Play\" \/>\n<meta property=\"article:publisher\" content=\"https:\/\/www.facebook.com\/callandplay\" \/>\n<meta property=\"article:modified_time\" content=\"2026-04-15T20:53:45+00:00\" \/>\n<meta name=\"twitter:card\" content=\"summary_large_image\" \/>\n<meta name=\"twitter:label1\" content=\"Estimated reading time\" \/>\n\t<meta name=\"twitter:data1\" content=\"1 minute\" \/>\n<script type=\"application\/ld+json\" class=\"yoast-schema-graph\">{\"@context\":\"https:\\\/\\\/schema.org\",\"@graph\":[{\"@type\":\"WebPage\",\"@id\":\"https:\\\/\\\/www.callandplay.com\\\/fender-robert-schmidt-plectrum-banjo-fishman-pickup-4-string\\\/\",\"url\":\"https:\\\/\\\/www.callandplay.com\\\/fender-robert-schmidt-plectrum-banjo-fishman-pickup-4-string\\\/\",\"name\":\"FENDER ROBERT SCHMIDT PLECTRUM BANJO FISHMAN PICKUP 4-STRING - Call&amp;Play\",\"isPartOf\":{\"@id\":\"https:\\\/\\\/www.callandplay.com\\\/#website\"},\"datePublished\":\"2022-04-05T00:00:00+00:00\",\"dateModified\":\"2026-04-15T20:53:45+00:00\",\"breadcrumb\":{\"@id\":\"https:\\\/\\\/www.callandplay.com\\\/fender-robert-schmidt-plectrum-banjo-fishman-pickup-4-string\\\/#breadcrumb\"},\"inLanguage\":\"en-GB\",\"potentialAction\":[{\"@type\":\"ReadAction\",\"target\":[\"https:\\\/\\\/www.callandplay.com\\\/fender-robert-schmidt-plectrum-banjo-fishman-pickup-4-string\\\/\"]}]},{\"@type\":\"BreadcrumbList\",\"@id\":\"https:\\\/\\\/www.callandplay.com\\\/fender-robert-schmidt-plectrum-banjo-fishman-pickup-4-string\\\/#breadcrumb\",\"itemListElement\":[{\"@type\":\"ListItem\",\"position\":1,\"name\":\"Portada\",\"item\":\"https:\\\/\\\/www.callandplay.com\\\/\"},{\"@type\":\"ListItem\",\"position\":2,\"name\":\"Tienda\",\"item\":\"https:\\\/\\\/www.callandplay.com\\\/tienda\\\/\"},{\"@type\":\"ListItem\",\"position\":3,\"name\":\"FENDER ROBERT SCHMIDT PLECTRUM BANJO FISHMAN PICKUP 4-STRING\"}]},{\"@type\":\"WebSite\",\"@id\":\"https:\\\/\\\/www.callandplay.com\\\/#website\",\"url\":\"https:\\\/\\\/www.callandplay.com\\\/\",\"name\":\"Call&amp;Play\",\"description\":\"Alquiler de backline e instrumentos musicales\",\"publisher\":{\"@id\":\"https:\\\/\\\/www.callandplay.com\\\/#organization\"},\"potentialAction\":[{\"@type\":\"SearchAction\",\"target\":{\"@type\":\"EntryPoint\",\"urlTemplate\":\"https:\\\/\\\/www.callandplay.com\\\/?s={search_term_string}\"},\"query-input\":{\"@type\":\"PropertyValueSpecification\",\"valueRequired\":true,\"valueName\":\"search_term_string\"}}],\"inLanguage\":\"en-GB\"},{\"@type\":\"Organization\",\"@id\":\"https:\\\/\\\/www.callandplay.com\\\/#organization\",\"name\":\"Call&Play\",\"url\":\"https:\\\/\\\/www.callandplay.com\\\/\",\"logo\":{\"@type\":\"ImageObject\",\"inLanguage\":\"en-GB\",\"@id\":\"https:\\\/\\\/www.callandplay.com\\\/#\\\/schema\\\/logo\\\/image\\\/\",\"url\":\"https:\\\/\\\/www.callandplay.com\\\/wp-content\\\/uploads\\\/2021\\\/06\\\/cropped-cropped-logo-black_con_sombra.png\",\"contentUrl\":\"https:\\\/\\\/www.callandplay.com\\\/wp-content\\\/uploads\\\/2021\\\/06\\\/cropped-cropped-logo-black_con_sombra.png\",\"width\":512,\"height\":512,\"caption\":\"Call&Play\"},\"image\":{\"@id\":\"https:\\\/\\\/www.callandplay.com\\\/#\\\/schema\\\/logo\\\/image\\\/\"},\"sameAs\":[\"https:\\\/\\\/www.facebook.com\\\/callandplay\",\"https:\\\/\\\/www.instagram.com\\\/call_and_play\\\/\"]}]}<\/script>\n<!-- \/ Yoast SEO plugin. -->","yoast_head_json":{"title":"FENDER ROBERT SCHMIDT PLECTRUM BANJO FISHMAN PICKUP 4-STRING - Call&amp;Play","robots":{"index":"index","follow":"follow","max-snippet":"max-snippet:-1","max-image-preview":"max-image-preview:large","max-video-preview":"max-video-preview:-1"},"canonical":"https:\/\/www.callandplay.com\/en\/fender-robert-schmidt-plectrum-banjo-fishman-pickup-4-string\/","og_locale":"en_GB","og_type":"article","og_title":"FENDER ROBERT SCHMIDT PLECTRUM BANJO FISHMAN PICKUP 4-STRING - Call&amp;Play","og_description":"El banjo Robert Schmidt Plectrum de Fender ofrece la vibraci\u00f3n y el tono maravillosos y brillantes de las cuatro cuerdas, caracter\u00edsticas por las cuales la banda de m\u00faltiples instrumentalistas Flogging Molly es ampliamente reconocida. Schmidt dise\u00f1\u00f3 su banjo con mucha identidad para soportar los rigores de la carretera y su estilo lleno de energ\u00eda a la hora de tocar, por lo que este banjo har\u00e1 lo que usted le pida y sonreir\u00e1 mientras le pide m\u00e1s. Entre sus caracter\u00edsticas se incluyen un aro de sonido y un m\u00e1stil de arce con acabado te\u00f1ido en nogal oscuro, un resonador de arce laminado de diez capas, un tone ring de lat\u00f3n cromado, brida y canal de una sola pieza, diapas\u00f3n de palo rosa de 22 trastes con incrustaciones perladas en forma de corona y ribetes en blanco envejecido, puente de palo rosa con selleta de hueso compensada, clavijeros cromados con botones perlados, pastilla de banjo Fishman\u00ae Rare Earth para un sonido y rendimiento realmente amplificados y la firma de Schmidt en la pala.","og_url":"https:\/\/www.callandplay.com\/en\/fender-robert-schmidt-plectrum-banjo-fishman-pickup-4-string\/","og_site_name":"Call&amp;Play","article_publisher":"https:\/\/www.facebook.com\/callandplay","article_modified_time":"2026-04-15T20:53:45+00:00","twitter_card":"summary_large_image","twitter_misc":{"Estimated reading time":"1 minute"},"schema":{"@context":"https:\/\/schema.org","@graph":[{"@type":"WebPage","@id":"https:\/\/www.callandplay.com\/fender-robert-schmidt-plectrum-banjo-fishman-pickup-4-string\/","url":"https:\/\/www.callandplay.com\/fender-robert-schmidt-plectrum-banjo-fishman-pickup-4-string\/","name":"FENDER ROBERT SCHMIDT PLECTRUM BANJO FISHMAN PICKUP 4-STRING - Call&amp;Play","isPartOf":{"@id":"https:\/\/www.callandplay.com\/#website"},"datePublished":"2022-04-05T00:00:00+00:00","dateModified":"2026-04-15T20:53:45+00:00","breadcrumb":{"@id":"https:\/\/www.callandplay.com\/fender-robert-schmidt-plectrum-banjo-fishman-pickup-4-string\/#breadcrumb"},"inLanguage":"en-GB","potentialAction":[{"@type":"ReadAction","target":["https:\/\/www.callandplay.com\/fender-robert-schmidt-plectrum-banjo-fishman-pickup-4-string\/"]}]},{"@type":"BreadcrumbList","@id":"https:\/\/www.callandplay.com\/fender-robert-schmidt-plectrum-banjo-fishman-pickup-4-string\/#breadcrumb","itemListElement":[{"@type":"ListItem","position":1,"name":"Portada","item":"https:\/\/www.callandplay.com\/"},{"@type":"ListItem","position":2,"name":"Tienda","item":"https:\/\/www.callandplay.com\/tienda\/"},{"@type":"ListItem","position":3,"name":"FENDER ROBERT SCHMIDT PLECTRUM BANJO FISHMAN PICKUP 4-STRING"}]},{"@type":"WebSite","@id":"https:\/\/www.callandplay.com\/#website","url":"https:\/\/www.callandplay.com\/","name":"Call&amp;Play","description":"Alquiler de backline e instrumentos musicales","publisher":{"@id":"https:\/\/www.callandplay.com\/#organization"},"potentialAction":[{"@type":"SearchAction","target":{"@type":"EntryPoint","urlTemplate":"https:\/\/www.callandplay.com\/?s={search_term_string}"},"query-input":{"@type":"PropertyValueSpecification","valueRequired":true,"valueName":"search_term_string"}}],"inLanguage":"en-GB"},{"@type":"Organization","@id":"https:\/\/www.callandplay.com\/#organization","name":"Call&Play","url":"https:\/\/www.callandplay.com\/","logo":{"@type":"ImageObject","inLanguage":"en-GB","@id":"https:\/\/www.callandplay.com\/#\/schema\/logo\/image\/","url":"https:\/\/www.callandplay.com\/wp-content\/uploads\/2021\/06\/cropped-cropped-logo-black_con_sombra.png","contentUrl":"https:\/\/www.callandplay.com\/wp-content\/uploads\/2021\/06\/cropped-cropped-logo-black_con_sombra.png","width":512,"height":512,"caption":"Call&Play"},"image":{"@id":"https:\/\/www.callandplay.com\/#\/schema\/logo\/image\/"},"sameAs":["https:\/\/www.facebook.com\/callandplay","https:\/\/www.instagram.com\/call_and_play\/"]}]}},"_links":{"self":[{"href":"https:\/\/www.callandplay.com\/en\/wp-json\/wp\/v2\/product\/52191","targetHints":{"allow":["GET"]}}],"collection":[{"href":"https:\/\/www.callandplay.com\/en\/wp-json\/wp\/v2\/product"}],"about":[{"href":"https:\/\/www.callandplay.com\/en\/wp-json\/wp\/v2\/types\/product"}],"replies":[{"embeddable":true,"href":"https:\/\/www.callandplay.com\/en\/wp-json\/wp\/v2\/comments?post=52191"}],"version-history":[{"count":1,"href":"https:\/\/www.callandplay.com\/en\/wp-json\/wp\/v2\/product\/52191\/revisions"}],"predecessor-version":[{"id":55001,"href":"https:\/\/www.callandplay.com\/en\/wp-json\/wp\/v2\/product\/52191\/revisions\/55001"}],"wp:attachment":[{"href":"https:\/\/www.callandplay.com\/en\/wp-json\/wp\/v2\/media?parent=52191"}],"wp:term":[{"taxonomy":"product_brand","embeddable":true,"href":"https:\/\/www.callandplay.com\/en\/wp-json\/wp\/v2\/product_brand?post=52191"},{"taxonomy":"product_cat","embeddable":true,"href":"https:\/\/www.callandplay.com\/en\/wp-json\/wp\/v2\/product_cat?post=52191"},{"taxonomy":"product_tag","embeddable":true,"href":"https:\/\/www.callandplay.com\/en\/wp-json\/wp\/v2\/product_tag?post=52191"}],"curies":[{"name":"wp","href":"https:\/\/api.w.org\/{rel}","templated":true}]}}