{"id":52194,"date":"2024-03-13T00:00:00","date_gmt":"2024-03-13T00:00:00","guid":{"rendered":"https:\/\/www.callandplay.com\/dave-smith-instruments-prophet-08-pe\/"},"modified":"2026-04-04T20:33:36","modified_gmt":"2026-04-04T20:33:36","slug":"dave-smith-instruments-prophet-08-pe","status":"publish","type":"product","link":"https:\/\/www.callandplay.com\/en\/dave-smith-instruments-prophet-08-pe\/","title":{"rendered":"DAVE SMITH INSTRUMENTS PROPHET 08 PE"},"content":{"rendered":"<p>Versi\u00f3n especial con potenciometros de dise\u00f1o \u00abVintage\u00bb. El Prophet 08 es un sintetizador an\u00e1logico 100%, capaz de generar el sonido que hizo famosos a los sintes de la saga Prophet. Este instrumento est\u00e9reo tiene 52 potenci\u00f3metros de control. Incluye conexiones MIDI In, Out, Thru y Poly Chain. Tiene una salida est\u00e9reo principal no balanceada de 1\/4&#8242;, otra salida est\u00e9reo B de 1\/4&#8242; no balanceada, salida de cascos de 1\/4&#8242;, entrada de pedal sustain y pedal\/CV. Teclado de 5 octavas sensible a la velocidad y aftertouch, ruedas de tono y modulaci\u00f3n, todo ello encajado en una carcasa de metal muy s\u00f3lida, con paneles de madera al viejo estilo.<\/p>","protected":false},"excerpt":{"rendered":"<p>Versi\u00f3n especial con potenciometros de dise\u00f1o \u00abVintage\u00bb. El Prophet 08 es un sintetizador an\u00e1logico 100%, capaz de generar el sonido que hizo famosos a los sintes de la saga Prophet. Este instrumento est\u00e9reo tiene 52 potenci\u00f3metros de control. Incluye conexiones MIDI In, Out, Thru y Poly Chain. Tiene una salida est\u00e9reo principal no balanceada de 1\/4&#8242;, otra salida est\u00e9reo B de 1\/4&#8242; no balanceada, salida de cascos de 1\/4&#8242;, entrada de pedal sustain y pedal\/CV. Teclado de 5 octavas sensible a la velocidad y aftertouch, ruedas de tono y modulaci\u00f3n, todo ello encajado en una carcasa de metal muy s\u00f3lida, con paneles de madera al viejo estilo.<\/p>","protected":false},"featured_media":0,"comment_status":"closed","ping_status":"closed","template":"","meta":{"_acf_changed":false,"om_disable_all_campaigns":false,"_monsterinsights_skip_tracking":false,"_monsterinsights_sitenote_active":false,"_monsterinsights_sitenote_note":"","_monsterinsights_sitenote_category":0},"product_brand":[],"product_cat":[1078],"product_tag":[],"class_list":{"0":"post-52194","1":"product","2":"type-product","3":"status-publish","5":"product_cat-sintetizadores-y-workstations","7":"first","8":"instock","9":"shipping-taxable","10":"purchasable","11":"product-type-simple"},"acf":[],"yoast_head":"<!-- This site is optimized with the Yoast SEO plugin v27.3 - https:\/\/yoast.com\/product\/yoast-seo-wordpress\/ -->\n<title>DAVE SMITH INSTRUMENTS PROPHET 08 PE - Call&amp;Play<\/title>\n<meta name=\"robots\" content=\"index, follow, max-snippet:-1, max-image-preview:large, max-video-preview:-1\" \/>\n<link rel=\"canonical\" href=\"https:\/\/www.callandplay.com\/en\/dave-smith-instruments-prophet-08-pe\/\" \/>\n<meta property=\"og:locale\" content=\"en_GB\" \/>\n<meta property=\"og:type\" content=\"article\" \/>\n<meta property=\"og:title\" content=\"DAVE SMITH INSTRUMENTS PROPHET 08 PE - Call&amp;Play\" \/>\n<meta property=\"og:description\" content=\"Versi\u00f3n especial con potenciometros de dise\u00f1o &quot;Vintage&quot;. El Prophet 08 es un sintetizador an\u00e1logico 100%, capaz de generar el sonido que hizo famosos a los sintes de la saga Prophet. Este instrumento est\u00e9reo tiene 52 potenci\u00f3metros de control. Incluye conexiones MIDI In, Out, Thru y Poly Chain. Tiene una salida est\u00e9reo principal no balanceada de 1\/4&#039;, otra salida est\u00e9reo B de 1\/4&#039; no balanceada, salida de cascos de 1\/4&#039;, entrada de pedal sustain y pedal\/CV. Teclado de 5 octavas sensible a la velocidad y aftertouch, ruedas de tono y modulaci\u00f3n, todo ello encajado en una carcasa de metal muy s\u00f3lida, con paneles de madera al viejo estilo.\" \/>\n<meta property=\"og:url\" content=\"https:\/\/www.callandplay.com\/en\/dave-smith-instruments-prophet-08-pe\/\" \/>\n<meta property=\"og:site_name\" content=\"Call&amp;Play\" \/>\n<meta property=\"article:publisher\" content=\"https:\/\/www.facebook.com\/callandplay\" \/>\n<meta property=\"article:modified_time\" content=\"2026-04-04T20:33:36+00:00\" \/>\n<meta name=\"twitter:card\" content=\"summary_large_image\" \/>\n<meta name=\"twitter:label1\" content=\"Estimated reading time\" \/>\n\t<meta name=\"twitter:data1\" content=\"1 minute\" \/>\n<script type=\"application\/ld+json\" class=\"yoast-schema-graph\">{\"@context\":\"https:\\\/\\\/schema.org\",\"@graph\":[{\"@type\":\"WebPage\",\"@id\":\"https:\\\/\\\/www.callandplay.com\\\/dave-smith-instruments-prophet-08-pe\\\/\",\"url\":\"https:\\\/\\\/www.callandplay.com\\\/dave-smith-instruments-prophet-08-pe\\\/\",\"name\":\"DAVE SMITH INSTRUMENTS PROPHET 08 PE - Call&amp;Play\",\"isPartOf\":{\"@id\":\"https:\\\/\\\/www.callandplay.com\\\/#website\"},\"datePublished\":\"2024-03-13T00:00:00+00:00\",\"dateModified\":\"2026-04-04T20:33:36+00:00\",\"breadcrumb\":{\"@id\":\"https:\\\/\\\/www.callandplay.com\\\/dave-smith-instruments-prophet-08-pe\\\/#breadcrumb\"},\"inLanguage\":\"en-GB\",\"potentialAction\":[{\"@type\":\"ReadAction\",\"target\":[\"https:\\\/\\\/www.callandplay.com\\\/dave-smith-instruments-prophet-08-pe\\\/\"]}]},{\"@type\":\"BreadcrumbList\",\"@id\":\"https:\\\/\\\/www.callandplay.com\\\/dave-smith-instruments-prophet-08-pe\\\/#breadcrumb\",\"itemListElement\":[{\"@type\":\"ListItem\",\"position\":1,\"name\":\"Portada\",\"item\":\"https:\\\/\\\/www.callandplay.com\\\/\"},{\"@type\":\"ListItem\",\"position\":2,\"name\":\"Tienda\",\"item\":\"https:\\\/\\\/www.callandplay.com\\\/tienda\\\/\"},{\"@type\":\"ListItem\",\"position\":3,\"name\":\"DAVE SMITH INSTRUMENTS PROPHET 08 PE\"}]},{\"@type\":\"WebSite\",\"@id\":\"https:\\\/\\\/www.callandplay.com\\\/#website\",\"url\":\"https:\\\/\\\/www.callandplay.com\\\/\",\"name\":\"Call&amp;Play\",\"description\":\"Alquiler de backline e instrumentos musicales\",\"publisher\":{\"@id\":\"https:\\\/\\\/www.callandplay.com\\\/#organization\"},\"potentialAction\":[{\"@type\":\"SearchAction\",\"target\":{\"@type\":\"EntryPoint\",\"urlTemplate\":\"https:\\\/\\\/www.callandplay.com\\\/?s={search_term_string}\"},\"query-input\":{\"@type\":\"PropertyValueSpecification\",\"valueRequired\":true,\"valueName\":\"search_term_string\"}}],\"inLanguage\":\"en-GB\"},{\"@type\":\"Organization\",\"@id\":\"https:\\\/\\\/www.callandplay.com\\\/#organization\",\"name\":\"Call&Play\",\"url\":\"https:\\\/\\\/www.callandplay.com\\\/\",\"logo\":{\"@type\":\"ImageObject\",\"inLanguage\":\"en-GB\",\"@id\":\"https:\\\/\\\/www.callandplay.com\\\/#\\\/schema\\\/logo\\\/image\\\/\",\"url\":\"https:\\\/\\\/www.callandplay.com\\\/wp-content\\\/uploads\\\/2021\\\/06\\\/cropped-cropped-logo-black_con_sombra.png\",\"contentUrl\":\"https:\\\/\\\/www.callandplay.com\\\/wp-content\\\/uploads\\\/2021\\\/06\\\/cropped-cropped-logo-black_con_sombra.png\",\"width\":512,\"height\":512,\"caption\":\"Call&Play\"},\"image\":{\"@id\":\"https:\\\/\\\/www.callandplay.com\\\/#\\\/schema\\\/logo\\\/image\\\/\"},\"sameAs\":[\"https:\\\/\\\/www.facebook.com\\\/callandplay\",\"https:\\\/\\\/www.instagram.com\\\/call_and_play\\\/\"]}]}<\/script>\n<!-- \/ Yoast SEO plugin. -->","yoast_head_json":{"title":"DAVE SMITH INSTRUMENTS PROPHET 08 PE - Call&amp;Play","robots":{"index":"index","follow":"follow","max-snippet":"max-snippet:-1","max-image-preview":"max-image-preview:large","max-video-preview":"max-video-preview:-1"},"canonical":"https:\/\/www.callandplay.com\/en\/dave-smith-instruments-prophet-08-pe\/","og_locale":"en_GB","og_type":"article","og_title":"DAVE SMITH INSTRUMENTS PROPHET 08 PE - Call&amp;Play","og_description":"Versi\u00f3n especial con potenciometros de dise\u00f1o \"Vintage\". El Prophet 08 es un sintetizador an\u00e1logico 100%, capaz de generar el sonido que hizo famosos a los sintes de la saga Prophet. Este instrumento est\u00e9reo tiene 52 potenci\u00f3metros de control. Incluye conexiones MIDI In, Out, Thru y Poly Chain. Tiene una salida est\u00e9reo principal no balanceada de 1\/4', otra salida est\u00e9reo B de 1\/4' no balanceada, salida de cascos de 1\/4', entrada de pedal sustain y pedal\/CV. Teclado de 5 octavas sensible a la velocidad y aftertouch, ruedas de tono y modulaci\u00f3n, todo ello encajado en una carcasa de metal muy s\u00f3lida, con paneles de madera al viejo estilo.","og_url":"https:\/\/www.callandplay.com\/en\/dave-smith-instruments-prophet-08-pe\/","og_site_name":"Call&amp;Play","article_publisher":"https:\/\/www.facebook.com\/callandplay","article_modified_time":"2026-04-04T20:33:36+00:00","twitter_card":"summary_large_image","twitter_misc":{"Estimated reading time":"1 minute"},"schema":{"@context":"https:\/\/schema.org","@graph":[{"@type":"WebPage","@id":"https:\/\/www.callandplay.com\/dave-smith-instruments-prophet-08-pe\/","url":"https:\/\/www.callandplay.com\/dave-smith-instruments-prophet-08-pe\/","name":"DAVE SMITH INSTRUMENTS PROPHET 08 PE - Call&amp;Play","isPartOf":{"@id":"https:\/\/www.callandplay.com\/#website"},"datePublished":"2024-03-13T00:00:00+00:00","dateModified":"2026-04-04T20:33:36+00:00","breadcrumb":{"@id":"https:\/\/www.callandplay.com\/dave-smith-instruments-prophet-08-pe\/#breadcrumb"},"inLanguage":"en-GB","potentialAction":[{"@type":"ReadAction","target":["https:\/\/www.callandplay.com\/dave-smith-instruments-prophet-08-pe\/"]}]},{"@type":"BreadcrumbList","@id":"https:\/\/www.callandplay.com\/dave-smith-instruments-prophet-08-pe\/#breadcrumb","itemListElement":[{"@type":"ListItem","position":1,"name":"Portada","item":"https:\/\/www.callandplay.com\/"},{"@type":"ListItem","position":2,"name":"Tienda","item":"https:\/\/www.callandplay.com\/tienda\/"},{"@type":"ListItem","position":3,"name":"DAVE SMITH INSTRUMENTS PROPHET 08 PE"}]},{"@type":"WebSite","@id":"https:\/\/www.callandplay.com\/#website","url":"https:\/\/www.callandplay.com\/","name":"Call&amp;Play","description":"Alquiler de backline e instrumentos musicales","publisher":{"@id":"https:\/\/www.callandplay.com\/#organization"},"potentialAction":[{"@type":"SearchAction","target":{"@type":"EntryPoint","urlTemplate":"https:\/\/www.callandplay.com\/?s={search_term_string}"},"query-input":{"@type":"PropertyValueSpecification","valueRequired":true,"valueName":"search_term_string"}}],"inLanguage":"en-GB"},{"@type":"Organization","@id":"https:\/\/www.callandplay.com\/#organization","name":"Call&Play","url":"https:\/\/www.callandplay.com\/","logo":{"@type":"ImageObject","inLanguage":"en-GB","@id":"https:\/\/www.callandplay.com\/#\/schema\/logo\/image\/","url":"https:\/\/www.callandplay.com\/wp-content\/uploads\/2021\/06\/cropped-cropped-logo-black_con_sombra.png","contentUrl":"https:\/\/www.callandplay.com\/wp-content\/uploads\/2021\/06\/cropped-cropped-logo-black_con_sombra.png","width":512,"height":512,"caption":"Call&Play"},"image":{"@id":"https:\/\/www.callandplay.com\/#\/schema\/logo\/image\/"},"sameAs":["https:\/\/www.facebook.com\/callandplay","https:\/\/www.instagram.com\/call_and_play\/"]}]}},"_links":{"self":[{"href":"https:\/\/www.callandplay.com\/en\/wp-json\/wp\/v2\/product\/52194","targetHints":{"allow":["GET"]}}],"collection":[{"href":"https:\/\/www.callandplay.com\/en\/wp-json\/wp\/v2\/product"}],"about":[{"href":"https:\/\/www.callandplay.com\/en\/wp-json\/wp\/v2\/types\/product"}],"replies":[{"embeddable":true,"href":"https:\/\/www.callandplay.com\/en\/wp-json\/wp\/v2\/comments?post=52194"}],"version-history":[{"count":1,"href":"https:\/\/www.callandplay.com\/en\/wp-json\/wp\/v2\/product\/52194\/revisions"}],"predecessor-version":[{"id":55004,"href":"https:\/\/www.callandplay.com\/en\/wp-json\/wp\/v2\/product\/52194\/revisions\/55004"}],"wp:attachment":[{"href":"https:\/\/www.callandplay.com\/en\/wp-json\/wp\/v2\/media?parent=52194"}],"wp:term":[{"taxonomy":"product_brand","embeddable":true,"href":"https:\/\/www.callandplay.com\/en\/wp-json\/wp\/v2\/product_brand?post=52194"},{"taxonomy":"product_cat","embeddable":true,"href":"https:\/\/www.callandplay.com\/en\/wp-json\/wp\/v2\/product_cat?post=52194"},{"taxonomy":"product_tag","embeddable":true,"href":"https:\/\/www.callandplay.com\/en\/wp-json\/wp\/v2\/product_tag?post=52194"}],"curies":[{"name":"wp","href":"https:\/\/api.w.org\/{rel}","templated":true}]}}