{"id":52304,"date":"2017-11-20T00:00:00","date_gmt":"2017-11-20T00:00:00","guid":{"rendered":"https:\/\/www.callandplay.com\/apple-airport-express-base-station-802-11n-wi-fi\/"},"modified":"2026-04-15T20:53:48","modified_gmt":"2026-04-15T20:53:48","slug":"apple-airport-express-base-station-802-11n-wi-fi","status":"publish","type":"product","link":"https:\/\/www.callandplay.com\/en\/apple-airport-express-base-station-802-11n-wi-fi\/","title":{"rendered":"APPLE AIRPORT EXPRESS BASE STATION 802.11n Wi-Fi"},"content":{"rendered":"<p>AirPort Express proporciona conexi\u00f3n inal\u00e1mbrica Wi-Fi 802.11n de doble banda simult\u00e1nea para todos los dispositivos inal\u00e1mbricos, incluidos ordenadores Mac y Windows, as\u00ed como dispositivos iOS tales como iPad, iPhone, iPod touch y Apple TV.<\/p>","protected":false},"excerpt":{"rendered":"<p>AirPort Express proporciona conexi\u00f3n inal\u00e1mbrica Wi-Fi 802.11n de doble banda simult\u00e1nea para todos los dispositivos inal\u00e1mbricos, incluidos ordenadores Mac y Windows, as\u00ed como dispositivos iOS tales como iPad, iPhone, iPod touch y Apple TV.<\/p>","protected":false},"featured_media":0,"comment_status":"closed","ping_status":"closed","template":"","meta":{"_acf_changed":false,"om_disable_all_campaigns":false,"_monsterinsights_skip_tracking":false,"_monsterinsights_sitenote_active":false,"_monsterinsights_sitenote_note":"","_monsterinsights_sitenote_category":0},"product_brand":[],"product_cat":[998],"product_tag":[],"class_list":{"0":"post-52304","1":"product","2":"type-product","3":"status-publish","5":"product_cat-interfaces-y-convertidores","7":"first","8":"instock","9":"shipping-taxable","10":"purchasable","11":"product-type-simple"},"acf":[],"yoast_head":"<!-- This site is optimized with the Yoast SEO plugin v27.4 - https:\/\/yoast.com\/product\/yoast-seo-wordpress\/ -->\n<title>APPLE AIRPORT EXPRESS BASE STATION 802.11n Wi-Fi - Call&amp;Play<\/title>\n<meta name=\"robots\" content=\"index, follow, max-snippet:-1, max-image-preview:large, max-video-preview:-1\" \/>\n<link rel=\"canonical\" href=\"https:\/\/www.callandplay.com\/en\/apple-airport-express-base-station-802-11n-wi-fi\/\" \/>\n<meta property=\"og:locale\" content=\"en_GB\" \/>\n<meta property=\"og:type\" content=\"article\" \/>\n<meta property=\"og:title\" content=\"APPLE AIRPORT EXPRESS BASE STATION 802.11n Wi-Fi - Call&amp;Play\" \/>\n<meta property=\"og:description\" content=\"AirPort Express proporciona conexi\u00f3n inal\u00e1mbrica Wi-Fi 802.11n de doble banda simult\u00e1nea para todos los dispositivos inal\u00e1mbricos, incluidos ordenadores Mac y Windows, as\u00ed como dispositivos iOS tales como iPad, iPhone, iPod touch y Apple TV.\" \/>\n<meta property=\"og:url\" content=\"https:\/\/www.callandplay.com\/en\/apple-airport-express-base-station-802-11n-wi-fi\/\" \/>\n<meta property=\"og:site_name\" content=\"Call&amp;Play\" \/>\n<meta property=\"article:publisher\" content=\"https:\/\/www.facebook.com\/callandplay\" \/>\n<meta property=\"article:modified_time\" content=\"2026-04-15T20:53:48+00:00\" \/>\n<meta name=\"twitter:card\" content=\"summary_large_image\" \/>\n<script type=\"application\/ld+json\" class=\"yoast-schema-graph\">{\"@context\":\"https:\\\/\\\/schema.org\",\"@graph\":[{\"@type\":\"WebPage\",\"@id\":\"https:\\\/\\\/www.callandplay.com\\\/apple-airport-express-base-station-802-11n-wi-fi\\\/\",\"url\":\"https:\\\/\\\/www.callandplay.com\\\/apple-airport-express-base-station-802-11n-wi-fi\\\/\",\"name\":\"APPLE AIRPORT EXPRESS BASE STATION 802.11n Wi-Fi - Call&amp;Play\",\"isPartOf\":{\"@id\":\"https:\\\/\\\/www.callandplay.com\\\/#website\"},\"datePublished\":\"2017-11-20T00:00:00+00:00\",\"dateModified\":\"2026-04-15T20:53:48+00:00\",\"breadcrumb\":{\"@id\":\"https:\\\/\\\/www.callandplay.com\\\/apple-airport-express-base-station-802-11n-wi-fi\\\/#breadcrumb\"},\"inLanguage\":\"en-GB\",\"potentialAction\":[{\"@type\":\"ReadAction\",\"target\":[\"https:\\\/\\\/www.callandplay.com\\\/apple-airport-express-base-station-802-11n-wi-fi\\\/\"]}]},{\"@type\":\"BreadcrumbList\",\"@id\":\"https:\\\/\\\/www.callandplay.com\\\/apple-airport-express-base-station-802-11n-wi-fi\\\/#breadcrumb\",\"itemListElement\":[{\"@type\":\"ListItem\",\"position\":1,\"name\":\"Portada\",\"item\":\"https:\\\/\\\/www.callandplay.com\\\/\"},{\"@type\":\"ListItem\",\"position\":2,\"name\":\"Tienda\",\"item\":\"https:\\\/\\\/www.callandplay.com\\\/tienda\\\/\"},{\"@type\":\"ListItem\",\"position\":3,\"name\":\"APPLE AIRPORT EXPRESS BASE STATION 802.11n Wi-Fi\"}]},{\"@type\":\"WebSite\",\"@id\":\"https:\\\/\\\/www.callandplay.com\\\/#website\",\"url\":\"https:\\\/\\\/www.callandplay.com\\\/\",\"name\":\"Call&amp;Play\",\"description\":\"Alquiler de backline e instrumentos musicales\",\"publisher\":{\"@id\":\"https:\\\/\\\/www.callandplay.com\\\/#organization\"},\"potentialAction\":[{\"@type\":\"SearchAction\",\"target\":{\"@type\":\"EntryPoint\",\"urlTemplate\":\"https:\\\/\\\/www.callandplay.com\\\/?s={search_term_string}\"},\"query-input\":{\"@type\":\"PropertyValueSpecification\",\"valueRequired\":true,\"valueName\":\"search_term_string\"}}],\"inLanguage\":\"en-GB\"},{\"@type\":\"Organization\",\"@id\":\"https:\\\/\\\/www.callandplay.com\\\/#organization\",\"name\":\"Call&Play\",\"url\":\"https:\\\/\\\/www.callandplay.com\\\/\",\"logo\":{\"@type\":\"ImageObject\",\"inLanguage\":\"en-GB\",\"@id\":\"https:\\\/\\\/www.callandplay.com\\\/#\\\/schema\\\/logo\\\/image\\\/\",\"url\":\"https:\\\/\\\/www.callandplay.com\\\/wp-content\\\/uploads\\\/2021\\\/06\\\/cropped-cropped-logo-black_con_sombra.png\",\"contentUrl\":\"https:\\\/\\\/www.callandplay.com\\\/wp-content\\\/uploads\\\/2021\\\/06\\\/cropped-cropped-logo-black_con_sombra.png\",\"width\":512,\"height\":512,\"caption\":\"Call&Play\"},\"image\":{\"@id\":\"https:\\\/\\\/www.callandplay.com\\\/#\\\/schema\\\/logo\\\/image\\\/\"},\"sameAs\":[\"https:\\\/\\\/www.facebook.com\\\/callandplay\",\"https:\\\/\\\/www.instagram.com\\\/call_and_play\\\/\"]}]}<\/script>\n<!-- \/ Yoast SEO plugin. -->","yoast_head_json":{"title":"APPLE AIRPORT EXPRESS BASE STATION 802.11n Wi-Fi - Call&amp;Play","robots":{"index":"index","follow":"follow","max-snippet":"max-snippet:-1","max-image-preview":"max-image-preview:large","max-video-preview":"max-video-preview:-1"},"canonical":"https:\/\/www.callandplay.com\/en\/apple-airport-express-base-station-802-11n-wi-fi\/","og_locale":"en_GB","og_type":"article","og_title":"APPLE AIRPORT EXPRESS BASE STATION 802.11n Wi-Fi - Call&amp;Play","og_description":"AirPort Express proporciona conexi\u00f3n inal\u00e1mbrica Wi-Fi 802.11n de doble banda simult\u00e1nea para todos los dispositivos inal\u00e1mbricos, incluidos ordenadores Mac y Windows, as\u00ed como dispositivos iOS tales como iPad, iPhone, iPod touch y Apple TV.","og_url":"https:\/\/www.callandplay.com\/en\/apple-airport-express-base-station-802-11n-wi-fi\/","og_site_name":"Call&amp;Play","article_publisher":"https:\/\/www.facebook.com\/callandplay","article_modified_time":"2026-04-15T20:53:48+00:00","twitter_card":"summary_large_image","schema":{"@context":"https:\/\/schema.org","@graph":[{"@type":"WebPage","@id":"https:\/\/www.callandplay.com\/apple-airport-express-base-station-802-11n-wi-fi\/","url":"https:\/\/www.callandplay.com\/apple-airport-express-base-station-802-11n-wi-fi\/","name":"APPLE AIRPORT EXPRESS BASE STATION 802.11n Wi-Fi - Call&amp;Play","isPartOf":{"@id":"https:\/\/www.callandplay.com\/#website"},"datePublished":"2017-11-20T00:00:00+00:00","dateModified":"2026-04-15T20:53:48+00:00","breadcrumb":{"@id":"https:\/\/www.callandplay.com\/apple-airport-express-base-station-802-11n-wi-fi\/#breadcrumb"},"inLanguage":"en-GB","potentialAction":[{"@type":"ReadAction","target":["https:\/\/www.callandplay.com\/apple-airport-express-base-station-802-11n-wi-fi\/"]}]},{"@type":"BreadcrumbList","@id":"https:\/\/www.callandplay.com\/apple-airport-express-base-station-802-11n-wi-fi\/#breadcrumb","itemListElement":[{"@type":"ListItem","position":1,"name":"Portada","item":"https:\/\/www.callandplay.com\/"},{"@type":"ListItem","position":2,"name":"Tienda","item":"https:\/\/www.callandplay.com\/tienda\/"},{"@type":"ListItem","position":3,"name":"APPLE AIRPORT EXPRESS BASE STATION 802.11n Wi-Fi"}]},{"@type":"WebSite","@id":"https:\/\/www.callandplay.com\/#website","url":"https:\/\/www.callandplay.com\/","name":"Call&amp;Play","description":"Alquiler de backline e instrumentos musicales","publisher":{"@id":"https:\/\/www.callandplay.com\/#organization"},"potentialAction":[{"@type":"SearchAction","target":{"@type":"EntryPoint","urlTemplate":"https:\/\/www.callandplay.com\/?s={search_term_string}"},"query-input":{"@type":"PropertyValueSpecification","valueRequired":true,"valueName":"search_term_string"}}],"inLanguage":"en-GB"},{"@type":"Organization","@id":"https:\/\/www.callandplay.com\/#organization","name":"Call&Play","url":"https:\/\/www.callandplay.com\/","logo":{"@type":"ImageObject","inLanguage":"en-GB","@id":"https:\/\/www.callandplay.com\/#\/schema\/logo\/image\/","url":"https:\/\/www.callandplay.com\/wp-content\/uploads\/2021\/06\/cropped-cropped-logo-black_con_sombra.png","contentUrl":"https:\/\/www.callandplay.com\/wp-content\/uploads\/2021\/06\/cropped-cropped-logo-black_con_sombra.png","width":512,"height":512,"caption":"Call&Play"},"image":{"@id":"https:\/\/www.callandplay.com\/#\/schema\/logo\/image\/"},"sameAs":["https:\/\/www.facebook.com\/callandplay","https:\/\/www.instagram.com\/call_and_play\/"]}]}},"_links":{"self":[{"href":"https:\/\/www.callandplay.com\/en\/wp-json\/wp\/v2\/product\/52304","targetHints":{"allow":["GET"]}}],"collection":[{"href":"https:\/\/www.callandplay.com\/en\/wp-json\/wp\/v2\/product"}],"about":[{"href":"https:\/\/www.callandplay.com\/en\/wp-json\/wp\/v2\/types\/product"}],"replies":[{"embeddable":true,"href":"https:\/\/www.callandplay.com\/en\/wp-json\/wp\/v2\/comments?post=52304"}],"version-history":[{"count":1,"href":"https:\/\/www.callandplay.com\/en\/wp-json\/wp\/v2\/product\/52304\/revisions"}],"predecessor-version":[{"id":55114,"href":"https:\/\/www.callandplay.com\/en\/wp-json\/wp\/v2\/product\/52304\/revisions\/55114"}],"wp:attachment":[{"href":"https:\/\/www.callandplay.com\/en\/wp-json\/wp\/v2\/media?parent=52304"}],"wp:term":[{"taxonomy":"product_brand","embeddable":true,"href":"https:\/\/www.callandplay.com\/en\/wp-json\/wp\/v2\/product_brand?post=52304"},{"taxonomy":"product_cat","embeddable":true,"href":"https:\/\/www.callandplay.com\/en\/wp-json\/wp\/v2\/product_cat?post=52304"},{"taxonomy":"product_tag","embeddable":true,"href":"https:\/\/www.callandplay.com\/en\/wp-json\/wp\/v2\/product_tag?post=52304"}],"curies":[{"name":"wp","href":"https:\/\/api.w.org\/{rel}","templated":true}]}}