{"id":52332,"date":"2026-01-16T00:00:00","date_gmt":"2026-01-16T00:00:00","guid":{"rendered":"https:\/\/www.callandplay.com\/fender-jaguar-50th-anniv-rw-burgundy-mist\/"},"modified":"2026-04-15T20:53:49","modified_gmt":"2026-04-15T20:53:49","slug":"fender-jaguar-50th-anniv-rw-burgundy-mist","status":"publish","type":"product","link":"https:\/\/www.callandplay.com\/en\/fender-jaguar-50th-anniv-rw-burgundy-mist\/","title":{"rendered":"FENDER JAGUAR 50TH ANNIV RW BURGUNDY MIST"},"content":{"rendered":"<p>La Fender Jaguar 50 Anniversary nos lleva a 1962, cuando introdujeron una inusual nova guitarra que combinaba el cos de la Jazzmaster i el seu elaborat control amb una escala m\u00e9s curta, pastllas m\u00e1s brillantes y m\u00e1s output. Cuerpo de aliso. M\u00e1stil de arce, Forma \u00abC\u00bb. Diapas\u00f3n palosanto. Escala 610mm (24&#8243;). Anchura a la cejilla 42mm (1,650&#8243;). Radio del diapas\u00f3n 241mm (9.5&#8243;). Marcadores \u00abBlock\u00bb Pearloid. 22 Trastes Medium Jumbo. Clavijeros vintage. Pastilla de puente Special Design Hot Jaguar\u00ae de simple bobina. Pastilla de m\u00e1stil Special Design Hot Jaguar\u00ae de simple bobina. 2 interruptores deslizantes On\/Off. Selector de tonalidad de 2 posiciones. Controles Lead Circuit: Volume, Tone. \u00abRhythm\u00bb Circuit: Volume, Tone. Golpeador 3-chapas Mint Green. Vibrato estilo vintage blocado. Herraje cromo.<\/p>","protected":false},"excerpt":{"rendered":"<p>La Fender Jaguar 50 Anniversary nos lleva a 1962, cuando introdujeron una inusual nova guitarra que combinaba el cos de la Jazzmaster i el seu elaborat control amb una escala m\u00e9s curta, pastllas m\u00e1s brillantes y m\u00e1s output. Cuerpo de aliso. M\u00e1stil de arce, Forma \u00abC\u00bb. Diapas\u00f3n palosanto. Escala 610mm (24&#8243;). Anchura a la cejilla 42mm (1,650&#8243;). Radio del diapas\u00f3n 241mm (9.5&#8243;). Marcadores \u00abBlock\u00bb Pearloid. 22 Trastes Medium Jumbo. Clavijeros vintage. Pastilla de puente Special Design Hot Jaguar\u00ae de simple bobina. Pastilla de m\u00e1stil Special Design Hot Jaguar\u00ae de simple bobina. 2 interruptores deslizantes On\/Off. Selector de tonalidad de 2 posiciones. Controles Lead Circuit: Volume, Tone. \u00abRhythm\u00bb Circuit: Volume, Tone. Golpeador 3-chapas Mint Green. Vibrato estilo vintage blocado. Herraje cromo.<\/p>","protected":false},"featured_media":0,"comment_status":"closed","ping_status":"closed","template":"","meta":{"_acf_changed":false,"om_disable_all_campaigns":false,"_monsterinsights_skip_tracking":false,"_monsterinsights_sitenote_active":false,"_monsterinsights_sitenote_note":"","_monsterinsights_sitenote_category":0},"product_brand":[],"product_cat":[1055],"product_tag":[],"class_list":{"0":"post-52332","1":"product","2":"type-product","3":"status-publish","5":"product_cat-guitarras-electricas-cuerpo-solido","7":"first","8":"instock","9":"shipping-taxable","10":"purchasable","11":"product-type-simple"},"acf":[],"yoast_head":"<!-- This site is optimized with the Yoast SEO plugin v27.4 - https:\/\/yoast.com\/product\/yoast-seo-wordpress\/ -->\n<title>FENDER JAGUAR 50TH ANNIV RW BURGUNDY MIST - Call&amp;Play<\/title>\n<meta name=\"robots\" content=\"index, follow, max-snippet:-1, max-image-preview:large, max-video-preview:-1\" \/>\n<link rel=\"canonical\" href=\"https:\/\/www.callandplay.com\/en\/fender-jaguar-50th-anniv-rw-burgundy-mist\/\" \/>\n<meta property=\"og:locale\" content=\"en_GB\" \/>\n<meta property=\"og:type\" content=\"article\" \/>\n<meta property=\"og:title\" content=\"FENDER JAGUAR 50TH ANNIV RW BURGUNDY MIST - Call&amp;Play\" \/>\n<meta property=\"og:description\" content=\"La Fender Jaguar 50 Anniversary nos lleva a 1962, cuando introdujeron una inusual nova guitarra que combinaba el cos de la Jazzmaster i el seu elaborat control amb una escala m\u00e9s curta, pastllas m\u00e1s brillantes y m\u00e1s output. Cuerpo de aliso. M\u00e1stil de arce, Forma &quot;C&quot;. Diapas\u00f3n palosanto. Escala 610mm (24&quot;). Anchura a la cejilla 42mm (1,650&quot;). Radio del diapas\u00f3n 241mm (9.5&quot;). Marcadores &quot;Block&quot; Pearloid. 22 Trastes Medium Jumbo. Clavijeros vintage. Pastilla de puente Special Design Hot Jaguar\u00ae de simple bobina. Pastilla de m\u00e1stil Special Design Hot Jaguar\u00ae de simple bobina. 2 interruptores deslizantes On\/Off. Selector de tonalidad de 2 posiciones. Controles Lead Circuit: Volume, Tone. &quot;Rhythm&quot; Circuit: Volume, Tone. Golpeador 3-chapas Mint Green. Vibrato estilo vintage blocado. Herraje cromo.\" \/>\n<meta property=\"og:url\" content=\"https:\/\/www.callandplay.com\/en\/fender-jaguar-50th-anniv-rw-burgundy-mist\/\" \/>\n<meta property=\"og:site_name\" content=\"Call&amp;Play\" \/>\n<meta property=\"article:publisher\" content=\"https:\/\/www.facebook.com\/callandplay\" \/>\n<meta property=\"article:modified_time\" content=\"2026-04-15T20:53:49+00:00\" \/>\n<meta name=\"twitter:card\" content=\"summary_large_image\" \/>\n<meta name=\"twitter:label1\" content=\"Estimated reading time\" \/>\n\t<meta name=\"twitter:data1\" content=\"1 minute\" \/>\n<script type=\"application\/ld+json\" class=\"yoast-schema-graph\">{\"@context\":\"https:\\\/\\\/schema.org\",\"@graph\":[{\"@type\":\"WebPage\",\"@id\":\"https:\\\/\\\/www.callandplay.com\\\/fender-jaguar-50th-anniv-rw-burgundy-mist\\\/\",\"url\":\"https:\\\/\\\/www.callandplay.com\\\/fender-jaguar-50th-anniv-rw-burgundy-mist\\\/\",\"name\":\"FENDER JAGUAR 50TH ANNIV RW BURGUNDY MIST - Call&amp;Play\",\"isPartOf\":{\"@id\":\"https:\\\/\\\/www.callandplay.com\\\/#website\"},\"datePublished\":\"2026-01-16T00:00:00+00:00\",\"dateModified\":\"2026-04-15T20:53:49+00:00\",\"breadcrumb\":{\"@id\":\"https:\\\/\\\/www.callandplay.com\\\/fender-jaguar-50th-anniv-rw-burgundy-mist\\\/#breadcrumb\"},\"inLanguage\":\"en-GB\",\"potentialAction\":[{\"@type\":\"ReadAction\",\"target\":[\"https:\\\/\\\/www.callandplay.com\\\/fender-jaguar-50th-anniv-rw-burgundy-mist\\\/\"]}]},{\"@type\":\"BreadcrumbList\",\"@id\":\"https:\\\/\\\/www.callandplay.com\\\/fender-jaguar-50th-anniv-rw-burgundy-mist\\\/#breadcrumb\",\"itemListElement\":[{\"@type\":\"ListItem\",\"position\":1,\"name\":\"Portada\",\"item\":\"https:\\\/\\\/www.callandplay.com\\\/\"},{\"@type\":\"ListItem\",\"position\":2,\"name\":\"Tienda\",\"item\":\"https:\\\/\\\/www.callandplay.com\\\/tienda\\\/\"},{\"@type\":\"ListItem\",\"position\":3,\"name\":\"FENDER JAGUAR 50TH ANNIV RW BURGUNDY MIST\"}]},{\"@type\":\"WebSite\",\"@id\":\"https:\\\/\\\/www.callandplay.com\\\/#website\",\"url\":\"https:\\\/\\\/www.callandplay.com\\\/\",\"name\":\"Call&amp;Play\",\"description\":\"Alquiler de backline e instrumentos musicales\",\"publisher\":{\"@id\":\"https:\\\/\\\/www.callandplay.com\\\/#organization\"},\"potentialAction\":[{\"@type\":\"SearchAction\",\"target\":{\"@type\":\"EntryPoint\",\"urlTemplate\":\"https:\\\/\\\/www.callandplay.com\\\/?s={search_term_string}\"},\"query-input\":{\"@type\":\"PropertyValueSpecification\",\"valueRequired\":true,\"valueName\":\"search_term_string\"}}],\"inLanguage\":\"en-GB\"},{\"@type\":\"Organization\",\"@id\":\"https:\\\/\\\/www.callandplay.com\\\/#organization\",\"name\":\"Call&Play\",\"url\":\"https:\\\/\\\/www.callandplay.com\\\/\",\"logo\":{\"@type\":\"ImageObject\",\"inLanguage\":\"en-GB\",\"@id\":\"https:\\\/\\\/www.callandplay.com\\\/#\\\/schema\\\/logo\\\/image\\\/\",\"url\":\"https:\\\/\\\/www.callandplay.com\\\/wp-content\\\/uploads\\\/2021\\\/06\\\/cropped-cropped-logo-black_con_sombra.png\",\"contentUrl\":\"https:\\\/\\\/www.callandplay.com\\\/wp-content\\\/uploads\\\/2021\\\/06\\\/cropped-cropped-logo-black_con_sombra.png\",\"width\":512,\"height\":512,\"caption\":\"Call&Play\"},\"image\":{\"@id\":\"https:\\\/\\\/www.callandplay.com\\\/#\\\/schema\\\/logo\\\/image\\\/\"},\"sameAs\":[\"https:\\\/\\\/www.facebook.com\\\/callandplay\",\"https:\\\/\\\/www.instagram.com\\\/call_and_play\\\/\"]}]}<\/script>\n<!-- \/ Yoast SEO plugin. -->","yoast_head_json":{"title":"FENDER JAGUAR 50TH ANNIV RW BURGUNDY MIST - Call&amp;Play","robots":{"index":"index","follow":"follow","max-snippet":"max-snippet:-1","max-image-preview":"max-image-preview:large","max-video-preview":"max-video-preview:-1"},"canonical":"https:\/\/www.callandplay.com\/en\/fender-jaguar-50th-anniv-rw-burgundy-mist\/","og_locale":"en_GB","og_type":"article","og_title":"FENDER JAGUAR 50TH ANNIV RW BURGUNDY MIST - Call&amp;Play","og_description":"La Fender Jaguar 50 Anniversary nos lleva a 1962, cuando introdujeron una inusual nova guitarra que combinaba el cos de la Jazzmaster i el seu elaborat control amb una escala m\u00e9s curta, pastllas m\u00e1s brillantes y m\u00e1s output. Cuerpo de aliso. M\u00e1stil de arce, Forma \"C\". Diapas\u00f3n palosanto. Escala 610mm (24\"). Anchura a la cejilla 42mm (1,650\"). Radio del diapas\u00f3n 241mm (9.5\"). Marcadores \"Block\" Pearloid. 22 Trastes Medium Jumbo. Clavijeros vintage. Pastilla de puente Special Design Hot Jaguar\u00ae de simple bobina. Pastilla de m\u00e1stil Special Design Hot Jaguar\u00ae de simple bobina. 2 interruptores deslizantes On\/Off. Selector de tonalidad de 2 posiciones. Controles Lead Circuit: Volume, Tone. \"Rhythm\" Circuit: Volume, Tone. Golpeador 3-chapas Mint Green. Vibrato estilo vintage blocado. Herraje cromo.","og_url":"https:\/\/www.callandplay.com\/en\/fender-jaguar-50th-anniv-rw-burgundy-mist\/","og_site_name":"Call&amp;Play","article_publisher":"https:\/\/www.facebook.com\/callandplay","article_modified_time":"2026-04-15T20:53:49+00:00","twitter_card":"summary_large_image","twitter_misc":{"Estimated reading time":"1 minute"},"schema":{"@context":"https:\/\/schema.org","@graph":[{"@type":"WebPage","@id":"https:\/\/www.callandplay.com\/fender-jaguar-50th-anniv-rw-burgundy-mist\/","url":"https:\/\/www.callandplay.com\/fender-jaguar-50th-anniv-rw-burgundy-mist\/","name":"FENDER JAGUAR 50TH ANNIV RW BURGUNDY MIST - Call&amp;Play","isPartOf":{"@id":"https:\/\/www.callandplay.com\/#website"},"datePublished":"2026-01-16T00:00:00+00:00","dateModified":"2026-04-15T20:53:49+00:00","breadcrumb":{"@id":"https:\/\/www.callandplay.com\/fender-jaguar-50th-anniv-rw-burgundy-mist\/#breadcrumb"},"inLanguage":"en-GB","potentialAction":[{"@type":"ReadAction","target":["https:\/\/www.callandplay.com\/fender-jaguar-50th-anniv-rw-burgundy-mist\/"]}]},{"@type":"BreadcrumbList","@id":"https:\/\/www.callandplay.com\/fender-jaguar-50th-anniv-rw-burgundy-mist\/#breadcrumb","itemListElement":[{"@type":"ListItem","position":1,"name":"Portada","item":"https:\/\/www.callandplay.com\/"},{"@type":"ListItem","position":2,"name":"Tienda","item":"https:\/\/www.callandplay.com\/tienda\/"},{"@type":"ListItem","position":3,"name":"FENDER JAGUAR 50TH ANNIV RW BURGUNDY MIST"}]},{"@type":"WebSite","@id":"https:\/\/www.callandplay.com\/#website","url":"https:\/\/www.callandplay.com\/","name":"Call&amp;Play","description":"Alquiler de backline e instrumentos musicales","publisher":{"@id":"https:\/\/www.callandplay.com\/#organization"},"potentialAction":[{"@type":"SearchAction","target":{"@type":"EntryPoint","urlTemplate":"https:\/\/www.callandplay.com\/?s={search_term_string}"},"query-input":{"@type":"PropertyValueSpecification","valueRequired":true,"valueName":"search_term_string"}}],"inLanguage":"en-GB"},{"@type":"Organization","@id":"https:\/\/www.callandplay.com\/#organization","name":"Call&Play","url":"https:\/\/www.callandplay.com\/","logo":{"@type":"ImageObject","inLanguage":"en-GB","@id":"https:\/\/www.callandplay.com\/#\/schema\/logo\/image\/","url":"https:\/\/www.callandplay.com\/wp-content\/uploads\/2021\/06\/cropped-cropped-logo-black_con_sombra.png","contentUrl":"https:\/\/www.callandplay.com\/wp-content\/uploads\/2021\/06\/cropped-cropped-logo-black_con_sombra.png","width":512,"height":512,"caption":"Call&Play"},"image":{"@id":"https:\/\/www.callandplay.com\/#\/schema\/logo\/image\/"},"sameAs":["https:\/\/www.facebook.com\/callandplay","https:\/\/www.instagram.com\/call_and_play\/"]}]}},"_links":{"self":[{"href":"https:\/\/www.callandplay.com\/en\/wp-json\/wp\/v2\/product\/52332","targetHints":{"allow":["GET"]}}],"collection":[{"href":"https:\/\/www.callandplay.com\/en\/wp-json\/wp\/v2\/product"}],"about":[{"href":"https:\/\/www.callandplay.com\/en\/wp-json\/wp\/v2\/types\/product"}],"replies":[{"embeddable":true,"href":"https:\/\/www.callandplay.com\/en\/wp-json\/wp\/v2\/comments?post=52332"}],"version-history":[{"count":1,"href":"https:\/\/www.callandplay.com\/en\/wp-json\/wp\/v2\/product\/52332\/revisions"}],"predecessor-version":[{"id":55142,"href":"https:\/\/www.callandplay.com\/en\/wp-json\/wp\/v2\/product\/52332\/revisions\/55142"}],"wp:attachment":[{"href":"https:\/\/www.callandplay.com\/en\/wp-json\/wp\/v2\/media?parent=52332"}],"wp:term":[{"taxonomy":"product_brand","embeddable":true,"href":"https:\/\/www.callandplay.com\/en\/wp-json\/wp\/v2\/product_brand?post=52332"},{"taxonomy":"product_cat","embeddable":true,"href":"https:\/\/www.callandplay.com\/en\/wp-json\/wp\/v2\/product_cat?post=52332"},{"taxonomy":"product_tag","embeddable":true,"href":"https:\/\/www.callandplay.com\/en\/wp-json\/wp\/v2\/product_tag?post=52332"}],"curies":[{"name":"wp","href":"https:\/\/api.w.org\/{rel}","templated":true}]}}