{"id":52373,"date":"2024-03-14T00:00:00","date_gmt":"2024-03-14T00:00:00","guid":{"rendered":"https:\/\/www.callandplay.com\/roland-jd-xa-analog-digital-crossover-49-key\/"},"modified":"2026-04-04T20:33:39","modified_gmt":"2026-04-04T20:33:39","slug":"roland-jd-xa-analog-digital-crossover-49-key","status":"publish","type":"product","link":"https:\/\/www.callandplay.com\/en\/roland-jd-xa-analog-digital-crossover-49-key\/","title":{"rendered":"ROLAND JD-XA ANALOG\/DIGITAL CROSSOVER 49 KEY"},"content":{"rendered":"<p>El JD-XA es un exclusivo sintetizador h\u00edbrido que re\u00fane la calidez anal\u00f3gica y la versatilidad digital en un \u00fanico instrumento supercreativo y completo. Motor anal\u00f3gico con cuatro partes, aut\u00e9nticos filtros anal\u00f3gicos y una salida directa sin procesar. Tambi\u00e9n hay un motor digital de cuatro partes con tecnolog\u00eda de sintetizador SuperNATURAL de Roland, adem\u00e1s de una impresionante colecci\u00f3n de efectos muy potentes. Los motores del JD-XA se pueden usar de forma independiente o interactiva, de modo que se disfruta de una plataforma incre\u00edblemente flexible para dise\u00f1ar sonidos, trabajar en el estudio y actuar en directo. Pueden utilizarse las partes anal\u00f3gicas y digitales en paralelo, superponerlas para conseguir espectaculares resultados o modelar formas de onda digitales con los filtros anal\u00f3gicos para crear sonidos inimaginables.<\/p>","protected":false},"excerpt":{"rendered":"<p>El JD-XA es un exclusivo sintetizador h\u00edbrido que re\u00fane la calidez anal\u00f3gica y la versatilidad digital en un \u00fanico instrumento supercreativo y completo. Motor anal\u00f3gico con cuatro partes, aut\u00e9nticos filtros anal\u00f3gicos y una salida directa sin procesar. Tambi\u00e9n hay un motor digital de cuatro partes con tecnolog\u00eda de sintetizador SuperNATURAL de Roland, adem\u00e1s de una impresionante colecci\u00f3n de efectos muy potentes. Los motores del JD-XA se pueden usar de forma independiente o interactiva, de modo que se disfruta de una plataforma incre\u00edblemente flexible para dise\u00f1ar sonidos, trabajar en el estudio y actuar en directo. Pueden utilizarse las partes anal\u00f3gicas y digitales en paralelo, superponerlas para conseguir espectaculares resultados o modelar formas de onda digitales con los filtros anal\u00f3gicos para crear sonidos inimaginables.<\/p>","protected":false},"featured_media":0,"comment_status":"closed","ping_status":"closed","template":"","meta":{"_acf_changed":false,"om_disable_all_campaigns":false,"_monsterinsights_skip_tracking":false,"_monsterinsights_sitenote_active":false,"_monsterinsights_sitenote_note":"","_monsterinsights_sitenote_category":0},"product_brand":[],"product_cat":[1078],"product_tag":[],"class_list":{"0":"post-52373","1":"product","2":"type-product","3":"status-publish","5":"product_cat-sintetizadores-y-workstations","7":"first","8":"instock","9":"shipping-taxable","10":"purchasable","11":"product-type-simple"},"acf":[],"yoast_head":"<!-- This site is optimized with the Yoast SEO plugin v27.3 - https:\/\/yoast.com\/product\/yoast-seo-wordpress\/ -->\n<title>ROLAND JD-XA ANALOG\/DIGITAL CROSSOVER 49 KEY - Call&amp;Play<\/title>\n<meta name=\"robots\" content=\"index, follow, max-snippet:-1, max-image-preview:large, max-video-preview:-1\" \/>\n<link rel=\"canonical\" href=\"https:\/\/www.callandplay.com\/en\/roland-jd-xa-analog-digital-crossover-49-key\/\" \/>\n<meta property=\"og:locale\" content=\"en_GB\" \/>\n<meta property=\"og:type\" content=\"article\" \/>\n<meta property=\"og:title\" content=\"ROLAND JD-XA ANALOG\/DIGITAL CROSSOVER 49 KEY - Call&amp;Play\" \/>\n<meta property=\"og:description\" content=\"El JD-XA es un exclusivo sintetizador h\u00edbrido que re\u00fane la calidez anal\u00f3gica y la versatilidad digital en un \u00fanico instrumento supercreativo y completo. Motor anal\u00f3gico con cuatro partes, aut\u00e9nticos filtros anal\u00f3gicos y una salida directa sin procesar. Tambi\u00e9n hay un motor digital de cuatro partes con tecnolog\u00eda de sintetizador SuperNATURAL de Roland, adem\u00e1s de una impresionante colecci\u00f3n de efectos muy potentes. Los motores del JD-XA se pueden usar de forma independiente o interactiva, de modo que se disfruta de una plataforma incre\u00edblemente flexible para dise\u00f1ar sonidos, trabajar en el estudio y actuar en directo. Pueden utilizarse las partes anal\u00f3gicas y digitales en paralelo, superponerlas para conseguir espectaculares resultados o modelar formas de onda digitales con los filtros anal\u00f3gicos para crear sonidos inimaginables.\" \/>\n<meta property=\"og:url\" content=\"https:\/\/www.callandplay.com\/en\/roland-jd-xa-analog-digital-crossover-49-key\/\" \/>\n<meta property=\"og:site_name\" content=\"Call&amp;Play\" \/>\n<meta property=\"article:publisher\" content=\"https:\/\/www.facebook.com\/callandplay\" \/>\n<meta property=\"article:modified_time\" content=\"2026-04-04T20:33:39+00:00\" \/>\n<meta name=\"twitter:card\" content=\"summary_large_image\" \/>\n<meta name=\"twitter:label1\" content=\"Estimated reading time\" \/>\n\t<meta name=\"twitter:data1\" content=\"1 minute\" \/>\n<script type=\"application\/ld+json\" class=\"yoast-schema-graph\">{\"@context\":\"https:\\\/\\\/schema.org\",\"@graph\":[{\"@type\":\"WebPage\",\"@id\":\"https:\\\/\\\/www.callandplay.com\\\/roland-jd-xa-analog-digital-crossover-49-key\\\/\",\"url\":\"https:\\\/\\\/www.callandplay.com\\\/roland-jd-xa-analog-digital-crossover-49-key\\\/\",\"name\":\"ROLAND JD-XA ANALOG\\\/DIGITAL CROSSOVER 49 KEY - Call&amp;Play\",\"isPartOf\":{\"@id\":\"https:\\\/\\\/www.callandplay.com\\\/#website\"},\"datePublished\":\"2024-03-14T00:00:00+00:00\",\"dateModified\":\"2026-04-04T20:33:39+00:00\",\"breadcrumb\":{\"@id\":\"https:\\\/\\\/www.callandplay.com\\\/roland-jd-xa-analog-digital-crossover-49-key\\\/#breadcrumb\"},\"inLanguage\":\"en-GB\",\"potentialAction\":[{\"@type\":\"ReadAction\",\"target\":[\"https:\\\/\\\/www.callandplay.com\\\/roland-jd-xa-analog-digital-crossover-49-key\\\/\"]}]},{\"@type\":\"BreadcrumbList\",\"@id\":\"https:\\\/\\\/www.callandplay.com\\\/roland-jd-xa-analog-digital-crossover-49-key\\\/#breadcrumb\",\"itemListElement\":[{\"@type\":\"ListItem\",\"position\":1,\"name\":\"Portada\",\"item\":\"https:\\\/\\\/www.callandplay.com\\\/\"},{\"@type\":\"ListItem\",\"position\":2,\"name\":\"Tienda\",\"item\":\"https:\\\/\\\/www.callandplay.com\\\/tienda\\\/\"},{\"@type\":\"ListItem\",\"position\":3,\"name\":\"ROLAND JD-XA ANALOG\\\/DIGITAL CROSSOVER 49 KEY\"}]},{\"@type\":\"WebSite\",\"@id\":\"https:\\\/\\\/www.callandplay.com\\\/#website\",\"url\":\"https:\\\/\\\/www.callandplay.com\\\/\",\"name\":\"Call&amp;Play\",\"description\":\"Alquiler de backline e instrumentos musicales\",\"publisher\":{\"@id\":\"https:\\\/\\\/www.callandplay.com\\\/#organization\"},\"potentialAction\":[{\"@type\":\"SearchAction\",\"target\":{\"@type\":\"EntryPoint\",\"urlTemplate\":\"https:\\\/\\\/www.callandplay.com\\\/?s={search_term_string}\"},\"query-input\":{\"@type\":\"PropertyValueSpecification\",\"valueRequired\":true,\"valueName\":\"search_term_string\"}}],\"inLanguage\":\"en-GB\"},{\"@type\":\"Organization\",\"@id\":\"https:\\\/\\\/www.callandplay.com\\\/#organization\",\"name\":\"Call&Play\",\"url\":\"https:\\\/\\\/www.callandplay.com\\\/\",\"logo\":{\"@type\":\"ImageObject\",\"inLanguage\":\"en-GB\",\"@id\":\"https:\\\/\\\/www.callandplay.com\\\/#\\\/schema\\\/logo\\\/image\\\/\",\"url\":\"https:\\\/\\\/www.callandplay.com\\\/wp-content\\\/uploads\\\/2021\\\/06\\\/cropped-cropped-logo-black_con_sombra.png\",\"contentUrl\":\"https:\\\/\\\/www.callandplay.com\\\/wp-content\\\/uploads\\\/2021\\\/06\\\/cropped-cropped-logo-black_con_sombra.png\",\"width\":512,\"height\":512,\"caption\":\"Call&Play\"},\"image\":{\"@id\":\"https:\\\/\\\/www.callandplay.com\\\/#\\\/schema\\\/logo\\\/image\\\/\"},\"sameAs\":[\"https:\\\/\\\/www.facebook.com\\\/callandplay\",\"https:\\\/\\\/www.instagram.com\\\/call_and_play\\\/\"]}]}<\/script>\n<!-- \/ Yoast SEO plugin. -->","yoast_head_json":{"title":"ROLAND JD-XA ANALOG\/DIGITAL CROSSOVER 49 KEY - Call&amp;Play","robots":{"index":"index","follow":"follow","max-snippet":"max-snippet:-1","max-image-preview":"max-image-preview:large","max-video-preview":"max-video-preview:-1"},"canonical":"https:\/\/www.callandplay.com\/en\/roland-jd-xa-analog-digital-crossover-49-key\/","og_locale":"en_GB","og_type":"article","og_title":"ROLAND JD-XA ANALOG\/DIGITAL CROSSOVER 49 KEY - Call&amp;Play","og_description":"El JD-XA es un exclusivo sintetizador h\u00edbrido que re\u00fane la calidez anal\u00f3gica y la versatilidad digital en un \u00fanico instrumento supercreativo y completo. Motor anal\u00f3gico con cuatro partes, aut\u00e9nticos filtros anal\u00f3gicos y una salida directa sin procesar. Tambi\u00e9n hay un motor digital de cuatro partes con tecnolog\u00eda de sintetizador SuperNATURAL de Roland, adem\u00e1s de una impresionante colecci\u00f3n de efectos muy potentes. Los motores del JD-XA se pueden usar de forma independiente o interactiva, de modo que se disfruta de una plataforma incre\u00edblemente flexible para dise\u00f1ar sonidos, trabajar en el estudio y actuar en directo. Pueden utilizarse las partes anal\u00f3gicas y digitales en paralelo, superponerlas para conseguir espectaculares resultados o modelar formas de onda digitales con los filtros anal\u00f3gicos para crear sonidos inimaginables.","og_url":"https:\/\/www.callandplay.com\/en\/roland-jd-xa-analog-digital-crossover-49-key\/","og_site_name":"Call&amp;Play","article_publisher":"https:\/\/www.facebook.com\/callandplay","article_modified_time":"2026-04-04T20:33:39+00:00","twitter_card":"summary_large_image","twitter_misc":{"Estimated reading time":"1 minute"},"schema":{"@context":"https:\/\/schema.org","@graph":[{"@type":"WebPage","@id":"https:\/\/www.callandplay.com\/roland-jd-xa-analog-digital-crossover-49-key\/","url":"https:\/\/www.callandplay.com\/roland-jd-xa-analog-digital-crossover-49-key\/","name":"ROLAND JD-XA ANALOG\/DIGITAL CROSSOVER 49 KEY - Call&amp;Play","isPartOf":{"@id":"https:\/\/www.callandplay.com\/#website"},"datePublished":"2024-03-14T00:00:00+00:00","dateModified":"2026-04-04T20:33:39+00:00","breadcrumb":{"@id":"https:\/\/www.callandplay.com\/roland-jd-xa-analog-digital-crossover-49-key\/#breadcrumb"},"inLanguage":"en-GB","potentialAction":[{"@type":"ReadAction","target":["https:\/\/www.callandplay.com\/roland-jd-xa-analog-digital-crossover-49-key\/"]}]},{"@type":"BreadcrumbList","@id":"https:\/\/www.callandplay.com\/roland-jd-xa-analog-digital-crossover-49-key\/#breadcrumb","itemListElement":[{"@type":"ListItem","position":1,"name":"Portada","item":"https:\/\/www.callandplay.com\/"},{"@type":"ListItem","position":2,"name":"Tienda","item":"https:\/\/www.callandplay.com\/tienda\/"},{"@type":"ListItem","position":3,"name":"ROLAND JD-XA ANALOG\/DIGITAL CROSSOVER 49 KEY"}]},{"@type":"WebSite","@id":"https:\/\/www.callandplay.com\/#website","url":"https:\/\/www.callandplay.com\/","name":"Call&amp;Play","description":"Alquiler de backline e instrumentos musicales","publisher":{"@id":"https:\/\/www.callandplay.com\/#organization"},"potentialAction":[{"@type":"SearchAction","target":{"@type":"EntryPoint","urlTemplate":"https:\/\/www.callandplay.com\/?s={search_term_string}"},"query-input":{"@type":"PropertyValueSpecification","valueRequired":true,"valueName":"search_term_string"}}],"inLanguage":"en-GB"},{"@type":"Organization","@id":"https:\/\/www.callandplay.com\/#organization","name":"Call&Play","url":"https:\/\/www.callandplay.com\/","logo":{"@type":"ImageObject","inLanguage":"en-GB","@id":"https:\/\/www.callandplay.com\/#\/schema\/logo\/image\/","url":"https:\/\/www.callandplay.com\/wp-content\/uploads\/2021\/06\/cropped-cropped-logo-black_con_sombra.png","contentUrl":"https:\/\/www.callandplay.com\/wp-content\/uploads\/2021\/06\/cropped-cropped-logo-black_con_sombra.png","width":512,"height":512,"caption":"Call&Play"},"image":{"@id":"https:\/\/www.callandplay.com\/#\/schema\/logo\/image\/"},"sameAs":["https:\/\/www.facebook.com\/callandplay","https:\/\/www.instagram.com\/call_and_play\/"]}]}},"_links":{"self":[{"href":"https:\/\/www.callandplay.com\/en\/wp-json\/wp\/v2\/product\/52373","targetHints":{"allow":["GET"]}}],"collection":[{"href":"https:\/\/www.callandplay.com\/en\/wp-json\/wp\/v2\/product"}],"about":[{"href":"https:\/\/www.callandplay.com\/en\/wp-json\/wp\/v2\/types\/product"}],"replies":[{"embeddable":true,"href":"https:\/\/www.callandplay.com\/en\/wp-json\/wp\/v2\/comments?post=52373"}],"version-history":[{"count":1,"href":"https:\/\/www.callandplay.com\/en\/wp-json\/wp\/v2\/product\/52373\/revisions"}],"predecessor-version":[{"id":55183,"href":"https:\/\/www.callandplay.com\/en\/wp-json\/wp\/v2\/product\/52373\/revisions\/55183"}],"wp:attachment":[{"href":"https:\/\/www.callandplay.com\/en\/wp-json\/wp\/v2\/media?parent=52373"}],"wp:term":[{"taxonomy":"product_brand","embeddable":true,"href":"https:\/\/www.callandplay.com\/en\/wp-json\/wp\/v2\/product_brand?post=52373"},{"taxonomy":"product_cat","embeddable":true,"href":"https:\/\/www.callandplay.com\/en\/wp-json\/wp\/v2\/product_cat?post=52373"},{"taxonomy":"product_tag","embeddable":true,"href":"https:\/\/www.callandplay.com\/en\/wp-json\/wp\/v2\/product_tag?post=52373"}],"curies":[{"name":"wp","href":"https:\/\/api.w.org\/{rel}","templated":true}]}}