{"id":52377,"date":"2024-05-18T00:00:00","date_gmt":"2024-05-18T00:00:00","guid":{"rendered":"https:\/\/www.callandplay.com\/yamaha-trb-1005-j-bass-rw-black-5-string\/"},"modified":"2026-04-04T20:33:39","modified_gmt":"2026-04-04T20:33:39","slug":"yamaha-trb-1005-j-bass-rw-black-5-string","status":"publish","type":"product","link":"https:\/\/www.callandplay.com\/en\/yamaha-trb-1005-j-bass-rw-black-5-string\/","title":{"rendered":"YAMAHA TRB-1005 J BASS RW BLACK 5 STRING"},"content":{"rendered":"<p>Color y cabado: Black. Esta es la versi\u00f3n de 5 cuerdas de la legendaria serie TRB. Esta vers\u00e1til serie naci\u00f3 durante los a\u00f1os &#8217;80, paralelamente al auge de los sintetizadores. La serie se ha dise\u00f1ado para abarcar un mayor rango tonal, tanto en las frecuencias graves como en las agudas, por lo que existen tambi\u00e9n versiones de 4 y 6 cuerdas. En este modelo se a\u00f1ade una quinta cuerda (Si grave) que permite ampliar los recursos creativos del bajista. Los bajos TRB emplean una escala ligeramente superior (35\u201d), lo que aumenta la definici\u00f3n de las frecuencias graves y aumenta el confort con respecto a la tensi\u00f3n de las cuerdas. Las pastillas silenciosas, el EQ de 3 bandas y el circuito activo responden a la perfecci\u00f3n, generando tonos equilibrados y aumentando exponencialmente las posibilidades tonales del instrumento.<\/p>","protected":false},"excerpt":{"rendered":"<p>Color y cabado: Black. Esta es la versi\u00f3n de 5 cuerdas de la legendaria serie TRB. Esta vers\u00e1til serie naci\u00f3 durante los a\u00f1os &#8217;80, paralelamente al auge de los sintetizadores. La serie se ha dise\u00f1ado para abarcar un mayor rango tonal, tanto en las frecuencias graves como en las agudas, por lo que existen tambi\u00e9n versiones de 4 y 6 cuerdas. En este modelo se a\u00f1ade una quinta cuerda (Si grave) que permite ampliar los recursos creativos del bajista. Los bajos TRB emplean una escala ligeramente superior (35\u201d), lo que aumenta la definici\u00f3n de las frecuencias graves y aumenta el confort con respecto a la tensi\u00f3n de las cuerdas. Las pastillas silenciosas, el EQ de 3 bandas y el circuito activo responden a la perfecci\u00f3n, generando tonos equilibrados y aumentando exponencialmente las posibilidades tonales del instrumento.<\/p>","protected":false},"featured_media":0,"comment_status":"closed","ping_status":"closed","template":"","meta":{"_acf_changed":false,"om_disable_all_campaigns":false,"_monsterinsights_skip_tracking":false,"_monsterinsights_sitenote_active":false,"_monsterinsights_sitenote_note":"","_monsterinsights_sitenote_category":0},"product_brand":[],"product_cat":[1066],"product_tag":[],"class_list":{"0":"post-52377","1":"product","2":"type-product","3":"status-publish","5":"product_cat-bajos-electricos-5-cuerdas","7":"first","8":"instock","9":"shipping-taxable","10":"purchasable","11":"product-type-simple"},"acf":[],"yoast_head":"<!-- This site is optimized with the Yoast SEO plugin v27.3 - https:\/\/yoast.com\/product\/yoast-seo-wordpress\/ -->\n<title>YAMAHA TRB-1005 J BASS RW BLACK 5 STRING - Call&amp;Play<\/title>\n<meta name=\"robots\" content=\"index, follow, max-snippet:-1, max-image-preview:large, max-video-preview:-1\" \/>\n<link rel=\"canonical\" href=\"https:\/\/www.callandplay.com\/en\/yamaha-trb-1005-j-bass-rw-black-5-string\/\" \/>\n<meta property=\"og:locale\" content=\"en_GB\" \/>\n<meta property=\"og:type\" content=\"article\" \/>\n<meta property=\"og:title\" content=\"YAMAHA TRB-1005 J BASS RW BLACK 5 STRING - Call&amp;Play\" \/>\n<meta property=\"og:description\" content=\"Color y cabado: Black. Esta es la versi\u00f3n de 5 cuerdas de la legendaria serie TRB. Esta vers\u00e1til serie naci\u00f3 durante los a\u00f1os &#039;80, paralelamente al auge de los sintetizadores. La serie se ha dise\u00f1ado para abarcar un mayor rango tonal, tanto en las frecuencias graves como en las agudas, por lo que existen tambi\u00e9n versiones de 4 y 6 cuerdas. En este modelo se a\u00f1ade una quinta cuerda (Si grave) que permite ampliar los recursos creativos del bajista. Los bajos TRB emplean una escala ligeramente superior (35\u201d), lo que aumenta la definici\u00f3n de las frecuencias graves y aumenta el confort con respecto a la tensi\u00f3n de las cuerdas. Las pastillas silenciosas, el EQ de 3 bandas y el circuito activo responden a la perfecci\u00f3n, generando tonos equilibrados y aumentando exponencialmente las posibilidades tonales del instrumento.\" \/>\n<meta property=\"og:url\" content=\"https:\/\/www.callandplay.com\/en\/yamaha-trb-1005-j-bass-rw-black-5-string\/\" \/>\n<meta property=\"og:site_name\" content=\"Call&amp;Play\" \/>\n<meta property=\"article:publisher\" content=\"https:\/\/www.facebook.com\/callandplay\" \/>\n<meta property=\"article:modified_time\" content=\"2026-04-04T20:33:39+00:00\" \/>\n<meta name=\"twitter:card\" content=\"summary_large_image\" \/>\n<meta name=\"twitter:label1\" content=\"Estimated reading time\" \/>\n\t<meta name=\"twitter:data1\" content=\"1 minute\" \/>\n<script type=\"application\/ld+json\" class=\"yoast-schema-graph\">{\"@context\":\"https:\\\/\\\/schema.org\",\"@graph\":[{\"@type\":\"WebPage\",\"@id\":\"https:\\\/\\\/www.callandplay.com\\\/yamaha-trb-1005-j-bass-rw-black-5-string\\\/\",\"url\":\"https:\\\/\\\/www.callandplay.com\\\/yamaha-trb-1005-j-bass-rw-black-5-string\\\/\",\"name\":\"YAMAHA TRB-1005 J BASS RW BLACK 5 STRING - Call&amp;Play\",\"isPartOf\":{\"@id\":\"https:\\\/\\\/www.callandplay.com\\\/#website\"},\"datePublished\":\"2024-05-18T00:00:00+00:00\",\"dateModified\":\"2026-04-04T20:33:39+00:00\",\"breadcrumb\":{\"@id\":\"https:\\\/\\\/www.callandplay.com\\\/yamaha-trb-1005-j-bass-rw-black-5-string\\\/#breadcrumb\"},\"inLanguage\":\"en-GB\",\"potentialAction\":[{\"@type\":\"ReadAction\",\"target\":[\"https:\\\/\\\/www.callandplay.com\\\/yamaha-trb-1005-j-bass-rw-black-5-string\\\/\"]}]},{\"@type\":\"BreadcrumbList\",\"@id\":\"https:\\\/\\\/www.callandplay.com\\\/yamaha-trb-1005-j-bass-rw-black-5-string\\\/#breadcrumb\",\"itemListElement\":[{\"@type\":\"ListItem\",\"position\":1,\"name\":\"Portada\",\"item\":\"https:\\\/\\\/www.callandplay.com\\\/\"},{\"@type\":\"ListItem\",\"position\":2,\"name\":\"Tienda\",\"item\":\"https:\\\/\\\/www.callandplay.com\\\/tienda\\\/\"},{\"@type\":\"ListItem\",\"position\":3,\"name\":\"YAMAHA TRB-1005 J BASS RW BLACK 5 STRING\"}]},{\"@type\":\"WebSite\",\"@id\":\"https:\\\/\\\/www.callandplay.com\\\/#website\",\"url\":\"https:\\\/\\\/www.callandplay.com\\\/\",\"name\":\"Call&amp;Play\",\"description\":\"Alquiler de backline e instrumentos musicales\",\"publisher\":{\"@id\":\"https:\\\/\\\/www.callandplay.com\\\/#organization\"},\"potentialAction\":[{\"@type\":\"SearchAction\",\"target\":{\"@type\":\"EntryPoint\",\"urlTemplate\":\"https:\\\/\\\/www.callandplay.com\\\/?s={search_term_string}\"},\"query-input\":{\"@type\":\"PropertyValueSpecification\",\"valueRequired\":true,\"valueName\":\"search_term_string\"}}],\"inLanguage\":\"en-GB\"},{\"@type\":\"Organization\",\"@id\":\"https:\\\/\\\/www.callandplay.com\\\/#organization\",\"name\":\"Call&Play\",\"url\":\"https:\\\/\\\/www.callandplay.com\\\/\",\"logo\":{\"@type\":\"ImageObject\",\"inLanguage\":\"en-GB\",\"@id\":\"https:\\\/\\\/www.callandplay.com\\\/#\\\/schema\\\/logo\\\/image\\\/\",\"url\":\"https:\\\/\\\/www.callandplay.com\\\/wp-content\\\/uploads\\\/2021\\\/06\\\/cropped-cropped-logo-black_con_sombra.png\",\"contentUrl\":\"https:\\\/\\\/www.callandplay.com\\\/wp-content\\\/uploads\\\/2021\\\/06\\\/cropped-cropped-logo-black_con_sombra.png\",\"width\":512,\"height\":512,\"caption\":\"Call&Play\"},\"image\":{\"@id\":\"https:\\\/\\\/www.callandplay.com\\\/#\\\/schema\\\/logo\\\/image\\\/\"},\"sameAs\":[\"https:\\\/\\\/www.facebook.com\\\/callandplay\",\"https:\\\/\\\/www.instagram.com\\\/call_and_play\\\/\"]}]}<\/script>\n<!-- \/ Yoast SEO plugin. -->","yoast_head_json":{"title":"YAMAHA TRB-1005 J BASS RW BLACK 5 STRING - Call&amp;Play","robots":{"index":"index","follow":"follow","max-snippet":"max-snippet:-1","max-image-preview":"max-image-preview:large","max-video-preview":"max-video-preview:-1"},"canonical":"https:\/\/www.callandplay.com\/en\/yamaha-trb-1005-j-bass-rw-black-5-string\/","og_locale":"en_GB","og_type":"article","og_title":"YAMAHA TRB-1005 J BASS RW BLACK 5 STRING - Call&amp;Play","og_description":"Color y cabado: Black. Esta es la versi\u00f3n de 5 cuerdas de la legendaria serie TRB. Esta vers\u00e1til serie naci\u00f3 durante los a\u00f1os '80, paralelamente al auge de los sintetizadores. La serie se ha dise\u00f1ado para abarcar un mayor rango tonal, tanto en las frecuencias graves como en las agudas, por lo que existen tambi\u00e9n versiones de 4 y 6 cuerdas. En este modelo se a\u00f1ade una quinta cuerda (Si grave) que permite ampliar los recursos creativos del bajista. Los bajos TRB emplean una escala ligeramente superior (35\u201d), lo que aumenta la definici\u00f3n de las frecuencias graves y aumenta el confort con respecto a la tensi\u00f3n de las cuerdas. Las pastillas silenciosas, el EQ de 3 bandas y el circuito activo responden a la perfecci\u00f3n, generando tonos equilibrados y aumentando exponencialmente las posibilidades tonales del instrumento.","og_url":"https:\/\/www.callandplay.com\/en\/yamaha-trb-1005-j-bass-rw-black-5-string\/","og_site_name":"Call&amp;Play","article_publisher":"https:\/\/www.facebook.com\/callandplay","article_modified_time":"2026-04-04T20:33:39+00:00","twitter_card":"summary_large_image","twitter_misc":{"Estimated reading time":"1 minute"},"schema":{"@context":"https:\/\/schema.org","@graph":[{"@type":"WebPage","@id":"https:\/\/www.callandplay.com\/yamaha-trb-1005-j-bass-rw-black-5-string\/","url":"https:\/\/www.callandplay.com\/yamaha-trb-1005-j-bass-rw-black-5-string\/","name":"YAMAHA TRB-1005 J BASS RW BLACK 5 STRING - Call&amp;Play","isPartOf":{"@id":"https:\/\/www.callandplay.com\/#website"},"datePublished":"2024-05-18T00:00:00+00:00","dateModified":"2026-04-04T20:33:39+00:00","breadcrumb":{"@id":"https:\/\/www.callandplay.com\/yamaha-trb-1005-j-bass-rw-black-5-string\/#breadcrumb"},"inLanguage":"en-GB","potentialAction":[{"@type":"ReadAction","target":["https:\/\/www.callandplay.com\/yamaha-trb-1005-j-bass-rw-black-5-string\/"]}]},{"@type":"BreadcrumbList","@id":"https:\/\/www.callandplay.com\/yamaha-trb-1005-j-bass-rw-black-5-string\/#breadcrumb","itemListElement":[{"@type":"ListItem","position":1,"name":"Portada","item":"https:\/\/www.callandplay.com\/"},{"@type":"ListItem","position":2,"name":"Tienda","item":"https:\/\/www.callandplay.com\/tienda\/"},{"@type":"ListItem","position":3,"name":"YAMAHA TRB-1005 J BASS RW BLACK 5 STRING"}]},{"@type":"WebSite","@id":"https:\/\/www.callandplay.com\/#website","url":"https:\/\/www.callandplay.com\/","name":"Call&amp;Play","description":"Alquiler de backline e instrumentos musicales","publisher":{"@id":"https:\/\/www.callandplay.com\/#organization"},"potentialAction":[{"@type":"SearchAction","target":{"@type":"EntryPoint","urlTemplate":"https:\/\/www.callandplay.com\/?s={search_term_string}"},"query-input":{"@type":"PropertyValueSpecification","valueRequired":true,"valueName":"search_term_string"}}],"inLanguage":"en-GB"},{"@type":"Organization","@id":"https:\/\/www.callandplay.com\/#organization","name":"Call&Play","url":"https:\/\/www.callandplay.com\/","logo":{"@type":"ImageObject","inLanguage":"en-GB","@id":"https:\/\/www.callandplay.com\/#\/schema\/logo\/image\/","url":"https:\/\/www.callandplay.com\/wp-content\/uploads\/2021\/06\/cropped-cropped-logo-black_con_sombra.png","contentUrl":"https:\/\/www.callandplay.com\/wp-content\/uploads\/2021\/06\/cropped-cropped-logo-black_con_sombra.png","width":512,"height":512,"caption":"Call&Play"},"image":{"@id":"https:\/\/www.callandplay.com\/#\/schema\/logo\/image\/"},"sameAs":["https:\/\/www.facebook.com\/callandplay","https:\/\/www.instagram.com\/call_and_play\/"]}]}},"_links":{"self":[{"href":"https:\/\/www.callandplay.com\/en\/wp-json\/wp\/v2\/product\/52377","targetHints":{"allow":["GET"]}}],"collection":[{"href":"https:\/\/www.callandplay.com\/en\/wp-json\/wp\/v2\/product"}],"about":[{"href":"https:\/\/www.callandplay.com\/en\/wp-json\/wp\/v2\/types\/product"}],"replies":[{"embeddable":true,"href":"https:\/\/www.callandplay.com\/en\/wp-json\/wp\/v2\/comments?post=52377"}],"version-history":[{"count":1,"href":"https:\/\/www.callandplay.com\/en\/wp-json\/wp\/v2\/product\/52377\/revisions"}],"predecessor-version":[{"id":55187,"href":"https:\/\/www.callandplay.com\/en\/wp-json\/wp\/v2\/product\/52377\/revisions\/55187"}],"wp:attachment":[{"href":"https:\/\/www.callandplay.com\/en\/wp-json\/wp\/v2\/media?parent=52377"}],"wp:term":[{"taxonomy":"product_brand","embeddable":true,"href":"https:\/\/www.callandplay.com\/en\/wp-json\/wp\/v2\/product_brand?post=52377"},{"taxonomy":"product_cat","embeddable":true,"href":"https:\/\/www.callandplay.com\/en\/wp-json\/wp\/v2\/product_cat?post=52377"},{"taxonomy":"product_tag","embeddable":true,"href":"https:\/\/www.callandplay.com\/en\/wp-json\/wp\/v2\/product_tag?post=52377"}],"curies":[{"name":"wp","href":"https:\/\/api.w.org\/{rel}","templated":true}]}}