{"id":52638,"date":"2024-07-15T00:00:00","date_gmt":"2024-07-15T00:00:00","guid":{"rendered":"https:\/\/www.callandplay.com\/vox-joe-satriani-big-bad-wah\/"},"modified":"2026-04-03T20:35:22","modified_gmt":"2026-04-03T20:35:22","slug":"vox-joe-satriani-big-bad-wah","status":"publish","type":"product","link":"https:\/\/www.callandplay.com\/en\/vox-joe-satriani-big-bad-wah\/","title":{"rendered":"VOX JOE SATRIANI BIG BAD WAH"},"content":{"rendered":"<p>El \u00abBig Bad Wah\u00bb pedal wah de doble modo, es el tercer efecto de pedal creado en colaboraci\u00f3n entre el mundialmente aclamado guitarrista Joe Satriani y VOX. Con dos modos de wah y algunas caracter\u00edsticas \u00fanicas, ofrece una amplia gama de sonidos wah. Caracteristicas principales: El dise\u00f1o de modo dual ofrece dos diferentes sonidos wah en un solo pedal. El Wah Uno es cl\u00e1sico VOX, con ese tono dulce brit\u00e1nico; el Wah Dos proporciona sonido original de Joe Satriani y controles de voz, ofreciendo una amplia gama de posibilidades de creaci\u00f3n de sonido.<\/p>","protected":false},"excerpt":{"rendered":"<p>El \u00abBig Bad Wah\u00bb pedal wah de doble modo, es el tercer efecto de pedal creado en colaboraci\u00f3n entre el mundialmente aclamado guitarrista Joe Satriani y VOX. Con dos modos de wah y algunas caracter\u00edsticas \u00fanicas, ofrece una amplia gama de sonidos wah. Caracteristicas principales: El dise\u00f1o de modo dual ofrece dos diferentes sonidos wah en un solo pedal. El Wah Uno es cl\u00e1sico VOX, con ese tono dulce brit\u00e1nico; el Wah Dos proporciona sonido original de Joe Satriani y controles de voz, ofreciendo una amplia gama de posibilidades de creaci\u00f3n de sonido.<\/p>","protected":false},"featured_media":0,"comment_status":"closed","ping_status":"closed","template":"","meta":{"_acf_changed":false,"om_disable_all_campaigns":false,"_monsterinsights_skip_tracking":false,"_monsterinsights_sitenote_active":false,"_monsterinsights_sitenote_note":"","_monsterinsights_sitenote_category":0},"product_brand":[],"product_cat":[1073],"product_tag":[],"class_list":{"0":"post-52638","1":"product","2":"type-product","3":"status-publish","5":"product_cat-efectos-y-pedales-guitarra","7":"first","8":"instock","9":"shipping-taxable","10":"purchasable","11":"product-type-simple"},"acf":[],"yoast_head":"<!-- This site is optimized with the Yoast SEO plugin v27.3 - https:\/\/yoast.com\/product\/yoast-seo-wordpress\/ -->\n<title>VOX JOE SATRIANI BIG BAD WAH - Call&amp;Play<\/title>\n<meta name=\"robots\" content=\"index, follow, max-snippet:-1, max-image-preview:large, max-video-preview:-1\" \/>\n<link rel=\"canonical\" href=\"https:\/\/www.callandplay.com\/en\/vox-joe-satriani-big-bad-wah\/\" \/>\n<meta property=\"og:locale\" content=\"en_GB\" \/>\n<meta property=\"og:type\" content=\"article\" \/>\n<meta property=\"og:title\" content=\"VOX JOE SATRIANI BIG BAD WAH - Call&amp;Play\" \/>\n<meta property=\"og:description\" content=\"El &quot;Big Bad Wah&quot; pedal wah de doble modo, es el tercer efecto de pedal creado en colaboraci\u00f3n entre el mundialmente aclamado guitarrista Joe Satriani y VOX. Con dos modos de wah y algunas caracter\u00edsticas \u00fanicas, ofrece una amplia gama de sonidos wah. Caracteristicas principales: El dise\u00f1o de modo dual ofrece dos diferentes sonidos wah en un solo pedal. El Wah Uno es cl\u00e1sico VOX, con ese tono dulce brit\u00e1nico; el Wah Dos proporciona sonido original de Joe Satriani y controles de voz, ofreciendo una amplia gama de posibilidades de creaci\u00f3n de sonido.\" \/>\n<meta property=\"og:url\" content=\"https:\/\/www.callandplay.com\/en\/vox-joe-satriani-big-bad-wah\/\" \/>\n<meta property=\"og:site_name\" content=\"Call&amp;Play\" \/>\n<meta property=\"article:publisher\" content=\"https:\/\/www.facebook.com\/callandplay\" \/>\n<meta property=\"article:modified_time\" content=\"2026-04-03T20:35:22+00:00\" \/>\n<meta name=\"twitter:card\" content=\"summary_large_image\" \/>\n<script type=\"application\/ld+json\" class=\"yoast-schema-graph\">{\"@context\":\"https:\\\/\\\/schema.org\",\"@graph\":[{\"@type\":\"WebPage\",\"@id\":\"https:\\\/\\\/www.callandplay.com\\\/vox-joe-satriani-big-bad-wah\\\/\",\"url\":\"https:\\\/\\\/www.callandplay.com\\\/vox-joe-satriani-big-bad-wah\\\/\",\"name\":\"VOX JOE SATRIANI BIG BAD WAH - Call&amp;Play\",\"isPartOf\":{\"@id\":\"https:\\\/\\\/www.callandplay.com\\\/#website\"},\"datePublished\":\"2024-07-15T00:00:00+00:00\",\"dateModified\":\"2026-04-03T20:35:22+00:00\",\"breadcrumb\":{\"@id\":\"https:\\\/\\\/www.callandplay.com\\\/vox-joe-satriani-big-bad-wah\\\/#breadcrumb\"},\"inLanguage\":\"en-GB\",\"potentialAction\":[{\"@type\":\"ReadAction\",\"target\":[\"https:\\\/\\\/www.callandplay.com\\\/vox-joe-satriani-big-bad-wah\\\/\"]}]},{\"@type\":\"BreadcrumbList\",\"@id\":\"https:\\\/\\\/www.callandplay.com\\\/vox-joe-satriani-big-bad-wah\\\/#breadcrumb\",\"itemListElement\":[{\"@type\":\"ListItem\",\"position\":1,\"name\":\"Portada\",\"item\":\"https:\\\/\\\/www.callandplay.com\\\/\"},{\"@type\":\"ListItem\",\"position\":2,\"name\":\"Tienda\",\"item\":\"https:\\\/\\\/www.callandplay.com\\\/tienda\\\/\"},{\"@type\":\"ListItem\",\"position\":3,\"name\":\"VOX JOE SATRIANI BIG BAD WAH\"}]},{\"@type\":\"WebSite\",\"@id\":\"https:\\\/\\\/www.callandplay.com\\\/#website\",\"url\":\"https:\\\/\\\/www.callandplay.com\\\/\",\"name\":\"Call&amp;Play\",\"description\":\"Alquiler de backline e instrumentos musicales\",\"publisher\":{\"@id\":\"https:\\\/\\\/www.callandplay.com\\\/#organization\"},\"potentialAction\":[{\"@type\":\"SearchAction\",\"target\":{\"@type\":\"EntryPoint\",\"urlTemplate\":\"https:\\\/\\\/www.callandplay.com\\\/?s={search_term_string}\"},\"query-input\":{\"@type\":\"PropertyValueSpecification\",\"valueRequired\":true,\"valueName\":\"search_term_string\"}}],\"inLanguage\":\"en-GB\"},{\"@type\":\"Organization\",\"@id\":\"https:\\\/\\\/www.callandplay.com\\\/#organization\",\"name\":\"Call&Play\",\"url\":\"https:\\\/\\\/www.callandplay.com\\\/\",\"logo\":{\"@type\":\"ImageObject\",\"inLanguage\":\"en-GB\",\"@id\":\"https:\\\/\\\/www.callandplay.com\\\/#\\\/schema\\\/logo\\\/image\\\/\",\"url\":\"https:\\\/\\\/www.callandplay.com\\\/wp-content\\\/uploads\\\/2021\\\/06\\\/cropped-cropped-logo-black_con_sombra.png\",\"contentUrl\":\"https:\\\/\\\/www.callandplay.com\\\/wp-content\\\/uploads\\\/2021\\\/06\\\/cropped-cropped-logo-black_con_sombra.png\",\"width\":512,\"height\":512,\"caption\":\"Call&Play\"},\"image\":{\"@id\":\"https:\\\/\\\/www.callandplay.com\\\/#\\\/schema\\\/logo\\\/image\\\/\"},\"sameAs\":[\"https:\\\/\\\/www.facebook.com\\\/callandplay\",\"https:\\\/\\\/www.instagram.com\\\/call_and_play\\\/\"]}]}<\/script>\n<!-- \/ Yoast SEO plugin. -->","yoast_head_json":{"title":"VOX JOE SATRIANI BIG BAD WAH - Call&amp;Play","robots":{"index":"index","follow":"follow","max-snippet":"max-snippet:-1","max-image-preview":"max-image-preview:large","max-video-preview":"max-video-preview:-1"},"canonical":"https:\/\/www.callandplay.com\/en\/vox-joe-satriani-big-bad-wah\/","og_locale":"en_GB","og_type":"article","og_title":"VOX JOE SATRIANI BIG BAD WAH - Call&amp;Play","og_description":"El \"Big Bad Wah\" pedal wah de doble modo, es el tercer efecto de pedal creado en colaboraci\u00f3n entre el mundialmente aclamado guitarrista Joe Satriani y VOX. Con dos modos de wah y algunas caracter\u00edsticas \u00fanicas, ofrece una amplia gama de sonidos wah. Caracteristicas principales: El dise\u00f1o de modo dual ofrece dos diferentes sonidos wah en un solo pedal. El Wah Uno es cl\u00e1sico VOX, con ese tono dulce brit\u00e1nico; el Wah Dos proporciona sonido original de Joe Satriani y controles de voz, ofreciendo una amplia gama de posibilidades de creaci\u00f3n de sonido.","og_url":"https:\/\/www.callandplay.com\/en\/vox-joe-satriani-big-bad-wah\/","og_site_name":"Call&amp;Play","article_publisher":"https:\/\/www.facebook.com\/callandplay","article_modified_time":"2026-04-03T20:35:22+00:00","twitter_card":"summary_large_image","schema":{"@context":"https:\/\/schema.org","@graph":[{"@type":"WebPage","@id":"https:\/\/www.callandplay.com\/vox-joe-satriani-big-bad-wah\/","url":"https:\/\/www.callandplay.com\/vox-joe-satriani-big-bad-wah\/","name":"VOX JOE SATRIANI BIG BAD WAH - Call&amp;Play","isPartOf":{"@id":"https:\/\/www.callandplay.com\/#website"},"datePublished":"2024-07-15T00:00:00+00:00","dateModified":"2026-04-03T20:35:22+00:00","breadcrumb":{"@id":"https:\/\/www.callandplay.com\/vox-joe-satriani-big-bad-wah\/#breadcrumb"},"inLanguage":"en-GB","potentialAction":[{"@type":"ReadAction","target":["https:\/\/www.callandplay.com\/vox-joe-satriani-big-bad-wah\/"]}]},{"@type":"BreadcrumbList","@id":"https:\/\/www.callandplay.com\/vox-joe-satriani-big-bad-wah\/#breadcrumb","itemListElement":[{"@type":"ListItem","position":1,"name":"Portada","item":"https:\/\/www.callandplay.com\/"},{"@type":"ListItem","position":2,"name":"Tienda","item":"https:\/\/www.callandplay.com\/tienda\/"},{"@type":"ListItem","position":3,"name":"VOX JOE SATRIANI BIG BAD WAH"}]},{"@type":"WebSite","@id":"https:\/\/www.callandplay.com\/#website","url":"https:\/\/www.callandplay.com\/","name":"Call&amp;Play","description":"Alquiler de backline e instrumentos musicales","publisher":{"@id":"https:\/\/www.callandplay.com\/#organization"},"potentialAction":[{"@type":"SearchAction","target":{"@type":"EntryPoint","urlTemplate":"https:\/\/www.callandplay.com\/?s={search_term_string}"},"query-input":{"@type":"PropertyValueSpecification","valueRequired":true,"valueName":"search_term_string"}}],"inLanguage":"en-GB"},{"@type":"Organization","@id":"https:\/\/www.callandplay.com\/#organization","name":"Call&Play","url":"https:\/\/www.callandplay.com\/","logo":{"@type":"ImageObject","inLanguage":"en-GB","@id":"https:\/\/www.callandplay.com\/#\/schema\/logo\/image\/","url":"https:\/\/www.callandplay.com\/wp-content\/uploads\/2021\/06\/cropped-cropped-logo-black_con_sombra.png","contentUrl":"https:\/\/www.callandplay.com\/wp-content\/uploads\/2021\/06\/cropped-cropped-logo-black_con_sombra.png","width":512,"height":512,"caption":"Call&Play"},"image":{"@id":"https:\/\/www.callandplay.com\/#\/schema\/logo\/image\/"},"sameAs":["https:\/\/www.facebook.com\/callandplay","https:\/\/www.instagram.com\/call_and_play\/"]}]}},"_links":{"self":[{"href":"https:\/\/www.callandplay.com\/en\/wp-json\/wp\/v2\/product\/52638","targetHints":{"allow":["GET"]}}],"collection":[{"href":"https:\/\/www.callandplay.com\/en\/wp-json\/wp\/v2\/product"}],"about":[{"href":"https:\/\/www.callandplay.com\/en\/wp-json\/wp\/v2\/types\/product"}],"replies":[{"embeddable":true,"href":"https:\/\/www.callandplay.com\/en\/wp-json\/wp\/v2\/comments?post=52638"}],"version-history":[{"count":1,"href":"https:\/\/www.callandplay.com\/en\/wp-json\/wp\/v2\/product\/52638\/revisions"}],"predecessor-version":[{"id":55448,"href":"https:\/\/www.callandplay.com\/en\/wp-json\/wp\/v2\/product\/52638\/revisions\/55448"}],"wp:attachment":[{"href":"https:\/\/www.callandplay.com\/en\/wp-json\/wp\/v2\/media?parent=52638"}],"wp:term":[{"taxonomy":"product_brand","embeddable":true,"href":"https:\/\/www.callandplay.com\/en\/wp-json\/wp\/v2\/product_brand?post=52638"},{"taxonomy":"product_cat","embeddable":true,"href":"https:\/\/www.callandplay.com\/en\/wp-json\/wp\/v2\/product_cat?post=52638"},{"taxonomy":"product_tag","embeddable":true,"href":"https:\/\/www.callandplay.com\/en\/wp-json\/wp\/v2\/product_tag?post=52638"}],"curies":[{"name":"wp","href":"https:\/\/api.w.org\/{rel}","templated":true}]}}