{"id":52674,"date":"2024-07-15T00:00:00","date_gmt":"2024-07-15T00:00:00","guid":{"rendered":"https:\/\/www.callandplay.com\/boss-cp-1x-pedal-compressor\/"},"modified":"2026-04-16T20:45:47","modified_gmt":"2026-04-16T20:45:47","slug":"boss-cp-1x-pedal-compressor","status":"publish","type":"product","link":"https:\/\/www.callandplay.com\/en\/boss-cp-1x-pedal-compressor\/","title":{"rendered":"BOSS CP-1X PEDAL COMPRESSOR"},"content":{"rendered":"<p>Impulsado por la tecnolog\u00eda BOSS MDP, el CP-1X es el nuevo tipo de compresor multi-banda para guitarra que logra preservar el car\u00e1cter de tu instrumento y tu t\u00e9cnica de ejecuci\u00f3n para brindar la expresi\u00f3n musical ilimitada. Su procesamiento inteligente analiza la se\u00f1al de tu guitarra en m\u00faltiples dimensiones sobre la marcha, lo cual provee un avanzado control sobre las din\u00e1micas y nunca a\u00f1ade colores ni opaca tu sonido, a diferencia de lo usual en los t\u00edpicos compresores en formato de pedal compacto. La sencilla interface de cuatro-perillas facilita el acceso a resultados sofisticados, mientras que el \u00fatil indicador de reducci\u00f3n de ganancia siempre te muestra que tanta compresi\u00f3n est\u00e9 siendo aplicada. Optimizado para todo tipo de guitarras, el CP-1X ofrece el desempe\u00f1o de siguiente-generaci\u00f3n para todo estilo musical.<\/p>","protected":false},"excerpt":{"rendered":"<p>Impulsado por la tecnolog\u00eda BOSS MDP, el CP-1X es el nuevo tipo de compresor multi-banda para guitarra que logra preservar el car\u00e1cter de tu instrumento y tu t\u00e9cnica de ejecuci\u00f3n para brindar la expresi\u00f3n musical ilimitada. Su procesamiento inteligente analiza la se\u00f1al de tu guitarra en m\u00faltiples dimensiones sobre la marcha, lo cual provee un avanzado control sobre las din\u00e1micas y nunca a\u00f1ade colores ni opaca tu sonido, a diferencia de lo usual en los t\u00edpicos compresores en formato de pedal compacto. La sencilla interface de cuatro-perillas facilita el acceso a resultados sofisticados, mientras que el \u00fatil indicador de reducci\u00f3n de ganancia siempre te muestra que tanta compresi\u00f3n est\u00e9 siendo aplicada. Optimizado para todo tipo de guitarras, el CP-1X ofrece el desempe\u00f1o de siguiente-generaci\u00f3n para todo estilo musical.<\/p>","protected":false},"featured_media":0,"comment_status":"closed","ping_status":"closed","template":"","meta":{"_acf_changed":false,"om_disable_all_campaigns":false,"_monsterinsights_skip_tracking":false,"_monsterinsights_sitenote_active":false,"_monsterinsights_sitenote_note":"","_monsterinsights_sitenote_category":0},"product_brand":[],"product_cat":[1073],"product_tag":[],"class_list":{"0":"post-52674","1":"product","2":"type-product","3":"status-publish","5":"product_cat-efectos-y-pedales-guitarra","7":"first","8":"instock","9":"shipping-taxable","10":"purchasable","11":"product-type-simple"},"acf":[],"yoast_head":"<!-- This site is optimized with the Yoast SEO plugin v27.4 - https:\/\/yoast.com\/product\/yoast-seo-wordpress\/ -->\n<title>BOSS CP-1X PEDAL COMPRESSOR - Call&amp;Play<\/title>\n<meta name=\"robots\" content=\"index, follow, max-snippet:-1, max-image-preview:large, max-video-preview:-1\" \/>\n<link rel=\"canonical\" href=\"https:\/\/www.callandplay.com\/en\/boss-cp-1x-pedal-compressor\/\" \/>\n<meta property=\"og:locale\" content=\"en_GB\" \/>\n<meta property=\"og:type\" content=\"article\" \/>\n<meta property=\"og:title\" content=\"BOSS CP-1X PEDAL COMPRESSOR - Call&amp;Play\" \/>\n<meta property=\"og:description\" content=\"Impulsado por la tecnolog\u00eda BOSS MDP, el CP-1X es el nuevo tipo de compresor multi-banda para guitarra que logra preservar el car\u00e1cter de tu instrumento y tu t\u00e9cnica de ejecuci\u00f3n para brindar la expresi\u00f3n musical ilimitada. Su procesamiento inteligente analiza la se\u00f1al de tu guitarra en m\u00faltiples dimensiones sobre la marcha, lo cual provee un avanzado control sobre las din\u00e1micas y nunca a\u00f1ade colores ni opaca tu sonido, a diferencia de lo usual en los t\u00edpicos compresores en formato de pedal compacto. La sencilla interface de cuatro-perillas facilita el acceso a resultados sofisticados, mientras que el \u00fatil indicador de reducci\u00f3n de ganancia siempre te muestra que tanta compresi\u00f3n est\u00e9 siendo aplicada. Optimizado para todo tipo de guitarras, el CP-1X ofrece el desempe\u00f1o de siguiente-generaci\u00f3n para todo estilo musical.\" \/>\n<meta property=\"og:url\" content=\"https:\/\/www.callandplay.com\/en\/boss-cp-1x-pedal-compressor\/\" \/>\n<meta property=\"og:site_name\" content=\"Call&amp;Play\" \/>\n<meta property=\"article:publisher\" content=\"https:\/\/www.facebook.com\/callandplay\" \/>\n<meta property=\"article:modified_time\" content=\"2026-04-16T20:45:47+00:00\" \/>\n<meta name=\"twitter:card\" content=\"summary_large_image\" \/>\n<meta name=\"twitter:label1\" content=\"Estimated reading time\" \/>\n\t<meta name=\"twitter:data1\" content=\"1 minute\" \/>\n<script type=\"application\/ld+json\" class=\"yoast-schema-graph\">{\"@context\":\"https:\\\/\\\/schema.org\",\"@graph\":[{\"@type\":\"WebPage\",\"@id\":\"https:\\\/\\\/www.callandplay.com\\\/boss-cp-1x-pedal-compressor\\\/\",\"url\":\"https:\\\/\\\/www.callandplay.com\\\/boss-cp-1x-pedal-compressor\\\/\",\"name\":\"BOSS CP-1X PEDAL COMPRESSOR - Call&amp;Play\",\"isPartOf\":{\"@id\":\"https:\\\/\\\/www.callandplay.com\\\/#website\"},\"datePublished\":\"2024-07-15T00:00:00+00:00\",\"dateModified\":\"2026-04-16T20:45:47+00:00\",\"breadcrumb\":{\"@id\":\"https:\\\/\\\/www.callandplay.com\\\/boss-cp-1x-pedal-compressor\\\/#breadcrumb\"},\"inLanguage\":\"en-GB\",\"potentialAction\":[{\"@type\":\"ReadAction\",\"target\":[\"https:\\\/\\\/www.callandplay.com\\\/boss-cp-1x-pedal-compressor\\\/\"]}]},{\"@type\":\"BreadcrumbList\",\"@id\":\"https:\\\/\\\/www.callandplay.com\\\/boss-cp-1x-pedal-compressor\\\/#breadcrumb\",\"itemListElement\":[{\"@type\":\"ListItem\",\"position\":1,\"name\":\"Portada\",\"item\":\"https:\\\/\\\/www.callandplay.com\\\/\"},{\"@type\":\"ListItem\",\"position\":2,\"name\":\"Tienda\",\"item\":\"https:\\\/\\\/www.callandplay.com\\\/tienda\\\/\"},{\"@type\":\"ListItem\",\"position\":3,\"name\":\"BOSS CP-1X PEDAL COMPRESSOR\"}]},{\"@type\":\"WebSite\",\"@id\":\"https:\\\/\\\/www.callandplay.com\\\/#website\",\"url\":\"https:\\\/\\\/www.callandplay.com\\\/\",\"name\":\"Call&amp;Play\",\"description\":\"Alquiler de backline e instrumentos musicales\",\"publisher\":{\"@id\":\"https:\\\/\\\/www.callandplay.com\\\/#organization\"},\"potentialAction\":[{\"@type\":\"SearchAction\",\"target\":{\"@type\":\"EntryPoint\",\"urlTemplate\":\"https:\\\/\\\/www.callandplay.com\\\/?s={search_term_string}\"},\"query-input\":{\"@type\":\"PropertyValueSpecification\",\"valueRequired\":true,\"valueName\":\"search_term_string\"}}],\"inLanguage\":\"en-GB\"},{\"@type\":\"Organization\",\"@id\":\"https:\\\/\\\/www.callandplay.com\\\/#organization\",\"name\":\"Call&Play\",\"url\":\"https:\\\/\\\/www.callandplay.com\\\/\",\"logo\":{\"@type\":\"ImageObject\",\"inLanguage\":\"en-GB\",\"@id\":\"https:\\\/\\\/www.callandplay.com\\\/#\\\/schema\\\/logo\\\/image\\\/\",\"url\":\"https:\\\/\\\/www.callandplay.com\\\/wp-content\\\/uploads\\\/2021\\\/06\\\/cropped-cropped-logo-black_con_sombra.png\",\"contentUrl\":\"https:\\\/\\\/www.callandplay.com\\\/wp-content\\\/uploads\\\/2021\\\/06\\\/cropped-cropped-logo-black_con_sombra.png\",\"width\":512,\"height\":512,\"caption\":\"Call&Play\"},\"image\":{\"@id\":\"https:\\\/\\\/www.callandplay.com\\\/#\\\/schema\\\/logo\\\/image\\\/\"},\"sameAs\":[\"https:\\\/\\\/www.facebook.com\\\/callandplay\",\"https:\\\/\\\/www.instagram.com\\\/call_and_play\\\/\"]}]}<\/script>\n<!-- \/ Yoast SEO plugin. -->","yoast_head_json":{"title":"BOSS CP-1X PEDAL COMPRESSOR - Call&amp;Play","robots":{"index":"index","follow":"follow","max-snippet":"max-snippet:-1","max-image-preview":"max-image-preview:large","max-video-preview":"max-video-preview:-1"},"canonical":"https:\/\/www.callandplay.com\/en\/boss-cp-1x-pedal-compressor\/","og_locale":"en_GB","og_type":"article","og_title":"BOSS CP-1X PEDAL COMPRESSOR - Call&amp;Play","og_description":"Impulsado por la tecnolog\u00eda BOSS MDP, el CP-1X es el nuevo tipo de compresor multi-banda para guitarra que logra preservar el car\u00e1cter de tu instrumento y tu t\u00e9cnica de ejecuci\u00f3n para brindar la expresi\u00f3n musical ilimitada. Su procesamiento inteligente analiza la se\u00f1al de tu guitarra en m\u00faltiples dimensiones sobre la marcha, lo cual provee un avanzado control sobre las din\u00e1micas y nunca a\u00f1ade colores ni opaca tu sonido, a diferencia de lo usual en los t\u00edpicos compresores en formato de pedal compacto. La sencilla interface de cuatro-perillas facilita el acceso a resultados sofisticados, mientras que el \u00fatil indicador de reducci\u00f3n de ganancia siempre te muestra que tanta compresi\u00f3n est\u00e9 siendo aplicada. Optimizado para todo tipo de guitarras, el CP-1X ofrece el desempe\u00f1o de siguiente-generaci\u00f3n para todo estilo musical.","og_url":"https:\/\/www.callandplay.com\/en\/boss-cp-1x-pedal-compressor\/","og_site_name":"Call&amp;Play","article_publisher":"https:\/\/www.facebook.com\/callandplay","article_modified_time":"2026-04-16T20:45:47+00:00","twitter_card":"summary_large_image","twitter_misc":{"Estimated reading time":"1 minute"},"schema":{"@context":"https:\/\/schema.org","@graph":[{"@type":"WebPage","@id":"https:\/\/www.callandplay.com\/boss-cp-1x-pedal-compressor\/","url":"https:\/\/www.callandplay.com\/boss-cp-1x-pedal-compressor\/","name":"BOSS CP-1X PEDAL COMPRESSOR - Call&amp;Play","isPartOf":{"@id":"https:\/\/www.callandplay.com\/#website"},"datePublished":"2024-07-15T00:00:00+00:00","dateModified":"2026-04-16T20:45:47+00:00","breadcrumb":{"@id":"https:\/\/www.callandplay.com\/boss-cp-1x-pedal-compressor\/#breadcrumb"},"inLanguage":"en-GB","potentialAction":[{"@type":"ReadAction","target":["https:\/\/www.callandplay.com\/boss-cp-1x-pedal-compressor\/"]}]},{"@type":"BreadcrumbList","@id":"https:\/\/www.callandplay.com\/boss-cp-1x-pedal-compressor\/#breadcrumb","itemListElement":[{"@type":"ListItem","position":1,"name":"Portada","item":"https:\/\/www.callandplay.com\/"},{"@type":"ListItem","position":2,"name":"Tienda","item":"https:\/\/www.callandplay.com\/tienda\/"},{"@type":"ListItem","position":3,"name":"BOSS CP-1X PEDAL COMPRESSOR"}]},{"@type":"WebSite","@id":"https:\/\/www.callandplay.com\/#website","url":"https:\/\/www.callandplay.com\/","name":"Call&amp;Play","description":"Alquiler de backline e instrumentos musicales","publisher":{"@id":"https:\/\/www.callandplay.com\/#organization"},"potentialAction":[{"@type":"SearchAction","target":{"@type":"EntryPoint","urlTemplate":"https:\/\/www.callandplay.com\/?s={search_term_string}"},"query-input":{"@type":"PropertyValueSpecification","valueRequired":true,"valueName":"search_term_string"}}],"inLanguage":"en-GB"},{"@type":"Organization","@id":"https:\/\/www.callandplay.com\/#organization","name":"Call&Play","url":"https:\/\/www.callandplay.com\/","logo":{"@type":"ImageObject","inLanguage":"en-GB","@id":"https:\/\/www.callandplay.com\/#\/schema\/logo\/image\/","url":"https:\/\/www.callandplay.com\/wp-content\/uploads\/2021\/06\/cropped-cropped-logo-black_con_sombra.png","contentUrl":"https:\/\/www.callandplay.com\/wp-content\/uploads\/2021\/06\/cropped-cropped-logo-black_con_sombra.png","width":512,"height":512,"caption":"Call&Play"},"image":{"@id":"https:\/\/www.callandplay.com\/#\/schema\/logo\/image\/"},"sameAs":["https:\/\/www.facebook.com\/callandplay","https:\/\/www.instagram.com\/call_and_play\/"]}]}},"_links":{"self":[{"href":"https:\/\/www.callandplay.com\/en\/wp-json\/wp\/v2\/product\/52674","targetHints":{"allow":["GET"]}}],"collection":[{"href":"https:\/\/www.callandplay.com\/en\/wp-json\/wp\/v2\/product"}],"about":[{"href":"https:\/\/www.callandplay.com\/en\/wp-json\/wp\/v2\/types\/product"}],"replies":[{"embeddable":true,"href":"https:\/\/www.callandplay.com\/en\/wp-json\/wp\/v2\/comments?post=52674"}],"version-history":[{"count":1,"href":"https:\/\/www.callandplay.com\/en\/wp-json\/wp\/v2\/product\/52674\/revisions"}],"predecessor-version":[{"id":55484,"href":"https:\/\/www.callandplay.com\/en\/wp-json\/wp\/v2\/product\/52674\/revisions\/55484"}],"wp:attachment":[{"href":"https:\/\/www.callandplay.com\/en\/wp-json\/wp\/v2\/media?parent=52674"}],"wp:term":[{"taxonomy":"product_brand","embeddable":true,"href":"https:\/\/www.callandplay.com\/en\/wp-json\/wp\/v2\/product_brand?post=52674"},{"taxonomy":"product_cat","embeddable":true,"href":"https:\/\/www.callandplay.com\/en\/wp-json\/wp\/v2\/product_cat?post=52674"},{"taxonomy":"product_tag","embeddable":true,"href":"https:\/\/www.callandplay.com\/en\/wp-json\/wp\/v2\/product_tag?post=52674"}],"curies":[{"name":"wp","href":"https:\/\/api.w.org\/{rel}","templated":true}]}}