{"id":52696,"date":"2024-02-29T00:00:00","date_gmt":"2024-02-29T00:00:00","guid":{"rendered":"https:\/\/www.callandplay.com\/roland-fp-60-white-w-speakers-bluetooth\/"},"modified":"2026-04-16T20:45:48","modified_gmt":"2026-04-16T20:45:48","slug":"roland-fp-60-white-w-speakers-bluetooth","status":"publish","type":"product","link":"https:\/\/www.callandplay.com\/en\/roland-fp-60-white-w-speakers-bluetooth\/","title":{"rendered":"ROLAND FP-60 WHITE W\/SPEAKERS &amp; BLUETOOTH"},"content":{"rendered":"<p>Este piano digital port\u00e1til ofrece excepcional sonido y sensibilidad al tacto en un elegante teclado estilizado que se ve genial y es f\u00e1cil de transportar. El especialmente dise\u00f1ado sistema de altavoces integrados produce un sonido impresionante, con amplia proyecci\u00f3n para las presentaciones en salas peque\u00f1as, mientras que la selecci\u00f3n de sonidos de otros instrumentos te permiten cubrir una variedad de estilos musicales. Adem\u00e1s, con la moderna conectividad Bluetooth\u00ae integrada, puedes conectarlo con un tel\u00e9fono-inteligente o tableta para enriquecer tus sesiones de interpretaci\u00f3n y pr\u00e1ctica con la aplicaci\u00f3n Piano Partner 2 de Roland y otras apps musicales.<\/p>","protected":false},"excerpt":{"rendered":"<p>Este piano digital port\u00e1til ofrece excepcional sonido y sensibilidad al tacto en un elegante teclado estilizado que se ve genial y es f\u00e1cil de transportar. El especialmente dise\u00f1ado sistema de altavoces integrados produce un sonido impresionante, con amplia proyecci\u00f3n para las presentaciones en salas peque\u00f1as, mientras que la selecci\u00f3n de sonidos de otros instrumentos te permiten cubrir una variedad de estilos musicales. Adem\u00e1s, con la moderna conectividad Bluetooth\u00ae integrada, puedes conectarlo con un tel\u00e9fono-inteligente o tableta para enriquecer tus sesiones de interpretaci\u00f3n y pr\u00e1ctica con la aplicaci\u00f3n Piano Partner 2 de Roland y otras apps musicales.<\/p>","protected":false},"featured_media":0,"comment_status":"closed","ping_status":"closed","template":"","meta":{"_acf_changed":false,"om_disable_all_campaigns":false,"_monsterinsights_skip_tracking":false,"_monsterinsights_sitenote_active":false,"_monsterinsights_sitenote_note":"","_monsterinsights_sitenote_category":0},"product_brand":[],"product_cat":[1082],"product_tag":[],"class_list":{"0":"post-52696","1":"product","2":"type-product","3":"status-publish","5":"product_cat-pianos-digitales-escenario","7":"first","8":"instock","9":"shipping-taxable","10":"purchasable","11":"product-type-simple"},"acf":[],"yoast_head":"<!-- This site is optimized with the Yoast SEO plugin v27.4 - https:\/\/yoast.com\/product\/yoast-seo-wordpress\/ -->\n<title>ROLAND FP-60 WHITE W\/SPEAKERS &amp; BLUETOOTH - Call&amp;Play<\/title>\n<meta name=\"robots\" content=\"index, follow, max-snippet:-1, max-image-preview:large, max-video-preview:-1\" \/>\n<link rel=\"canonical\" href=\"https:\/\/www.callandplay.com\/en\/roland-fp-60-white-w-speakers-bluetooth\/\" \/>\n<meta property=\"og:locale\" content=\"en_GB\" \/>\n<meta property=\"og:type\" content=\"article\" \/>\n<meta property=\"og:title\" content=\"ROLAND FP-60 WHITE W\/SPEAKERS &amp; BLUETOOTH - Call&amp;Play\" \/>\n<meta property=\"og:description\" content=\"Este piano digital port\u00e1til ofrece excepcional sonido y sensibilidad al tacto en un elegante teclado estilizado que se ve genial y es f\u00e1cil de transportar. El especialmente dise\u00f1ado sistema de altavoces integrados produce un sonido impresionante, con amplia proyecci\u00f3n para las presentaciones en salas peque\u00f1as, mientras que la selecci\u00f3n de sonidos de otros instrumentos te permiten cubrir una variedad de estilos musicales. Adem\u00e1s, con la moderna conectividad Bluetooth\u00ae integrada, puedes conectarlo con un tel\u00e9fono-inteligente o tableta para enriquecer tus sesiones de interpretaci\u00f3n y pr\u00e1ctica con la aplicaci\u00f3n Piano Partner 2 de Roland y otras apps musicales.\" \/>\n<meta property=\"og:url\" content=\"https:\/\/www.callandplay.com\/en\/roland-fp-60-white-w-speakers-bluetooth\/\" \/>\n<meta property=\"og:site_name\" content=\"Call&amp;Play\" \/>\n<meta property=\"article:publisher\" content=\"https:\/\/www.facebook.com\/callandplay\" \/>\n<meta property=\"article:modified_time\" content=\"2026-04-16T20:45:48+00:00\" \/>\n<meta name=\"twitter:card\" content=\"summary_large_image\" \/>\n<meta name=\"twitter:label1\" content=\"Estimated reading time\" \/>\n\t<meta name=\"twitter:data1\" content=\"1 minute\" \/>\n<script type=\"application\/ld+json\" class=\"yoast-schema-graph\">{\"@context\":\"https:\\\/\\\/schema.org\",\"@graph\":[{\"@type\":\"WebPage\",\"@id\":\"https:\\\/\\\/www.callandplay.com\\\/roland-fp-60-white-w-speakers-bluetooth\\\/\",\"url\":\"https:\\\/\\\/www.callandplay.com\\\/roland-fp-60-white-w-speakers-bluetooth\\\/\",\"name\":\"ROLAND FP-60 WHITE W\\\/SPEAKERS &amp; BLUETOOTH - Call&amp;Play\",\"isPartOf\":{\"@id\":\"https:\\\/\\\/www.callandplay.com\\\/#website\"},\"datePublished\":\"2024-02-29T00:00:00+00:00\",\"dateModified\":\"2026-04-16T20:45:48+00:00\",\"breadcrumb\":{\"@id\":\"https:\\\/\\\/www.callandplay.com\\\/roland-fp-60-white-w-speakers-bluetooth\\\/#breadcrumb\"},\"inLanguage\":\"en-GB\",\"potentialAction\":[{\"@type\":\"ReadAction\",\"target\":[\"https:\\\/\\\/www.callandplay.com\\\/roland-fp-60-white-w-speakers-bluetooth\\\/\"]}]},{\"@type\":\"BreadcrumbList\",\"@id\":\"https:\\\/\\\/www.callandplay.com\\\/roland-fp-60-white-w-speakers-bluetooth\\\/#breadcrumb\",\"itemListElement\":[{\"@type\":\"ListItem\",\"position\":1,\"name\":\"Portada\",\"item\":\"https:\\\/\\\/www.callandplay.com\\\/\"},{\"@type\":\"ListItem\",\"position\":2,\"name\":\"Tienda\",\"item\":\"https:\\\/\\\/www.callandplay.com\\\/tienda\\\/\"},{\"@type\":\"ListItem\",\"position\":3,\"name\":\"ROLAND FP-60 WHITE W\\\/SPEAKERS &amp; BLUETOOTH\"}]},{\"@type\":\"WebSite\",\"@id\":\"https:\\\/\\\/www.callandplay.com\\\/#website\",\"url\":\"https:\\\/\\\/www.callandplay.com\\\/\",\"name\":\"Call&amp;Play\",\"description\":\"Alquiler de backline e instrumentos musicales\",\"publisher\":{\"@id\":\"https:\\\/\\\/www.callandplay.com\\\/#organization\"},\"potentialAction\":[{\"@type\":\"SearchAction\",\"target\":{\"@type\":\"EntryPoint\",\"urlTemplate\":\"https:\\\/\\\/www.callandplay.com\\\/?s={search_term_string}\"},\"query-input\":{\"@type\":\"PropertyValueSpecification\",\"valueRequired\":true,\"valueName\":\"search_term_string\"}}],\"inLanguage\":\"en-GB\"},{\"@type\":\"Organization\",\"@id\":\"https:\\\/\\\/www.callandplay.com\\\/#organization\",\"name\":\"Call&Play\",\"url\":\"https:\\\/\\\/www.callandplay.com\\\/\",\"logo\":{\"@type\":\"ImageObject\",\"inLanguage\":\"en-GB\",\"@id\":\"https:\\\/\\\/www.callandplay.com\\\/#\\\/schema\\\/logo\\\/image\\\/\",\"url\":\"https:\\\/\\\/www.callandplay.com\\\/wp-content\\\/uploads\\\/2021\\\/06\\\/cropped-cropped-logo-black_con_sombra.png\",\"contentUrl\":\"https:\\\/\\\/www.callandplay.com\\\/wp-content\\\/uploads\\\/2021\\\/06\\\/cropped-cropped-logo-black_con_sombra.png\",\"width\":512,\"height\":512,\"caption\":\"Call&Play\"},\"image\":{\"@id\":\"https:\\\/\\\/www.callandplay.com\\\/#\\\/schema\\\/logo\\\/image\\\/\"},\"sameAs\":[\"https:\\\/\\\/www.facebook.com\\\/callandplay\",\"https:\\\/\\\/www.instagram.com\\\/call_and_play\\\/\"]}]}<\/script>\n<!-- \/ Yoast SEO plugin. -->","yoast_head_json":{"title":"ROLAND FP-60 WHITE W\/SPEAKERS &amp; BLUETOOTH - Call&amp;Play","robots":{"index":"index","follow":"follow","max-snippet":"max-snippet:-1","max-image-preview":"max-image-preview:large","max-video-preview":"max-video-preview:-1"},"canonical":"https:\/\/www.callandplay.com\/en\/roland-fp-60-white-w-speakers-bluetooth\/","og_locale":"en_GB","og_type":"article","og_title":"ROLAND FP-60 WHITE W\/SPEAKERS &amp; BLUETOOTH - Call&amp;Play","og_description":"Este piano digital port\u00e1til ofrece excepcional sonido y sensibilidad al tacto en un elegante teclado estilizado que se ve genial y es f\u00e1cil de transportar. El especialmente dise\u00f1ado sistema de altavoces integrados produce un sonido impresionante, con amplia proyecci\u00f3n para las presentaciones en salas peque\u00f1as, mientras que la selecci\u00f3n de sonidos de otros instrumentos te permiten cubrir una variedad de estilos musicales. Adem\u00e1s, con la moderna conectividad Bluetooth\u00ae integrada, puedes conectarlo con un tel\u00e9fono-inteligente o tableta para enriquecer tus sesiones de interpretaci\u00f3n y pr\u00e1ctica con la aplicaci\u00f3n Piano Partner 2 de Roland y otras apps musicales.","og_url":"https:\/\/www.callandplay.com\/en\/roland-fp-60-white-w-speakers-bluetooth\/","og_site_name":"Call&amp;Play","article_publisher":"https:\/\/www.facebook.com\/callandplay","article_modified_time":"2026-04-16T20:45:48+00:00","twitter_card":"summary_large_image","twitter_misc":{"Estimated reading time":"1 minute"},"schema":{"@context":"https:\/\/schema.org","@graph":[{"@type":"WebPage","@id":"https:\/\/www.callandplay.com\/roland-fp-60-white-w-speakers-bluetooth\/","url":"https:\/\/www.callandplay.com\/roland-fp-60-white-w-speakers-bluetooth\/","name":"ROLAND FP-60 WHITE W\/SPEAKERS &amp; BLUETOOTH - Call&amp;Play","isPartOf":{"@id":"https:\/\/www.callandplay.com\/#website"},"datePublished":"2024-02-29T00:00:00+00:00","dateModified":"2026-04-16T20:45:48+00:00","breadcrumb":{"@id":"https:\/\/www.callandplay.com\/roland-fp-60-white-w-speakers-bluetooth\/#breadcrumb"},"inLanguage":"en-GB","potentialAction":[{"@type":"ReadAction","target":["https:\/\/www.callandplay.com\/roland-fp-60-white-w-speakers-bluetooth\/"]}]},{"@type":"BreadcrumbList","@id":"https:\/\/www.callandplay.com\/roland-fp-60-white-w-speakers-bluetooth\/#breadcrumb","itemListElement":[{"@type":"ListItem","position":1,"name":"Portada","item":"https:\/\/www.callandplay.com\/"},{"@type":"ListItem","position":2,"name":"Tienda","item":"https:\/\/www.callandplay.com\/tienda\/"},{"@type":"ListItem","position":3,"name":"ROLAND FP-60 WHITE W\/SPEAKERS &amp; BLUETOOTH"}]},{"@type":"WebSite","@id":"https:\/\/www.callandplay.com\/#website","url":"https:\/\/www.callandplay.com\/","name":"Call&amp;Play","description":"Alquiler de backline e instrumentos musicales","publisher":{"@id":"https:\/\/www.callandplay.com\/#organization"},"potentialAction":[{"@type":"SearchAction","target":{"@type":"EntryPoint","urlTemplate":"https:\/\/www.callandplay.com\/?s={search_term_string}"},"query-input":{"@type":"PropertyValueSpecification","valueRequired":true,"valueName":"search_term_string"}}],"inLanguage":"en-GB"},{"@type":"Organization","@id":"https:\/\/www.callandplay.com\/#organization","name":"Call&Play","url":"https:\/\/www.callandplay.com\/","logo":{"@type":"ImageObject","inLanguage":"en-GB","@id":"https:\/\/www.callandplay.com\/#\/schema\/logo\/image\/","url":"https:\/\/www.callandplay.com\/wp-content\/uploads\/2021\/06\/cropped-cropped-logo-black_con_sombra.png","contentUrl":"https:\/\/www.callandplay.com\/wp-content\/uploads\/2021\/06\/cropped-cropped-logo-black_con_sombra.png","width":512,"height":512,"caption":"Call&Play"},"image":{"@id":"https:\/\/www.callandplay.com\/#\/schema\/logo\/image\/"},"sameAs":["https:\/\/www.facebook.com\/callandplay","https:\/\/www.instagram.com\/call_and_play\/"]}]}},"_links":{"self":[{"href":"https:\/\/www.callandplay.com\/en\/wp-json\/wp\/v2\/product\/52696","targetHints":{"allow":["GET"]}}],"collection":[{"href":"https:\/\/www.callandplay.com\/en\/wp-json\/wp\/v2\/product"}],"about":[{"href":"https:\/\/www.callandplay.com\/en\/wp-json\/wp\/v2\/types\/product"}],"replies":[{"embeddable":true,"href":"https:\/\/www.callandplay.com\/en\/wp-json\/wp\/v2\/comments?post=52696"}],"version-history":[{"count":1,"href":"https:\/\/www.callandplay.com\/en\/wp-json\/wp\/v2\/product\/52696\/revisions"}],"predecessor-version":[{"id":55506,"href":"https:\/\/www.callandplay.com\/en\/wp-json\/wp\/v2\/product\/52696\/revisions\/55506"}],"wp:attachment":[{"href":"https:\/\/www.callandplay.com\/en\/wp-json\/wp\/v2\/media?parent=52696"}],"wp:term":[{"taxonomy":"product_brand","embeddable":true,"href":"https:\/\/www.callandplay.com\/en\/wp-json\/wp\/v2\/product_brand?post=52696"},{"taxonomy":"product_cat","embeddable":true,"href":"https:\/\/www.callandplay.com\/en\/wp-json\/wp\/v2\/product_cat?post=52696"},{"taxonomy":"product_tag","embeddable":true,"href":"https:\/\/www.callandplay.com\/en\/wp-json\/wp\/v2\/product_tag?post=52696"}],"curies":[{"name":"wp","href":"https:\/\/api.w.org\/{rel}","templated":true}]}}