{"id":52781,"date":"2021-06-21T00:00:00","date_gmt":"2021-06-21T00:00:00","guid":{"rendered":"https:\/\/www.callandplay.com\/sennheiser-ew-300-g4-iem-sistema-monitor-in-ear\/"},"modified":"2026-04-16T20:45:51","modified_gmt":"2026-04-16T20:45:51","slug":"sennheiser-ew-300-g4-iem-sistema-monitor-in-ear","status":"publish","type":"product","link":"https:\/\/www.callandplay.com\/en\/sennheiser-ew-300-g4-iem-sistema-monitor-in-ear\/","title":{"rendered":"SENNHEISER EW 300 G4 IEM SISTEMA MONITOR IN EAR"},"content":{"rendered":"<p>Dise\u00f1ado para sonido profesional en vivo: Sistema de monitoreo inal\u00e1mbrico todo en uno resistente para aplicaciones en el o\u00eddo. Robusto receptor de petaca y auriculares IE 4 confiables para monitoreo en el o\u00eddo que brindan claridad a lo largo de todo el espectro de frecuencias para uso diario en el escenario. Transmisor est\u00e9reo de medio rack en una carcasa completamente met\u00e1lica con pantalla OLED para un control total. Sincronizaci\u00f3n inal\u00e1mbrica f\u00e1cil y flexible entre transmisor y receptor a trav\u00e9s de infrarrojos. Compatible con el software de control Sennheiser WSM para una asignaci\u00f3n de frecuencia flexible. Hasta 16 canales compatibles. Ancho de banda de hasta 42 MHz con 1680 frecuencias seleccionables, totalmente sintonizables en un rango estable de UHF. Rango de transmisi\u00f3n: hasta 100 metros \/ 300 pies.<\/p>","protected":false},"excerpt":{"rendered":"<p>Dise\u00f1ado para sonido profesional en vivo: Sistema de monitoreo inal\u00e1mbrico todo en uno resistente para aplicaciones en el o\u00eddo. Robusto receptor de petaca y auriculares IE 4 confiables para monitoreo en el o\u00eddo que brindan claridad a lo largo de todo el espectro de frecuencias para uso diario en el escenario. Transmisor est\u00e9reo de medio rack en una carcasa completamente met\u00e1lica con pantalla OLED para un control total. Sincronizaci\u00f3n inal\u00e1mbrica f\u00e1cil y flexible entre transmisor y receptor a trav\u00e9s de infrarrojos. Compatible con el software de control Sennheiser WSM para una asignaci\u00f3n de frecuencia flexible. Hasta 16 canales compatibles. Ancho de banda de hasta 42 MHz con 1680 frecuencias seleccionables, totalmente sintonizables en un rango estable de UHF. Rango de transmisi\u00f3n: hasta 100 metros \/ 300 pies.<\/p>","protected":false},"featured_media":0,"comment_status":"closed","ping_status":"closed","template":"","meta":{"_acf_changed":false,"om_disable_all_campaigns":false,"_monsterinsights_skip_tracking":false,"_monsterinsights_sitenote_active":false,"_monsterinsights_sitenote_note":"","_monsterinsights_sitenote_category":0},"product_brand":[],"product_cat":[863],"product_tag":[],"class_list":{"0":"post-52781","1":"product","2":"type-product","3":"status-publish","5":"product_cat-sistemas-in-ear-monitor","7":"first","8":"instock","9":"shipping-taxable","10":"purchasable","11":"product-type-simple"},"acf":[],"yoast_head":"<!-- This site is optimized with the Yoast SEO plugin v27.4 - https:\/\/yoast.com\/product\/yoast-seo-wordpress\/ -->\n<title>SENNHEISER EW 300 G4 IEM SISTEMA MONITOR IN EAR - Call&amp;Play<\/title>\n<meta name=\"robots\" content=\"index, follow, max-snippet:-1, max-image-preview:large, max-video-preview:-1\" \/>\n<link rel=\"canonical\" href=\"https:\/\/www.callandplay.com\/en\/sennheiser-ew-300-g4-iem-sistema-monitor-in-ear\/\" \/>\n<meta property=\"og:locale\" content=\"en_GB\" \/>\n<meta property=\"og:type\" content=\"article\" \/>\n<meta property=\"og:title\" content=\"SENNHEISER EW 300 G4 IEM SISTEMA MONITOR IN EAR - Call&amp;Play\" \/>\n<meta property=\"og:description\" content=\"Dise\u00f1ado para sonido profesional en vivo: Sistema de monitoreo inal\u00e1mbrico todo en uno resistente para aplicaciones en el o\u00eddo. Robusto receptor de petaca y auriculares IE 4 confiables para monitoreo en el o\u00eddo que brindan claridad a lo largo de todo el espectro de frecuencias para uso diario en el escenario. Transmisor est\u00e9reo de medio rack en una carcasa completamente met\u00e1lica con pantalla OLED para un control total. Sincronizaci\u00f3n inal\u00e1mbrica f\u00e1cil y flexible entre transmisor y receptor a trav\u00e9s de infrarrojos. Compatible con el software de control Sennheiser WSM para una asignaci\u00f3n de frecuencia flexible. Hasta 16 canales compatibles. Ancho de banda de hasta 42 MHz con 1680 frecuencias seleccionables, totalmente sintonizables en un rango estable de UHF. Rango de transmisi\u00f3n: hasta 100 metros \/ 300 pies.\" \/>\n<meta property=\"og:url\" content=\"https:\/\/www.callandplay.com\/en\/sennheiser-ew-300-g4-iem-sistema-monitor-in-ear\/\" \/>\n<meta property=\"og:site_name\" content=\"Call&amp;Play\" \/>\n<meta property=\"article:publisher\" content=\"https:\/\/www.facebook.com\/callandplay\" \/>\n<meta property=\"article:modified_time\" content=\"2026-04-16T20:45:51+00:00\" \/>\n<meta name=\"twitter:card\" content=\"summary_large_image\" \/>\n<meta name=\"twitter:label1\" content=\"Estimated reading time\" \/>\n\t<meta name=\"twitter:data1\" content=\"1 minute\" \/>\n<script type=\"application\/ld+json\" class=\"yoast-schema-graph\">{\"@context\":\"https:\\\/\\\/schema.org\",\"@graph\":[{\"@type\":\"WebPage\",\"@id\":\"https:\\\/\\\/www.callandplay.com\\\/sennheiser-ew-300-g4-iem-sistema-monitor-in-ear\\\/\",\"url\":\"https:\\\/\\\/www.callandplay.com\\\/sennheiser-ew-300-g4-iem-sistema-monitor-in-ear\\\/\",\"name\":\"SENNHEISER EW 300 G4 IEM SISTEMA MONITOR IN EAR - Call&amp;Play\",\"isPartOf\":{\"@id\":\"https:\\\/\\\/www.callandplay.com\\\/#website\"},\"datePublished\":\"2021-06-21T00:00:00+00:00\",\"dateModified\":\"2026-04-16T20:45:51+00:00\",\"breadcrumb\":{\"@id\":\"https:\\\/\\\/www.callandplay.com\\\/sennheiser-ew-300-g4-iem-sistema-monitor-in-ear\\\/#breadcrumb\"},\"inLanguage\":\"en-GB\",\"potentialAction\":[{\"@type\":\"ReadAction\",\"target\":[\"https:\\\/\\\/www.callandplay.com\\\/sennheiser-ew-300-g4-iem-sistema-monitor-in-ear\\\/\"]}]},{\"@type\":\"BreadcrumbList\",\"@id\":\"https:\\\/\\\/www.callandplay.com\\\/sennheiser-ew-300-g4-iem-sistema-monitor-in-ear\\\/#breadcrumb\",\"itemListElement\":[{\"@type\":\"ListItem\",\"position\":1,\"name\":\"Portada\",\"item\":\"https:\\\/\\\/www.callandplay.com\\\/\"},{\"@type\":\"ListItem\",\"position\":2,\"name\":\"Tienda\",\"item\":\"https:\\\/\\\/www.callandplay.com\\\/tienda\\\/\"},{\"@type\":\"ListItem\",\"position\":3,\"name\":\"SENNHEISER EW 300 G4 IEM SISTEMA MONITOR IN EAR\"}]},{\"@type\":\"WebSite\",\"@id\":\"https:\\\/\\\/www.callandplay.com\\\/#website\",\"url\":\"https:\\\/\\\/www.callandplay.com\\\/\",\"name\":\"Call&amp;Play\",\"description\":\"Alquiler de backline e instrumentos musicales\",\"publisher\":{\"@id\":\"https:\\\/\\\/www.callandplay.com\\\/#organization\"},\"potentialAction\":[{\"@type\":\"SearchAction\",\"target\":{\"@type\":\"EntryPoint\",\"urlTemplate\":\"https:\\\/\\\/www.callandplay.com\\\/?s={search_term_string}\"},\"query-input\":{\"@type\":\"PropertyValueSpecification\",\"valueRequired\":true,\"valueName\":\"search_term_string\"}}],\"inLanguage\":\"en-GB\"},{\"@type\":\"Organization\",\"@id\":\"https:\\\/\\\/www.callandplay.com\\\/#organization\",\"name\":\"Call&Play\",\"url\":\"https:\\\/\\\/www.callandplay.com\\\/\",\"logo\":{\"@type\":\"ImageObject\",\"inLanguage\":\"en-GB\",\"@id\":\"https:\\\/\\\/www.callandplay.com\\\/#\\\/schema\\\/logo\\\/image\\\/\",\"url\":\"https:\\\/\\\/www.callandplay.com\\\/wp-content\\\/uploads\\\/2021\\\/06\\\/cropped-cropped-logo-black_con_sombra.png\",\"contentUrl\":\"https:\\\/\\\/www.callandplay.com\\\/wp-content\\\/uploads\\\/2021\\\/06\\\/cropped-cropped-logo-black_con_sombra.png\",\"width\":512,\"height\":512,\"caption\":\"Call&Play\"},\"image\":{\"@id\":\"https:\\\/\\\/www.callandplay.com\\\/#\\\/schema\\\/logo\\\/image\\\/\"},\"sameAs\":[\"https:\\\/\\\/www.facebook.com\\\/callandplay\",\"https:\\\/\\\/www.instagram.com\\\/call_and_play\\\/\"]}]}<\/script>\n<!-- \/ Yoast SEO plugin. -->","yoast_head_json":{"title":"SENNHEISER EW 300 G4 IEM SISTEMA MONITOR IN EAR - Call&amp;Play","robots":{"index":"index","follow":"follow","max-snippet":"max-snippet:-1","max-image-preview":"max-image-preview:large","max-video-preview":"max-video-preview:-1"},"canonical":"https:\/\/www.callandplay.com\/en\/sennheiser-ew-300-g4-iem-sistema-monitor-in-ear\/","og_locale":"en_GB","og_type":"article","og_title":"SENNHEISER EW 300 G4 IEM SISTEMA MONITOR IN EAR - Call&amp;Play","og_description":"Dise\u00f1ado para sonido profesional en vivo: Sistema de monitoreo inal\u00e1mbrico todo en uno resistente para aplicaciones en el o\u00eddo. Robusto receptor de petaca y auriculares IE 4 confiables para monitoreo en el o\u00eddo que brindan claridad a lo largo de todo el espectro de frecuencias para uso diario en el escenario. Transmisor est\u00e9reo de medio rack en una carcasa completamente met\u00e1lica con pantalla OLED para un control total. Sincronizaci\u00f3n inal\u00e1mbrica f\u00e1cil y flexible entre transmisor y receptor a trav\u00e9s de infrarrojos. Compatible con el software de control Sennheiser WSM para una asignaci\u00f3n de frecuencia flexible. Hasta 16 canales compatibles. Ancho de banda de hasta 42 MHz con 1680 frecuencias seleccionables, totalmente sintonizables en un rango estable de UHF. Rango de transmisi\u00f3n: hasta 100 metros \/ 300 pies.","og_url":"https:\/\/www.callandplay.com\/en\/sennheiser-ew-300-g4-iem-sistema-monitor-in-ear\/","og_site_name":"Call&amp;Play","article_publisher":"https:\/\/www.facebook.com\/callandplay","article_modified_time":"2026-04-16T20:45:51+00:00","twitter_card":"summary_large_image","twitter_misc":{"Estimated reading time":"1 minute"},"schema":{"@context":"https:\/\/schema.org","@graph":[{"@type":"WebPage","@id":"https:\/\/www.callandplay.com\/sennheiser-ew-300-g4-iem-sistema-monitor-in-ear\/","url":"https:\/\/www.callandplay.com\/sennheiser-ew-300-g4-iem-sistema-monitor-in-ear\/","name":"SENNHEISER EW 300 G4 IEM SISTEMA MONITOR IN EAR - Call&amp;Play","isPartOf":{"@id":"https:\/\/www.callandplay.com\/#website"},"datePublished":"2021-06-21T00:00:00+00:00","dateModified":"2026-04-16T20:45:51+00:00","breadcrumb":{"@id":"https:\/\/www.callandplay.com\/sennheiser-ew-300-g4-iem-sistema-monitor-in-ear\/#breadcrumb"},"inLanguage":"en-GB","potentialAction":[{"@type":"ReadAction","target":["https:\/\/www.callandplay.com\/sennheiser-ew-300-g4-iem-sistema-monitor-in-ear\/"]}]},{"@type":"BreadcrumbList","@id":"https:\/\/www.callandplay.com\/sennheiser-ew-300-g4-iem-sistema-monitor-in-ear\/#breadcrumb","itemListElement":[{"@type":"ListItem","position":1,"name":"Portada","item":"https:\/\/www.callandplay.com\/"},{"@type":"ListItem","position":2,"name":"Tienda","item":"https:\/\/www.callandplay.com\/tienda\/"},{"@type":"ListItem","position":3,"name":"SENNHEISER EW 300 G4 IEM SISTEMA MONITOR IN EAR"}]},{"@type":"WebSite","@id":"https:\/\/www.callandplay.com\/#website","url":"https:\/\/www.callandplay.com\/","name":"Call&amp;Play","description":"Alquiler de backline e instrumentos musicales","publisher":{"@id":"https:\/\/www.callandplay.com\/#organization"},"potentialAction":[{"@type":"SearchAction","target":{"@type":"EntryPoint","urlTemplate":"https:\/\/www.callandplay.com\/?s={search_term_string}"},"query-input":{"@type":"PropertyValueSpecification","valueRequired":true,"valueName":"search_term_string"}}],"inLanguage":"en-GB"},{"@type":"Organization","@id":"https:\/\/www.callandplay.com\/#organization","name":"Call&Play","url":"https:\/\/www.callandplay.com\/","logo":{"@type":"ImageObject","inLanguage":"en-GB","@id":"https:\/\/www.callandplay.com\/#\/schema\/logo\/image\/","url":"https:\/\/www.callandplay.com\/wp-content\/uploads\/2021\/06\/cropped-cropped-logo-black_con_sombra.png","contentUrl":"https:\/\/www.callandplay.com\/wp-content\/uploads\/2021\/06\/cropped-cropped-logo-black_con_sombra.png","width":512,"height":512,"caption":"Call&Play"},"image":{"@id":"https:\/\/www.callandplay.com\/#\/schema\/logo\/image\/"},"sameAs":["https:\/\/www.facebook.com\/callandplay","https:\/\/www.instagram.com\/call_and_play\/"]}]}},"_links":{"self":[{"href":"https:\/\/www.callandplay.com\/en\/wp-json\/wp\/v2\/product\/52781","targetHints":{"allow":["GET"]}}],"collection":[{"href":"https:\/\/www.callandplay.com\/en\/wp-json\/wp\/v2\/product"}],"about":[{"href":"https:\/\/www.callandplay.com\/en\/wp-json\/wp\/v2\/types\/product"}],"replies":[{"embeddable":true,"href":"https:\/\/www.callandplay.com\/en\/wp-json\/wp\/v2\/comments?post=52781"}],"version-history":[{"count":1,"href":"https:\/\/www.callandplay.com\/en\/wp-json\/wp\/v2\/product\/52781\/revisions"}],"predecessor-version":[{"id":55591,"href":"https:\/\/www.callandplay.com\/en\/wp-json\/wp\/v2\/product\/52781\/revisions\/55591"}],"wp:attachment":[{"href":"https:\/\/www.callandplay.com\/en\/wp-json\/wp\/v2\/media?parent=52781"}],"wp:term":[{"taxonomy":"product_brand","embeddable":true,"href":"https:\/\/www.callandplay.com\/en\/wp-json\/wp\/v2\/product_brand?post=52781"},{"taxonomy":"product_cat","embeddable":true,"href":"https:\/\/www.callandplay.com\/en\/wp-json\/wp\/v2\/product_cat?post=52781"},{"taxonomy":"product_tag","embeddable":true,"href":"https:\/\/www.callandplay.com\/en\/wp-json\/wp\/v2\/product_tag?post=52781"}],"curies":[{"name":"wp","href":"https:\/\/api.w.org\/{rel}","templated":true}]}}