{"id":52944,"date":"2024-03-01T00:00:00","date_gmt":"2024-03-01T00:00:00","guid":{"rendered":"https:\/\/www.callandplay.com\/dv-mark-raw-dawg-eric-gales-signature\/"},"modified":"2026-04-15T20:54:08","modified_gmt":"2026-04-15T20:54:08","slug":"dv-mark-raw-dawg-eric-gales-signature","status":"publish","type":"product","link":"https:\/\/www.callandplay.com\/en\/dv-mark-raw-dawg-eric-gales-signature\/","title":{"rendered":"DV MARK RAW DAWG ERIC GALES SIGNATURE"},"content":{"rendered":"<p>El DV Mark \u00abRaw Dawg\u00bb Eric Gales es un cabezal de un solo canal de gran sonido con un incre\u00edble tono limpio alimentado por una v\u00e1lvula 6205 en la secci\u00f3n de preamplificador. Potencia de salida: 250W @ 4ohm \/ 150W @ 8ohm. Preamplificador: V\u00e1lvula. Amplificador de potencia: MPT (tecnolog\u00eda patentada de Mark). Canales: sencillo. Controles: Nivel \/ EQ: bajo-medio-alto \/ Reverb. Efecto: reverb. Salidas de altavoz: carga m\u00ednima de 4 ohmios. Otras caracter\u00edsticas: Pre Out (con interruptor de -6 \/ 0 db). Bucle de efectos. Entrada de conmutador de pedal para conmutador de reverb \/ mute.<\/p>","protected":false},"excerpt":{"rendered":"<p>El DV Mark \u00abRaw Dawg\u00bb Eric Gales es un cabezal de un solo canal de gran sonido con un incre\u00edble tono limpio alimentado por una v\u00e1lvula 6205 en la secci\u00f3n de preamplificador. Potencia de salida: 250W @ 4ohm \/ 150W @ 8ohm. Preamplificador: V\u00e1lvula. Amplificador de potencia: MPT (tecnolog\u00eda patentada de Mark). Canales: sencillo. Controles: Nivel \/ EQ: bajo-medio-alto \/ Reverb. Efecto: reverb. Salidas de altavoz: carga m\u00ednima de 4 ohmios. Otras caracter\u00edsticas: Pre Out (con interruptor de -6 \/ 0 db). Bucle de efectos. Entrada de conmutador de pedal para conmutador de reverb \/ mute.<\/p>","protected":false},"featured_media":0,"comment_status":"closed","ping_status":"closed","template":"","meta":{"_acf_changed":false,"om_disable_all_campaigns":false,"_monsterinsights_skip_tracking":false,"_monsterinsights_sitenote_active":false,"_monsterinsights_sitenote_note":"","_monsterinsights_sitenote_category":0},"product_brand":[],"product_cat":[1047],"product_tag":[],"class_list":{"0":"post-52944","1":"product","2":"type-product","3":"status-publish","5":"product_cat-cabezales-guitarra-electrica","7":"first","8":"instock","9":"shipping-taxable","10":"purchasable","11":"product-type-simple"},"acf":[],"yoast_head":"<!-- This site is optimized with the Yoast SEO plugin v27.4 - https:\/\/yoast.com\/product\/yoast-seo-wordpress\/ -->\n<title>DV MARK RAW DAWG ERIC GALES SIGNATURE - Call&amp;Play<\/title>\n<meta name=\"robots\" content=\"index, follow, max-snippet:-1, max-image-preview:large, max-video-preview:-1\" \/>\n<link rel=\"canonical\" href=\"https:\/\/www.callandplay.com\/en\/dv-mark-raw-dawg-eric-gales-signature\/\" \/>\n<meta property=\"og:locale\" content=\"en_GB\" \/>\n<meta property=\"og:type\" content=\"article\" \/>\n<meta property=\"og:title\" content=\"DV MARK RAW DAWG ERIC GALES SIGNATURE - Call&amp;Play\" \/>\n<meta property=\"og:description\" content=\"El DV Mark &quot;Raw Dawg&quot; Eric Gales es un cabezal de un solo canal de gran sonido con un incre\u00edble tono limpio alimentado por una v\u00e1lvula 6205 en la secci\u00f3n de preamplificador. Potencia de salida: 250W @ 4ohm \/ 150W @ 8ohm. Preamplificador: V\u00e1lvula. Amplificador de potencia: MPT (tecnolog\u00eda patentada de Mark). Canales: sencillo. Controles: Nivel \/ EQ: bajo-medio-alto \/ Reverb. Efecto: reverb. Salidas de altavoz: carga m\u00ednima de 4 ohmios. Otras caracter\u00edsticas: Pre Out (con interruptor de -6 \/ 0 db). Bucle de efectos. Entrada de conmutador de pedal para conmutador de reverb \/ mute.\" \/>\n<meta property=\"og:url\" content=\"https:\/\/www.callandplay.com\/en\/dv-mark-raw-dawg-eric-gales-signature\/\" \/>\n<meta property=\"og:site_name\" content=\"Call&amp;Play\" \/>\n<meta property=\"article:publisher\" content=\"https:\/\/www.facebook.com\/callandplay\" \/>\n<meta property=\"article:modified_time\" content=\"2026-04-15T20:54:08+00:00\" \/>\n<meta name=\"twitter:card\" content=\"summary_large_image\" \/>\n<script type=\"application\/ld+json\" class=\"yoast-schema-graph\">{\"@context\":\"https:\\\/\\\/schema.org\",\"@graph\":[{\"@type\":\"WebPage\",\"@id\":\"https:\\\/\\\/www.callandplay.com\\\/dv-mark-raw-dawg-eric-gales-signature\\\/\",\"url\":\"https:\\\/\\\/www.callandplay.com\\\/dv-mark-raw-dawg-eric-gales-signature\\\/\",\"name\":\"DV MARK RAW DAWG ERIC GALES SIGNATURE - Call&amp;Play\",\"isPartOf\":{\"@id\":\"https:\\\/\\\/www.callandplay.com\\\/#website\"},\"datePublished\":\"2024-03-01T00:00:00+00:00\",\"dateModified\":\"2026-04-15T20:54:08+00:00\",\"breadcrumb\":{\"@id\":\"https:\\\/\\\/www.callandplay.com\\\/dv-mark-raw-dawg-eric-gales-signature\\\/#breadcrumb\"},\"inLanguage\":\"en-GB\",\"potentialAction\":[{\"@type\":\"ReadAction\",\"target\":[\"https:\\\/\\\/www.callandplay.com\\\/dv-mark-raw-dawg-eric-gales-signature\\\/\"]}]},{\"@type\":\"BreadcrumbList\",\"@id\":\"https:\\\/\\\/www.callandplay.com\\\/dv-mark-raw-dawg-eric-gales-signature\\\/#breadcrumb\",\"itemListElement\":[{\"@type\":\"ListItem\",\"position\":1,\"name\":\"Portada\",\"item\":\"https:\\\/\\\/www.callandplay.com\\\/\"},{\"@type\":\"ListItem\",\"position\":2,\"name\":\"Tienda\",\"item\":\"https:\\\/\\\/www.callandplay.com\\\/tienda\\\/\"},{\"@type\":\"ListItem\",\"position\":3,\"name\":\"DV MARK RAW DAWG ERIC GALES SIGNATURE\"}]},{\"@type\":\"WebSite\",\"@id\":\"https:\\\/\\\/www.callandplay.com\\\/#website\",\"url\":\"https:\\\/\\\/www.callandplay.com\\\/\",\"name\":\"Call&amp;Play\",\"description\":\"Alquiler de backline e instrumentos musicales\",\"publisher\":{\"@id\":\"https:\\\/\\\/www.callandplay.com\\\/#organization\"},\"potentialAction\":[{\"@type\":\"SearchAction\",\"target\":{\"@type\":\"EntryPoint\",\"urlTemplate\":\"https:\\\/\\\/www.callandplay.com\\\/?s={search_term_string}\"},\"query-input\":{\"@type\":\"PropertyValueSpecification\",\"valueRequired\":true,\"valueName\":\"search_term_string\"}}],\"inLanguage\":\"en-GB\"},{\"@type\":\"Organization\",\"@id\":\"https:\\\/\\\/www.callandplay.com\\\/#organization\",\"name\":\"Call&Play\",\"url\":\"https:\\\/\\\/www.callandplay.com\\\/\",\"logo\":{\"@type\":\"ImageObject\",\"inLanguage\":\"en-GB\",\"@id\":\"https:\\\/\\\/www.callandplay.com\\\/#\\\/schema\\\/logo\\\/image\\\/\",\"url\":\"https:\\\/\\\/www.callandplay.com\\\/wp-content\\\/uploads\\\/2021\\\/06\\\/cropped-cropped-logo-black_con_sombra.png\",\"contentUrl\":\"https:\\\/\\\/www.callandplay.com\\\/wp-content\\\/uploads\\\/2021\\\/06\\\/cropped-cropped-logo-black_con_sombra.png\",\"width\":512,\"height\":512,\"caption\":\"Call&Play\"},\"image\":{\"@id\":\"https:\\\/\\\/www.callandplay.com\\\/#\\\/schema\\\/logo\\\/image\\\/\"},\"sameAs\":[\"https:\\\/\\\/www.facebook.com\\\/callandplay\",\"https:\\\/\\\/www.instagram.com\\\/call_and_play\\\/\"]}]}<\/script>\n<!-- \/ Yoast SEO plugin. -->","yoast_head_json":{"title":"DV MARK RAW DAWG ERIC GALES SIGNATURE - Call&amp;Play","robots":{"index":"index","follow":"follow","max-snippet":"max-snippet:-1","max-image-preview":"max-image-preview:large","max-video-preview":"max-video-preview:-1"},"canonical":"https:\/\/www.callandplay.com\/en\/dv-mark-raw-dawg-eric-gales-signature\/","og_locale":"en_GB","og_type":"article","og_title":"DV MARK RAW DAWG ERIC GALES SIGNATURE - Call&amp;Play","og_description":"El DV Mark \"Raw Dawg\" Eric Gales es un cabezal de un solo canal de gran sonido con un incre\u00edble tono limpio alimentado por una v\u00e1lvula 6205 en la secci\u00f3n de preamplificador. Potencia de salida: 250W @ 4ohm \/ 150W @ 8ohm. Preamplificador: V\u00e1lvula. Amplificador de potencia: MPT (tecnolog\u00eda patentada de Mark). Canales: sencillo. Controles: Nivel \/ EQ: bajo-medio-alto \/ Reverb. Efecto: reverb. Salidas de altavoz: carga m\u00ednima de 4 ohmios. Otras caracter\u00edsticas: Pre Out (con interruptor de -6 \/ 0 db). Bucle de efectos. Entrada de conmutador de pedal para conmutador de reverb \/ mute.","og_url":"https:\/\/www.callandplay.com\/en\/dv-mark-raw-dawg-eric-gales-signature\/","og_site_name":"Call&amp;Play","article_publisher":"https:\/\/www.facebook.com\/callandplay","article_modified_time":"2026-04-15T20:54:08+00:00","twitter_card":"summary_large_image","schema":{"@context":"https:\/\/schema.org","@graph":[{"@type":"WebPage","@id":"https:\/\/www.callandplay.com\/dv-mark-raw-dawg-eric-gales-signature\/","url":"https:\/\/www.callandplay.com\/dv-mark-raw-dawg-eric-gales-signature\/","name":"DV MARK RAW DAWG ERIC GALES SIGNATURE - Call&amp;Play","isPartOf":{"@id":"https:\/\/www.callandplay.com\/#website"},"datePublished":"2024-03-01T00:00:00+00:00","dateModified":"2026-04-15T20:54:08+00:00","breadcrumb":{"@id":"https:\/\/www.callandplay.com\/dv-mark-raw-dawg-eric-gales-signature\/#breadcrumb"},"inLanguage":"en-GB","potentialAction":[{"@type":"ReadAction","target":["https:\/\/www.callandplay.com\/dv-mark-raw-dawg-eric-gales-signature\/"]}]},{"@type":"BreadcrumbList","@id":"https:\/\/www.callandplay.com\/dv-mark-raw-dawg-eric-gales-signature\/#breadcrumb","itemListElement":[{"@type":"ListItem","position":1,"name":"Portada","item":"https:\/\/www.callandplay.com\/"},{"@type":"ListItem","position":2,"name":"Tienda","item":"https:\/\/www.callandplay.com\/tienda\/"},{"@type":"ListItem","position":3,"name":"DV MARK RAW DAWG ERIC GALES SIGNATURE"}]},{"@type":"WebSite","@id":"https:\/\/www.callandplay.com\/#website","url":"https:\/\/www.callandplay.com\/","name":"Call&amp;Play","description":"Alquiler de backline e instrumentos musicales","publisher":{"@id":"https:\/\/www.callandplay.com\/#organization"},"potentialAction":[{"@type":"SearchAction","target":{"@type":"EntryPoint","urlTemplate":"https:\/\/www.callandplay.com\/?s={search_term_string}"},"query-input":{"@type":"PropertyValueSpecification","valueRequired":true,"valueName":"search_term_string"}}],"inLanguage":"en-GB"},{"@type":"Organization","@id":"https:\/\/www.callandplay.com\/#organization","name":"Call&Play","url":"https:\/\/www.callandplay.com\/","logo":{"@type":"ImageObject","inLanguage":"en-GB","@id":"https:\/\/www.callandplay.com\/#\/schema\/logo\/image\/","url":"https:\/\/www.callandplay.com\/wp-content\/uploads\/2021\/06\/cropped-cropped-logo-black_con_sombra.png","contentUrl":"https:\/\/www.callandplay.com\/wp-content\/uploads\/2021\/06\/cropped-cropped-logo-black_con_sombra.png","width":512,"height":512,"caption":"Call&Play"},"image":{"@id":"https:\/\/www.callandplay.com\/#\/schema\/logo\/image\/"},"sameAs":["https:\/\/www.facebook.com\/callandplay","https:\/\/www.instagram.com\/call_and_play\/"]}]}},"_links":{"self":[{"href":"https:\/\/www.callandplay.com\/en\/wp-json\/wp\/v2\/product\/52944","targetHints":{"allow":["GET"]}}],"collection":[{"href":"https:\/\/www.callandplay.com\/en\/wp-json\/wp\/v2\/product"}],"about":[{"href":"https:\/\/www.callandplay.com\/en\/wp-json\/wp\/v2\/types\/product"}],"replies":[{"embeddable":true,"href":"https:\/\/www.callandplay.com\/en\/wp-json\/wp\/v2\/comments?post=52944"}],"version-history":[{"count":1,"href":"https:\/\/www.callandplay.com\/en\/wp-json\/wp\/v2\/product\/52944\/revisions"}],"predecessor-version":[{"id":55754,"href":"https:\/\/www.callandplay.com\/en\/wp-json\/wp\/v2\/product\/52944\/revisions\/55754"}],"wp:attachment":[{"href":"https:\/\/www.callandplay.com\/en\/wp-json\/wp\/v2\/media?parent=52944"}],"wp:term":[{"taxonomy":"product_brand","embeddable":true,"href":"https:\/\/www.callandplay.com\/en\/wp-json\/wp\/v2\/product_brand?post=52944"},{"taxonomy":"product_cat","embeddable":true,"href":"https:\/\/www.callandplay.com\/en\/wp-json\/wp\/v2\/product_cat?post=52944"},{"taxonomy":"product_tag","embeddable":true,"href":"https:\/\/www.callandplay.com\/en\/wp-json\/wp\/v2\/product_tag?post=52944"}],"curies":[{"name":"wp","href":"https:\/\/api.w.org\/{rel}","templated":true}]}}