{"id":52980,"date":"2024-05-17T00:00:00","date_gmt":"2024-05-17T00:00:00","guid":{"rendered":"https:\/\/www.callandplay.com\/gibson-les-paul-studio-fireburst\/"},"modified":"2026-04-03T20:35:27","modified_gmt":"2026-04-03T20:35:27","slug":"gibson-les-paul-studio-fireburst","status":"publish","type":"product","link":"https:\/\/www.callandplay.com\/en\/gibson-les-paul-studio-fireburst\/","title":{"rendered":"GIBSON LES PAUL STUDIO FIREBURST"},"content":{"rendered":"<p>La Gibson Les Paul Studio est\u00e1 hecha de una tapa de arce sobre un cuerpo de caoba con c\u00e1mara, un m\u00e1stil de caoba con un perfil de estilo a\u00f1os 50 y diapas\u00f3n de palisandro, longitud de escala de 24-3 \/ 4&#8243;, radio de diapas\u00f3n de 12&#8243;, ancho de cejilla de 1.695 \u00ab, un 490R humbucker de m\u00e1stil, humbucker de puente 498T, puente tune-o-matic y herrajes cromados. Acabado Fireburst.<\/p>","protected":false},"excerpt":{"rendered":"<p>La Gibson Les Paul Studio est\u00e1 hecha de una tapa de arce sobre un cuerpo de caoba con c\u00e1mara, un m\u00e1stil de caoba con un perfil de estilo a\u00f1os 50 y diapas\u00f3n de palisandro, longitud de escala de 24-3 \/ 4&#8243;, radio de diapas\u00f3n de 12&#8243;, ancho de cejilla de 1.695 \u00ab, un 490R humbucker de m\u00e1stil, humbucker de puente 498T, puente tune-o-matic y herrajes cromados. Acabado Fireburst.<\/p>","protected":false},"featured_media":0,"comment_status":"closed","ping_status":"closed","template":"","meta":{"_acf_changed":false,"om_disable_all_campaigns":false,"_monsterinsights_skip_tracking":false,"_monsterinsights_sitenote_active":false,"_monsterinsights_sitenote_note":"","_monsterinsights_sitenote_category":0},"product_brand":[],"product_cat":[1055],"product_tag":[],"class_list":{"0":"post-52980","1":"product","2":"type-product","3":"status-publish","5":"product_cat-guitarras-electricas-cuerpo-solido","7":"first","8":"instock","9":"shipping-taxable","10":"purchasable","11":"product-type-simple"},"acf":[],"yoast_head":"<!-- This site is optimized with the Yoast SEO plugin v27.3 - https:\/\/yoast.com\/product\/yoast-seo-wordpress\/ -->\n<title>GIBSON LES PAUL STUDIO FIREBURST - Call&amp;Play<\/title>\n<meta name=\"robots\" content=\"index, follow, max-snippet:-1, max-image-preview:large, max-video-preview:-1\" \/>\n<link rel=\"canonical\" href=\"https:\/\/www.callandplay.com\/en\/gibson-les-paul-studio-fireburst\/\" \/>\n<meta property=\"og:locale\" content=\"en_GB\" \/>\n<meta property=\"og:type\" content=\"article\" \/>\n<meta property=\"og:title\" content=\"GIBSON LES PAUL STUDIO FIREBURST - Call&amp;Play\" \/>\n<meta property=\"og:description\" content=\"La Gibson Les Paul Studio est\u00e1 hecha de una tapa de arce sobre un cuerpo de caoba con c\u00e1mara, un m\u00e1stil de caoba con un perfil de estilo a\u00f1os 50 y diapas\u00f3n de palisandro, longitud de escala de 24-3 \/ 4&quot;, radio de diapas\u00f3n de 12&quot;, ancho de cejilla de 1.695 &quot;, un 490R humbucker de m\u00e1stil, humbucker de puente 498T, puente tune-o-matic y herrajes cromados. Acabado Fireburst.\" \/>\n<meta property=\"og:url\" content=\"https:\/\/www.callandplay.com\/en\/gibson-les-paul-studio-fireburst\/\" \/>\n<meta property=\"og:site_name\" content=\"Call&amp;Play\" \/>\n<meta property=\"article:publisher\" content=\"https:\/\/www.facebook.com\/callandplay\" \/>\n<meta property=\"article:modified_time\" content=\"2026-04-03T20:35:27+00:00\" \/>\n<meta name=\"twitter:card\" content=\"summary_large_image\" \/>\n<script type=\"application\/ld+json\" class=\"yoast-schema-graph\">{\"@context\":\"https:\\\/\\\/schema.org\",\"@graph\":[{\"@type\":\"WebPage\",\"@id\":\"https:\\\/\\\/www.callandplay.com\\\/gibson-les-paul-studio-fireburst\\\/\",\"url\":\"https:\\\/\\\/www.callandplay.com\\\/gibson-les-paul-studio-fireburst\\\/\",\"name\":\"GIBSON LES PAUL STUDIO FIREBURST - Call&amp;Play\",\"isPartOf\":{\"@id\":\"https:\\\/\\\/www.callandplay.com\\\/#website\"},\"datePublished\":\"2024-05-17T00:00:00+00:00\",\"dateModified\":\"2026-04-03T20:35:27+00:00\",\"breadcrumb\":{\"@id\":\"https:\\\/\\\/www.callandplay.com\\\/gibson-les-paul-studio-fireburst\\\/#breadcrumb\"},\"inLanguage\":\"en-GB\",\"potentialAction\":[{\"@type\":\"ReadAction\",\"target\":[\"https:\\\/\\\/www.callandplay.com\\\/gibson-les-paul-studio-fireburst\\\/\"]}]},{\"@type\":\"BreadcrumbList\",\"@id\":\"https:\\\/\\\/www.callandplay.com\\\/gibson-les-paul-studio-fireburst\\\/#breadcrumb\",\"itemListElement\":[{\"@type\":\"ListItem\",\"position\":1,\"name\":\"Portada\",\"item\":\"https:\\\/\\\/www.callandplay.com\\\/\"},{\"@type\":\"ListItem\",\"position\":2,\"name\":\"Tienda\",\"item\":\"https:\\\/\\\/www.callandplay.com\\\/tienda\\\/\"},{\"@type\":\"ListItem\",\"position\":3,\"name\":\"GIBSON LES PAUL STUDIO FIREBURST\"}]},{\"@type\":\"WebSite\",\"@id\":\"https:\\\/\\\/www.callandplay.com\\\/#website\",\"url\":\"https:\\\/\\\/www.callandplay.com\\\/\",\"name\":\"Call&amp;Play\",\"description\":\"Alquiler de backline e instrumentos musicales\",\"publisher\":{\"@id\":\"https:\\\/\\\/www.callandplay.com\\\/#organization\"},\"potentialAction\":[{\"@type\":\"SearchAction\",\"target\":{\"@type\":\"EntryPoint\",\"urlTemplate\":\"https:\\\/\\\/www.callandplay.com\\\/?s={search_term_string}\"},\"query-input\":{\"@type\":\"PropertyValueSpecification\",\"valueRequired\":true,\"valueName\":\"search_term_string\"}}],\"inLanguage\":\"en-GB\"},{\"@type\":\"Organization\",\"@id\":\"https:\\\/\\\/www.callandplay.com\\\/#organization\",\"name\":\"Call&Play\",\"url\":\"https:\\\/\\\/www.callandplay.com\\\/\",\"logo\":{\"@type\":\"ImageObject\",\"inLanguage\":\"en-GB\",\"@id\":\"https:\\\/\\\/www.callandplay.com\\\/#\\\/schema\\\/logo\\\/image\\\/\",\"url\":\"https:\\\/\\\/www.callandplay.com\\\/wp-content\\\/uploads\\\/2021\\\/06\\\/cropped-cropped-logo-black_con_sombra.png\",\"contentUrl\":\"https:\\\/\\\/www.callandplay.com\\\/wp-content\\\/uploads\\\/2021\\\/06\\\/cropped-cropped-logo-black_con_sombra.png\",\"width\":512,\"height\":512,\"caption\":\"Call&Play\"},\"image\":{\"@id\":\"https:\\\/\\\/www.callandplay.com\\\/#\\\/schema\\\/logo\\\/image\\\/\"},\"sameAs\":[\"https:\\\/\\\/www.facebook.com\\\/callandplay\",\"https:\\\/\\\/www.instagram.com\\\/call_and_play\\\/\"]}]}<\/script>\n<!-- \/ Yoast SEO plugin. -->","yoast_head_json":{"title":"GIBSON LES PAUL STUDIO FIREBURST - Call&amp;Play","robots":{"index":"index","follow":"follow","max-snippet":"max-snippet:-1","max-image-preview":"max-image-preview:large","max-video-preview":"max-video-preview:-1"},"canonical":"https:\/\/www.callandplay.com\/en\/gibson-les-paul-studio-fireburst\/","og_locale":"en_GB","og_type":"article","og_title":"GIBSON LES PAUL STUDIO FIREBURST - Call&amp;Play","og_description":"La Gibson Les Paul Studio est\u00e1 hecha de una tapa de arce sobre un cuerpo de caoba con c\u00e1mara, un m\u00e1stil de caoba con un perfil de estilo a\u00f1os 50 y diapas\u00f3n de palisandro, longitud de escala de 24-3 \/ 4\", radio de diapas\u00f3n de 12\", ancho de cejilla de 1.695 \", un 490R humbucker de m\u00e1stil, humbucker de puente 498T, puente tune-o-matic y herrajes cromados. Acabado Fireburst.","og_url":"https:\/\/www.callandplay.com\/en\/gibson-les-paul-studio-fireburst\/","og_site_name":"Call&amp;Play","article_publisher":"https:\/\/www.facebook.com\/callandplay","article_modified_time":"2026-04-03T20:35:27+00:00","twitter_card":"summary_large_image","schema":{"@context":"https:\/\/schema.org","@graph":[{"@type":"WebPage","@id":"https:\/\/www.callandplay.com\/gibson-les-paul-studio-fireburst\/","url":"https:\/\/www.callandplay.com\/gibson-les-paul-studio-fireburst\/","name":"GIBSON LES PAUL STUDIO FIREBURST - Call&amp;Play","isPartOf":{"@id":"https:\/\/www.callandplay.com\/#website"},"datePublished":"2024-05-17T00:00:00+00:00","dateModified":"2026-04-03T20:35:27+00:00","breadcrumb":{"@id":"https:\/\/www.callandplay.com\/gibson-les-paul-studio-fireburst\/#breadcrumb"},"inLanguage":"en-GB","potentialAction":[{"@type":"ReadAction","target":["https:\/\/www.callandplay.com\/gibson-les-paul-studio-fireburst\/"]}]},{"@type":"BreadcrumbList","@id":"https:\/\/www.callandplay.com\/gibson-les-paul-studio-fireburst\/#breadcrumb","itemListElement":[{"@type":"ListItem","position":1,"name":"Portada","item":"https:\/\/www.callandplay.com\/"},{"@type":"ListItem","position":2,"name":"Tienda","item":"https:\/\/www.callandplay.com\/tienda\/"},{"@type":"ListItem","position":3,"name":"GIBSON LES PAUL STUDIO FIREBURST"}]},{"@type":"WebSite","@id":"https:\/\/www.callandplay.com\/#website","url":"https:\/\/www.callandplay.com\/","name":"Call&amp;Play","description":"Alquiler de backline e instrumentos musicales","publisher":{"@id":"https:\/\/www.callandplay.com\/#organization"},"potentialAction":[{"@type":"SearchAction","target":{"@type":"EntryPoint","urlTemplate":"https:\/\/www.callandplay.com\/?s={search_term_string}"},"query-input":{"@type":"PropertyValueSpecification","valueRequired":true,"valueName":"search_term_string"}}],"inLanguage":"en-GB"},{"@type":"Organization","@id":"https:\/\/www.callandplay.com\/#organization","name":"Call&Play","url":"https:\/\/www.callandplay.com\/","logo":{"@type":"ImageObject","inLanguage":"en-GB","@id":"https:\/\/www.callandplay.com\/#\/schema\/logo\/image\/","url":"https:\/\/www.callandplay.com\/wp-content\/uploads\/2021\/06\/cropped-cropped-logo-black_con_sombra.png","contentUrl":"https:\/\/www.callandplay.com\/wp-content\/uploads\/2021\/06\/cropped-cropped-logo-black_con_sombra.png","width":512,"height":512,"caption":"Call&Play"},"image":{"@id":"https:\/\/www.callandplay.com\/#\/schema\/logo\/image\/"},"sameAs":["https:\/\/www.facebook.com\/callandplay","https:\/\/www.instagram.com\/call_and_play\/"]}]}},"_links":{"self":[{"href":"https:\/\/www.callandplay.com\/en\/wp-json\/wp\/v2\/product\/52980","targetHints":{"allow":["GET"]}}],"collection":[{"href":"https:\/\/www.callandplay.com\/en\/wp-json\/wp\/v2\/product"}],"about":[{"href":"https:\/\/www.callandplay.com\/en\/wp-json\/wp\/v2\/types\/product"}],"replies":[{"embeddable":true,"href":"https:\/\/www.callandplay.com\/en\/wp-json\/wp\/v2\/comments?post=52980"}],"version-history":[{"count":1,"href":"https:\/\/www.callandplay.com\/en\/wp-json\/wp\/v2\/product\/52980\/revisions"}],"predecessor-version":[{"id":55790,"href":"https:\/\/www.callandplay.com\/en\/wp-json\/wp\/v2\/product\/52980\/revisions\/55790"}],"wp:attachment":[{"href":"https:\/\/www.callandplay.com\/en\/wp-json\/wp\/v2\/media?parent=52980"}],"wp:term":[{"taxonomy":"product_brand","embeddable":true,"href":"https:\/\/www.callandplay.com\/en\/wp-json\/wp\/v2\/product_brand?post=52980"},{"taxonomy":"product_cat","embeddable":true,"href":"https:\/\/www.callandplay.com\/en\/wp-json\/wp\/v2\/product_cat?post=52980"},{"taxonomy":"product_tag","embeddable":true,"href":"https:\/\/www.callandplay.com\/en\/wp-json\/wp\/v2\/product_tag?post=52980"}],"curies":[{"name":"wp","href":"https:\/\/api.w.org\/{rel}","templated":true}]}}