{"id":53008,"date":"2025-08-22T00:00:00","date_gmt":"2025-08-22T00:00:00","guid":{"rendered":"https:\/\/www.callandplay.com\/fender-jazzmaster-select-carved-rw-tw\/"},"modified":"2026-04-15T20:54:10","modified_gmt":"2026-04-15T20:54:10","slug":"fender-jazzmaster-select-carved-rw-tw","status":"publish","type":"product","link":"https:\/\/www.callandplay.com\/en\/fender-jazzmaster-select-carved-rw-tw\/","title":{"rendered":"FENDER JAZZMASTER SELECT CARVED RW TW"},"content":{"rendered":"<p>Un llamativo modelo Jazzmaster forma parte de la l\u00ednea Fender Select en la forma potente, hermosa y ligera del Fender Select Carved Maple Top Jazzmaster HH. Una versi\u00f3n selecta de gama alta de un venerable cl\u00e1sico de Fender que cuenta con un potente par de nuevas pastillas Wide Range Special y un diapas\u00f3n de palisandro \u00abcanalizado\u00bb, una innovaci\u00f3n de Fender en la que el diapas\u00f3n de palisandro de radio compuesto (9.5 \u00ab14\u00bb) est\u00e1 \u00abincrustado\u00bb en el grueso y moderno m\u00e1stil de arce en forma de \u00abC\u00bb. Adem\u00e1s de crear una nueva apariencia elegante, imparte una sensaci\u00f3n de manos incre\u00edblemente c\u00f3moda en la que ambos bordes est\u00e1n agradablemente redondeados. El Fender Select Carved Maple Top Jazzmaster HH tambi\u00e9n tiene un cuerpo de aliso con una tapa de arce flameado tallado en elegantes acabados Twilight Burst te\u00f1idos a mano con una capa superior de laca brillante.<\/p>","protected":false},"excerpt":{"rendered":"<p>Un llamativo modelo Jazzmaster forma parte de la l\u00ednea Fender Select en la forma potente, hermosa y ligera del Fender Select Carved Maple Top Jazzmaster HH. Una versi\u00f3n selecta de gama alta de un venerable cl\u00e1sico de Fender que cuenta con un potente par de nuevas pastillas Wide Range Special y un diapas\u00f3n de palisandro \u00abcanalizado\u00bb, una innovaci\u00f3n de Fender en la que el diapas\u00f3n de palisandro de radio compuesto (9.5 \u00ab14\u00bb) est\u00e1 \u00abincrustado\u00bb en el grueso y moderno m\u00e1stil de arce en forma de \u00abC\u00bb. Adem\u00e1s de crear una nueva apariencia elegante, imparte una sensaci\u00f3n de manos incre\u00edblemente c\u00f3moda en la que ambos bordes est\u00e1n agradablemente redondeados. El Fender Select Carved Maple Top Jazzmaster HH tambi\u00e9n tiene un cuerpo de aliso con una tapa de arce flameado tallado en elegantes acabados Twilight Burst te\u00f1idos a mano con una capa superior de laca brillante.<\/p>","protected":false},"featured_media":0,"comment_status":"closed","ping_status":"closed","template":"","meta":{"_acf_changed":false,"om_disable_all_campaigns":false,"_monsterinsights_skip_tracking":false,"_monsterinsights_sitenote_active":false,"_monsterinsights_sitenote_note":"","_monsterinsights_sitenote_category":0},"product_brand":[],"product_cat":[1055],"product_tag":[],"class_list":{"0":"post-53008","1":"product","2":"type-product","3":"status-publish","5":"product_cat-guitarras-electricas-cuerpo-solido","7":"first","8":"instock","9":"shipping-taxable","10":"purchasable","11":"product-type-simple"},"acf":[],"yoast_head":"<!-- This site is optimized with the Yoast SEO plugin v27.4 - https:\/\/yoast.com\/product\/yoast-seo-wordpress\/ -->\n<title>FENDER JAZZMASTER SELECT CARVED RW TW - Call&amp;Play<\/title>\n<meta name=\"robots\" content=\"index, follow, max-snippet:-1, max-image-preview:large, max-video-preview:-1\" \/>\n<link rel=\"canonical\" href=\"https:\/\/www.callandplay.com\/en\/fender-jazzmaster-select-carved-rw-tw\/\" \/>\n<meta property=\"og:locale\" content=\"en_GB\" \/>\n<meta property=\"og:type\" content=\"article\" \/>\n<meta property=\"og:title\" content=\"FENDER JAZZMASTER SELECT CARVED RW TW - Call&amp;Play\" \/>\n<meta property=\"og:description\" content=\"Un llamativo modelo Jazzmaster forma parte de la l\u00ednea Fender Select en la forma potente, hermosa y ligera del Fender Select Carved Maple Top Jazzmaster HH. Una versi\u00f3n selecta de gama alta de un venerable cl\u00e1sico de Fender que cuenta con un potente par de nuevas pastillas Wide Range Special y un diapas\u00f3n de palisandro &quot;canalizado&quot;, una innovaci\u00f3n de Fender en la que el diapas\u00f3n de palisandro de radio compuesto (9.5 &quot;14&quot;) est\u00e1 &quot;incrustado&quot; en el grueso y moderno m\u00e1stil de arce en forma de &quot;C&quot;. Adem\u00e1s de crear una nueva apariencia elegante, imparte una sensaci\u00f3n de manos incre\u00edblemente c\u00f3moda en la que ambos bordes est\u00e1n agradablemente redondeados. El Fender Select Carved Maple Top Jazzmaster HH tambi\u00e9n tiene un cuerpo de aliso con una tapa de arce flameado tallado en elegantes acabados Twilight Burst te\u00f1idos a mano con una capa superior de laca brillante.\" \/>\n<meta property=\"og:url\" content=\"https:\/\/www.callandplay.com\/en\/fender-jazzmaster-select-carved-rw-tw\/\" \/>\n<meta property=\"og:site_name\" content=\"Call&amp;Play\" \/>\n<meta property=\"article:publisher\" content=\"https:\/\/www.facebook.com\/callandplay\" \/>\n<meta property=\"article:modified_time\" content=\"2026-04-15T20:54:10+00:00\" \/>\n<meta name=\"twitter:card\" content=\"summary_large_image\" \/>\n<meta name=\"twitter:label1\" content=\"Estimated reading time\" \/>\n\t<meta name=\"twitter:data1\" content=\"1 minute\" \/>\n<script type=\"application\/ld+json\" class=\"yoast-schema-graph\">{\"@context\":\"https:\\\/\\\/schema.org\",\"@graph\":[{\"@type\":\"WebPage\",\"@id\":\"https:\\\/\\\/www.callandplay.com\\\/fender-jazzmaster-select-carved-rw-tw\\\/\",\"url\":\"https:\\\/\\\/www.callandplay.com\\\/fender-jazzmaster-select-carved-rw-tw\\\/\",\"name\":\"FENDER JAZZMASTER SELECT CARVED RW TW - Call&amp;Play\",\"isPartOf\":{\"@id\":\"https:\\\/\\\/www.callandplay.com\\\/#website\"},\"datePublished\":\"2025-08-22T00:00:00+00:00\",\"dateModified\":\"2026-04-15T20:54:10+00:00\",\"breadcrumb\":{\"@id\":\"https:\\\/\\\/www.callandplay.com\\\/fender-jazzmaster-select-carved-rw-tw\\\/#breadcrumb\"},\"inLanguage\":\"en-GB\",\"potentialAction\":[{\"@type\":\"ReadAction\",\"target\":[\"https:\\\/\\\/www.callandplay.com\\\/fender-jazzmaster-select-carved-rw-tw\\\/\"]}]},{\"@type\":\"BreadcrumbList\",\"@id\":\"https:\\\/\\\/www.callandplay.com\\\/fender-jazzmaster-select-carved-rw-tw\\\/#breadcrumb\",\"itemListElement\":[{\"@type\":\"ListItem\",\"position\":1,\"name\":\"Portada\",\"item\":\"https:\\\/\\\/www.callandplay.com\\\/\"},{\"@type\":\"ListItem\",\"position\":2,\"name\":\"Tienda\",\"item\":\"https:\\\/\\\/www.callandplay.com\\\/tienda\\\/\"},{\"@type\":\"ListItem\",\"position\":3,\"name\":\"FENDER JAZZMASTER SELECT CARVED RW TW\"}]},{\"@type\":\"WebSite\",\"@id\":\"https:\\\/\\\/www.callandplay.com\\\/#website\",\"url\":\"https:\\\/\\\/www.callandplay.com\\\/\",\"name\":\"Call&amp;Play\",\"description\":\"Alquiler de backline e instrumentos musicales\",\"publisher\":{\"@id\":\"https:\\\/\\\/www.callandplay.com\\\/#organization\"},\"potentialAction\":[{\"@type\":\"SearchAction\",\"target\":{\"@type\":\"EntryPoint\",\"urlTemplate\":\"https:\\\/\\\/www.callandplay.com\\\/?s={search_term_string}\"},\"query-input\":{\"@type\":\"PropertyValueSpecification\",\"valueRequired\":true,\"valueName\":\"search_term_string\"}}],\"inLanguage\":\"en-GB\"},{\"@type\":\"Organization\",\"@id\":\"https:\\\/\\\/www.callandplay.com\\\/#organization\",\"name\":\"Call&Play\",\"url\":\"https:\\\/\\\/www.callandplay.com\\\/\",\"logo\":{\"@type\":\"ImageObject\",\"inLanguage\":\"en-GB\",\"@id\":\"https:\\\/\\\/www.callandplay.com\\\/#\\\/schema\\\/logo\\\/image\\\/\",\"url\":\"https:\\\/\\\/www.callandplay.com\\\/wp-content\\\/uploads\\\/2021\\\/06\\\/cropped-cropped-logo-black_con_sombra.png\",\"contentUrl\":\"https:\\\/\\\/www.callandplay.com\\\/wp-content\\\/uploads\\\/2021\\\/06\\\/cropped-cropped-logo-black_con_sombra.png\",\"width\":512,\"height\":512,\"caption\":\"Call&Play\"},\"image\":{\"@id\":\"https:\\\/\\\/www.callandplay.com\\\/#\\\/schema\\\/logo\\\/image\\\/\"},\"sameAs\":[\"https:\\\/\\\/www.facebook.com\\\/callandplay\",\"https:\\\/\\\/www.instagram.com\\\/call_and_play\\\/\"]}]}<\/script>\n<!-- \/ Yoast SEO plugin. -->","yoast_head_json":{"title":"FENDER JAZZMASTER SELECT CARVED RW TW - Call&amp;Play","robots":{"index":"index","follow":"follow","max-snippet":"max-snippet:-1","max-image-preview":"max-image-preview:large","max-video-preview":"max-video-preview:-1"},"canonical":"https:\/\/www.callandplay.com\/en\/fender-jazzmaster-select-carved-rw-tw\/","og_locale":"en_GB","og_type":"article","og_title":"FENDER JAZZMASTER SELECT CARVED RW TW - Call&amp;Play","og_description":"Un llamativo modelo Jazzmaster forma parte de la l\u00ednea Fender Select en la forma potente, hermosa y ligera del Fender Select Carved Maple Top Jazzmaster HH. Una versi\u00f3n selecta de gama alta de un venerable cl\u00e1sico de Fender que cuenta con un potente par de nuevas pastillas Wide Range Special y un diapas\u00f3n de palisandro \"canalizado\", una innovaci\u00f3n de Fender en la que el diapas\u00f3n de palisandro de radio compuesto (9.5 \"14\") est\u00e1 \"incrustado\" en el grueso y moderno m\u00e1stil de arce en forma de \"C\". Adem\u00e1s de crear una nueva apariencia elegante, imparte una sensaci\u00f3n de manos incre\u00edblemente c\u00f3moda en la que ambos bordes est\u00e1n agradablemente redondeados. El Fender Select Carved Maple Top Jazzmaster HH tambi\u00e9n tiene un cuerpo de aliso con una tapa de arce flameado tallado en elegantes acabados Twilight Burst te\u00f1idos a mano con una capa superior de laca brillante.","og_url":"https:\/\/www.callandplay.com\/en\/fender-jazzmaster-select-carved-rw-tw\/","og_site_name":"Call&amp;Play","article_publisher":"https:\/\/www.facebook.com\/callandplay","article_modified_time":"2026-04-15T20:54:10+00:00","twitter_card":"summary_large_image","twitter_misc":{"Estimated reading time":"1 minute"},"schema":{"@context":"https:\/\/schema.org","@graph":[{"@type":"WebPage","@id":"https:\/\/www.callandplay.com\/fender-jazzmaster-select-carved-rw-tw\/","url":"https:\/\/www.callandplay.com\/fender-jazzmaster-select-carved-rw-tw\/","name":"FENDER JAZZMASTER SELECT CARVED RW TW - Call&amp;Play","isPartOf":{"@id":"https:\/\/www.callandplay.com\/#website"},"datePublished":"2025-08-22T00:00:00+00:00","dateModified":"2026-04-15T20:54:10+00:00","breadcrumb":{"@id":"https:\/\/www.callandplay.com\/fender-jazzmaster-select-carved-rw-tw\/#breadcrumb"},"inLanguage":"en-GB","potentialAction":[{"@type":"ReadAction","target":["https:\/\/www.callandplay.com\/fender-jazzmaster-select-carved-rw-tw\/"]}]},{"@type":"BreadcrumbList","@id":"https:\/\/www.callandplay.com\/fender-jazzmaster-select-carved-rw-tw\/#breadcrumb","itemListElement":[{"@type":"ListItem","position":1,"name":"Portada","item":"https:\/\/www.callandplay.com\/"},{"@type":"ListItem","position":2,"name":"Tienda","item":"https:\/\/www.callandplay.com\/tienda\/"},{"@type":"ListItem","position":3,"name":"FENDER JAZZMASTER SELECT CARVED RW TW"}]},{"@type":"WebSite","@id":"https:\/\/www.callandplay.com\/#website","url":"https:\/\/www.callandplay.com\/","name":"Call&amp;Play","description":"Alquiler de backline e instrumentos musicales","publisher":{"@id":"https:\/\/www.callandplay.com\/#organization"},"potentialAction":[{"@type":"SearchAction","target":{"@type":"EntryPoint","urlTemplate":"https:\/\/www.callandplay.com\/?s={search_term_string}"},"query-input":{"@type":"PropertyValueSpecification","valueRequired":true,"valueName":"search_term_string"}}],"inLanguage":"en-GB"},{"@type":"Organization","@id":"https:\/\/www.callandplay.com\/#organization","name":"Call&Play","url":"https:\/\/www.callandplay.com\/","logo":{"@type":"ImageObject","inLanguage":"en-GB","@id":"https:\/\/www.callandplay.com\/#\/schema\/logo\/image\/","url":"https:\/\/www.callandplay.com\/wp-content\/uploads\/2021\/06\/cropped-cropped-logo-black_con_sombra.png","contentUrl":"https:\/\/www.callandplay.com\/wp-content\/uploads\/2021\/06\/cropped-cropped-logo-black_con_sombra.png","width":512,"height":512,"caption":"Call&Play"},"image":{"@id":"https:\/\/www.callandplay.com\/#\/schema\/logo\/image\/"},"sameAs":["https:\/\/www.facebook.com\/callandplay","https:\/\/www.instagram.com\/call_and_play\/"]}]}},"_links":{"self":[{"href":"https:\/\/www.callandplay.com\/en\/wp-json\/wp\/v2\/product\/53008","targetHints":{"allow":["GET"]}}],"collection":[{"href":"https:\/\/www.callandplay.com\/en\/wp-json\/wp\/v2\/product"}],"about":[{"href":"https:\/\/www.callandplay.com\/en\/wp-json\/wp\/v2\/types\/product"}],"replies":[{"embeddable":true,"href":"https:\/\/www.callandplay.com\/en\/wp-json\/wp\/v2\/comments?post=53008"}],"version-history":[{"count":1,"href":"https:\/\/www.callandplay.com\/en\/wp-json\/wp\/v2\/product\/53008\/revisions"}],"predecessor-version":[{"id":55818,"href":"https:\/\/www.callandplay.com\/en\/wp-json\/wp\/v2\/product\/53008\/revisions\/55818"}],"wp:attachment":[{"href":"https:\/\/www.callandplay.com\/en\/wp-json\/wp\/v2\/media?parent=53008"}],"wp:term":[{"taxonomy":"product_brand","embeddable":true,"href":"https:\/\/www.callandplay.com\/en\/wp-json\/wp\/v2\/product_brand?post=53008"},{"taxonomy":"product_cat","embeddable":true,"href":"https:\/\/www.callandplay.com\/en\/wp-json\/wp\/v2\/product_cat?post=53008"},{"taxonomy":"product_tag","embeddable":true,"href":"https:\/\/www.callandplay.com\/en\/wp-json\/wp\/v2\/product_tag?post=53008"}],"curies":[{"name":"wp","href":"https:\/\/api.w.org\/{rel}","templated":true}]}}